{"id":256931,"date":"2023-06-19T16:04:29","date_gmt":"2023-06-19T14:04:29","guid":{"rendered":"https:\/\/www.silvauto.it\/?page_id=256931"},"modified":"2023-09-27T12:03:07","modified_gmt":"2023-09-27T10:03:07","slug":"conseil-a-lachat","status":"publish","type":"page","link":"https:\/\/www.silvauto.it\/fr\/tous-les-services\/conseil-a-lachat\/","title":{"rendered":"Conseil \u00e0 l\u2019achat"},"content":{"rendered":"<div class=\"wpb-content-wrapper\"><p>[vc_row full_width=&#8221;stretch_row_content&#8221;][vc_column offset=&#8221;vc_col-lg-offset-1 vc_col-lg-10&#8243;][vc_single_image image=&#8221;256187&#8243; img_size=&#8221;1600&#215;500&#8243; alignment=&#8221;center&#8221;][vc_empty_space height=&#8221;30px&#8221;][\/vc_column][\/vc_row][vc_row][vc_column][vc_column_text el_class=&#8221;lead&#8221;]Bienvenue dans l\u2019onglet \u00abConseil \u00e0 l\u2019achat\u00bb, l\u00e0 o\u00f9 votre passion pour les voitures rencontre notre capacit\u00e9 \u00e0 vous guider vers le choix id\u00e9al.[\/vc_column_text][vc_column_text]Nous offrons un service de conseil de haute qualit\u00e9, assur\u00e9 par un personnel qualifi\u00e9 et pr\u00eat \u00e0 se mettre dans la peau du client pour le conseiller et identifier avec lui la solution la plus adapt\u00e9e \u00e0 ses exigences, ses d\u00e9sirs et ses intentions d\u2019achat.[\/vc_column_text][vc_empty_space height=&#8221;30px&#8221;][\/vc_column][\/vc_row][vc_row full_width=&#8221;stretch_row_content&#8221; el_class=&#8221;bg-grey&#8221;][vc_column offset=&#8221;vc_col-lg-offset-2 vc_col-lg-8 vc_col-md-offset-1 vc_col-md-10&#8243;][vc_empty_space height=&#8221;50px&#8221;][vc_custom_heading text=&#8221;D\u00c9COUVRE NOTRE SERVICE D\u2019ESTIMATION&#8221; font_container=&#8221;tag:h2|text_align:center&#8221; use_theme_fonts=&#8221;yes&#8221;][vc_empty_space height=&#8221;30px&#8221;][vc_row_inner equal_height=&#8221;yes&#8221;][vc_column_inner width=&#8221;1\/2&#8243; offset=&#8221;vc_col-lg-offset-3 vc_col-lg-6 vc_col-md-offset-3 vc_col-md-6 vc_col-sm-offset-3&#8243;][vc_single_image image=&#8221;290644&#8243; img_size=&#8221;full&#8221; alignment=&#8221;center&#8221; onclick=&#8221;custom_link&#8221; link=&#8221;https:\/\/www.silvauto.it\/fr\/tous-les-services\/estimation-voiture-depoque\/&#8221;][vc_custom_heading text=&#8221;ESTIMATION VOITURE D\u2019\u00c9POQUE&#8221; font_container=&#8221;tag:h3|text_align:center&#8221; use_theme_fonts=&#8221;yes&#8221; link=&#8221;url:https%3A%2F%2Fwww.silvauto.it%2Ffr%2Ftous-les-services%2Festimation-voiture-depoque%2F|title:ESTIMATION%20VOITURE%20D%E2%80%99%C3%89POQUE&#8221;][vc_column_text el_class=&#8221;text-center&#8221;]Notre connaissance approfondie des voitures anciennes nous permet de reconna\u00eetre la valeur intrins\u00e8que et l\u2019authenticit\u00e9 de chaque mod\u00e8le.[\/vc_column_text][vc_empty_space height=&#8221;30px&#8221;][\/vc_column_inner][vc_column_inner width=&#8221;1\/2&#8243; offset=&#8221;vc_col-lg-6 vc_hidden-lg vc_hidden-md vc_hidden-sm vc_hidden-xs&#8221;][vc_single_image image=&#8221;191297&#8243; img_size=&#8221;full&#8221; alignment=&#8221;center&#8221; onclick=&#8221;custom_link&#8221; link=&#8221;https:\/\/www.silvauto.it\/fr\/tous-les-services\/estimation-voitures-doccasion\/&#8221;][vc_custom_heading text=&#8221;ESTIMATION VOITURE D\u2019OCCASION&#8221; font_container=&#8221;tag:h3|text_align:center&#8221; use_theme_fonts=&#8221;yes&#8221; link=&#8221;url:https%3A%2F%2Fwww.silvauto.it%2Ffr%2Ftous-les-services%2Festimation-voitures-doccasion%2F|title:ESTIMATION%20VOITURE%20D%E2%80%99OCCASION&#8221;][vc_column_text el_class=&#8221;text-center&#8221;]Vous souhaitez d\u00e9couvrir la valeur de votre voiture d\u2019occasion ? Gr\u00e2ce \u00e0 notre estimation professionnelle, obtenez une \u00e9valuation pr\u00e9cise et transparente.[\/vc_column_text][vc_empty_space height=&#8221;30px&#8221;][\/vc_column_inner][\/vc_row_inner][\/vc_column][\/vc_row][vc_row][vc_column][vc_empty_space height=&#8221;50px&#8221;][vc_column_text]<strong>Nous savons \u00e0 quel point il est important de trouver la voiture de vos r\u00eaves, que ce soit une voiture ancienne remplie d\u2019histoire ou un mod\u00e8le moderne incarnant l\u2019innovation technologique. Notre service de conseil \u00e0 l\u2019achat est justement con\u00e7u dans le but de vous accompagner dans ce voyage, en mettant \u00e0 votre service notre exp\u00e9rience et notre passion.<\/strong><\/p>\n<p>Si vous d\u00e9sirez vous rapprocher du monde des voitures d&#8217;\u00e9poque, notre \u00e9quipe d\u2019experts sera ravie de partager avec vous son savoir et les histoires fascinantes qui se dissimulent derri\u00e8re ces joyaux historiques. Nous vous guiderons dans le choix de la voiture qui refl\u00e8te votre style et vos attentes, en \u00e9valuant l\u2019authenticit\u00e9, l\u2019\u00e9tat de conservation et l\u2019originalit\u00e9 de chaque mod\u00e8le.<\/p>\n<p>Gr\u00e2ce \u00e0 notre service de conseil, vous serez en mesure de prendre une d\u00e9cision r\u00e9fl\u00e9chie avec confiance, en \u00e9tant parfaitement inform\u00e9 et avec la certitude d\u2019avoir choisi la voiture qui r\u00e9veillera votre passion.<\/p>\n<p>Vivez l\u2019\u00e9motion de choisir votre prochaine voiture gr\u00e2ce \u00e0 notre service de conseil expert et passionn\u00e9.<br \/>\nNous sommes impatients de vous assister dans cette extraordinaire aventure automobile ![\/vc_column_text][vc_empty_space height=&#8221;30px&#8221;][\/vc_column][\/vc_row][vc_row full_width=&#8221;stretch_row_content&#8221; disable_element=&#8221;yes&#8221; el_class=&#8221;blocco-standard-no-padding-top bg-red btn-pre-footer&#8221;][vc_column][vc_btn title=&#8221;D\u00e9couvrez tous les services&#8221; style=&#8221;flat&#8221; shape=&#8221;square&#8221; color=&#8221;inverse&#8221; align=&#8221;center&#8221; i_align=&#8221;right&#8221; i_icon_fontawesome=&#8221;fas fa-long-arrow-alt-right&#8221; add_icon=&#8221;true&#8221; el_class=&#8221;text-uppercase&#8221; link=&#8221;url:https%3A%2F%2Fwww.silvauto.it%2Ffr%2Ftous-les-services%2F|title:D%C3%A9couvrez%20tous%20les%20services&#8221;][\/vc_column][\/vc_row][vc_row full_width=&#8221;stretch_row&#8221; el_class=&#8221;bg-grey&#8221; el_id=&#8221;contattaci&#8221;][vc_column offset=&#8221;vc_col-lg-offset-1 vc_col-lg-10 vc_col-md-offset-1 vc_col-md-10&#8243;][vc_empty_space height=&#8221;50px&#8221;][vc_custom_heading text=&#8221;CONTACTEZ-NOUS POUR DE PLUS AMPLES INFORMATIONS&#8221; font_container=&#8221;tag:p|text_align:center&#8221; use_theme_fonts=&#8221;yes&#8221; el_class=&#8221;h2&#8243;][vc_empty_space height=&#8221;20px&#8221;]\n<div class=\"wpcf7 no-js\" id=\"wpcf7-f255770-o1\" lang=\"fr-FR\" dir=\"ltr\" data-wpcf7-id=\"255770\">\n<div class=\"screen-reader-response\"><p role=\"status\" aria-live=\"polite\" aria-atomic=\"true\"><\/p> <ul><\/ul><\/div>\n<form action=\"\/fr\/wp-json\/wp\/v2\/pages\/256931#wpcf7-f255770-o1\" method=\"post\" class=\"wpcf7-form init\" aria-label=\"Formulaire de contact\" novalidate=\"novalidate\" data-status=\"init\">\n<fieldset class=\"hidden-fields-container\"><input type=\"hidden\" name=\"_wpcf7\" value=\"255770\" \/><input type=\"hidden\" name=\"_wpcf7_version\" value=\"6.1.5\" \/><input type=\"hidden\" name=\"_wpcf7_locale\" value=\"fr_FR\" \/><input type=\"hidden\" name=\"_wpcf7_unit_tag\" value=\"wpcf7-f255770-o1\" \/><input type=\"hidden\" name=\"_wpcf7_container_post\" value=\"0\" \/><input type=\"hidden\" name=\"_wpcf7_posted_data_hash\" value=\"\" \/><input type=\"hidden\" name=\"_wpcf7cf_hidden_group_fields\" value=\"[]\" \/><input type=\"hidden\" name=\"_wpcf7cf_hidden_groups\" value=\"[]\" \/><input type=\"hidden\" name=\"_wpcf7cf_visible_groups\" value=\"[]\" \/><input type=\"hidden\" name=\"_wpcf7cf_repeaters\" value=\"[]\" \/><input type=\"hidden\" name=\"_wpcf7cf_steps\" value=\"{}\" \/><input type=\"hidden\" name=\"_wpcf7cf_options\" value=\"{&quot;form_id&quot;:255770,&quot;conditions&quot;:[],&quot;settings&quot;:{&quot;animation&quot;:&quot;yes&quot;,&quot;animation_intime&quot;:200,&quot;animation_outtime&quot;:200,&quot;conditions_ui&quot;:&quot;normal&quot;,&quot;notice_dismissed&quot;:false,&quot;notice_dismissed_rollback-cf7-5.9.8&quot;:true,&quot;notice_dismissed_rollback-cf7-6.0.1&quot;:true,&quot;notice_dismissed_rollback-cf7-6.1.1&quot;:true}}\" \/><input type=\"hidden\" name=\"_wpcf7dtx_version\" value=\"5.0.5\" \/><input type=\"hidden\" name=\"upload_dir\" value=\"cf7-multifile-upload\" \/><input type=\"hidden\" name=\"generate_name\" value=\"04-07-26-69d4474d37fe7\" \/><input type=\"hidden\" name=\"_wpcf7_recaptcha_response\" value=\"\" \/>\n<\/fieldset>\n<input class=\"wpcf7-form-control wpcf7-hidden\" value=\"\" type=\"hidden\" name=\"utm_campaign\" \/>\n<input class=\"wpcf7-form-control wpcf7-hidden\" value=\"\" type=\"hidden\" name=\"utm_source\" \/>\n<input class=\"wpcf7-form-control wpcf7-hidden\" value=\"\" type=\"hidden\" name=\"utm_medium\" \/>\n<input class=\"wpcf7-form-control wpcf7-hidden\" value=\"\" type=\"hidden\" name=\"utm_content\" \/>\n<input class=\"wpcf7-form-control wpcf7-hidden\" value=\"\" type=\"hidden\" name=\"url_lead\" \/>\n<input class=\"wpcf7-form-control wpcf7-hidden\" value=\"lead\" type=\"hidden\" name=\"lc_list_name\" \/>\n\n<div class=\"form-info\">\n<div class=\"form-info-sx\">\n<label><strong>Pr\u00e9nom *<\/strong>\n    <span class=\"wpcf7-form-control-wrap\" data-name=\"nome\"><input size=\"40\" maxlength=\"400\" class=\"wpcf7-form-control wpcf7-text wpcf7-validates-as-required\" aria-required=\"true\" aria-invalid=\"false\" value=\"\" type=\"text\" name=\"nome\" \/><\/span> <\/label>\n<\/div>\n<div class=\"form-info-dx\">\n<label><strong>Nom *<\/strong>\n    <span class=\"wpcf7-form-control-wrap\" data-name=\"cognome\"><input size=\"40\" maxlength=\"400\" class=\"wpcf7-form-control wpcf7-text wpcf7-validates-as-required\" aria-required=\"true\" aria-invalid=\"false\" value=\"\" type=\"text\" name=\"cognome\" \/><\/span> <\/label>\n<\/div>\n<div class=\"form-info-sx\">\n<label><strong>Email *<\/strong>\n    <span class=\"wpcf7-form-control-wrap\" data-name=\"your-email\"><input size=\"40\" maxlength=\"400\" class=\"wpcf7-form-control wpcf7-email wpcf7-validates-as-required wpcf7-text wpcf7-validates-as-email\" aria-required=\"true\" aria-invalid=\"false\" value=\"\" type=\"email\" name=\"your-email\" \/><\/span> <\/label>\n<\/div>\n<div class=\"form-info-dx\">\n<label><strong>T\u00e9l\u00e9phone *<\/strong>\n    <span class=\"wpcf7-form-control-wrap\" data-name=\"telefono\"><input size=\"40\" maxlength=\"400\" class=\"wpcf7-form-control wpcf7-tel wpcf7-validates-as-required wpcf7-text wpcf7-validates-as-tel\" aria-required=\"true\" aria-invalid=\"false\" value=\"\" type=\"tel\" name=\"telefono\" \/><\/span> <\/label>\n<\/div>\n<div class=\"form-info-100\">\n<label><strong>Motif du contact<\/strong><br>\n    <span class=\"wpcf7-form-control-wrap\" data-name=\"motivo-contatto\"><input size=\"40\" maxlength=\"400\" class=\"wpcf7-form-control wpcf7-text wpcf7-validates-as-required\" aria-required=\"true\" aria-invalid=\"false\" value=\"\" type=\"text\" name=\"motivo-contatto\" \/><\/span> <\/label>\n<\/div>\n<div class=\"form-info-100\">\n<label><strong>Souhaitez-vous ajouter des commentaires?<\/strong><br>\n    <span class=\"wpcf7-form-control-wrap\" data-name=\"your-message\"><textarea cols=\"40\" rows=\"10\" maxlength=\"2000\" class=\"wpcf7-form-control wpcf7-textarea\" aria-invalid=\"false\" placeholder=\"Saisir ici\" name=\"your-message\"><\/textarea><\/span> <\/label>\n<\/div>\n\n<div class=\"informativa\">\n<span class=\"wpcf7-form-control-wrap\" data-name=\"privacy\"><span class=\"wpcf7-form-control wpcf7-checkbox wpcf7-validates-as-required\"><span class=\"wpcf7-list-item first last\"><label><input type=\"checkbox\" name=\"privacy[]\" value=\"J\u2019autorise le traitement de mes donn\u00e9es personnelles, conform\u00e9ment aux normes en vigueur relatives au traitement des donn\u00e9es personnelles (R\u00e8glement Europ\u00e9en n\u00b0 679\/16), selon les objectifs et les modalit\u00e9s indiqu\u00e9es dans la charte de confidentialit\u00e9.\" \/><span class=\"wpcf7-list-item-label\">J\u2019autorise le traitement de mes donn\u00e9es personnelles, conform\u00e9ment aux normes en vigueur relatives au traitement des donn\u00e9es personnelles (R\u00e8glement Europ\u00e9en n\u00b0 679\/16), selon les objectifs et les modalit\u00e9s indiqu\u00e9es dans la charte de confidentialit\u00e9.<\/span><\/label><\/span><\/span><\/span>\n<a href=\"\/fr\/privacy-policy\/\" target=\"_blank\">Politique de protection des donn\u00e9es personnelles.<\/a>\n<\/div>\n\n<input class=\"wpcf7-form-control wpcf7-submit has-spinner\" type=\"submit\" value=\"DEMANDE D\u2019INFORMATION\" \/>\n\n<\/div><input type='hidden' class='wpcf7-pum' value='{\"closepopup\":false,\"closedelay\":0,\"openpopup\":false,\"openpopup_id\":0}' \/><div class=\"wpcf7-response-output\" aria-hidden=\"true\"><\/div>\n<\/form>\n<\/div>\n[vc_empty_space height=&#8221;30px&#8221;][\/vc_column][\/vc_row]<\/p>\n<\/div>","protected":false},"excerpt":{"rendered":"<p>Offriamo un servizio consulenziale di elevato profilo, con personale qualificato in grado di fornire una valutazione dell\u2019usato molto accurata. <\/p>\n","protected":false},"author":1,"featured_media":242200,"parent":256194,"menu_order":0,"comment_status":"closed","ping_status":"closed","template":"","meta":{"footnotes":""},"class_list":["post-256931","page","type-page","status-publish","has-post-thumbnail","hentry"],"yoast_head":"<!-- This site is optimized with the Yoast SEO plugin v27.3 - https:\/\/yoast.com\/product\/yoast-seo-wordpress\/ -->\n<title>Conseil d&#039;achat - Silvauto<\/title>\n<meta name=\"description\" content=\"Notre passion pour les automobiles et notre exp\u00e9rience pluriannuelle vous guideront dans le choix de la voiture parfaite. Contactez-nous d\u00e8s maintenant !\" \/>\n<meta name=\"robots\" content=\"index, follow, max-snippet:-1, max-image-preview:large, max-video-preview:-1\" \/>\n<link rel=\"canonical\" href=\"https:\/\/www.silvauto.it\/fr\/tous-les-services\/conseil-a-lachat\/\" \/>\n<meta property=\"og:locale\" content=\"fr_FR\" \/>\n<meta property=\"og:type\" content=\"article\" \/>\n<meta property=\"og:title\" content=\"Conseil d&#039;achat - Silvauto\" \/>\n<meta property=\"og:description\" content=\"Notre passion pour les automobiles et notre exp\u00e9rience pluriannuelle vous guideront dans le choix de la voiture parfaite. Contactez-nous d\u00e8s maintenant !\" \/>\n<meta property=\"og:url\" content=\"https:\/\/www.silvauto.it\/fr\/tous-les-services\/conseil-a-lachat\/\" \/>\n<meta property=\"og:site_name\" content=\"Silvauto\" \/>\n<meta property=\"article:publisher\" content=\"https:\/\/www.facebook.com\/p\/silvautospa-100069924480834\/\" \/>\n<meta property=\"article:modified_time\" content=\"2023-09-27T10:03:07+00:00\" \/>\n<meta property=\"og:image\" content=\"https:\/\/www.silvauto.it\/wp-content\/uploads\/2023\/06\/silvauto-soci-fondatori.jpg\" \/>\n\t<meta property=\"og:image:width\" content=\"1600\" \/>\n\t<meta property=\"og:image:height\" content=\"900\" \/>\n\t<meta property=\"og:image:type\" content=\"image\/jpeg\" \/>\n<meta name=\"twitter:card\" content=\"summary_large_image\" \/>\n<meta name=\"twitter:label1\" content=\"Dur\u00e9e de lecture estim\u00e9e\" \/>\n\t<meta name=\"twitter:data1\" content=\"3 minutes\" \/>\n<script type=\"application\/ld+json\" class=\"yoast-schema-graph\">{\"@context\":\"https:\\\/\\\/schema.org\",\"@graph\":[{\"@type\":\"WebPage\",\"@id\":\"https:\\\/\\\/www.silvauto.it\\\/fr\\\/tous-les-services\\\/conseil-a-lachat\\\/\",\"url\":\"https:\\\/\\\/www.silvauto.it\\\/fr\\\/tous-les-services\\\/conseil-a-lachat\\\/\",\"name\":\"Conseil d'achat - Silvauto\",\"isPartOf\":{\"@id\":\"https:\\\/\\\/www.silvauto.it\\\/fr\\\/#website\"},\"primaryImageOfPage\":{\"@id\":\"https:\\\/\\\/www.silvauto.it\\\/fr\\\/tous-les-services\\\/conseil-a-lachat\\\/#primaryimage\"},\"image\":{\"@id\":\"https:\\\/\\\/www.silvauto.it\\\/fr\\\/tous-les-services\\\/conseil-a-lachat\\\/#primaryimage\"},\"thumbnailUrl\":\"https:\\\/\\\/www.silvauto.it\\\/wp-content\\\/uploads\\\/2023\\\/06\\\/silvauto-soci-fondatori.jpg\",\"datePublished\":\"2023-06-19T14:04:29+00:00\",\"dateModified\":\"2023-09-27T10:03:07+00:00\",\"description\":\"Notre passion pour les automobiles et notre exp\u00e9rience pluriannuelle vous guideront dans le choix de la voiture parfaite. Contactez-nous d\u00e8s maintenant !\",\"breadcrumb\":{\"@id\":\"https:\\\/\\\/www.silvauto.it\\\/fr\\\/tous-les-services\\\/conseil-a-lachat\\\/#breadcrumb\"},\"inLanguage\":\"fr-FR\",\"potentialAction\":[{\"@type\":\"ReadAction\",\"target\":[\"https:\\\/\\\/www.silvauto.it\\\/fr\\\/tous-les-services\\\/conseil-a-lachat\\\/\"]}]},{\"@type\":\"ImageObject\",\"inLanguage\":\"fr-FR\",\"@id\":\"https:\\\/\\\/www.silvauto.it\\\/fr\\\/tous-les-services\\\/conseil-a-lachat\\\/#primaryimage\",\"url\":\"https:\\\/\\\/www.silvauto.it\\\/wp-content\\\/uploads\\\/2023\\\/06\\\/silvauto-soci-fondatori.jpg\",\"contentUrl\":\"https:\\\/\\\/www.silvauto.it\\\/wp-content\\\/uploads\\\/2023\\\/06\\\/silvauto-soci-fondatori.jpg\",\"width\":1600,\"height\":900,\"caption\":\"Silvauto soci fondatori\"},{\"@type\":\"BreadcrumbList\",\"@id\":\"https:\\\/\\\/www.silvauto.it\\\/fr\\\/tous-les-services\\\/conseil-a-lachat\\\/#breadcrumb\",\"itemListElement\":[{\"@type\":\"ListItem\",\"position\":1,\"name\":\"Home\",\"item\":\"https:\\\/\\\/www.silvauto.it\\\/fr\\\/\"},{\"@type\":\"ListItem\",\"position\":2,\"name\":\"Tous les services\",\"item\":\"https:\\\/\\\/www.silvauto.it\\\/fr\\\/tous-les-services\\\/\"},{\"@type\":\"ListItem\",\"position\":3,\"name\":\"Conseil \u00e0 l\u2019achat\"}]},{\"@type\":\"WebSite\",\"@id\":\"https:\\\/\\\/www.silvauto.it\\\/fr\\\/#website\",\"url\":\"https:\\\/\\\/www.silvauto.it\\\/fr\\\/\",\"name\":\"Silvauto\",\"description\":\"Trova la tua prossima auto\",\"publisher\":{\"@id\":\"https:\\\/\\\/www.silvauto.it\\\/fr\\\/#organization\"},\"potentialAction\":[{\"@type\":\"SearchAction\",\"target\":{\"@type\":\"EntryPoint\",\"urlTemplate\":\"https:\\\/\\\/www.silvauto.it\\\/fr\\\/?s={search_term_string}\"},\"query-input\":{\"@type\":\"PropertyValueSpecification\",\"valueRequired\":true,\"valueName\":\"search_term_string\"}}],\"inLanguage\":\"fr-FR\"},{\"@type\":\"Organization\",\"@id\":\"https:\\\/\\\/www.silvauto.it\\\/fr\\\/#organization\",\"name\":\"Silvauto S.p.A.\",\"url\":\"https:\\\/\\\/www.silvauto.it\\\/fr\\\/\",\"logo\":{\"@type\":\"ImageObject\",\"inLanguage\":\"fr-FR\",\"@id\":\"https:\\\/\\\/www.silvauto.it\\\/fr\\\/#\\\/schema\\\/logo\\\/image\\\/\",\"url\":\"https:\\\/\\\/www.silvauto.it\\\/wp-content\\\/uploads\\\/2023\\\/06\\\/Silvauto-1.png\",\"contentUrl\":\"https:\\\/\\\/www.silvauto.it\\\/wp-content\\\/uploads\\\/2023\\\/06\\\/Silvauto-1.png\",\"width\":350,\"height\":104,\"caption\":\"Silvauto S.p.A.\"},\"image\":{\"@id\":\"https:\\\/\\\/www.silvauto.it\\\/fr\\\/#\\\/schema\\\/logo\\\/image\\\/\"},\"sameAs\":[\"https:\\\/\\\/www.facebook.com\\\/p\\\/silvautospa-100069924480834\\\/\",\"https:\\\/\\\/www.instagram.com\\\/silvauto_spa\",\"https:\\\/\\\/www.linkedin.com\\\/company\\\/silvauto-spa\\\/\"]}]}<\/script>\n<!-- \/ Yoast SEO plugin. -->","yoast_head_json":{"title":"Conseil d'achat - Silvauto","description":"Notre passion pour les automobiles et notre exp\u00e9rience pluriannuelle vous guideront dans le choix de la voiture parfaite. Contactez-nous d\u00e8s maintenant !","robots":{"index":"index","follow":"follow","max-snippet":"max-snippet:-1","max-image-preview":"max-image-preview:large","max-video-preview":"max-video-preview:-1"},"canonical":"https:\/\/www.silvauto.it\/fr\/tous-les-services\/conseil-a-lachat\/","og_locale":"fr_FR","og_type":"article","og_title":"Conseil d'achat - Silvauto","og_description":"Notre passion pour les automobiles et notre exp\u00e9rience pluriannuelle vous guideront dans le choix de la voiture parfaite. Contactez-nous d\u00e8s maintenant !","og_url":"https:\/\/www.silvauto.it\/fr\/tous-les-services\/conseil-a-lachat\/","og_site_name":"Silvauto","article_publisher":"https:\/\/www.facebook.com\/p\/silvautospa-100069924480834\/","article_modified_time":"2023-09-27T10:03:07+00:00","og_image":[{"width":1600,"height":900,"url":"https:\/\/www.silvauto.it\/wp-content\/uploads\/2023\/06\/silvauto-soci-fondatori.jpg","type":"image\/jpeg"}],"twitter_card":"summary_large_image","twitter_misc":{"Dur\u00e9e de lecture estim\u00e9e":"3 minutes"},"schema":{"@context":"https:\/\/schema.org","@graph":[{"@type":"WebPage","@id":"https:\/\/www.silvauto.it\/fr\/tous-les-services\/conseil-a-lachat\/","url":"https:\/\/www.silvauto.it\/fr\/tous-les-services\/conseil-a-lachat\/","name":"Conseil d'achat - Silvauto","isPartOf":{"@id":"https:\/\/www.silvauto.it\/fr\/#website"},"primaryImageOfPage":{"@id":"https:\/\/www.silvauto.it\/fr\/tous-les-services\/conseil-a-lachat\/#primaryimage"},"image":{"@id":"https:\/\/www.silvauto.it\/fr\/tous-les-services\/conseil-a-lachat\/#primaryimage"},"thumbnailUrl":"https:\/\/www.silvauto.it\/wp-content\/uploads\/2023\/06\/silvauto-soci-fondatori.jpg","datePublished":"2023-06-19T14:04:29+00:00","dateModified":"2023-09-27T10:03:07+00:00","description":"Notre passion pour les automobiles et notre exp\u00e9rience pluriannuelle vous guideront dans le choix de la voiture parfaite. Contactez-nous d\u00e8s maintenant !","breadcrumb":{"@id":"https:\/\/www.silvauto.it\/fr\/tous-les-services\/conseil-a-lachat\/#breadcrumb"},"inLanguage":"fr-FR","potentialAction":[{"@type":"ReadAction","target":["https:\/\/www.silvauto.it\/fr\/tous-les-services\/conseil-a-lachat\/"]}]},{"@type":"ImageObject","inLanguage":"fr-FR","@id":"https:\/\/www.silvauto.it\/fr\/tous-les-services\/conseil-a-lachat\/#primaryimage","url":"https:\/\/www.silvauto.it\/wp-content\/uploads\/2023\/06\/silvauto-soci-fondatori.jpg","contentUrl":"https:\/\/www.silvauto.it\/wp-content\/uploads\/2023\/06\/silvauto-soci-fondatori.jpg","width":1600,"height":900,"caption":"Silvauto soci fondatori"},{"@type":"BreadcrumbList","@id":"https:\/\/www.silvauto.it\/fr\/tous-les-services\/conseil-a-lachat\/#breadcrumb","itemListElement":[{"@type":"ListItem","position":1,"name":"Home","item":"https:\/\/www.silvauto.it\/fr\/"},{"@type":"ListItem","position":2,"name":"Tous les services","item":"https:\/\/www.silvauto.it\/fr\/tous-les-services\/"},{"@type":"ListItem","position":3,"name":"Conseil \u00e0 l\u2019achat"}]},{"@type":"WebSite","@id":"https:\/\/www.silvauto.it\/fr\/#website","url":"https:\/\/www.silvauto.it\/fr\/","name":"Silvauto","description":"Trova la tua prossima auto","publisher":{"@id":"https:\/\/www.silvauto.it\/fr\/#organization"},"potentialAction":[{"@type":"SearchAction","target":{"@type":"EntryPoint","urlTemplate":"https:\/\/www.silvauto.it\/fr\/?s={search_term_string}"},"query-input":{"@type":"PropertyValueSpecification","valueRequired":true,"valueName":"search_term_string"}}],"inLanguage":"fr-FR"},{"@type":"Organization","@id":"https:\/\/www.silvauto.it\/fr\/#organization","name":"Silvauto S.p.A.","url":"https:\/\/www.silvauto.it\/fr\/","logo":{"@type":"ImageObject","inLanguage":"fr-FR","@id":"https:\/\/www.silvauto.it\/fr\/#\/schema\/logo\/image\/","url":"https:\/\/www.silvauto.it\/wp-content\/uploads\/2023\/06\/Silvauto-1.png","contentUrl":"https:\/\/www.silvauto.it\/wp-content\/uploads\/2023\/06\/Silvauto-1.png","width":350,"height":104,"caption":"Silvauto S.p.A."},"image":{"@id":"https:\/\/www.silvauto.it\/fr\/#\/schema\/logo\/image\/"},"sameAs":["https:\/\/www.facebook.com\/p\/silvautospa-100069924480834\/","https:\/\/www.instagram.com\/silvauto_spa","https:\/\/www.linkedin.com\/company\/silvauto-spa\/"]}]}},"_links":{"self":[{"href":"https:\/\/www.silvauto.it\/fr\/wp-json\/wp\/v2\/pages\/256931","targetHints":{"allow":["GET"]}}],"collection":[{"href":"https:\/\/www.silvauto.it\/fr\/wp-json\/wp\/v2\/pages"}],"about":[{"href":"https:\/\/www.silvauto.it\/fr\/wp-json\/wp\/v2\/types\/page"}],"author":[{"embeddable":true,"href":"https:\/\/www.silvauto.it\/fr\/wp-json\/wp\/v2\/users\/1"}],"replies":[{"embeddable":true,"href":"https:\/\/www.silvauto.it\/fr\/wp-json\/wp\/v2\/comments?post=256931"}],"version-history":[{"count":0,"href":"https:\/\/www.silvauto.it\/fr\/wp-json\/wp\/v2\/pages\/256931\/revisions"}],"up":[{"embeddable":true,"href":"https:\/\/www.silvauto.it\/fr\/wp-json\/wp\/v2\/pages\/256194"}],"wp:featuredmedia":[{"embeddable":true,"href":"https:\/\/www.silvauto.it\/fr\/wp-json\/wp\/v2\/media\/242200"}],"wp:attachment":[{"href":"https:\/\/www.silvauto.it\/fr\/wp-json\/wp\/v2\/media?parent=256931"}],"curies":[{"name":"wp","href":"https:\/\/api.w.org\/{rel}","templated":true}]}}