{"id":256907,"date":"2023-06-20T16:11:07","date_gmt":"2023-06-20T14:11:07","guid":{"rendered":"https:\/\/www.silvauto.it\/?page_id=256907"},"modified":"2023-09-06T11:40:00","modified_gmt":"2023-09-06T09:40:00","slug":"notre-equipe","status":"publish","type":"page","link":"https:\/\/www.silvauto.it\/fr\/qui-sommes-nous\/notre-equipe\/","title":{"rendered":"Notre \u00e9quipe"},"content":{"rendered":"<div class=\"wpb-content-wrapper\"><p>[vc_row full_width=&#8221;stretch_row_content&#8221;][vc_column offset=&#8221;vc_col-lg-offset-1 vc_col-lg-10&#8243;][vc_single_image source=&#8221;featured_image&#8221; img_size=&#8221;1600&#215;500&#8243; alignment=&#8221;center&#8221;][vc_empty_space height=&#8221;30px&#8221;][\/vc_column][\/vc_row][vc_row][vc_column][vc_column_text el_class=&#8221;lead&#8221;]Voici les personnes qui rendent possible le service exceptionnel que nous offrons \u00e0 nos clients afin que ces derniers se sentent toujours entre de bonnes mains.[\/vc_column_text][vc_column_text]Aux c\u00f4t\u00e9s des 2 fondateurs historiques, une \u00e9quipe jeune et d\u00e9bordant d\u2019\u00e9nergie: un groupe soud\u00e9 et enthousiaste, ayant grandi avec les nouvelles technologies et, par cons\u00e9quent, naturellement pr\u00e9dispos\u00e9 \u00e0 en tirer parti du mieux possible. Des membres souvent form\u00e9s en interne ayant assimil\u00e9s et embrass\u00e9s les valeurs de l\u2019entreprise Silvauto: comp\u00e9tence, disponibilit\u00e9, sens du sacrifice, motivation.[\/vc_column_text][vc_empty_space height=&#8221;30px&#8221;][\/vc_column][\/vc_row][vc_row full_width=&#8221;stretch_row&#8221; css=&#8221;.vc_custom_1687355133821{margin-bottom: 0px !important;padding-top: 48px !important;padding-bottom: 15px !important;}&#8221; el_class=&#8221;bg-grey&#8221; el_id=&#8221;staff&#8221;][vc_column][vc_column_text]Notre \u00e9quipe est compos\u00e9e d\u2019hommes et de femmes guid\u00e9s par la passion, comp\u00e9tents et d\u00e9vou\u00e9s, avec un amour profond pour le monde des voitures. Chaque membre de notre staff porte avec lui une exp\u00e9rience unique ainsi qu\u2019une riche connaissance du secteur, qui se refl\u00e8te dans le soin et l\u2019attention que nous mettons dans chaque aspect de notre travail.[\/vc_column_text][vc_row_inner][vc_column_inner width=&#8221;1\/2&#8243; offset=&#8221;vc_col-lg-3&#8243;][stm_our_team image_size=&#8221;full&#8221; image=&#8221;255830&#8243; name=&#8221;Dario Belloli&#8221; position=&#8221;Pr\u00e9sident&#8221; email=&#8221;d.belloli@silvauto.it&#8221;][\/vc_column_inner][vc_column_inner width=&#8221;1\/2&#8243; offset=&#8221;vc_col-lg-3&#8243;][stm_our_team image_size=&#8221;full&#8221; image=&#8221;255879&#8243; name=&#8221;Silvano Calissi&#8221; position=&#8221;Pr\u00e9sident du Conseil d\u2019Administration et Responsable Technique&#8221; email=&#8221;s.calissi@silvauto.it&#8221;][\/vc_column_inner][vc_column_inner width=&#8221;1\/2&#8243; offset=&#8221;vc_col-lg-3&#8243;][stm_our_team image_size=&#8221;full&#8221; image=&#8221;255851&#8243; name=&#8221;Alessandro Mietta&#8221; position=&#8221;Directeur g\u00e9n\u00e9ral&#8221; email=&#8221;a.mietta@silvauto.it&#8221;][\/vc_column_inner][vc_column_inner width=&#8221;1\/2&#8243; offset=&#8221;vc_col-lg-3&#8243;][stm_our_team image_size=&#8221;full&#8221; image=&#8221;255883&#8243; name=&#8221;Tancredi Scarpellini&#8221; position=&#8221;Conseiller juridique et Responsable des Ressources Humaines&#8221; email=&#8221;t.scarpellini@silvauto.it&#8221;][\/vc_column_inner][\/vc_row_inner][vc_row_inner][vc_column_inner width=&#8221;1\/2&#8243; offset=&#8221;vc_col-lg-3&#8243;][stm_our_team image_size=&#8221;678&#215;1015&#8243; image=&#8221;255836&#8243; name=&#8221;Federico Rivellini&#8221; position=&#8221;Directeur commercial et R\u00e9f\u00e9rent pour les voitures anciennes et de collection&#8221; email=&#8221;f.rivellini@silvauto.it&#8221;][\/vc_column_inner][vc_column_inner width=&#8221;1\/2&#8243; offset=&#8221;vc_col-lg-3&#8243;][stm_our_team image_size=&#8221;678&#215;1015&#8243; image=&#8221;255871&#8243; name=&#8221;Livio Belometti&#8221; position=&#8221;Consultant commercial&#8221; email=&#8221;l.belometti@silvauto.it&#8221;][\/vc_column_inner][vc_column_inner width=&#8221;1\/2&#8243; offset=&#8221;vc_col-lg-3&#8243;][stm_our_team image_size=&#8221;678&#215;1015&#8243; name=&#8221;Alex Marcolli&#8221; position=&#8221;Consultant commercial&#8221; email=&#8221;a.marcolli@silvauto.it&#8221; image=&#8221;255859&#8243;][\/vc_column_inner][vc_column_inner width=&#8221;1\/2&#8243; offset=&#8221;vc_col-lg-3&#8243;][stm_our_team image_size=&#8221;678&#215;1015&#8243; name=&#8221;Alessia Plebani&#8221; position=&#8221;Back Office&#8221; email=&#8221;a.plebani@silvauto.it&#8221; image=&#8221;255855&#8243;][\/vc_column_inner][\/vc_row_inner][vc_row_inner][vc_column_inner width=&#8221;1\/4&#8243;][stm_our_team image_size=&#8221;full&#8221; image=&#8221;192532&#8243; name=&#8221;Daniela Pezzoli&#8221; position=&#8221;Back Office&#8221; email=&#8221;d.pezzoli@silvauto.it&#8221;][\/vc_column_inner][vc_column_inner width=&#8221;1\/4&#8243; offset=&#8221;vc_col-lg-3&#8243;][stm_our_team image_size=&#8221;full&#8221; image=&#8221;255875&#8243; name=&#8221;Lucrezia Pederzini&#8221; position=&#8221;Marketing&#8221; email=&#8221;l.pederzini@silvauto.it&#8221;][\/vc_column_inner][vc_column_inner width=&#8221;1\/4&#8243; offset=&#8221;vc_col-lg-3&#8243;][stm_our_team image_size=&#8221;full&#8221; image=&#8221;255867&#8243; name=&#8221;Ivan Frattini&#8221; position=&#8221;Technicien m\u00e9canicien &#8211; d\u00e9partement carrosserie&#8221; email=&#8221;service@silvauto.it&#8221;][\/vc_column_inner][vc_column_inner width=&#8221;1\/4&#8243; offset=&#8221;vc_col-lg-3&#8243;][stm_our_team image_size=&#8221;full&#8221; image=&#8221;255863&#8243; name=&#8221;Denis Vismara&#8221; position=&#8221;Logistique et Pr\u00e9paration des voitures&#8221; email=&#8221;service@silvauto.it&#8221;][\/vc_column_inner][\/vc_row_inner][vc_row_inner][vc_column_inner width=&#8221;1\/4&#8243; offset=&#8221;vc_col-lg-3&#8243;][stm_our_team image_size=&#8221;full&#8221; image=&#8221;192520&#8243; name=&#8221;Pape Bibi Fall&#8221; position=&#8221;Pr\u00e9paration des voitures&#8221; email=&#8221;service@silvauto.it&#8221;][\/vc_column_inner][vc_column_inner width=&#8221;1\/4&#8243; offset=&#8221;vc_col-lg-3&#8243;][\/vc_column_inner][vc_column_inner width=&#8221;1\/4&#8243;][\/vc_column_inner][\/vc_row_inner][\/vc_column][\/vc_row][vc_row full_width=&#8221;stretch_row_content&#8221; disable_element=&#8221;yes&#8221; el_class=&#8221;blocco-standard-no-padding-top bg-red btn-pre-footer&#8221;][vc_column][vc_btn title=&#8221;Scopri tutti i servizi&#8221; style=&#8221;flat&#8221; shape=&#8221;square&#8221; color=&#8221;inverse&#8221; align=&#8221;center&#8221; i_align=&#8221;right&#8221; i_icon_fontawesome=&#8221;fas fa-long-arrow-alt-right&#8221; add_icon=&#8221;true&#8221; el_class=&#8221;text-uppercase&#8221; link=&#8221;url:http%3A%2F%2Fwww.silvauto.it%2Fservizi%2F|title:Tutti%20i%20servizi&#8221;][\/vc_column][\/vc_row][vc_row full_width=&#8221;stretch_row&#8221; el_id=&#8221;contattaci&#8221;][vc_column offset=&#8221;vc_col-lg-offset-1 vc_col-lg-10 vc_col-md-offset-1 vc_col-md-10&#8243;][vc_empty_space height=&#8221;50px&#8221;][vc_custom_heading text=&#8221;VOUS D\u00c9SIREZ PARLER DIRECTEMENT AVEC NOUS?&#8221; font_container=&#8221;tag:p|text_align:center&#8221; use_theme_fonts=&#8221;yes&#8221; el_class=&#8221;h3&#8243;][vc_empty_space height=&#8221;10px&#8221;][vc_btn title=&#8221;Contactez-nous&#8221; style=&#8221;flat&#8221; shape=&#8221;square&#8221; color=&#8221;inverse&#8221; align=&#8221;center&#8221; i_align=&#8221;right&#8221; i_icon_fontawesome=&#8221;fas fa-long-arrow-alt-right&#8221; add_icon=&#8221;true&#8221; el_class=&#8221;text-uppercase&#8221; link=&#8221;url:https%3A%2F%2Fwww.silvauto.it%2Ffr%2Fcontacts%2F|title:Contatta%20Silvauto&#8221;][vc_empty_space height=&#8221;30px&#8221;][\/vc_column][\/vc_row][vc_row full_width=&#8221;stretch_row&#8221; disable_element=&#8221;yes&#8221; el_class=&#8221;bg-grey&#8221;][vc_column offset=&#8221;vc_col-lg-offset-1 vc_col-lg-10 vc_col-md-offset-1 vc_col-md-10&#8243;][vc_empty_space height=&#8221;50px&#8221;][vc_custom_heading text=&#8221;VOUS D\u00c9SIREZ PARLER DIRECTEMENT AVEC NOUS?&#8221; font_container=&#8221;tag:p|text_align:center&#8221; use_theme_fonts=&#8221;yes&#8221; el_class=&#8221;h2&#8243;][vc_empty_space height=&#8221;20px&#8221;]\n<div class=\"wpcf7 no-js\" id=\"wpcf7-f255770-o1\" lang=\"fr-FR\" dir=\"ltr\" data-wpcf7-id=\"255770\">\n<div class=\"screen-reader-response\"><p role=\"status\" aria-live=\"polite\" aria-atomic=\"true\"><\/p> <ul><\/ul><\/div>\n<form action=\"\/fr\/wp-json\/wp\/v2\/pages\/256907#wpcf7-f255770-o1\" method=\"post\" class=\"wpcf7-form init\" aria-label=\"Formulaire de contact\" novalidate=\"novalidate\" data-status=\"init\">\n<fieldset class=\"hidden-fields-container\"><input type=\"hidden\" name=\"_wpcf7\" value=\"255770\" \/><input type=\"hidden\" name=\"_wpcf7_version\" value=\"6.1.5\" \/><input type=\"hidden\" name=\"_wpcf7_locale\" value=\"fr_FR\" \/><input type=\"hidden\" name=\"_wpcf7_unit_tag\" value=\"wpcf7-f255770-o1\" \/><input type=\"hidden\" name=\"_wpcf7_container_post\" value=\"0\" \/><input type=\"hidden\" name=\"_wpcf7_posted_data_hash\" value=\"\" \/><input type=\"hidden\" name=\"_wpcf7cf_hidden_group_fields\" value=\"[]\" \/><input type=\"hidden\" name=\"_wpcf7cf_hidden_groups\" value=\"[]\" \/><input type=\"hidden\" name=\"_wpcf7cf_visible_groups\" value=\"[]\" \/><input type=\"hidden\" name=\"_wpcf7cf_repeaters\" value=\"[]\" \/><input type=\"hidden\" name=\"_wpcf7cf_steps\" value=\"{}\" \/><input type=\"hidden\" name=\"_wpcf7cf_options\" value=\"{&quot;form_id&quot;:255770,&quot;conditions&quot;:[],&quot;settings&quot;:{&quot;animation&quot;:&quot;yes&quot;,&quot;animation_intime&quot;:200,&quot;animation_outtime&quot;:200,&quot;conditions_ui&quot;:&quot;normal&quot;,&quot;notice_dismissed&quot;:false,&quot;notice_dismissed_rollback-cf7-5.9.8&quot;:true,&quot;notice_dismissed_rollback-cf7-6.0.1&quot;:true,&quot;notice_dismissed_rollback-cf7-6.1.1&quot;:true}}\" \/><input type=\"hidden\" name=\"_wpcf7dtx_version\" value=\"5.0.5\" \/><input type=\"hidden\" name=\"upload_dir\" value=\"cf7-multifile-upload\" \/><input type=\"hidden\" name=\"generate_name\" value=\"04-07-26-69d447012b34b\" \/><input type=\"hidden\" name=\"_wpcf7_recaptcha_response\" value=\"\" \/>\n<\/fieldset>\n<input class=\"wpcf7-form-control wpcf7-hidden\" value=\"\" type=\"hidden\" name=\"utm_campaign\" \/>\n<input class=\"wpcf7-form-control wpcf7-hidden\" value=\"\" type=\"hidden\" name=\"utm_source\" \/>\n<input class=\"wpcf7-form-control wpcf7-hidden\" value=\"\" type=\"hidden\" name=\"utm_medium\" \/>\n<input class=\"wpcf7-form-control wpcf7-hidden\" value=\"\" type=\"hidden\" name=\"utm_content\" \/>\n<input class=\"wpcf7-form-control wpcf7-hidden\" value=\"\" type=\"hidden\" name=\"url_lead\" \/>\n<input class=\"wpcf7-form-control wpcf7-hidden\" value=\"lead\" type=\"hidden\" name=\"lc_list_name\" \/>\n\n<div class=\"form-info\">\n<div class=\"form-info-sx\">\n<label><strong>Pr\u00e9nom *<\/strong>\n    <span class=\"wpcf7-form-control-wrap\" data-name=\"nome\"><input size=\"40\" maxlength=\"400\" class=\"wpcf7-form-control wpcf7-text wpcf7-validates-as-required\" aria-required=\"true\" aria-invalid=\"false\" value=\"\" type=\"text\" name=\"nome\" \/><\/span> <\/label>\n<\/div>\n<div class=\"form-info-dx\">\n<label><strong>Nom *<\/strong>\n    <span class=\"wpcf7-form-control-wrap\" data-name=\"cognome\"><input size=\"40\" maxlength=\"400\" class=\"wpcf7-form-control wpcf7-text wpcf7-validates-as-required\" aria-required=\"true\" aria-invalid=\"false\" value=\"\" type=\"text\" name=\"cognome\" \/><\/span> <\/label>\n<\/div>\n<div class=\"form-info-sx\">\n<label><strong>Email *<\/strong>\n    <span class=\"wpcf7-form-control-wrap\" data-name=\"your-email\"><input size=\"40\" maxlength=\"400\" class=\"wpcf7-form-control wpcf7-email wpcf7-validates-as-required wpcf7-text wpcf7-validates-as-email\" aria-required=\"true\" aria-invalid=\"false\" value=\"\" type=\"email\" name=\"your-email\" \/><\/span> <\/label>\n<\/div>\n<div class=\"form-info-dx\">\n<label><strong>T\u00e9l\u00e9phone *<\/strong>\n    <span class=\"wpcf7-form-control-wrap\" data-name=\"telefono\"><input size=\"40\" maxlength=\"400\" class=\"wpcf7-form-control wpcf7-tel wpcf7-validates-as-required wpcf7-text wpcf7-validates-as-tel\" aria-required=\"true\" aria-invalid=\"false\" value=\"\" type=\"tel\" name=\"telefono\" \/><\/span> <\/label>\n<\/div>\n<div class=\"form-info-100\">\n<label><strong>Motif du contact<\/strong><br>\n    <span class=\"wpcf7-form-control-wrap\" data-name=\"motivo-contatto\"><input size=\"40\" maxlength=\"400\" class=\"wpcf7-form-control wpcf7-text wpcf7-validates-as-required\" aria-required=\"true\" aria-invalid=\"false\" value=\"\" type=\"text\" name=\"motivo-contatto\" \/><\/span> <\/label>\n<\/div>\n<div class=\"form-info-100\">\n<label><strong>Souhaitez-vous ajouter des commentaires?<\/strong><br>\n    <span class=\"wpcf7-form-control-wrap\" data-name=\"your-message\"><textarea cols=\"40\" rows=\"10\" maxlength=\"2000\" class=\"wpcf7-form-control wpcf7-textarea\" aria-invalid=\"false\" placeholder=\"Saisir ici\" name=\"your-message\"><\/textarea><\/span> <\/label>\n<\/div>\n\n<div class=\"informativa\">\n<span class=\"wpcf7-form-control-wrap\" data-name=\"privacy\"><span class=\"wpcf7-form-control wpcf7-checkbox wpcf7-validates-as-required\"><span class=\"wpcf7-list-item first last\"><label><input type=\"checkbox\" name=\"privacy[]\" value=\"J\u2019autorise le traitement de mes donn\u00e9es personnelles, conform\u00e9ment aux normes en vigueur relatives au traitement des donn\u00e9es personnelles (R\u00e8glement Europ\u00e9en n\u00b0 679\/16), selon les objectifs et les modalit\u00e9s indiqu\u00e9es dans la charte de confidentialit\u00e9.\" \/><span class=\"wpcf7-list-item-label\">J\u2019autorise le traitement de mes donn\u00e9es personnelles, conform\u00e9ment aux normes en vigueur relatives au traitement des donn\u00e9es personnelles (R\u00e8glement Europ\u00e9en n\u00b0 679\/16), selon les objectifs et les modalit\u00e9s indiqu\u00e9es dans la charte de confidentialit\u00e9.<\/span><\/label><\/span><\/span><\/span>\n<a href=\"\/fr\/privacy-policy\/\" target=\"_blank\">Politique de protection des donn\u00e9es personnelles.<\/a>\n<\/div>\n\n<input class=\"wpcf7-form-control wpcf7-submit has-spinner\" type=\"submit\" value=\"DEMANDE D\u2019INFORMATION\" \/>\n\n<\/div><input type='hidden' class='wpcf7-pum' value='{\"closepopup\":false,\"closedelay\":0,\"openpopup\":false,\"openpopup_id\":0}' \/><div class=\"wpcf7-response-output\" aria-hidden=\"true\"><\/div>\n<\/form>\n<\/div>\n[vc_empty_space height=&#8221;30px&#8221;][\/vc_column][\/vc_row]<\/p>\n<\/div>","protected":false},"excerpt":{"rendered":"<p>[vc_row full_width=&#8221;stretch_row_content&#8221;][vc_column offset=&#8221;vc_col-lg-offset-1 vc_col-lg-10&#8243;][vc_single_image source=&#8221;featured_image&#8221; img_size=&#8221;1600&#215;500&#8243; alignment=&#8221;center&#8221;][vc_empty_space height=&#8221;30px&#8221;][\/vc_column][\/vc_row][vc_row][vc_column][vc_column_text el_class=&#8221;lead&#8221;]Voici les personnes qui rendent possible le service exceptionnel que nous offrons \u00e0 nos clients afin que ces derniers se sentent toujours entre de bonnes mains.[\/vc_column_text][vc_column_text]Aux c\u00f4t\u00e9s des 2 fondateurs historiques, une \u00e9quipe jeune et d\u00e9bordant d\u2019\u00e9nergie: un groupe soud\u00e9 et enthousiaste, ayant grandi avec les nouvelles&#8230;<\/p>\n","protected":false},"author":1,"featured_media":0,"parent":256174,"menu_order":0,"comment_status":"closed","ping_status":"closed","template":"","meta":{"footnotes":""},"class_list":["post-256907","page","type-page","status-publish","hentry"],"yoast_head":"<!-- This site is optimized with the Yoast SEO plugin v27.3 - https:\/\/yoast.com\/product\/yoast-seo-wordpress\/ -->\n<title>L&#039;\u00c9quipe de Silvauto<\/title>\n<meta name=\"description\" content=\"Aux c\u00f4t\u00e9s des 2 fondateurs historiques, collabore une \u00e9quipe jeune, soud\u00e9e, pleine d&#039;\u00e9nergie, mise \u00e0 jour et comp\u00e9tente...\" \/>\n<meta name=\"robots\" content=\"index, follow, max-snippet:-1, max-image-preview:large, max-video-preview:-1\" \/>\n<link rel=\"canonical\" href=\"https:\/\/www.silvauto.it\/fr\/qui-sommes-nous\/notre-equipe\/\" \/>\n<meta property=\"og:locale\" content=\"fr_FR\" \/>\n<meta property=\"og:type\" content=\"article\" \/>\n<meta property=\"og:title\" content=\"L&#039;\u00c9quipe de Silvauto\" \/>\n<meta property=\"og:description\" content=\"Aux c\u00f4t\u00e9s des 2 fondateurs historiques, collabore une \u00e9quipe jeune, soud\u00e9e, pleine d&#039;\u00e9nergie, mise \u00e0 jour et comp\u00e9tente...\" \/>\n<meta property=\"og:url\" content=\"https:\/\/www.silvauto.it\/fr\/qui-sommes-nous\/notre-equipe\/\" \/>\n<meta property=\"og:site_name\" content=\"Silvauto\" \/>\n<meta property=\"article:publisher\" content=\"https:\/\/www.facebook.com\/p\/silvautospa-100069924480834\/\" \/>\n<meta property=\"article:modified_time\" content=\"2023-09-06T09:40:00+00:00\" \/>\n<meta name=\"twitter:card\" content=\"summary_large_image\" \/>\n<meta name=\"twitter:label1\" content=\"Dur\u00e9e de lecture estim\u00e9e\" \/>\n\t<meta name=\"twitter:data1\" content=\"2 minutes\" \/>\n<script type=\"application\/ld+json\" class=\"yoast-schema-graph\">{\"@context\":\"https:\\\/\\\/schema.org\",\"@graph\":[{\"@type\":\"WebPage\",\"@id\":\"https:\\\/\\\/www.silvauto.it\\\/fr\\\/qui-sommes-nous\\\/notre-equipe\\\/\",\"url\":\"https:\\\/\\\/www.silvauto.it\\\/fr\\\/qui-sommes-nous\\\/notre-equipe\\\/\",\"name\":\"L'\u00c9quipe de Silvauto\",\"isPartOf\":{\"@id\":\"https:\\\/\\\/www.silvauto.it\\\/fr\\\/#website\"},\"datePublished\":\"2023-06-20T14:11:07+00:00\",\"dateModified\":\"2023-09-06T09:40:00+00:00\",\"description\":\"Aux c\u00f4t\u00e9s des 2 fondateurs historiques, collabore une \u00e9quipe jeune, soud\u00e9e, pleine d'\u00e9nergie, mise \u00e0 jour et comp\u00e9tente...\",\"breadcrumb\":{\"@id\":\"https:\\\/\\\/www.silvauto.it\\\/fr\\\/qui-sommes-nous\\\/notre-equipe\\\/#breadcrumb\"},\"inLanguage\":\"fr-FR\",\"potentialAction\":[{\"@type\":\"ReadAction\",\"target\":[\"https:\\\/\\\/www.silvauto.it\\\/fr\\\/qui-sommes-nous\\\/notre-equipe\\\/\"]}]},{\"@type\":\"BreadcrumbList\",\"@id\":\"https:\\\/\\\/www.silvauto.it\\\/fr\\\/qui-sommes-nous\\\/notre-equipe\\\/#breadcrumb\",\"itemListElement\":[{\"@type\":\"ListItem\",\"position\":1,\"name\":\"Home\",\"item\":\"https:\\\/\\\/www.silvauto.it\\\/fr\\\/\"},{\"@type\":\"ListItem\",\"position\":2,\"name\":\"Qui sommes-nous\",\"item\":\"https:\\\/\\\/www.silvauto.it\\\/fr\\\/qui-sommes-nous\\\/\"},{\"@type\":\"ListItem\",\"position\":3,\"name\":\"Notre \u00e9quipe\"}]},{\"@type\":\"WebSite\",\"@id\":\"https:\\\/\\\/www.silvauto.it\\\/fr\\\/#website\",\"url\":\"https:\\\/\\\/www.silvauto.it\\\/fr\\\/\",\"name\":\"Silvauto\",\"description\":\"Trova la tua prossima auto\",\"publisher\":{\"@id\":\"https:\\\/\\\/www.silvauto.it\\\/fr\\\/#organization\"},\"potentialAction\":[{\"@type\":\"SearchAction\",\"target\":{\"@type\":\"EntryPoint\",\"urlTemplate\":\"https:\\\/\\\/www.silvauto.it\\\/fr\\\/?s={search_term_string}\"},\"query-input\":{\"@type\":\"PropertyValueSpecification\",\"valueRequired\":true,\"valueName\":\"search_term_string\"}}],\"inLanguage\":\"fr-FR\"},{\"@type\":\"Organization\",\"@id\":\"https:\\\/\\\/www.silvauto.it\\\/fr\\\/#organization\",\"name\":\"Silvauto S.p.A.\",\"url\":\"https:\\\/\\\/www.silvauto.it\\\/fr\\\/\",\"logo\":{\"@type\":\"ImageObject\",\"inLanguage\":\"fr-FR\",\"@id\":\"https:\\\/\\\/www.silvauto.it\\\/fr\\\/#\\\/schema\\\/logo\\\/image\\\/\",\"url\":\"https:\\\/\\\/www.silvauto.it\\\/wp-content\\\/uploads\\\/2023\\\/06\\\/Silvauto-1.png\",\"contentUrl\":\"https:\\\/\\\/www.silvauto.it\\\/wp-content\\\/uploads\\\/2023\\\/06\\\/Silvauto-1.png\",\"width\":350,\"height\":104,\"caption\":\"Silvauto S.p.A.\"},\"image\":{\"@id\":\"https:\\\/\\\/www.silvauto.it\\\/fr\\\/#\\\/schema\\\/logo\\\/image\\\/\"},\"sameAs\":[\"https:\\\/\\\/www.facebook.com\\\/p\\\/silvautospa-100069924480834\\\/\",\"https:\\\/\\\/www.instagram.com\\\/silvauto_spa\",\"https:\\\/\\\/www.linkedin.com\\\/company\\\/silvauto-spa\\\/\"]}]}<\/script>\n<!-- \/ Yoast SEO plugin. -->","yoast_head_json":{"title":"L'\u00c9quipe de Silvauto","description":"Aux c\u00f4t\u00e9s des 2 fondateurs historiques, collabore une \u00e9quipe jeune, soud\u00e9e, pleine d'\u00e9nergie, mise \u00e0 jour et comp\u00e9tente...","robots":{"index":"index","follow":"follow","max-snippet":"max-snippet:-1","max-image-preview":"max-image-preview:large","max-video-preview":"max-video-preview:-1"},"canonical":"https:\/\/www.silvauto.it\/fr\/qui-sommes-nous\/notre-equipe\/","og_locale":"fr_FR","og_type":"article","og_title":"L'\u00c9quipe de Silvauto","og_description":"Aux c\u00f4t\u00e9s des 2 fondateurs historiques, collabore une \u00e9quipe jeune, soud\u00e9e, pleine d'\u00e9nergie, mise \u00e0 jour et comp\u00e9tente...","og_url":"https:\/\/www.silvauto.it\/fr\/qui-sommes-nous\/notre-equipe\/","og_site_name":"Silvauto","article_publisher":"https:\/\/www.facebook.com\/p\/silvautospa-100069924480834\/","article_modified_time":"2023-09-06T09:40:00+00:00","twitter_card":"summary_large_image","twitter_misc":{"Dur\u00e9e de lecture estim\u00e9e":"2 minutes"},"schema":{"@context":"https:\/\/schema.org","@graph":[{"@type":"WebPage","@id":"https:\/\/www.silvauto.it\/fr\/qui-sommes-nous\/notre-equipe\/","url":"https:\/\/www.silvauto.it\/fr\/qui-sommes-nous\/notre-equipe\/","name":"L'\u00c9quipe de Silvauto","isPartOf":{"@id":"https:\/\/www.silvauto.it\/fr\/#website"},"datePublished":"2023-06-20T14:11:07+00:00","dateModified":"2023-09-06T09:40:00+00:00","description":"Aux c\u00f4t\u00e9s des 2 fondateurs historiques, collabore une \u00e9quipe jeune, soud\u00e9e, pleine d'\u00e9nergie, mise \u00e0 jour et comp\u00e9tente...","breadcrumb":{"@id":"https:\/\/www.silvauto.it\/fr\/qui-sommes-nous\/notre-equipe\/#breadcrumb"},"inLanguage":"fr-FR","potentialAction":[{"@type":"ReadAction","target":["https:\/\/www.silvauto.it\/fr\/qui-sommes-nous\/notre-equipe\/"]}]},{"@type":"BreadcrumbList","@id":"https:\/\/www.silvauto.it\/fr\/qui-sommes-nous\/notre-equipe\/#breadcrumb","itemListElement":[{"@type":"ListItem","position":1,"name":"Home","item":"https:\/\/www.silvauto.it\/fr\/"},{"@type":"ListItem","position":2,"name":"Qui sommes-nous","item":"https:\/\/www.silvauto.it\/fr\/qui-sommes-nous\/"},{"@type":"ListItem","position":3,"name":"Notre \u00e9quipe"}]},{"@type":"WebSite","@id":"https:\/\/www.silvauto.it\/fr\/#website","url":"https:\/\/www.silvauto.it\/fr\/","name":"Silvauto","description":"Trova la tua prossima auto","publisher":{"@id":"https:\/\/www.silvauto.it\/fr\/#organization"},"potentialAction":[{"@type":"SearchAction","target":{"@type":"EntryPoint","urlTemplate":"https:\/\/www.silvauto.it\/fr\/?s={search_term_string}"},"query-input":{"@type":"PropertyValueSpecification","valueRequired":true,"valueName":"search_term_string"}}],"inLanguage":"fr-FR"},{"@type":"Organization","@id":"https:\/\/www.silvauto.it\/fr\/#organization","name":"Silvauto S.p.A.","url":"https:\/\/www.silvauto.it\/fr\/","logo":{"@type":"ImageObject","inLanguage":"fr-FR","@id":"https:\/\/www.silvauto.it\/fr\/#\/schema\/logo\/image\/","url":"https:\/\/www.silvauto.it\/wp-content\/uploads\/2023\/06\/Silvauto-1.png","contentUrl":"https:\/\/www.silvauto.it\/wp-content\/uploads\/2023\/06\/Silvauto-1.png","width":350,"height":104,"caption":"Silvauto S.p.A."},"image":{"@id":"https:\/\/www.silvauto.it\/fr\/#\/schema\/logo\/image\/"},"sameAs":["https:\/\/www.facebook.com\/p\/silvautospa-100069924480834\/","https:\/\/www.instagram.com\/silvauto_spa","https:\/\/www.linkedin.com\/company\/silvauto-spa\/"]}]}},"_links":{"self":[{"href":"https:\/\/www.silvauto.it\/fr\/wp-json\/wp\/v2\/pages\/256907","targetHints":{"allow":["GET"]}}],"collection":[{"href":"https:\/\/www.silvauto.it\/fr\/wp-json\/wp\/v2\/pages"}],"about":[{"href":"https:\/\/www.silvauto.it\/fr\/wp-json\/wp\/v2\/types\/page"}],"author":[{"embeddable":true,"href":"https:\/\/www.silvauto.it\/fr\/wp-json\/wp\/v2\/users\/1"}],"replies":[{"embeddable":true,"href":"https:\/\/www.silvauto.it\/fr\/wp-json\/wp\/v2\/comments?post=256907"}],"version-history":[{"count":0,"href":"https:\/\/www.silvauto.it\/fr\/wp-json\/wp\/v2\/pages\/256907\/revisions"}],"up":[{"embeddable":true,"href":"https:\/\/www.silvauto.it\/fr\/wp-json\/wp\/v2\/pages\/256174"}],"wp:attachment":[{"href":"https:\/\/www.silvauto.it\/fr\/wp-json\/wp\/v2\/media?parent=256907"}],"curies":[{"name":"wp","href":"https:\/\/api.w.org\/{rel}","templated":true}]}}