{"id":256194,"date":"2023-06-19T14:48:19","date_gmt":"2023-06-19T12:48:19","guid":{"rendered":"https:\/\/www.silvauto.it\/?page_id=256194"},"modified":"2023-09-20T15:02:05","modified_gmt":"2023-09-20T13:02:05","slug":"tous-les-services","status":"publish","type":"page","link":"https:\/\/www.silvauto.it\/fr\/tous-les-services\/","title":{"rendered":"Tous les services"},"content":{"rendered":"<div class=\"wpb-content-wrapper\"><p>[vc_row][vc_column][vc_column_text el_class=&#8221;lead&#8221;]Depuis toujours chez Silvauto, nous consid\u00e9rons que la fiabilit\u00e9, le professionnalisme et la disponibilit\u00e9 sont des pr\u00e9requis fondamentaux pour finaliser une vente, cr\u00e9er une relation qui dure sur le long terme et d\u00e9velopper le bouche-\u00e0-oreille qui est essentiel pour attirer de nouveaux clients.[\/vc_column_text][vc_column_text]Notre service <strong>Top Quality<\/strong> couvre enti\u00e8rement toutes les phases li\u00e9es \u00e0 l\u2019achat d\u2019une voiture, en partant des conseils donn\u00e9s durant la phase d\u2019achat, jusqu\u2019\u00e0 l\u2019estimation de la voiture d\u2019occasion en passant par tous les aspects administratifs et financiers li\u00e9s \u00e0 la transaction.<br \/>\nNous vous sommes enti\u00e8rement d\u00e9vou\u00e9s, \u00e9galement pour ce qui est des services apr\u00e8s-vente, \u00e0 commencer par l\u2019assistance et l\u2019entretien effectu\u00e9 aupr\u00e8s d\u2019un atelier hautement sp\u00e9cialis\u00e9.[\/vc_column_text][vc_empty_space height=&#8221;30px&#8221;][\/vc_column][\/vc_row][vc_row full_width=&#8221;stretch_row_content&#8221;][vc_column offset=&#8221;vc_col-lg-offset-1 vc_col-lg-10&#8243;][vc_custom_heading text=&#8221;VOICI NOS PRINCIPAUX SERVICES&#8221; font_container=&#8221;tag:h2|text_align:center&#8221; use_theme_fonts=&#8221;yes&#8221;][vc_empty_space height=&#8221;30px&#8221;][vc_row_inner equal_height=&#8221;yes&#8221;][vc_column_inner width=&#8221;1\/2&#8243; offset=&#8221;vc_col-lg-4&#8243;][vc_single_image image=&#8221;286428&#8243; img_size=&#8221;full&#8221; alignment=&#8221;center&#8221; onclick=&#8221;custom_link&#8221; link=&#8221;https:\/\/www.silvauto.it\/fr\/tous-les-services\/conseil-a-lachat\/&#8221;][vc_custom_heading text=&#8221;CONSEIL \u00c0 L\u2019ACHAT&#8221; font_container=&#8221;tag:h3|text_align:center&#8221; use_theme_fonts=&#8221;yes&#8221; link=&#8221;url:https%3A%2F%2Fwww.silvauto.it%2Ffr%2Ftous-les-services%2Fconseil-a-lachat%2F|title:Conseil%20%C3%A0%20l%E2%80%99achat&#8221;][vc_column_text el_class=&#8221;text-center&#8221;]Nous offrons un service de conseil de haute qualit\u00e9, assur\u00e9 par un personnel qualifi\u00e9 et en mesure de vous fournir une estimation tr\u00e8s pr\u00e9cise de votre voiture d\u2019occasion.[\/vc_column_text][vc_empty_space height=&#8221;30px&#8221;][\/vc_column_inner][vc_column_inner width=&#8221;1\/2&#8243; offset=&#8221;vc_col-lg-4&#8243;][vc_single_image image=&#8221;286388&#8243; img_size=&#8221;full&#8221; alignment=&#8221;center&#8221; onclick=&#8221;custom_link&#8221; link=&#8221;https:\/\/www.silvauto.it\/fr\/tous-les-services\/atelier-silvauto\/&#8221;][vc_custom_heading text=&#8221;Atelier Silvauto&#8221; font_container=&#8221;tag:h3|text_align:center&#8221; use_theme_fonts=&#8221;yes&#8221; link=&#8221;url:https%3A%2F%2Fwww.silvauto.it%2Ffr%2Ftous-les-services%2Fatelier-silvauto%2F|title:Atelier%20Silvauto&#8221;][vc_column_text el_class=&#8221;text-center&#8221;]Projets sur-mesure de \u00abTuning Vintage\u00bb pour rendre votre voiture ancienne unique en son genre. Laissez votre bijou resplendir gr\u00e2ce \u00e0 notre habilet\u00e9 artisanale.[\/vc_column_text][vc_empty_space height=&#8221;30px&#8221;][\/vc_column_inner][vc_column_inner width=&#8221;1\/2&#8243; offset=&#8221;vc_col-lg-4&#8243;][vc_single_image image=&#8221;286393&#8243; img_size=&#8221;full&#8221; alignment=&#8221;center&#8221; onclick=&#8221;custom_link&#8221; link=&#8221;https:\/\/www.silvauto.it\/fr\/tous-les-services\/estimation-voiture-depoque\/&#8221;][vc_custom_heading text=&#8221;ESTIMATION VOITURE D\u2019\u00c9POQUE&#8221; font_container=&#8221;tag:h3|text_align:center&#8221; use_theme_fonts=&#8221;yes&#8221; link=&#8221;url:https%3A%2F%2Fwww.silvauto.it%2Ffr%2Ftous-les-services%2Festimation-voiture-depoque%2F|title:Estimation%20voiture%20d%E2%80%99%C3%A9poque&#8221;][vc_column_text el_class=&#8221;text-center&#8221;]Notre connaissance approfondie des voitures anciennes nous permet de reconna\u00eetre la valeur intrins\u00e8que et l\u2019authenticit\u00e9 de chaque mod\u00e8le.[\/vc_column_text][vc_empty_space height=&#8221;30px&#8221;][\/vc_column_inner][vc_column_inner width=&#8221;1\/2&#8243; offset=&#8221;vc_col-lg-4 vc_hidden-lg vc_hidden-md vc_hidden-sm vc_hidden-xs&#8221;][vc_single_image image=&#8221;191297&#8243; img_size=&#8221;full&#8221; alignment=&#8221;center&#8221; onclick=&#8221;custom_link&#8221; link=&#8221;https:\/\/www.silvauto.it\/fr\/tous-les-services\/estimation-voitures-doccasion\/&#8221;][vc_custom_heading text=&#8221;ESTIMATION VOITURE D\u2019OCCASION&#8221; font_container=&#8221;tag:h3|text_align:center&#8221; use_theme_fonts=&#8221;yes&#8221; link=&#8221;url:https%3A%2F%2Fwww.silvauto.it%2Ffr%2Ftous-les-services%2Festimation-voitures-doccasion%2F|title:Estimation%20voitures%20d%E2%80%99occasion&#8221;][vc_column_text el_class=&#8221;text-center&#8221;]Vous souhaitez d\u00e9couvrir la valeur de votre voiture d\u2019occasion ? Gr\u00e2ce \u00e0 notre estimation professionnelle, obtenez une \u00e9valuation pr\u00e9cise et transparente.[\/vc_column_text][vc_empty_space height=&#8221;30px&#8221;][\/vc_column_inner][vc_column_inner width=&#8221;1\/2&#8243; offset=&#8221;vc_col-lg-4 vc_hidden-lg vc_hidden-md vc_hidden-sm vc_hidden-xs&#8221;][vc_single_image image=&#8221;286234&#8243; img_size=&#8221;full&#8221; alignment=&#8221;center&#8221; onclick=&#8221;custom_link&#8221; link=&#8221;https:\/\/www.silvauto.it\/fr\/tous-les-services\/financements-et-leasing\/&#8221;][vc_custom_heading text=&#8221;FINANCEMENTS ET LEASING&#8221; font_container=&#8221;tag:h3|text_align:center&#8221; use_theme_fonts=&#8221;yes&#8221; link=&#8221;url:https%3A%2F%2Fwww.silvauto.it%2Ffr%2Ftous-les-services%2Ffinancements-et-leasing%2F|title:FINANCEMENTS%20ET%20LEASING&#8221;][vc_column_text el_class=&#8221;text-center&#8221;]Nous sommes en mesure de vous offrir un large \u00e9ventail de solutions \u00e0 des prix d\u00e9fiant toute concurrence ainsi que des options de personnalisation.[\/vc_column_text][vc_empty_space height=&#8221;30px&#8221;][\/vc_column_inner][vc_column_inner width=&#8221;1\/2&#8243; offset=&#8221;vc_col-lg-4&#8243;][vc_single_image image=&#8221;286407&#8243; img_size=&#8221;full&#8221; alignment=&#8221;center&#8221; onclick=&#8221;custom_link&#8221; link=&#8221;https:\/\/www.silvauto.it\/fr\/tous-les-services\/assistance-et-pieces-de-rechange\/&#8221;][vc_custom_heading text=&#8221;ASSISTANCE ET PI\u00c8CES DE RECHANGE&#8221; font_container=&#8221;tag:h3|text_align:center&#8221; use_theme_fonts=&#8221;yes&#8221; link=&#8221;url:https%3A%2F%2Fwww.silvauto.it%2Ffr%2Ftous-les-services%2Fassistance-et-pieces-de-rechange%2F|title:ASSISTANCE%20ET%20PI%C3%88CES%20DE%20RECHANGE&#8221;][vc_column_text el_class=&#8221;text-center&#8221;]Notre \u00e9troite collaboration avec les constructeurs nous permet d\u2019avoir un acc\u00e8s direct \u00e0 des pi\u00e8ces de rechange et des accessoires d\u2019origine, garantissant des r\u00e9parations impeccables.[\/vc_column_text][vc_empty_space height=&#8221;30px&#8221;][\/vc_column_inner][vc_column_inner width=&#8221;1\/2&#8243; offset=&#8221;vc_col-lg-4 vc_hidden-lg vc_hidden-md vc_hidden-sm vc_hidden-xs&#8221;][vc_single_image image=&#8221;242214&#8243; img_size=&#8221;full&#8221; alignment=&#8221;center&#8221; onclick=&#8221;custom_link&#8221; link=&#8221;https:\/\/www.silvauto.it\/fr\/tous-les-services\/revisions\/&#8221;][vc_custom_heading text=&#8221;R\u00c9VISIONS&#8221; font_container=&#8221;tag:h3|text_align:center&#8221; use_theme_fonts=&#8221;yes&#8221; link=&#8221;url:https%3A%2F%2Fwww.silvauto.it%2Ffr%2Ftous-les-services%2Frevisions%2F|title:R%C3%89VISIONS&#8221;][vc_column_text el_class=&#8221;text-center&#8221;]La r\u00e9vision syst\u00e9matique est un service que nous offrons avant chaque livraison et qui demeure disponible durant la totalit\u00e9 du cycle de vie de votre v\u00e9hicule.[\/vc_column_text][vc_empty_space height=&#8221;30px&#8221;][\/vc_column_inner][vc_column_inner width=&#8221;1\/2&#8243; offset=&#8221;vc_col-lg-4&#8243;][vc_single_image image=&#8221;286424&#8243; img_size=&#8221;full&#8221; alignment=&#8221;center&#8221; onclick=&#8221;custom_link&#8221; link=&#8221;https:\/\/www.silvauto.it\/fr\/tous-les-services\/garantie\/&#8221;][vc_custom_heading text=&#8221;GARANTIE&#8221; font_container=&#8221;tag:h3|text_align:center&#8221; use_theme_fonts=&#8221;yes&#8221; link=&#8221;url:https%3A%2F%2Fwww.silvauto.it%2Ffr%2Ftous-les-services%2Fgarantie%2F|title:GARANTIE&#8221;][vc_column_text el_class=&#8221;text-center&#8221;]Acheter une voiture chez Silvauto, c\u2019est la garantie de recevoir une voiture en parfait \u00e9tat de fonctionnement et scrupuleusement v\u00e9rifi\u00e9e.[\/vc_column_text][vc_empty_space height=&#8221;30px&#8221;][\/vc_column_inner][vc_column_inner width=&#8221;1\/2&#8243; offset=&#8221;vc_col-lg-4&#8243;][\/vc_column_inner][\/vc_row_inner][\/vc_column][\/vc_row][vc_row full_width=&#8221;stretch_row&#8221; el_class=&#8221;bg-grey&#8221; el_id=&#8221;contattaci&#8221;][vc_column offset=&#8221;vc_col-lg-offset-1 vc_col-lg-10 vc_col-md-offset-1 vc_col-md-10&#8243;][vc_empty_space height=&#8221;50px&#8221;][vc_custom_heading text=&#8221;CONTACTEZ-NOUS POUR DE PLUS AMPLES INFORMATIONS&#8221; font_container=&#8221;tag:p|text_align:center&#8221; use_theme_fonts=&#8221;yes&#8221; el_class=&#8221;h2&#8243;][vc_empty_space height=&#8221;20px&#8221;]\n<div class=\"wpcf7 no-js\" id=\"wpcf7-f255770-o1\" lang=\"fr-FR\" dir=\"ltr\" data-wpcf7-id=\"255770\">\n<div class=\"screen-reader-response\"><p role=\"status\" aria-live=\"polite\" aria-atomic=\"true\"><\/p> <ul><\/ul><\/div>\n<form action=\"\/fr\/wp-json\/wp\/v2\/pages\/256194#wpcf7-f255770-o1\" method=\"post\" class=\"wpcf7-form init\" aria-label=\"Formulaire de contact\" novalidate=\"novalidate\" data-status=\"init\">\n<fieldset class=\"hidden-fields-container\"><input type=\"hidden\" name=\"_wpcf7\" value=\"255770\" \/><input type=\"hidden\" name=\"_wpcf7_version\" value=\"6.1.5\" \/><input type=\"hidden\" name=\"_wpcf7_locale\" value=\"fr_FR\" \/><input type=\"hidden\" name=\"_wpcf7_unit_tag\" value=\"wpcf7-f255770-o1\" \/><input type=\"hidden\" name=\"_wpcf7_container_post\" value=\"0\" \/><input type=\"hidden\" name=\"_wpcf7_posted_data_hash\" value=\"\" \/><input type=\"hidden\" name=\"_wpcf7cf_hidden_group_fields\" value=\"[]\" \/><input type=\"hidden\" name=\"_wpcf7cf_hidden_groups\" value=\"[]\" \/><input type=\"hidden\" name=\"_wpcf7cf_visible_groups\" value=\"[]\" \/><input type=\"hidden\" name=\"_wpcf7cf_repeaters\" value=\"[]\" \/><input type=\"hidden\" name=\"_wpcf7cf_steps\" value=\"{}\" \/><input type=\"hidden\" name=\"_wpcf7cf_options\" value=\"{&quot;form_id&quot;:255770,&quot;conditions&quot;:[],&quot;settings&quot;:{&quot;animation&quot;:&quot;yes&quot;,&quot;animation_intime&quot;:200,&quot;animation_outtime&quot;:200,&quot;conditions_ui&quot;:&quot;normal&quot;,&quot;notice_dismissed&quot;:false,&quot;notice_dismissed_rollback-cf7-5.9.8&quot;:true,&quot;notice_dismissed_rollback-cf7-6.0.1&quot;:true,&quot;notice_dismissed_rollback-cf7-6.1.1&quot;:true}}\" \/><input type=\"hidden\" name=\"_wpcf7dtx_version\" value=\"5.0.5\" \/><input type=\"hidden\" name=\"upload_dir\" value=\"cf7-multifile-upload\" \/><input type=\"hidden\" name=\"generate_name\" value=\"04-07-26-69d494ba62447\" \/><input type=\"hidden\" name=\"_wpcf7_recaptcha_response\" value=\"\" \/>\n<\/fieldset>\n<input class=\"wpcf7-form-control wpcf7-hidden\" value=\"\" type=\"hidden\" name=\"utm_campaign\" \/>\n<input class=\"wpcf7-form-control wpcf7-hidden\" value=\"\" type=\"hidden\" name=\"utm_source\" \/>\n<input class=\"wpcf7-form-control wpcf7-hidden\" value=\"\" type=\"hidden\" name=\"utm_medium\" \/>\n<input class=\"wpcf7-form-control wpcf7-hidden\" value=\"\" type=\"hidden\" name=\"utm_content\" \/>\n<input class=\"wpcf7-form-control wpcf7-hidden\" value=\"\" type=\"hidden\" name=\"url_lead\" \/>\n<input class=\"wpcf7-form-control wpcf7-hidden\" value=\"lead\" type=\"hidden\" name=\"lc_list_name\" \/>\n\n<div class=\"form-info\">\n<div class=\"form-info-sx\">\n<label><strong>Pr\u00e9nom *<\/strong>\n    <span class=\"wpcf7-form-control-wrap\" data-name=\"nome\"><input size=\"40\" maxlength=\"400\" class=\"wpcf7-form-control wpcf7-text wpcf7-validates-as-required\" aria-required=\"true\" aria-invalid=\"false\" value=\"\" type=\"text\" name=\"nome\" \/><\/span> <\/label>\n<\/div>\n<div class=\"form-info-dx\">\n<label><strong>Nom *<\/strong>\n    <span class=\"wpcf7-form-control-wrap\" data-name=\"cognome\"><input size=\"40\" maxlength=\"400\" class=\"wpcf7-form-control wpcf7-text wpcf7-validates-as-required\" aria-required=\"true\" aria-invalid=\"false\" value=\"\" type=\"text\" name=\"cognome\" \/><\/span> <\/label>\n<\/div>\n<div class=\"form-info-sx\">\n<label><strong>Email *<\/strong>\n    <span class=\"wpcf7-form-control-wrap\" data-name=\"your-email\"><input size=\"40\" maxlength=\"400\" class=\"wpcf7-form-control wpcf7-email wpcf7-validates-as-required wpcf7-text wpcf7-validates-as-email\" aria-required=\"true\" aria-invalid=\"false\" value=\"\" type=\"email\" name=\"your-email\" \/><\/span> <\/label>\n<\/div>\n<div class=\"form-info-dx\">\n<label><strong>T\u00e9l\u00e9phone *<\/strong>\n    <span class=\"wpcf7-form-control-wrap\" data-name=\"telefono\"><input size=\"40\" maxlength=\"400\" class=\"wpcf7-form-control wpcf7-tel wpcf7-validates-as-required wpcf7-text wpcf7-validates-as-tel\" aria-required=\"true\" aria-invalid=\"false\" value=\"\" type=\"tel\" name=\"telefono\" \/><\/span> <\/label>\n<\/div>\n<div class=\"form-info-100\">\n<label><strong>Motif du contact<\/strong><br>\n    <span class=\"wpcf7-form-control-wrap\" data-name=\"motivo-contatto\"><input size=\"40\" maxlength=\"400\" class=\"wpcf7-form-control wpcf7-text wpcf7-validates-as-required\" aria-required=\"true\" aria-invalid=\"false\" value=\"\" type=\"text\" name=\"motivo-contatto\" \/><\/span> <\/label>\n<\/div>\n<div class=\"form-info-100\">\n<label><strong>Souhaitez-vous ajouter des commentaires?<\/strong><br>\n    <span class=\"wpcf7-form-control-wrap\" data-name=\"your-message\"><textarea cols=\"40\" rows=\"10\" maxlength=\"2000\" class=\"wpcf7-form-control wpcf7-textarea\" aria-invalid=\"false\" placeholder=\"Saisir ici\" name=\"your-message\"><\/textarea><\/span> <\/label>\n<\/div>\n\n<div class=\"informativa\">\n<span class=\"wpcf7-form-control-wrap\" data-name=\"privacy\"><span class=\"wpcf7-form-control wpcf7-checkbox wpcf7-validates-as-required\"><span class=\"wpcf7-list-item first last\"><label><input type=\"checkbox\" name=\"privacy[]\" value=\"J\u2019autorise le traitement de mes donn\u00e9es personnelles, conform\u00e9ment aux normes en vigueur relatives au traitement des donn\u00e9es personnelles (R\u00e8glement Europ\u00e9en n\u00b0 679\/16), selon les objectifs et les modalit\u00e9s indiqu\u00e9es dans la charte de confidentialit\u00e9.\" \/><span class=\"wpcf7-list-item-label\">J\u2019autorise le traitement de mes donn\u00e9es personnelles, conform\u00e9ment aux normes en vigueur relatives au traitement des donn\u00e9es personnelles (R\u00e8glement Europ\u00e9en n\u00b0 679\/16), selon les objectifs et les modalit\u00e9s indiqu\u00e9es dans la charte de confidentialit\u00e9.<\/span><\/label><\/span><\/span><\/span>\n<a href=\"\/fr\/privacy-policy\/\" target=\"_blank\">Politique de protection des donn\u00e9es personnelles.<\/a>\n<\/div>\n\n<input class=\"wpcf7-form-control wpcf7-submit has-spinner\" type=\"submit\" value=\"DEMANDE D\u2019INFORMATION\" \/>\n\n<\/div><input type='hidden' class='wpcf7-pum' value='{\"closepopup\":false,\"closedelay\":0,\"openpopup\":false,\"openpopup_id\":0}' \/><div class=\"wpcf7-response-output\" aria-hidden=\"true\"><\/div>\n<\/form>\n<\/div>\n[vc_empty_space height=&#8221;30px&#8221;][\/vc_column][\/vc_row]<\/p>\n<\/div>","protected":false},"excerpt":{"rendered":"<p>[vc_row][vc_column][vc_column_text el_class=&#8221;lead&#8221;]Depuis toujours chez Silvauto, nous consid\u00e9rons que la fiabilit\u00e9, le professionnalisme et la disponibilit\u00e9 sont des pr\u00e9requis fondamentaux pour finaliser une vente, cr\u00e9er une relation qui dure sur le long terme et d\u00e9velopper le bouche-\u00e0-oreille qui est essentiel pour attirer de nouveaux clients.[\/vc_column_text][vc_column_text]Notre service Top Quality couvre enti\u00e8rement toutes les phases li\u00e9es \u00e0 l\u2019achat&#8230;<\/p>\n","protected":false},"author":1,"featured_media":0,"parent":0,"menu_order":0,"comment_status":"closed","ping_status":"closed","template":"","meta":{"footnotes":""},"class_list":["post-256194","page","type-page","status-publish","hentry"],"yoast_head":"<!-- This site is optimized with the Yoast SEO plugin v27.3 - https:\/\/yoast.com\/product\/yoast-seo-wordpress\/ -->\n<title>Services avant et apr\u00e8s la vente - Silvauto<\/title>\n<meta name=\"description\" content=\"Notre service Top Quality couvre \u00e0 360\u00b0 toutes les \u00e9tapes li\u00e9es \u00e0 l&#039;achat d&#039;une voiture, de la consultation \u00e0 l&#039;\u00e9valuation de l&#039;occasion...\" \/>\n<meta name=\"robots\" content=\"index, follow, max-snippet:-1, max-image-preview:large, max-video-preview:-1\" \/>\n<link rel=\"canonical\" href=\"https:\/\/www.silvauto.it\/fr\/tous-les-services\/\" \/>\n<meta property=\"og:locale\" content=\"fr_FR\" \/>\n<meta property=\"og:type\" content=\"article\" \/>\n<meta property=\"og:title\" content=\"Services avant et apr\u00e8s la vente - Silvauto\" \/>\n<meta property=\"og:description\" content=\"Notre service Top Quality couvre \u00e0 360\u00b0 toutes les \u00e9tapes li\u00e9es \u00e0 l&#039;achat d&#039;une voiture, de la consultation \u00e0 l&#039;\u00e9valuation de l&#039;occasion...\" \/>\n<meta property=\"og:url\" content=\"https:\/\/www.silvauto.it\/fr\/tous-les-services\/\" \/>\n<meta property=\"og:site_name\" content=\"Silvauto\" \/>\n<meta property=\"article:publisher\" content=\"https:\/\/www.facebook.com\/p\/silvautospa-100069924480834\/\" \/>\n<meta property=\"article:modified_time\" content=\"2023-09-20T13:02:05+00:00\" \/>\n<meta name=\"twitter:card\" content=\"summary_large_image\" \/>\n<meta name=\"twitter:label1\" content=\"Dur\u00e9e de lecture estim\u00e9e\" \/>\n\t<meta name=\"twitter:data1\" content=\"3 minutes\" \/>\n<script type=\"application\/ld+json\" class=\"yoast-schema-graph\">{\"@context\":\"https:\\\/\\\/schema.org\",\"@graph\":[{\"@type\":\"WebPage\",\"@id\":\"https:\\\/\\\/www.silvauto.it\\\/fr\\\/tous-les-services\\\/\",\"url\":\"https:\\\/\\\/www.silvauto.it\\\/fr\\\/tous-les-services\\\/\",\"name\":\"Services avant et apr\u00e8s la vente - Silvauto\",\"isPartOf\":{\"@id\":\"https:\\\/\\\/www.silvauto.it\\\/fr\\\/#website\"},\"datePublished\":\"2023-06-19T12:48:19+00:00\",\"dateModified\":\"2023-09-20T13:02:05+00:00\",\"description\":\"Notre service Top Quality couvre \u00e0 360\u00b0 toutes les \u00e9tapes li\u00e9es \u00e0 l'achat d'une voiture, de la consultation \u00e0 l'\u00e9valuation de l'occasion...\",\"breadcrumb\":{\"@id\":\"https:\\\/\\\/www.silvauto.it\\\/fr\\\/tous-les-services\\\/#breadcrumb\"},\"inLanguage\":\"fr-FR\",\"potentialAction\":[{\"@type\":\"ReadAction\",\"target\":[\"https:\\\/\\\/www.silvauto.it\\\/fr\\\/tous-les-services\\\/\"]}]},{\"@type\":\"BreadcrumbList\",\"@id\":\"https:\\\/\\\/www.silvauto.it\\\/fr\\\/tous-les-services\\\/#breadcrumb\",\"itemListElement\":[{\"@type\":\"ListItem\",\"position\":1,\"name\":\"Home\",\"item\":\"https:\\\/\\\/www.silvauto.it\\\/fr\\\/\"},{\"@type\":\"ListItem\",\"position\":2,\"name\":\"Tous les services\"}]},{\"@type\":\"WebSite\",\"@id\":\"https:\\\/\\\/www.silvauto.it\\\/fr\\\/#website\",\"url\":\"https:\\\/\\\/www.silvauto.it\\\/fr\\\/\",\"name\":\"Silvauto\",\"description\":\"Trova la tua prossima auto\",\"publisher\":{\"@id\":\"https:\\\/\\\/www.silvauto.it\\\/fr\\\/#organization\"},\"potentialAction\":[{\"@type\":\"SearchAction\",\"target\":{\"@type\":\"EntryPoint\",\"urlTemplate\":\"https:\\\/\\\/www.silvauto.it\\\/fr\\\/?s={search_term_string}\"},\"query-input\":{\"@type\":\"PropertyValueSpecification\",\"valueRequired\":true,\"valueName\":\"search_term_string\"}}],\"inLanguage\":\"fr-FR\"},{\"@type\":\"Organization\",\"@id\":\"https:\\\/\\\/www.silvauto.it\\\/fr\\\/#organization\",\"name\":\"Silvauto S.p.A.\",\"url\":\"https:\\\/\\\/www.silvauto.it\\\/fr\\\/\",\"logo\":{\"@type\":\"ImageObject\",\"inLanguage\":\"fr-FR\",\"@id\":\"https:\\\/\\\/www.silvauto.it\\\/fr\\\/#\\\/schema\\\/logo\\\/image\\\/\",\"url\":\"https:\\\/\\\/www.silvauto.it\\\/wp-content\\\/uploads\\\/2023\\\/06\\\/Silvauto-1.png\",\"contentUrl\":\"https:\\\/\\\/www.silvauto.it\\\/wp-content\\\/uploads\\\/2023\\\/06\\\/Silvauto-1.png\",\"width\":350,\"height\":104,\"caption\":\"Silvauto S.p.A.\"},\"image\":{\"@id\":\"https:\\\/\\\/www.silvauto.it\\\/fr\\\/#\\\/schema\\\/logo\\\/image\\\/\"},\"sameAs\":[\"https:\\\/\\\/www.facebook.com\\\/p\\\/silvautospa-100069924480834\\\/\",\"https:\\\/\\\/www.instagram.com\\\/silvauto_spa\",\"https:\\\/\\\/www.linkedin.com\\\/company\\\/silvauto-spa\\\/\"]}]}<\/script>\n<!-- \/ Yoast SEO plugin. -->","yoast_head_json":{"title":"Services avant et apr\u00e8s la vente - Silvauto","description":"Notre service Top Quality couvre \u00e0 360\u00b0 toutes les \u00e9tapes li\u00e9es \u00e0 l'achat d'une voiture, de la consultation \u00e0 l'\u00e9valuation de l'occasion...","robots":{"index":"index","follow":"follow","max-snippet":"max-snippet:-1","max-image-preview":"max-image-preview:large","max-video-preview":"max-video-preview:-1"},"canonical":"https:\/\/www.silvauto.it\/fr\/tous-les-services\/","og_locale":"fr_FR","og_type":"article","og_title":"Services avant et apr\u00e8s la vente - Silvauto","og_description":"Notre service Top Quality couvre \u00e0 360\u00b0 toutes les \u00e9tapes li\u00e9es \u00e0 l'achat d'une voiture, de la consultation \u00e0 l'\u00e9valuation de l'occasion...","og_url":"https:\/\/www.silvauto.it\/fr\/tous-les-services\/","og_site_name":"Silvauto","article_publisher":"https:\/\/www.facebook.com\/p\/silvautospa-100069924480834\/","article_modified_time":"2023-09-20T13:02:05+00:00","twitter_card":"summary_large_image","twitter_misc":{"Dur\u00e9e de lecture estim\u00e9e":"3 minutes"},"schema":{"@context":"https:\/\/schema.org","@graph":[{"@type":"WebPage","@id":"https:\/\/www.silvauto.it\/fr\/tous-les-services\/","url":"https:\/\/www.silvauto.it\/fr\/tous-les-services\/","name":"Services avant et apr\u00e8s la vente - Silvauto","isPartOf":{"@id":"https:\/\/www.silvauto.it\/fr\/#website"},"datePublished":"2023-06-19T12:48:19+00:00","dateModified":"2023-09-20T13:02:05+00:00","description":"Notre service Top Quality couvre \u00e0 360\u00b0 toutes les \u00e9tapes li\u00e9es \u00e0 l'achat d'une voiture, de la consultation \u00e0 l'\u00e9valuation de l'occasion...","breadcrumb":{"@id":"https:\/\/www.silvauto.it\/fr\/tous-les-services\/#breadcrumb"},"inLanguage":"fr-FR","potentialAction":[{"@type":"ReadAction","target":["https:\/\/www.silvauto.it\/fr\/tous-les-services\/"]}]},{"@type":"BreadcrumbList","@id":"https:\/\/www.silvauto.it\/fr\/tous-les-services\/#breadcrumb","itemListElement":[{"@type":"ListItem","position":1,"name":"Home","item":"https:\/\/www.silvauto.it\/fr\/"},{"@type":"ListItem","position":2,"name":"Tous les services"}]},{"@type":"WebSite","@id":"https:\/\/www.silvauto.it\/fr\/#website","url":"https:\/\/www.silvauto.it\/fr\/","name":"Silvauto","description":"Trova la tua prossima auto","publisher":{"@id":"https:\/\/www.silvauto.it\/fr\/#organization"},"potentialAction":[{"@type":"SearchAction","target":{"@type":"EntryPoint","urlTemplate":"https:\/\/www.silvauto.it\/fr\/?s={search_term_string}"},"query-input":{"@type":"PropertyValueSpecification","valueRequired":true,"valueName":"search_term_string"}}],"inLanguage":"fr-FR"},{"@type":"Organization","@id":"https:\/\/www.silvauto.it\/fr\/#organization","name":"Silvauto S.p.A.","url":"https:\/\/www.silvauto.it\/fr\/","logo":{"@type":"ImageObject","inLanguage":"fr-FR","@id":"https:\/\/www.silvauto.it\/fr\/#\/schema\/logo\/image\/","url":"https:\/\/www.silvauto.it\/wp-content\/uploads\/2023\/06\/Silvauto-1.png","contentUrl":"https:\/\/www.silvauto.it\/wp-content\/uploads\/2023\/06\/Silvauto-1.png","width":350,"height":104,"caption":"Silvauto S.p.A."},"image":{"@id":"https:\/\/www.silvauto.it\/fr\/#\/schema\/logo\/image\/"},"sameAs":["https:\/\/www.facebook.com\/p\/silvautospa-100069924480834\/","https:\/\/www.instagram.com\/silvauto_spa","https:\/\/www.linkedin.com\/company\/silvauto-spa\/"]}]}},"_links":{"self":[{"href":"https:\/\/www.silvauto.it\/fr\/wp-json\/wp\/v2\/pages\/256194","targetHints":{"allow":["GET"]}}],"collection":[{"href":"https:\/\/www.silvauto.it\/fr\/wp-json\/wp\/v2\/pages"}],"about":[{"href":"https:\/\/www.silvauto.it\/fr\/wp-json\/wp\/v2\/types\/page"}],"author":[{"embeddable":true,"href":"https:\/\/www.silvauto.it\/fr\/wp-json\/wp\/v2\/users\/1"}],"replies":[{"embeddable":true,"href":"https:\/\/www.silvauto.it\/fr\/wp-json\/wp\/v2\/comments?post=256194"}],"version-history":[{"count":0,"href":"https:\/\/www.silvauto.it\/fr\/wp-json\/wp\/v2\/pages\/256194\/revisions"}],"wp:attachment":[{"href":"https:\/\/www.silvauto.it\/fr\/wp-json\/wp\/v2\/media?parent=256194"}],"curies":[{"name":"wp","href":"https:\/\/api.w.org\/{rel}","templated":true}]}}