{"id":256185,"date":"2023-06-20T16:11:50","date_gmt":"2023-06-20T14:11:50","guid":{"rendered":"https:\/\/www.silvauto.it\/?page_id=256185"},"modified":"2023-08-04T15:53:08","modified_gmt":"2023-08-04T13:53:08","slug":"rejoignez-nous","status":"publish","type":"page","link":"https:\/\/www.silvauto.it\/fr\/qui-sommes-nous\/rejoignez-nous\/","title":{"rendered":"Rejoignez-nous"},"content":{"rendered":"<div class=\"wpb-content-wrapper\"><p>[vc_row full_width=&#8221;stretch_row_content&#8221;][vc_column offset=&#8221;vc_col-lg-offset-1 vc_col-lg-10&#8243;][vc_single_image source=&#8221;featured_image&#8221; img_size=&#8221;1600&#215;500&#8243; alignment=&#8221;center&#8221;][vc_empty_space height=&#8221;30px&#8221;][\/vc_column][\/vc_row][vc_row][vc_column offset=&#8221;vc_col-lg-offset-2 vc_col-lg-8&#8243;][vc_column_text el_class=&#8221;text-center&#8221;]Si vous partagez notre passion pour les voitures et que vous souhaitez faire partie d\u2019une \u00e9quipe qui r\u00e9alise les r\u00eaves \u00e0 quatre roues de chacun, envoyez-nous votre CV avec une br\u00e8ve lettre de pr\u00e9sentation \u00e0 l\u2019adresse <a href=\"mailto:commerciale@silvauto.it\">commerciale@silvauto.it<\/a>.<\/p>\n<p>Nous sommes curieux de d\u00e9couvrir comment nous pourrions travailler ensemble pour atteindre de nouveaux succ\u00e8s dans le monde de l\u2019automobile.[\/vc_column_text][vc_empty_space height=&#8221;50px&#8221;][\/vc_column][\/vc_row][vc_row full_width=&#8221;stretch_row&#8221; el_class=&#8221;annunci-lavoro bg-grey&#8221;][vc_column][vc_empty_space height=&#8221;50px&#8221;][vc_custom_heading text=&#8221;NOUS RECRUTONS&#8221; font_container=&#8221;tag:h3|text_align:center&#8221; use_theme_fonts=&#8221;yes&#8221;][vc_row_inner equal_height=&#8221;yes&#8221; content_placement=&#8221;top&#8221; gap=&#8221;30&#8243;][vc_column_inner el_class=&#8221;annuncio&#8221; width=&#8221;1\/2&#8243; css=&#8221;.vc_custom_1687344176234{background-color: #ffffff !important;}&#8221;][vc_custom_heading text=&#8221;M\u00c9CANICIEN AUTOMOBILE&#8221; font_container=&#8221;tag:h5|text_align:center&#8221; use_theme_fonts=&#8221;yes&#8221;][vc_column_text el_class=&#8221;requisiti&#8221;]Nous sommes \u00e0 la recherche d\u2019une personne exp\u00e9riment\u00e9e dans le domaine de la m\u00e9canique et de la m\u00e9catronique, sachant travailler en autonomie, qui ma\u00eetrise les derni\u00e8res technologies du secteur automobile et avec une connaissance de base des outils informatiques.<\/p>\n<p><strong>Lieu de travail:<\/strong> Grumello del Monte (BG).<\/p>\n<p><small>La pr\u00e9sente annonce est adress\u00e9e aux deux sexes, conform\u00e9ment \u00e0 la l\u00e9gislation italienne en vigueur n\u00b0\u00b0903\/77 et 125\/91.<\/small>[\/vc_column_text][\/vc_column_inner][vc_column_inner el_class=&#8221;annuncio&#8221; width=&#8221;1\/2&#8243; css=&#8221;.vc_custom_1687344181336{background-color: #ffffff !important;}&#8221;][vc_custom_heading text=&#8221;VENDEUR&#8221; font_container=&#8221;tag:h5|text_align:center&#8221; use_theme_fonts=&#8221;yes&#8221;][vc_column_text el_class=&#8221;requisiti&#8221;]Nous recherchons un vendeur disposant du sens de l\u2019initiative, pr\u00e9dispos\u00e9 \u00e0 la relation client, sans exp\u00e9rience requise, avec une connaissance de base des outils bureautiques et avec, de pr\u00e9f\u00e9rence, une connaissance de la langue anglaise.<br \/>\nCDI \u00e0 temps plein.<\/p>\n<p><strong>Lieu de travail:<\/strong> Grumello del Monte (BG).<\/p>\n<p><small>La pr\u00e9sente annonce est adress\u00e9e aux deux sexes, conform\u00e9ment \u00e0 la l\u00e9gislation italienne en vigueur n\u00b0\u00b0903\/77 et 125\/91.<\/small>[\/vc_column_text][\/vc_column_inner][\/vc_row_inner][vc_row_inner equal_height=&#8221;yes&#8221; content_placement=&#8221;top&#8221; gap=&#8221;30&#8243;][vc_column_inner el_class=&#8221;annuncio&#8221; width=&#8221;1\/2&#8243; css=&#8221;.vc_custom_1687344176234{background-color: #ffffff !important;}&#8221;][vc_custom_heading text=&#8221;EMPLOY\u00c9 ADMINISTRATIF (H\/F)&#8221; font_container=&#8221;tag:h5|text_align:center&#8221; use_theme_fonts=&#8221;yes&#8221;][vc_column_text el_class=&#8221;requisiti&#8221;]Nous recherchons un profil junior, ayant une exp\u00e9rience, m\u00eame limit\u00e9e, du secteur, afin de rejoindre le service comptabilit\u00e9\/administration, poss\u00e9dant un dipl\u00f4me d\u2019\u00e9tude correspondant au type de poste propos\u00e9 ainsi qu\u2019une connaissance de base des outils informatiques (pack office, e-mail, ect.). Une connaissance de la langue anglaise est pr\u00e9f\u00e9rable.<\/p>\n<p><strong>Lieu de travail:<\/strong> Grumello del Monte (BG).<\/p>\n<p><small>La pr\u00e9sente annonce est adress\u00e9e aux deux sexes, conform\u00e9ment \u00e0 la l\u00e9gislation italienne en vigueur n\u00b0\u00b0903\/77 et 125\/91.<\/small>[\/vc_column_text][\/vc_column_inner][\/vc_row_inner][vc_empty_space height=&#8221;50px&#8221;][\/vc_column][\/vc_row][vc_row full_width=&#8221;stretch_row&#8221; disable_element=&#8221;yes&#8221; el_class=&#8221;bg-gray padding-30&#8243;][vc_column offset=&#8221;vc_col-lg-offset-3 vc_col-lg-6 vc_col-md-offset-2 vc_col-md-8&#8243;][vc_toggle title=&#8221;Requisiti&#8221; style=&#8221;arrow&#8221; el_class=&#8221;requisiti&#8221;]Ricerchiamo figura con esperienza in ambito meccanico e meccatronico, che sappia gestirsi in autonomia e abbia familiarit\u00e0 con le ultime tecnologie in campo automotive e una conoscenza di base degli strumenti informatici.<\/p>\n<p><strong>Sede di lavoro:<\/strong> Grumello del Monte (BG).<\/p>\n<p><small>Il presente annuncio \u00e8 rivolto ad entrambi i sessi, ai sensi delle leggi 903\/77 e 125\/91.<\/small>[\/vc_toggle][vc_toggle title=&#8221;Requisiti&#8221; style=&#8221;arrow&#8221; el_class=&#8221;requisiti&#8221;]Ricerchiamo venditore intraprendente, predisposto al rapporto con il pubblico, anche senza esperienza, con conoscenza di base degli strumenti informatici di office automation e preferibile conoscenza della lingua inglese.<\/p>\n<p>Viene offerto impiego full time a tempo indeterminato.<\/p>\n<p><strong>Sedi di lavoro: <\/strong>Grumello del Monte (BG).<\/p>\n<p><small>Il presente annuncio \u00e8 rivolto ad entrambi i sessi, ai sensi delle leggi 903\/77 e 125\/91.<\/small>[\/vc_toggle][vc_custom_heading text=&#8221;Vuoi inviare la tua candidatura spontanea?&#8221; font_container=&#8221;tag:h5|text_align:center&#8221; use_theme_fonts=&#8221;yes&#8221;][vc_column_text el_class=&#8221;text-center&#8221;]Compila il form qui sotto[\/vc_column_text]<p class=\"wpcf7-contact-form-not-found\"><strong>Erreur\u00a0:<\/strong> Formulaire de contact non trouv\u00e9\u00a0!<\/p>[\/vc_column][\/vc_row]<\/p>\n<\/div>","protected":false},"excerpt":{"rendered":"<p>[vc_row full_width=&#8221;stretch_row_content&#8221;][vc_column offset=&#8221;vc_col-lg-offset-1 vc_col-lg-10&#8243;][vc_single_image source=&#8221;featured_image&#8221; img_size=&#8221;1600&#215;500&#8243; alignment=&#8221;center&#8221;][vc_empty_space height=&#8221;30px&#8221;][\/vc_column][\/vc_row][vc_row][vc_column offset=&#8221;vc_col-lg-offset-2 vc_col-lg-8&#8243;][vc_column_text el_class=&#8221;text-center&#8221;]Si vous partagez notre passion pour les voitures et que vous souhaitez faire partie d\u2019une \u00e9quipe qui r\u00e9alise les r\u00eaves \u00e0 quatre roues de chacun, envoyez-nous votre CV avec une br\u00e8ve lettre de pr\u00e9sentation \u00e0 l\u2019adresse commerciale@silvauto.it. Nous sommes curieux de d\u00e9couvrir comment nous pourrions&#8230;<\/p>\n","protected":false},"author":1,"featured_media":0,"parent":256174,"menu_order":0,"comment_status":"closed","ping_status":"closed","template":"","meta":{"footnotes":""},"class_list":["post-256185","page","type-page","status-publish","hentry"],"yoast_head":"<!-- This site is optimized with the Yoast SEO plugin v27.3 - https:\/\/yoast.com\/product\/yoast-seo-wordpress\/ -->\n<title>Opportunit\u00e9s de travail chez Silvauto<\/title>\n<meta name=\"description\" content=\"Si vous partagez notre passion pour les automobiles et que vous souhaitez faire partie de l&#039;\u00e9quipe Silvauto, envoyez votre CV \u00e0 commerciale@silvauto.it.\" \/>\n<meta name=\"robots\" content=\"index, follow, max-snippet:-1, max-image-preview:large, max-video-preview:-1\" \/>\n<link rel=\"canonical\" href=\"https:\/\/www.silvauto.it\/fr\/qui-sommes-nous\/rejoignez-nous\/\" \/>\n<meta property=\"og:locale\" content=\"fr_FR\" \/>\n<meta property=\"og:type\" content=\"article\" \/>\n<meta property=\"og:title\" content=\"Opportunit\u00e9s de travail chez Silvauto\" \/>\n<meta property=\"og:description\" content=\"Si vous partagez notre passion pour les automobiles et que vous souhaitez faire partie de l&#039;\u00e9quipe Silvauto, envoyez votre CV \u00e0 commerciale@silvauto.it.\" \/>\n<meta property=\"og:url\" content=\"https:\/\/www.silvauto.it\/fr\/qui-sommes-nous\/rejoignez-nous\/\" \/>\n<meta property=\"og:site_name\" content=\"Silvauto\" \/>\n<meta property=\"article:publisher\" content=\"https:\/\/www.facebook.com\/p\/silvautospa-100069924480834\/\" \/>\n<meta property=\"article:modified_time\" content=\"2023-08-04T13:53:08+00:00\" \/>\n<meta name=\"twitter:card\" content=\"summary_large_image\" \/>\n<meta name=\"twitter:label1\" content=\"Dur\u00e9e de lecture estim\u00e9e\" \/>\n\t<meta name=\"twitter:data1\" content=\"3 minutes\" \/>\n<script type=\"application\/ld+json\" class=\"yoast-schema-graph\">{\"@context\":\"https:\\\/\\\/schema.org\",\"@graph\":[{\"@type\":\"WebPage\",\"@id\":\"https:\\\/\\\/www.silvauto.it\\\/fr\\\/qui-sommes-nous\\\/rejoignez-nous\\\/\",\"url\":\"https:\\\/\\\/www.silvauto.it\\\/fr\\\/qui-sommes-nous\\\/rejoignez-nous\\\/\",\"name\":\"Opportunit\u00e9s de travail chez Silvauto\",\"isPartOf\":{\"@id\":\"https:\\\/\\\/www.silvauto.it\\\/fr\\\/#website\"},\"datePublished\":\"2023-06-20T14:11:50+00:00\",\"dateModified\":\"2023-08-04T13:53:08+00:00\",\"description\":\"Si vous partagez notre passion pour les automobiles et que vous souhaitez faire partie de l'\u00e9quipe Silvauto, envoyez votre CV \u00e0 commerciale@silvauto.it.\",\"breadcrumb\":{\"@id\":\"https:\\\/\\\/www.silvauto.it\\\/fr\\\/qui-sommes-nous\\\/rejoignez-nous\\\/#breadcrumb\"},\"inLanguage\":\"fr-FR\",\"potentialAction\":[{\"@type\":\"ReadAction\",\"target\":[\"https:\\\/\\\/www.silvauto.it\\\/fr\\\/qui-sommes-nous\\\/rejoignez-nous\\\/\"]}]},{\"@type\":\"BreadcrumbList\",\"@id\":\"https:\\\/\\\/www.silvauto.it\\\/fr\\\/qui-sommes-nous\\\/rejoignez-nous\\\/#breadcrumb\",\"itemListElement\":[{\"@type\":\"ListItem\",\"position\":1,\"name\":\"Home\",\"item\":\"https:\\\/\\\/www.silvauto.it\\\/fr\\\/\"},{\"@type\":\"ListItem\",\"position\":2,\"name\":\"Qui sommes-nous\",\"item\":\"https:\\\/\\\/www.silvauto.it\\\/fr\\\/qui-sommes-nous\\\/\"},{\"@type\":\"ListItem\",\"position\":3,\"name\":\"Rejoignez-nous\"}]},{\"@type\":\"WebSite\",\"@id\":\"https:\\\/\\\/www.silvauto.it\\\/fr\\\/#website\",\"url\":\"https:\\\/\\\/www.silvauto.it\\\/fr\\\/\",\"name\":\"Silvauto\",\"description\":\"Trova la tua prossima auto\",\"publisher\":{\"@id\":\"https:\\\/\\\/www.silvauto.it\\\/fr\\\/#organization\"},\"potentialAction\":[{\"@type\":\"SearchAction\",\"target\":{\"@type\":\"EntryPoint\",\"urlTemplate\":\"https:\\\/\\\/www.silvauto.it\\\/fr\\\/?s={search_term_string}\"},\"query-input\":{\"@type\":\"PropertyValueSpecification\",\"valueRequired\":true,\"valueName\":\"search_term_string\"}}],\"inLanguage\":\"fr-FR\"},{\"@type\":\"Organization\",\"@id\":\"https:\\\/\\\/www.silvauto.it\\\/fr\\\/#organization\",\"name\":\"Silvauto S.p.A.\",\"url\":\"https:\\\/\\\/www.silvauto.it\\\/fr\\\/\",\"logo\":{\"@type\":\"ImageObject\",\"inLanguage\":\"fr-FR\",\"@id\":\"https:\\\/\\\/www.silvauto.it\\\/fr\\\/#\\\/schema\\\/logo\\\/image\\\/\",\"url\":\"https:\\\/\\\/www.silvauto.it\\\/wp-content\\\/uploads\\\/2023\\\/06\\\/Silvauto-1.png\",\"contentUrl\":\"https:\\\/\\\/www.silvauto.it\\\/wp-content\\\/uploads\\\/2023\\\/06\\\/Silvauto-1.png\",\"width\":350,\"height\":104,\"caption\":\"Silvauto S.p.A.\"},\"image\":{\"@id\":\"https:\\\/\\\/www.silvauto.it\\\/fr\\\/#\\\/schema\\\/logo\\\/image\\\/\"},\"sameAs\":[\"https:\\\/\\\/www.facebook.com\\\/p\\\/silvautospa-100069924480834\\\/\",\"https:\\\/\\\/www.instagram.com\\\/silvauto_spa\",\"https:\\\/\\\/www.linkedin.com\\\/company\\\/silvauto-spa\\\/\"]}]}<\/script>\n<!-- \/ Yoast SEO plugin. -->","yoast_head_json":{"title":"Opportunit\u00e9s de travail chez Silvauto","description":"Si vous partagez notre passion pour les automobiles et que vous souhaitez faire partie de l'\u00e9quipe Silvauto, envoyez votre CV \u00e0 commerciale@silvauto.it.","robots":{"index":"index","follow":"follow","max-snippet":"max-snippet:-1","max-image-preview":"max-image-preview:large","max-video-preview":"max-video-preview:-1"},"canonical":"https:\/\/www.silvauto.it\/fr\/qui-sommes-nous\/rejoignez-nous\/","og_locale":"fr_FR","og_type":"article","og_title":"Opportunit\u00e9s de travail chez Silvauto","og_description":"Si vous partagez notre passion pour les automobiles et que vous souhaitez faire partie de l'\u00e9quipe Silvauto, envoyez votre CV \u00e0 commerciale@silvauto.it.","og_url":"https:\/\/www.silvauto.it\/fr\/qui-sommes-nous\/rejoignez-nous\/","og_site_name":"Silvauto","article_publisher":"https:\/\/www.facebook.com\/p\/silvautospa-100069924480834\/","article_modified_time":"2023-08-04T13:53:08+00:00","twitter_card":"summary_large_image","twitter_misc":{"Dur\u00e9e de lecture estim\u00e9e":"3 minutes"},"schema":{"@context":"https:\/\/schema.org","@graph":[{"@type":"WebPage","@id":"https:\/\/www.silvauto.it\/fr\/qui-sommes-nous\/rejoignez-nous\/","url":"https:\/\/www.silvauto.it\/fr\/qui-sommes-nous\/rejoignez-nous\/","name":"Opportunit\u00e9s de travail chez Silvauto","isPartOf":{"@id":"https:\/\/www.silvauto.it\/fr\/#website"},"datePublished":"2023-06-20T14:11:50+00:00","dateModified":"2023-08-04T13:53:08+00:00","description":"Si vous partagez notre passion pour les automobiles et que vous souhaitez faire partie de l'\u00e9quipe Silvauto, envoyez votre CV \u00e0 commerciale@silvauto.it.","breadcrumb":{"@id":"https:\/\/www.silvauto.it\/fr\/qui-sommes-nous\/rejoignez-nous\/#breadcrumb"},"inLanguage":"fr-FR","potentialAction":[{"@type":"ReadAction","target":["https:\/\/www.silvauto.it\/fr\/qui-sommes-nous\/rejoignez-nous\/"]}]},{"@type":"BreadcrumbList","@id":"https:\/\/www.silvauto.it\/fr\/qui-sommes-nous\/rejoignez-nous\/#breadcrumb","itemListElement":[{"@type":"ListItem","position":1,"name":"Home","item":"https:\/\/www.silvauto.it\/fr\/"},{"@type":"ListItem","position":2,"name":"Qui sommes-nous","item":"https:\/\/www.silvauto.it\/fr\/qui-sommes-nous\/"},{"@type":"ListItem","position":3,"name":"Rejoignez-nous"}]},{"@type":"WebSite","@id":"https:\/\/www.silvauto.it\/fr\/#website","url":"https:\/\/www.silvauto.it\/fr\/","name":"Silvauto","description":"Trova la tua prossima auto","publisher":{"@id":"https:\/\/www.silvauto.it\/fr\/#organization"},"potentialAction":[{"@type":"SearchAction","target":{"@type":"EntryPoint","urlTemplate":"https:\/\/www.silvauto.it\/fr\/?s={search_term_string}"},"query-input":{"@type":"PropertyValueSpecification","valueRequired":true,"valueName":"search_term_string"}}],"inLanguage":"fr-FR"},{"@type":"Organization","@id":"https:\/\/www.silvauto.it\/fr\/#organization","name":"Silvauto S.p.A.","url":"https:\/\/www.silvauto.it\/fr\/","logo":{"@type":"ImageObject","inLanguage":"fr-FR","@id":"https:\/\/www.silvauto.it\/fr\/#\/schema\/logo\/image\/","url":"https:\/\/www.silvauto.it\/wp-content\/uploads\/2023\/06\/Silvauto-1.png","contentUrl":"https:\/\/www.silvauto.it\/wp-content\/uploads\/2023\/06\/Silvauto-1.png","width":350,"height":104,"caption":"Silvauto S.p.A."},"image":{"@id":"https:\/\/www.silvauto.it\/fr\/#\/schema\/logo\/image\/"},"sameAs":["https:\/\/www.facebook.com\/p\/silvautospa-100069924480834\/","https:\/\/www.instagram.com\/silvauto_spa","https:\/\/www.linkedin.com\/company\/silvauto-spa\/"]}]}},"_links":{"self":[{"href":"https:\/\/www.silvauto.it\/fr\/wp-json\/wp\/v2\/pages\/256185","targetHints":{"allow":["GET"]}}],"collection":[{"href":"https:\/\/www.silvauto.it\/fr\/wp-json\/wp\/v2\/pages"}],"about":[{"href":"https:\/\/www.silvauto.it\/fr\/wp-json\/wp\/v2\/types\/page"}],"author":[{"embeddable":true,"href":"https:\/\/www.silvauto.it\/fr\/wp-json\/wp\/v2\/users\/1"}],"replies":[{"embeddable":true,"href":"https:\/\/www.silvauto.it\/fr\/wp-json\/wp\/v2\/comments?post=256185"}],"version-history":[{"count":0,"href":"https:\/\/www.silvauto.it\/fr\/wp-json\/wp\/v2\/pages\/256185\/revisions"}],"up":[{"embeddable":true,"href":"https:\/\/www.silvauto.it\/fr\/wp-json\/wp\/v2\/pages\/256174"}],"wp:attachment":[{"href":"https:\/\/www.silvauto.it\/fr\/wp-json\/wp\/v2\/media?parent=256185"}],"curies":[{"name":"wp","href":"https:\/\/api.w.org\/{rel}","templated":true}]}}