{"id":256181,"date":"2023-06-20T16:10:44","date_gmt":"2023-06-20T14:10:44","guid":{"rendered":"https:\/\/www.silvauto.it\/?page_id=256181"},"modified":"2023-08-04T15:54:15","modified_gmt":"2023-08-04T13:54:15","slug":"la-concession","status":"publish","type":"page","link":"https:\/\/www.silvauto.it\/fr\/qui-sommes-nous\/la-concession\/","title":{"rendered":"La concession"},"content":{"rendered":"<div class=\"wpb-content-wrapper\"><p>[vc_row full_width=&#8221;stretch_row_content&#8221;][vc_column offset=&#8221;vc_col-lg-offset-1 vc_col-lg-10&#8243;][vc_single_image image=&#8221;242162&#8243; img_size=&#8221;1600&#215;500&#8243; alignment=&#8221;center&#8221;][vc_empty_space height=&#8221;30px&#8221;][\/vc_column][\/vc_row][vc_row][vc_column][vc_column_text el_class=&#8221;lead&#8221;]Inaugur\u00e9s durant l\u2019\u00e9t\u00e9 2016, les locaux du 200 via Roma \u00e0 Grumello (BG) ont marqu\u00e9 pour Silvauto un v\u00e9ritable saut qualitatif : une structure qui s\u2019\u00e9tend sur pr\u00e8s de 3 600 m2, \u00e9l\u00e9gante, spacieuse, fonctionnelle et parfaitement \u00e9quip\u00e9e ; le lieu id\u00e9al pour exposer l\u2019ensemble de l\u2019offre de Silvauto, accueillir la client\u00e8le comme il se doit et offrir au mieux tous les services propos\u00e9s.[\/vc_column_text][vc_column_text]Les nouveaux locaux (ais\u00e9ment accessibles gr\u00e2ce aux axes routiers principaux et dot\u00e9s d\u2019un vaste parking r\u00e9serv\u00e9) sont con\u00e7us avec des mat\u00e9riaux innovants (\u00e0 partir du ciment biodynamic TX-Active) respectant les crit\u00e8res les plus \u00e9lev\u00e9s d\u2019\u00e9co-compatibilit\u00e9, dot\u00e9s de syst\u00e8mes de pointe, de la domotique aux syst\u00e8mes de s\u00e9curit\u00e9 et pourvus d\u2019un design rationnel et moderne.<\/p>\n<p>Un investissement important qui a couronn\u00e9 une dynamique de croissance sur 15 ans mais qui, par la m\u00eame occasion, a repr\u00e9sent\u00e9 un point de d\u00e9part vers de nouveaux et fascinants horizons commerciaux.<br \/>\n[\/vc_column_text][\/vc_column][\/vc_row][vc_row full_width=&#8221;stretch_row_content&#8221;][vc_column offset=&#8221;vc_col-lg-offset-2 vc_col-lg-8 vc_col-md-offset-1 vc_col-md-10&#8243;][vc_empty_space height=&#8221;50px&#8221;]<div id=\"ultimate-video-148669d4473e059f4\" class=\"ult-video  ult-adjust-bottom-margin ultimate-video-148669d4473e059f4 ultv-5440 \"><div class=\"ultv-video ultv-aspect-ratio-16_9 ultv-subscribe-responsive-none\" data-videotype=\"uv_iframe\">\n\t\t\t\t\t\t<div class=\"ultv-video__outer-wrap\" data-autoplay=\"0\" data-device=\"false\"  data-iconbg=\"#3A3A3A\" data-overcolor=\"\" data-defaultbg=\"#1f1f1e\" data-defaultplay=\"defaulticon\"><div class=\"ultv-video__play\" data-src=\"https:\/\/www.youtube.com\/embed\/bR2_QlBe6Yw?rel=0&#038;start&#038;end&#038;controls=1&#038;mute=0&#038;modestbranding=1&#038;autoplay=1\">\n\t\t\t\t\t\t\t\t<img decoding=\"async\" class=\"ultv-video__thumb\" src=\"https:\/\/i.ytimg.com\/vi\/bR2_QlBe6Yw\/maxresdefault.jpg\"\/>\n\t\t\t\t\t\t\t\t<div class=\"ultv-video__play-icon  ultv-animation-none\" style=\"width:75px\"><svg height=\"100%\" version=\"1.1\" viewBox=\"0 0 68 48\" width=\"100%\"><path class=\"ultv-youtube-icon-bg\" d=\"m .66,37.62 c 0,0 .66,4.70 2.70,6.77 2.58,2.71 5.98,2.63 7.49,2.91 5.43,.52 23.10,.68 23.12,.68 .00,-1.3e-5 14.29,-0.02 23.81,-0.71 1.32,-0.15 4.22,-0.17 6.81,-2.89 2.03,-2.07 2.70,-6.77 2.70,-6.77 0,0 .67,-5.52 .67,-11.04 l 0,-5.17 c 0,-5.52 -0.67,-11.04 -0.67,-11.04 0,0 -0.66,-4.70 -2.70,-6.77 C 62.03,.86 59.13,.84 57.80,.69 48.28,0 34.00,0 34.00,0 33.97,0 19.69,0 10.18,.69 8.85,.84 5.95,.86 3.36,3.58 1.32,5.65 .66,10.35 .66,10.35 c 0,0 -0.55,4.50 -0.66,9.45 l 0,8.36 c .10,4.94 .66,9.45 .66,9.45 z\" fill=\"#1f1f1e\" ><\/path><path d=\"m 26.96,13.67 18.37,9.62 -18.37,9.55 -0.00,-19.17 z\" fill=\"#fff\"><\/path><path d=\"M 45.02,23.46 45.32,23.28 26.96,13.67 43.32,22.34 45.02,23.46 z\" fill=\"#ccc\"><\/path><\/svg><\/div> <\/div> <\/div><\/div><\/div>[vc_empty_space height=&#8221;50px&#8221;][\/vc_column][\/vc_row][vc_row][vc_column][vc_column_text]Le design a \u00e9t\u00e9 \u00e9chafaud\u00e9 \u00e0 l\u2019image des deux visages de Silvauto; celui du concessionnaire g\u00e9n\u00e9raliste et celui du concessionnaire de voitures d&#8217;\u00e9poque. En effet, on y trouve un showroom tr\u00e8s spacieux, d\u00e9di\u00e9 \u00e0 l\u2019exposition de v\u00e9hicules neufs, d\u2019entreprise et les v\u00e9hicules z\u00e9ro kilom\u00e8tre de toutes marques ainsi qu\u2019au riche catalogue de voitures d\u2019occasion, toutes certifi\u00e9es et garanties et accueillant, par la m\u00eame occasion, \u00e0 un espace d\u2019exposition des voitures d&#8217;\u00e9poque et de collection. Deux espaces adjacents et communicants mais aussi distincts et ind\u00e9pendants.[\/vc_column_text][\/vc_column][\/vc_row][vc_row full_width=&#8221;stretch_row_content&#8221;][vc_column offset=&#8221;vc_col-lg-offset-2 vc_col-lg-8 vc_col-md-offset-1 vc_col-md-10&#8243;][vc_empty_space height=&#8221;50px&#8221;][vc_row_inner gap=&#8221;30&#8243;][vc_column_inner width=&#8221;1\/2&#8243;][vc_single_image image=&#8221;244520&#8243; img_size=&#8221;full&#8221; alignment=&#8221;center&#8221;][\/vc_column_inner][vc_column_inner width=&#8221;1\/2&#8243;][vc_single_image image=&#8221;242172&#8243; img_size=&#8221;full&#8221; alignment=&#8221;center&#8221;][\/vc_column_inner][vc_column_inner][vc_single_image image=&#8221;242176&#8243; img_size=&#8221;full&#8221; alignment=&#8221;center&#8221;][\/vc_column_inner][\/vc_row_inner][vc_empty_space height=&#8221;50px&#8221;][\/vc_column][\/vc_row][vc_row][vc_column][vc_column_text]\u00c0 c\u00f4t\u00e9 des espaces d\u2019exposition se trouvent les bureaux de vente en open space, une zone d\u2019accueil, un atelier parfaitement \u00e9quip\u00e9 pour garantir \u00e0 la client\u00e8le le meilleur service apr\u00e8s-vente et un entrep\u00f4t de pi\u00e8ces de rechange bien rempli. Pour finir, l\u2019\u00e9tage sup\u00e9rieur abrite des bureaux de vente, ainsi que l\u2019Administration et la Direction.[\/vc_column_text][\/vc_column][\/vc_row][vc_row full_width=&#8221;stretch_row_content&#8221;][vc_column offset=&#8221;vc_col-lg-offset-2 vc_col-lg-8 vc_col-md-offset-1 vc_col-md-10&#8243;][vc_empty_space height=&#8221;50px&#8221;][vc_row_inner gap=&#8221;30&#8243;][vc_column_inner][vc_single_image image=&#8221;242184&#8243; img_size=&#8221;full&#8221; alignment=&#8221;center&#8221;][\/vc_column_inner][vc_column_inner width=&#8221;1\/2&#8243;][vc_single_image image=&#8221;242180&#8243; img_size=&#8221;full&#8221; alignment=&#8221;center&#8221;][\/vc_column_inner][vc_column_inner width=&#8221;1\/2&#8243;][vc_single_image image=&#8221;242188&#8243; img_size=&#8221;full&#8221; alignment=&#8221;center&#8221;][\/vc_column_inner][\/vc_row_inner][vc_empty_space height=&#8221;50px&#8221;][\/vc_column][\/vc_row][vc_row full_width=&#8221;stretch_row_content&#8221;][vc_column][vc_custom_heading text=&#8221;VOUS D\u00c9SIREZ PARLER DIRECTEMENT AVEC NOUS?&#8221; font_container=&#8221;tag:p|text_align:center&#8221; use_theme_fonts=&#8221;yes&#8221; el_class=&#8221;h3&#8243;][vc_btn title=&#8221;Contactez-nous&#8221; style=&#8221;flat&#8221; shape=&#8221;square&#8221; color=&#8221;inverse&#8221; align=&#8221;center&#8221; i_align=&#8221;right&#8221; i_icon_fontawesome=&#8221;fas fa-long-arrow-alt-right&#8221; add_icon=&#8221;true&#8221; el_class=&#8221;text-uppercase&#8221; link=&#8221;url:https%3A%2F%2Fwww.silvauto.it%2Ffr%2Fcontacts%2F|title:Contatta%20Silvauto&#8221;][vc_empty_space height=&#8221;50px&#8221;][\/vc_column][\/vc_row][vc_row full_width=&#8221;stretch_row&#8221; disable_element=&#8221;yes&#8221; el_class=&#8221;bg-grey&#8221; el_id=&#8221;contattaci&#8221;][vc_column offset=&#8221;vc_col-lg-offset-1 vc_col-lg-10 vc_col-md-offset-1 vc_col-md-10&#8243;][vc_empty_space height=&#8221;50px&#8221;][vc_custom_heading text=&#8221;CONTACTEZ-NOUS POUR DE PLUS AMPLES INFORMATIONS&#8221; font_container=&#8221;tag:p|text_align:center&#8221; use_theme_fonts=&#8221;yes&#8221; el_class=&#8221;h2&#8243;][vc_empty_space height=&#8221;20px&#8221;]\n<div class=\"wpcf7 no-js\" id=\"wpcf7-f255770-o1\" lang=\"fr-FR\" dir=\"ltr\" data-wpcf7-id=\"255770\">\n<div class=\"screen-reader-response\"><p role=\"status\" aria-live=\"polite\" aria-atomic=\"true\"><\/p> <ul><\/ul><\/div>\n<form action=\"\/fr\/wp-json\/wp\/v2\/pages\/256181#wpcf7-f255770-o1\" method=\"post\" class=\"wpcf7-form init\" aria-label=\"Formulaire de contact\" novalidate=\"novalidate\" data-status=\"init\">\n<fieldset class=\"hidden-fields-container\"><input type=\"hidden\" name=\"_wpcf7\" value=\"255770\" \/><input type=\"hidden\" name=\"_wpcf7_version\" value=\"6.1.5\" \/><input type=\"hidden\" name=\"_wpcf7_locale\" value=\"fr_FR\" \/><input type=\"hidden\" name=\"_wpcf7_unit_tag\" value=\"wpcf7-f255770-o1\" \/><input type=\"hidden\" name=\"_wpcf7_container_post\" value=\"0\" \/><input type=\"hidden\" name=\"_wpcf7_posted_data_hash\" value=\"\" \/><input type=\"hidden\" name=\"_wpcf7cf_hidden_group_fields\" value=\"[]\" \/><input type=\"hidden\" name=\"_wpcf7cf_hidden_groups\" value=\"[]\" \/><input type=\"hidden\" name=\"_wpcf7cf_visible_groups\" value=\"[]\" \/><input type=\"hidden\" name=\"_wpcf7cf_repeaters\" value=\"[]\" \/><input type=\"hidden\" name=\"_wpcf7cf_steps\" value=\"{}\" \/><input type=\"hidden\" name=\"_wpcf7cf_options\" value=\"{&quot;form_id&quot;:255770,&quot;conditions&quot;:[],&quot;settings&quot;:{&quot;animation&quot;:&quot;yes&quot;,&quot;animation_intime&quot;:200,&quot;animation_outtime&quot;:200,&quot;conditions_ui&quot;:&quot;normal&quot;,&quot;notice_dismissed&quot;:false,&quot;notice_dismissed_rollback-cf7-5.9.8&quot;:true,&quot;notice_dismissed_rollback-cf7-6.0.1&quot;:true,&quot;notice_dismissed_rollback-cf7-6.1.1&quot;:true}}\" \/><input type=\"hidden\" name=\"_wpcf7dtx_version\" value=\"5.0.5\" \/><input type=\"hidden\" name=\"upload_dir\" value=\"cf7-multifile-upload\" \/><input type=\"hidden\" name=\"generate_name\" value=\"04-07-26-69d4473e0675b\" \/><input type=\"hidden\" name=\"_wpcf7_recaptcha_response\" value=\"\" \/>\n<\/fieldset>\n<input class=\"wpcf7-form-control wpcf7-hidden\" value=\"\" type=\"hidden\" name=\"utm_campaign\" \/>\n<input class=\"wpcf7-form-control wpcf7-hidden\" value=\"\" type=\"hidden\" name=\"utm_source\" \/>\n<input class=\"wpcf7-form-control wpcf7-hidden\" value=\"\" type=\"hidden\" name=\"utm_medium\" \/>\n<input class=\"wpcf7-form-control wpcf7-hidden\" value=\"\" type=\"hidden\" name=\"utm_content\" \/>\n<input class=\"wpcf7-form-control wpcf7-hidden\" value=\"\" type=\"hidden\" name=\"url_lead\" \/>\n<input class=\"wpcf7-form-control wpcf7-hidden\" value=\"lead\" type=\"hidden\" name=\"lc_list_name\" \/>\n\n<div class=\"form-info\">\n<div class=\"form-info-sx\">\n<label><strong>Pr\u00e9nom *<\/strong>\n    <span class=\"wpcf7-form-control-wrap\" data-name=\"nome\"><input size=\"40\" maxlength=\"400\" class=\"wpcf7-form-control wpcf7-text wpcf7-validates-as-required\" aria-required=\"true\" aria-invalid=\"false\" value=\"\" type=\"text\" name=\"nome\" \/><\/span> <\/label>\n<\/div>\n<div class=\"form-info-dx\">\n<label><strong>Nom *<\/strong>\n    <span class=\"wpcf7-form-control-wrap\" data-name=\"cognome\"><input size=\"40\" maxlength=\"400\" class=\"wpcf7-form-control wpcf7-text wpcf7-validates-as-required\" aria-required=\"true\" aria-invalid=\"false\" value=\"\" type=\"text\" name=\"cognome\" \/><\/span> <\/label>\n<\/div>\n<div class=\"form-info-sx\">\n<label><strong>Email *<\/strong>\n    <span class=\"wpcf7-form-control-wrap\" data-name=\"your-email\"><input size=\"40\" maxlength=\"400\" class=\"wpcf7-form-control wpcf7-email wpcf7-validates-as-required wpcf7-text wpcf7-validates-as-email\" aria-required=\"true\" aria-invalid=\"false\" value=\"\" type=\"email\" name=\"your-email\" \/><\/span> <\/label>\n<\/div>\n<div class=\"form-info-dx\">\n<label><strong>T\u00e9l\u00e9phone *<\/strong>\n    <span class=\"wpcf7-form-control-wrap\" data-name=\"telefono\"><input size=\"40\" maxlength=\"400\" class=\"wpcf7-form-control wpcf7-tel wpcf7-validates-as-required wpcf7-text wpcf7-validates-as-tel\" aria-required=\"true\" aria-invalid=\"false\" value=\"\" type=\"tel\" name=\"telefono\" \/><\/span> <\/label>\n<\/div>\n<div class=\"form-info-100\">\n<label><strong>Motif du contact<\/strong><br>\n    <span class=\"wpcf7-form-control-wrap\" data-name=\"motivo-contatto\"><input size=\"40\" maxlength=\"400\" class=\"wpcf7-form-control wpcf7-text wpcf7-validates-as-required\" aria-required=\"true\" aria-invalid=\"false\" value=\"\" type=\"text\" name=\"motivo-contatto\" \/><\/span> <\/label>\n<\/div>\n<div class=\"form-info-100\">\n<label><strong>Souhaitez-vous ajouter des commentaires?<\/strong><br>\n    <span class=\"wpcf7-form-control-wrap\" data-name=\"your-message\"><textarea cols=\"40\" rows=\"10\" maxlength=\"2000\" class=\"wpcf7-form-control wpcf7-textarea\" aria-invalid=\"false\" placeholder=\"Saisir ici\" name=\"your-message\"><\/textarea><\/span> <\/label>\n<\/div>\n\n<div class=\"informativa\">\n<span class=\"wpcf7-form-control-wrap\" data-name=\"privacy\"><span class=\"wpcf7-form-control wpcf7-checkbox wpcf7-validates-as-required\"><span class=\"wpcf7-list-item first last\"><label><input type=\"checkbox\" name=\"privacy[]\" value=\"J\u2019autorise le traitement de mes donn\u00e9es personnelles, conform\u00e9ment aux normes en vigueur relatives au traitement des donn\u00e9es personnelles (R\u00e8glement Europ\u00e9en n\u00b0 679\/16), selon les objectifs et les modalit\u00e9s indiqu\u00e9es dans la charte de confidentialit\u00e9.\" \/><span class=\"wpcf7-list-item-label\">J\u2019autorise le traitement de mes donn\u00e9es personnelles, conform\u00e9ment aux normes en vigueur relatives au traitement des donn\u00e9es personnelles (R\u00e8glement Europ\u00e9en n\u00b0 679\/16), selon les objectifs et les modalit\u00e9s indiqu\u00e9es dans la charte de confidentialit\u00e9.<\/span><\/label><\/span><\/span><\/span>\n<a href=\"\/fr\/privacy-policy\/\" target=\"_blank\">Politique de protection des donn\u00e9es personnelles.<\/a>\n<\/div>\n\n<input class=\"wpcf7-form-control wpcf7-submit has-spinner\" type=\"submit\" value=\"DEMANDE D\u2019INFORMATION\" \/>\n\n<\/div><input type='hidden' class='wpcf7-pum' value='{\"closepopup\":false,\"closedelay\":0,\"openpopup\":false,\"openpopup_id\":0}' \/><div class=\"wpcf7-response-output\" aria-hidden=\"true\"><\/div>\n<\/form>\n<\/div>\n[vc_empty_space height=&#8221;30px&#8221;][\/vc_column][\/vc_row]<\/p>\n<\/div>","protected":false},"excerpt":{"rendered":"<p>[vc_row full_width=&#8221;stretch_row_content&#8221;][vc_column offset=&#8221;vc_col-lg-offset-1 vc_col-lg-10&#8243;][vc_single_image image=&#8221;242162&#8243; img_size=&#8221;1600&#215;500&#8243; alignment=&#8221;center&#8221;][vc_empty_space height=&#8221;30px&#8221;][\/vc_column][\/vc_row][vc_row][vc_column][vc_column_text el_class=&#8221;lead&#8221;]Inaugur\u00e9s durant l\u2019\u00e9t\u00e9 2016, les locaux du 200 via Roma \u00e0 Grumello (BG) ont marqu\u00e9 pour Silvauto un v\u00e9ritable saut qualitatif : une structure qui s\u2019\u00e9tend sur pr\u00e8s de 3 600 m2, \u00e9l\u00e9gante, spacieuse, fonctionnelle et parfaitement \u00e9quip\u00e9e ; le lieu id\u00e9al pour exposer l\u2019ensemble de l\u2019offre&#8230;<\/p>\n","protected":false},"author":1,"featured_media":242158,"parent":256174,"menu_order":0,"comment_status":"closed","ping_status":"closed","template":"","meta":{"footnotes":""},"class_list":["post-256181","page","type-page","status-publish","has-post-thumbnail","hentry"],"yoast_head":"<!-- This site is optimized with the Yoast SEO plugin v27.3 - https:\/\/yoast.com\/product\/yoast-seo-wordpress\/ -->\n<title>Le concession Silvauto \u00e0 Grumello del Monte (BG)<\/title>\n<meta name=\"description\" content=\"Un salon automobile d&#039;environ 3600 m\u00e8tres carr\u00e9s, \u00e9l\u00e9gant, spacieux, fonctionnel et parfaitement \u00e9quip\u00e9. Venez nous rendre visite et d\u00e9couvrez...\" \/>\n<meta name=\"robots\" content=\"index, follow, max-snippet:-1, max-image-preview:large, max-video-preview:-1\" \/>\n<link rel=\"canonical\" href=\"https:\/\/www.silvauto.it\/fr\/qui-sommes-nous\/la-concession\/\" \/>\n<meta property=\"og:locale\" content=\"fr_FR\" \/>\n<meta property=\"og:type\" content=\"article\" \/>\n<meta property=\"og:title\" content=\"Le concession Silvauto \u00e0 Grumello del Monte (BG)\" \/>\n<meta property=\"og:description\" content=\"Un salon automobile d&#039;environ 3600 m\u00e8tres carr\u00e9s, \u00e9l\u00e9gant, spacieux, fonctionnel et parfaitement \u00e9quip\u00e9. Venez nous rendre visite et d\u00e9couvrez...\" \/>\n<meta property=\"og:url\" content=\"https:\/\/www.silvauto.it\/fr\/qui-sommes-nous\/la-concession\/\" \/>\n<meta property=\"og:site_name\" content=\"Silvauto\" \/>\n<meta property=\"article:publisher\" content=\"https:\/\/www.facebook.com\/p\/silvautospa-100069924480834\/\" \/>\n<meta property=\"article:modified_time\" content=\"2023-08-04T13:54:15+00:00\" \/>\n<meta property=\"og:image\" content=\"https:\/\/www.silvauto.it\/wp-content\/uploads\/2023\/06\/salone-silvauto-1.jpg\" \/>\n\t<meta property=\"og:image:width\" content=\"1600\" \/>\n\t<meta property=\"og:image:height\" content=\"900\" \/>\n\t<meta property=\"og:image:type\" content=\"image\/jpeg\" \/>\n<meta name=\"twitter:card\" content=\"summary_large_image\" \/>\n<meta name=\"twitter:label1\" content=\"Dur\u00e9e de lecture estim\u00e9e\" \/>\n\t<meta name=\"twitter:data1\" content=\"3 minutes\" \/>\n<script type=\"application\/ld+json\" class=\"yoast-schema-graph\">{\"@context\":\"https:\\\/\\\/schema.org\",\"@graph\":[{\"@type\":\"WebPage\",\"@id\":\"https:\\\/\\\/www.silvauto.it\\\/fr\\\/qui-sommes-nous\\\/la-concession\\\/\",\"url\":\"https:\\\/\\\/www.silvauto.it\\\/fr\\\/qui-sommes-nous\\\/la-concession\\\/\",\"name\":\"Le concession Silvauto \u00e0 Grumello del Monte (BG)\",\"isPartOf\":{\"@id\":\"https:\\\/\\\/www.silvauto.it\\\/fr\\\/#website\"},\"primaryImageOfPage\":{\"@id\":\"https:\\\/\\\/www.silvauto.it\\\/fr\\\/qui-sommes-nous\\\/la-concession\\\/#primaryimage\"},\"image\":{\"@id\":\"https:\\\/\\\/www.silvauto.it\\\/fr\\\/qui-sommes-nous\\\/la-concession\\\/#primaryimage\"},\"thumbnailUrl\":\"https:\\\/\\\/www.silvauto.it\\\/wp-content\\\/uploads\\\/2023\\\/06\\\/salone-silvauto-1.jpg\",\"datePublished\":\"2023-06-20T14:10:44+00:00\",\"dateModified\":\"2023-08-04T13:54:15+00:00\",\"description\":\"Un salon automobile d'environ 3600 m\u00e8tres carr\u00e9s, \u00e9l\u00e9gant, spacieux, fonctionnel et parfaitement \u00e9quip\u00e9. Venez nous rendre visite et d\u00e9couvrez...\",\"breadcrumb\":{\"@id\":\"https:\\\/\\\/www.silvauto.it\\\/fr\\\/qui-sommes-nous\\\/la-concession\\\/#breadcrumb\"},\"inLanguage\":\"fr-FR\",\"potentialAction\":[{\"@type\":\"ReadAction\",\"target\":[\"https:\\\/\\\/www.silvauto.it\\\/fr\\\/qui-sommes-nous\\\/la-concession\\\/\"]}]},{\"@type\":\"ImageObject\",\"inLanguage\":\"fr-FR\",\"@id\":\"https:\\\/\\\/www.silvauto.it\\\/fr\\\/qui-sommes-nous\\\/la-concession\\\/#primaryimage\",\"url\":\"https:\\\/\\\/www.silvauto.it\\\/wp-content\\\/uploads\\\/2023\\\/06\\\/salone-silvauto-1.jpg\",\"contentUrl\":\"https:\\\/\\\/www.silvauto.it\\\/wp-content\\\/uploads\\\/2023\\\/06\\\/salone-silvauto-1.jpg\",\"width\":1600,\"height\":900,\"caption\":\"il salone Silvauto a Grumello del Monte (BG)\"},{\"@type\":\"BreadcrumbList\",\"@id\":\"https:\\\/\\\/www.silvauto.it\\\/fr\\\/qui-sommes-nous\\\/la-concession\\\/#breadcrumb\",\"itemListElement\":[{\"@type\":\"ListItem\",\"position\":1,\"name\":\"Home\",\"item\":\"https:\\\/\\\/www.silvauto.it\\\/fr\\\/\"},{\"@type\":\"ListItem\",\"position\":2,\"name\":\"Qui sommes-nous\",\"item\":\"https:\\\/\\\/www.silvauto.it\\\/fr\\\/qui-sommes-nous\\\/\"},{\"@type\":\"ListItem\",\"position\":3,\"name\":\"La concession\"}]},{\"@type\":\"WebSite\",\"@id\":\"https:\\\/\\\/www.silvauto.it\\\/fr\\\/#website\",\"url\":\"https:\\\/\\\/www.silvauto.it\\\/fr\\\/\",\"name\":\"Silvauto\",\"description\":\"Trova la tua prossima auto\",\"publisher\":{\"@id\":\"https:\\\/\\\/www.silvauto.it\\\/fr\\\/#organization\"},\"potentialAction\":[{\"@type\":\"SearchAction\",\"target\":{\"@type\":\"EntryPoint\",\"urlTemplate\":\"https:\\\/\\\/www.silvauto.it\\\/fr\\\/?s={search_term_string}\"},\"query-input\":{\"@type\":\"PropertyValueSpecification\",\"valueRequired\":true,\"valueName\":\"search_term_string\"}}],\"inLanguage\":\"fr-FR\"},{\"@type\":\"Organization\",\"@id\":\"https:\\\/\\\/www.silvauto.it\\\/fr\\\/#organization\",\"name\":\"Silvauto S.p.A.\",\"url\":\"https:\\\/\\\/www.silvauto.it\\\/fr\\\/\",\"logo\":{\"@type\":\"ImageObject\",\"inLanguage\":\"fr-FR\",\"@id\":\"https:\\\/\\\/www.silvauto.it\\\/fr\\\/#\\\/schema\\\/logo\\\/image\\\/\",\"url\":\"https:\\\/\\\/www.silvauto.it\\\/wp-content\\\/uploads\\\/2023\\\/06\\\/Silvauto-1.png\",\"contentUrl\":\"https:\\\/\\\/www.silvauto.it\\\/wp-content\\\/uploads\\\/2023\\\/06\\\/Silvauto-1.png\",\"width\":350,\"height\":104,\"caption\":\"Silvauto S.p.A.\"},\"image\":{\"@id\":\"https:\\\/\\\/www.silvauto.it\\\/fr\\\/#\\\/schema\\\/logo\\\/image\\\/\"},\"sameAs\":[\"https:\\\/\\\/www.facebook.com\\\/p\\\/silvautospa-100069924480834\\\/\",\"https:\\\/\\\/www.instagram.com\\\/silvauto_spa\",\"https:\\\/\\\/www.linkedin.com\\\/company\\\/silvauto-spa\\\/\"]}]}<\/script>\n<!-- \/ Yoast SEO plugin. -->","yoast_head_json":{"title":"Le concession Silvauto \u00e0 Grumello del Monte (BG)","description":"Un salon automobile d'environ 3600 m\u00e8tres carr\u00e9s, \u00e9l\u00e9gant, spacieux, fonctionnel et parfaitement \u00e9quip\u00e9. Venez nous rendre visite et d\u00e9couvrez...","robots":{"index":"index","follow":"follow","max-snippet":"max-snippet:-1","max-image-preview":"max-image-preview:large","max-video-preview":"max-video-preview:-1"},"canonical":"https:\/\/www.silvauto.it\/fr\/qui-sommes-nous\/la-concession\/","og_locale":"fr_FR","og_type":"article","og_title":"Le concession Silvauto \u00e0 Grumello del Monte (BG)","og_description":"Un salon automobile d'environ 3600 m\u00e8tres carr\u00e9s, \u00e9l\u00e9gant, spacieux, fonctionnel et parfaitement \u00e9quip\u00e9. Venez nous rendre visite et d\u00e9couvrez...","og_url":"https:\/\/www.silvauto.it\/fr\/qui-sommes-nous\/la-concession\/","og_site_name":"Silvauto","article_publisher":"https:\/\/www.facebook.com\/p\/silvautospa-100069924480834\/","article_modified_time":"2023-08-04T13:54:15+00:00","og_image":[{"width":1600,"height":900,"url":"https:\/\/www.silvauto.it\/wp-content\/uploads\/2023\/06\/salone-silvauto-1.jpg","type":"image\/jpeg"}],"twitter_card":"summary_large_image","twitter_misc":{"Dur\u00e9e de lecture estim\u00e9e":"3 minutes"},"schema":{"@context":"https:\/\/schema.org","@graph":[{"@type":"WebPage","@id":"https:\/\/www.silvauto.it\/fr\/qui-sommes-nous\/la-concession\/","url":"https:\/\/www.silvauto.it\/fr\/qui-sommes-nous\/la-concession\/","name":"Le concession Silvauto \u00e0 Grumello del Monte (BG)","isPartOf":{"@id":"https:\/\/www.silvauto.it\/fr\/#website"},"primaryImageOfPage":{"@id":"https:\/\/www.silvauto.it\/fr\/qui-sommes-nous\/la-concession\/#primaryimage"},"image":{"@id":"https:\/\/www.silvauto.it\/fr\/qui-sommes-nous\/la-concession\/#primaryimage"},"thumbnailUrl":"https:\/\/www.silvauto.it\/wp-content\/uploads\/2023\/06\/salone-silvauto-1.jpg","datePublished":"2023-06-20T14:10:44+00:00","dateModified":"2023-08-04T13:54:15+00:00","description":"Un salon automobile d'environ 3600 m\u00e8tres carr\u00e9s, \u00e9l\u00e9gant, spacieux, fonctionnel et parfaitement \u00e9quip\u00e9. Venez nous rendre visite et d\u00e9couvrez...","breadcrumb":{"@id":"https:\/\/www.silvauto.it\/fr\/qui-sommes-nous\/la-concession\/#breadcrumb"},"inLanguage":"fr-FR","potentialAction":[{"@type":"ReadAction","target":["https:\/\/www.silvauto.it\/fr\/qui-sommes-nous\/la-concession\/"]}]},{"@type":"ImageObject","inLanguage":"fr-FR","@id":"https:\/\/www.silvauto.it\/fr\/qui-sommes-nous\/la-concession\/#primaryimage","url":"https:\/\/www.silvauto.it\/wp-content\/uploads\/2023\/06\/salone-silvauto-1.jpg","contentUrl":"https:\/\/www.silvauto.it\/wp-content\/uploads\/2023\/06\/salone-silvauto-1.jpg","width":1600,"height":900,"caption":"il salone Silvauto a Grumello del Monte (BG)"},{"@type":"BreadcrumbList","@id":"https:\/\/www.silvauto.it\/fr\/qui-sommes-nous\/la-concession\/#breadcrumb","itemListElement":[{"@type":"ListItem","position":1,"name":"Home","item":"https:\/\/www.silvauto.it\/fr\/"},{"@type":"ListItem","position":2,"name":"Qui sommes-nous","item":"https:\/\/www.silvauto.it\/fr\/qui-sommes-nous\/"},{"@type":"ListItem","position":3,"name":"La concession"}]},{"@type":"WebSite","@id":"https:\/\/www.silvauto.it\/fr\/#website","url":"https:\/\/www.silvauto.it\/fr\/","name":"Silvauto","description":"Trova la tua prossima auto","publisher":{"@id":"https:\/\/www.silvauto.it\/fr\/#organization"},"potentialAction":[{"@type":"SearchAction","target":{"@type":"EntryPoint","urlTemplate":"https:\/\/www.silvauto.it\/fr\/?s={search_term_string}"},"query-input":{"@type":"PropertyValueSpecification","valueRequired":true,"valueName":"search_term_string"}}],"inLanguage":"fr-FR"},{"@type":"Organization","@id":"https:\/\/www.silvauto.it\/fr\/#organization","name":"Silvauto S.p.A.","url":"https:\/\/www.silvauto.it\/fr\/","logo":{"@type":"ImageObject","inLanguage":"fr-FR","@id":"https:\/\/www.silvauto.it\/fr\/#\/schema\/logo\/image\/","url":"https:\/\/www.silvauto.it\/wp-content\/uploads\/2023\/06\/Silvauto-1.png","contentUrl":"https:\/\/www.silvauto.it\/wp-content\/uploads\/2023\/06\/Silvauto-1.png","width":350,"height":104,"caption":"Silvauto S.p.A."},"image":{"@id":"https:\/\/www.silvauto.it\/fr\/#\/schema\/logo\/image\/"},"sameAs":["https:\/\/www.facebook.com\/p\/silvautospa-100069924480834\/","https:\/\/www.instagram.com\/silvauto_spa","https:\/\/www.linkedin.com\/company\/silvauto-spa\/"]}]}},"_links":{"self":[{"href":"https:\/\/www.silvauto.it\/fr\/wp-json\/wp\/v2\/pages\/256181","targetHints":{"allow":["GET"]}}],"collection":[{"href":"https:\/\/www.silvauto.it\/fr\/wp-json\/wp\/v2\/pages"}],"about":[{"href":"https:\/\/www.silvauto.it\/fr\/wp-json\/wp\/v2\/types\/page"}],"author":[{"embeddable":true,"href":"https:\/\/www.silvauto.it\/fr\/wp-json\/wp\/v2\/users\/1"}],"replies":[{"embeddable":true,"href":"https:\/\/www.silvauto.it\/fr\/wp-json\/wp\/v2\/comments?post=256181"}],"version-history":[{"count":0,"href":"https:\/\/www.silvauto.it\/fr\/wp-json\/wp\/v2\/pages\/256181\/revisions"}],"up":[{"embeddable":true,"href":"https:\/\/www.silvauto.it\/fr\/wp-json\/wp\/v2\/pages\/256174"}],"wp:featuredmedia":[{"embeddable":true,"href":"https:\/\/www.silvauto.it\/fr\/wp-json\/wp\/v2\/media\/242158"}],"wp:attachment":[{"href":"https:\/\/www.silvauto.it\/fr\/wp-json\/wp\/v2\/media?parent=256181"}],"curies":[{"name":"wp","href":"https:\/\/api.w.org\/{rel}","templated":true}]}}