{"id":256165,"date":"2023-06-19T17:44:49","date_gmt":"2023-06-19T15:44:49","guid":{"rendered":"https:\/\/www.silvauto.it\/?page_id=256165"},"modified":"2023-08-04T15:42:18","modified_gmt":"2023-08-04T13:42:18","slug":"assistance-et-pieces-de-rechange","status":"publish","type":"page","link":"https:\/\/www.silvauto.it\/fr\/tous-les-services\/assistance-et-pieces-de-rechange\/","title":{"rendered":"Assistance et Pi\u00e8ces de rechange"},"content":{"rendered":"<div class=\"wpb-content-wrapper\"><p>[vc_row full_width=&#8221;stretch_row_content&#8221;][vc_column offset=&#8221;vc_col-lg-offset-1 vc_col-lg-10&#8243;][vc_single_image image=&#8221;256370&#8243; img_size=&#8221;1600&#215;500&#8243; alignment=&#8221;center&#8221;][vc_empty_space height=&#8221;30px&#8221;][\/vc_column][\/vc_row][vc_row][vc_column][vc_column_text el_class=&#8221;lead&#8221;]Notre passion pour les voitures ne s\u2019arr\u00eate pas \u00e0 la vente.<br \/>\nNous offrons une gamme compl\u00e8te de services d\u2019assistance afin de garantir l\u2019\u00e9tat optimal de votre voiture au cours des ann\u00e9es.<br \/>\n[\/vc_column_text][vc_column_text]Des r\u00e9visions p\u00e9riodiques, jusqu\u2019aux r\u00e9parations sp\u00e9cialis\u00e9es en passant par l\u2019entretien et la restauration, notre \u00e9quipe d\u2019experts prendra soin de votre voiture avec une attention maximale et au plus haut niveau de comp\u00e9tence.<\/p>\n<p>S\u2019occuper de toutes les marques principales automobiles est un privil\u00e8ge qui nous permet de vous offrir une assistance compl\u00e8te et de haute qualit\u00e9 pour votre voiture, qu\u2019elle soit moderne ou d\u2019\u00e9poque. <strong>Notre \u00e9troite collaboration avec les constructeurs nous permet de disposer d\u2019un acc\u00e8s direct \u00e0 toutes les pi\u00e8ces de rechange et aux accessoires d\u2019origine, ce qui vous garantit une r\u00e9paration et un entretien impeccable<\/strong>.<\/p>\n<p>En effet, quand il s\u2019agit de prendre soin de votre voiture, la qualit\u00e9 des pi\u00e8ces de rechange et des accessoires est d\u2019une importance fondamentale. Gr\u00e2ce \u00e0 notre relation privil\u00e9gi\u00e9e avec les constructeurs, nous sommes en mesure de vous fournir les composants originaux, cr\u00e9\u00e9s sp\u00e9cifiquement pour votre voiture. Cela signifie que chaque op\u00e9ration de r\u00e9parations, d\u2019entretien ou d\u2019am\u00e9lioration sera effectu\u00e9e avec des pi\u00e8ces de tr\u00e8s haute qualit\u00e9 et fiabilit\u00e9 qui pr\u00e9serveront l\u2019authenticit\u00e9 et les performances de votre voiture.[\/vc_column_text][vc_empty_space height=&#8221;30px&#8221;][\/vc_column][\/vc_row][vc_row full_width=&#8221;stretch_row&#8221; el_class=&#8221;bg-grey&#8221;][vc_column][vc_empty_space height=&#8221;50px&#8221;][vc_column_text]Mais notre domaine de comp\u00e9tence s\u2019\u00e9tend au-del\u00e0 des pi\u00e8ces de rechange ; notre \u00e9quipe d\u2019experts se tient constamment inform\u00e9e des derni\u00e8res innovations et des am\u00e9liorations des marques automobiles, de mani\u00e8re \u00e0 pouvoir vous offrir des conseils professionnels et des suggestions pour apporter d\u2019\u00e9ventuelles am\u00e9liorations \u00e0 votre voiture. Nous sommes \u00e0 votre disposition pour vous aider \u00e0 personnaliser et optimiser votre voiture, en la rendant encore plus unique et performante.<\/p>\n<p><strong>En effet, nous souhaitons vous offrir un service d\u2019assistance \u00e0 la hauteur de vos exigences avec passion, professionnalisme et d\u00e9vouement.<\/strong>[\/vc_column_text][vc_empty_space height=&#8221;30px&#8221;][\/vc_column][\/vc_row][vc_row full_width=&#8221;stretch_row_content&#8221;][vc_column offset=&#8221;vc_col-lg-offset-2 vc_col-lg-8 vc_col-md-offset-1 vc_col-md-10&#8243;][vc_empty_space height=&#8221;50px&#8221;][vc_custom_heading text=&#8221;Made in Silvauto&#8221; font_container=&#8221;tag:h2|text_align:center&#8221; use_theme_fonts=&#8221;yes&#8221;][vc_empty_space height=&#8221;30px&#8221;][vc_row_inner equal_height=&#8221;yes&#8221;][vc_column_inner width=&#8221;1\/2&#8243; offset=&#8221;vc_col-lg-6&#8243;][vc_icon icon_fontawesome=&#8221;stm-icon-light-circle-check&#8221; color=&#8221;custom&#8221; align=&#8221;center&#8221; custom_color=&#8221;#555555&#8243; css=&#8221;.vc_custom_1687184901865{margin-bottom: 10px !important;}&#8221;][vc_custom_heading text=&#8221;ACC\u00c8S PRIVIL\u00c9GI\u00c9 AUX PI\u00c8CES DE RECHANGE&#8221; font_container=&#8221;tag:h3|text_align:center&#8221; use_theme_fonts=&#8221;yes&#8221;][vc_column_text el_class=&#8221;text-center&#8221;]ainsi qu\u2019aux accessoires d\u2019origine des principales marques automobiles[\/vc_column_text][vc_empty_space height=&#8221;30px&#8221;][\/vc_column_inner][vc_column_inner width=&#8221;1\/2&#8243; offset=&#8221;vc_col-lg-6&#8243;][vc_icon icon_fontawesome=&#8221;stm-icon-light-circle-check&#8221; color=&#8221;custom&#8221; align=&#8221;center&#8221; custom_color=&#8221;#555555&#8243; css=&#8221;.vc_custom_1687184901865{margin-bottom: 10px !important;}&#8221;][vc_custom_heading text=&#8221;COMPOSANTS DE TR\u00c8S HAUTE QUALIT\u00c9&#8221; font_container=&#8221;tag:h3|text_align:center&#8221; use_theme_fonts=&#8221;yes&#8221;][vc_column_text el_class=&#8221;text-center&#8221;]pour garantir une r\u00e9paration et un entretien impeccables[\/vc_column_text][vc_empty_space height=&#8221;30px&#8221;][\/vc_column_inner][vc_column_inner width=&#8221;1\/2&#8243;][vc_icon icon_fontawesome=&#8221;stm-icon-light-circle-check&#8221; color=&#8221;custom&#8221; align=&#8221;center&#8221; custom_color=&#8221;#555555&#8243; css=&#8221;.vc_custom_1687184901865{margin-bottom: 10px !important;}&#8221;][vc_custom_heading text=&#8221;CONSEILS ET SUGGESTIONS&#8221; font_container=&#8221;tag:h3|text_align:center&#8221; use_theme_fonts=&#8221;yes&#8221;][vc_column_text el_class=&#8221;text-center&#8221;]afin d\u2019apporter des am\u00e9liorations et des touches personnelles \u00e0 votre voiture[\/vc_column_text][vc_empty_space height=&#8221;30px&#8221;][\/vc_column_inner][vc_column_inner width=&#8221;1\/2&#8243;][vc_icon icon_fontawesome=&#8221;stm-icon-light-circle-check&#8221; color=&#8221;custom&#8221; align=&#8221;center&#8221; custom_color=&#8221;#555555&#8243; css=&#8221;.vc_custom_1687184901865{margin-bottom: 10px !important;}&#8221;][vc_custom_heading text=&#8221;\u00c9QUIPE D\u2019EXPERTS QUI SE TIENT CONSTAMMENT INFORM\u00c9E&#8221; font_container=&#8221;tag:h3|text_align:center&#8221; use_theme_fonts=&#8221;yes&#8221;][vc_column_text el_class=&#8221;text-center&#8221;]des derni\u00e8res innovations des constructeurs[\/vc_column_text][vc_empty_space height=&#8221;30px&#8221;][\/vc_column_inner][\/vc_row_inner][\/vc_column][\/vc_row][vc_row full_width=&#8221;stretch_row_content&#8221; disable_element=&#8221;yes&#8221; el_class=&#8221;blocco-standard-no-padding-top bg-red btn-pre-footer&#8221;][vc_column][vc_btn title=&#8221;D\u00e9couvrez tous les services&#8221; style=&#8221;flat&#8221; shape=&#8221;square&#8221; color=&#8221;inverse&#8221; align=&#8221;center&#8221; i_align=&#8221;right&#8221; i_icon_fontawesome=&#8221;fas fa-long-arrow-alt-right&#8221; add_icon=&#8221;true&#8221; el_class=&#8221;text-uppercase&#8221; link=&#8221;url:http%3A%2F%2Fwww.silvauto.it%2Fservizi%2F|title:Tutti%20i%20servizi&#8221;][\/vc_column][\/vc_row][vc_row full_width=&#8221;stretch_row&#8221; el_class=&#8221;bg-grey&#8221; el_id=&#8221;contattaci&#8221;][vc_column offset=&#8221;vc_col-lg-offset-1 vc_col-lg-10 vc_col-md-offset-1 vc_col-md-10&#8243;][vc_empty_space height=&#8221;50px&#8221;][vc_custom_heading text=&#8221;CONTACTEZ-NOUS POUR DE PLUS AMPLES INFORMATIONS&#8221; font_container=&#8221;tag:p|text_align:center&#8221; use_theme_fonts=&#8221;yes&#8221; el_class=&#8221;h2&#8243;][vc_empty_space height=&#8221;20px&#8221;]\n<div class=\"wpcf7 no-js\" id=\"wpcf7-f255770-o1\" lang=\"fr-FR\" dir=\"ltr\" data-wpcf7-id=\"255770\">\n<div class=\"screen-reader-response\"><p role=\"status\" aria-live=\"polite\" aria-atomic=\"true\"><\/p> <ul><\/ul><\/div>\n<form action=\"\/fr\/wp-json\/wp\/v2\/pages\/256165#wpcf7-f255770-o1\" method=\"post\" class=\"wpcf7-form init\" aria-label=\"Formulaire de contact\" novalidate=\"novalidate\" data-status=\"init\">\n<fieldset class=\"hidden-fields-container\"><input type=\"hidden\" name=\"_wpcf7\" value=\"255770\" \/><input type=\"hidden\" name=\"_wpcf7_version\" value=\"6.1.5\" \/><input type=\"hidden\" name=\"_wpcf7_locale\" value=\"fr_FR\" \/><input type=\"hidden\" name=\"_wpcf7_unit_tag\" value=\"wpcf7-f255770-o1\" \/><input type=\"hidden\" name=\"_wpcf7_container_post\" value=\"0\" \/><input type=\"hidden\" name=\"_wpcf7_posted_data_hash\" value=\"\" \/><input type=\"hidden\" name=\"_wpcf7cf_hidden_group_fields\" value=\"[]\" \/><input type=\"hidden\" name=\"_wpcf7cf_hidden_groups\" value=\"[]\" \/><input type=\"hidden\" name=\"_wpcf7cf_visible_groups\" value=\"[]\" \/><input type=\"hidden\" name=\"_wpcf7cf_repeaters\" value=\"[]\" \/><input type=\"hidden\" name=\"_wpcf7cf_steps\" value=\"{}\" \/><input type=\"hidden\" name=\"_wpcf7cf_options\" value=\"{&quot;form_id&quot;:255770,&quot;conditions&quot;:[],&quot;settings&quot;:{&quot;animation&quot;:&quot;yes&quot;,&quot;animation_intime&quot;:200,&quot;animation_outtime&quot;:200,&quot;conditions_ui&quot;:&quot;normal&quot;,&quot;notice_dismissed&quot;:false,&quot;notice_dismissed_rollback-cf7-5.9.8&quot;:true,&quot;notice_dismissed_rollback-cf7-6.0.1&quot;:true,&quot;notice_dismissed_rollback-cf7-6.1.1&quot;:true}}\" \/><input type=\"hidden\" name=\"_wpcf7dtx_version\" value=\"5.0.5\" \/><input type=\"hidden\" name=\"upload_dir\" value=\"cf7-multifile-upload\" \/><input type=\"hidden\" name=\"generate_name\" value=\"04-07-26-69d44700aba43\" \/><input type=\"hidden\" name=\"_wpcf7_recaptcha_response\" value=\"\" \/>\n<\/fieldset>\n<input class=\"wpcf7-form-control wpcf7-hidden\" value=\"\" type=\"hidden\" name=\"utm_campaign\" \/>\n<input class=\"wpcf7-form-control wpcf7-hidden\" value=\"\" type=\"hidden\" name=\"utm_source\" \/>\n<input class=\"wpcf7-form-control wpcf7-hidden\" value=\"\" type=\"hidden\" name=\"utm_medium\" \/>\n<input class=\"wpcf7-form-control wpcf7-hidden\" value=\"\" type=\"hidden\" name=\"utm_content\" \/>\n<input class=\"wpcf7-form-control wpcf7-hidden\" value=\"\" type=\"hidden\" name=\"url_lead\" \/>\n<input class=\"wpcf7-form-control wpcf7-hidden\" value=\"lead\" type=\"hidden\" name=\"lc_list_name\" \/>\n\n<div class=\"form-info\">\n<div class=\"form-info-sx\">\n<label><strong>Pr\u00e9nom *<\/strong>\n    <span class=\"wpcf7-form-control-wrap\" data-name=\"nome\"><input size=\"40\" maxlength=\"400\" class=\"wpcf7-form-control wpcf7-text wpcf7-validates-as-required\" aria-required=\"true\" aria-invalid=\"false\" value=\"\" type=\"text\" name=\"nome\" \/><\/span> <\/label>\n<\/div>\n<div class=\"form-info-dx\">\n<label><strong>Nom *<\/strong>\n    <span class=\"wpcf7-form-control-wrap\" data-name=\"cognome\"><input size=\"40\" maxlength=\"400\" class=\"wpcf7-form-control wpcf7-text wpcf7-validates-as-required\" aria-required=\"true\" aria-invalid=\"false\" value=\"\" type=\"text\" name=\"cognome\" \/><\/span> <\/label>\n<\/div>\n<div class=\"form-info-sx\">\n<label><strong>Email *<\/strong>\n    <span class=\"wpcf7-form-control-wrap\" data-name=\"your-email\"><input size=\"40\" maxlength=\"400\" class=\"wpcf7-form-control wpcf7-email wpcf7-validates-as-required wpcf7-text wpcf7-validates-as-email\" aria-required=\"true\" aria-invalid=\"false\" value=\"\" type=\"email\" name=\"your-email\" \/><\/span> <\/label>\n<\/div>\n<div class=\"form-info-dx\">\n<label><strong>T\u00e9l\u00e9phone *<\/strong>\n    <span class=\"wpcf7-form-control-wrap\" data-name=\"telefono\"><input size=\"40\" maxlength=\"400\" class=\"wpcf7-form-control wpcf7-tel wpcf7-validates-as-required wpcf7-text wpcf7-validates-as-tel\" aria-required=\"true\" aria-invalid=\"false\" value=\"\" type=\"tel\" name=\"telefono\" \/><\/span> <\/label>\n<\/div>\n<div class=\"form-info-100\">\n<label><strong>Motif du contact<\/strong><br>\n    <span class=\"wpcf7-form-control-wrap\" data-name=\"motivo-contatto\"><input size=\"40\" maxlength=\"400\" class=\"wpcf7-form-control wpcf7-text wpcf7-validates-as-required\" aria-required=\"true\" aria-invalid=\"false\" value=\"\" type=\"text\" name=\"motivo-contatto\" \/><\/span> <\/label>\n<\/div>\n<div class=\"form-info-100\">\n<label><strong>Souhaitez-vous ajouter des commentaires?<\/strong><br>\n    <span class=\"wpcf7-form-control-wrap\" data-name=\"your-message\"><textarea cols=\"40\" rows=\"10\" maxlength=\"2000\" class=\"wpcf7-form-control wpcf7-textarea\" aria-invalid=\"false\" placeholder=\"Saisir ici\" name=\"your-message\"><\/textarea><\/span> <\/label>\n<\/div>\n\n<div class=\"informativa\">\n<span class=\"wpcf7-form-control-wrap\" data-name=\"privacy\"><span class=\"wpcf7-form-control wpcf7-checkbox wpcf7-validates-as-required\"><span class=\"wpcf7-list-item first last\"><label><input type=\"checkbox\" name=\"privacy[]\" value=\"J\u2019autorise le traitement de mes donn\u00e9es personnelles, conform\u00e9ment aux normes en vigueur relatives au traitement des donn\u00e9es personnelles (R\u00e8glement Europ\u00e9en n\u00b0 679\/16), selon les objectifs et les modalit\u00e9s indiqu\u00e9es dans la charte de confidentialit\u00e9.\" \/><span class=\"wpcf7-list-item-label\">J\u2019autorise le traitement de mes donn\u00e9es personnelles, conform\u00e9ment aux normes en vigueur relatives au traitement des donn\u00e9es personnelles (R\u00e8glement Europ\u00e9en n\u00b0 679\/16), selon les objectifs et les modalit\u00e9s indiqu\u00e9es dans la charte de confidentialit\u00e9.<\/span><\/label><\/span><\/span><\/span>\n<a href=\"\/fr\/privacy-policy\/\" target=\"_blank\">Politique de protection des donn\u00e9es personnelles.<\/a>\n<\/div>\n\n<input class=\"wpcf7-form-control wpcf7-submit has-spinner\" type=\"submit\" value=\"DEMANDE D\u2019INFORMATION\" \/>\n\n<\/div><input type='hidden' class='wpcf7-pum' value='{\"closepopup\":false,\"closedelay\":0,\"openpopup\":false,\"openpopup_id\":0}' \/><div class=\"wpcf7-response-output\" aria-hidden=\"true\"><\/div>\n<\/form>\n<\/div>\n[vc_empty_space height=&#8221;30px&#8221;][\/vc_column][\/vc_row]<\/p>\n<\/div>","protected":false},"excerpt":{"rendered":"<p>[vc_row full_width=&#8221;stretch_row_content&#8221;][vc_column offset=&#8221;vc_col-lg-offset-1 vc_col-lg-10&#8243;][vc_single_image image=&#8221;256370&#8243; img_size=&#8221;1600&#215;500&#8243; alignment=&#8221;center&#8221;][vc_empty_space height=&#8221;30px&#8221;][\/vc_column][\/vc_row][vc_row][vc_column][vc_column_text el_class=&#8221;lead&#8221;]Notre passion pour les voitures ne s\u2019arr\u00eate pas \u00e0 la vente. Nous offrons une gamme compl\u00e8te de services d\u2019assistance afin de garantir l\u2019\u00e9tat optimal de votre voiture au cours des ann\u00e9es. [\/vc_column_text][vc_column_text]Des r\u00e9visions p\u00e9riodiques, jusqu\u2019aux r\u00e9parations sp\u00e9cialis\u00e9es en passant par l\u2019entretien et la restauration, notre \u00e9quipe d\u2019experts&#8230;<\/p>\n","protected":false},"author":1,"featured_media":379227,"parent":256194,"menu_order":0,"comment_status":"closed","ping_status":"closed","template":"","meta":{"footnotes":""},"class_list":["post-256165","page","type-page","status-publish","has-post-thumbnail","hentry"],"yoast_head":"<!-- This site is optimized with the Yoast SEO plugin v27.3 - https:\/\/yoast.com\/product\/yoast-seo-wordpress\/ -->\n<title>Assistance et Pi\u00e8ces de Rechange auto - Silvauto<\/title>\n<meta name=\"description\" content=\"Nous proposons une gamme compl\u00e8te de services d&#039;assistance et de pi\u00e8ces de rechange auto pour garantir que votre voiture reste en excellent \u00e9tat au fil des ans...\" \/>\n<meta name=\"robots\" content=\"index, follow, max-snippet:-1, max-image-preview:large, max-video-preview:-1\" \/>\n<link rel=\"canonical\" href=\"https:\/\/www.silvauto.it\/fr\/tous-les-services\/assistance-et-pieces-de-rechange\/\" \/>\n<meta property=\"og:locale\" content=\"fr_FR\" \/>\n<meta property=\"og:type\" content=\"article\" \/>\n<meta property=\"og:title\" content=\"Assistance et Pi\u00e8ces de Rechange auto - Silvauto\" \/>\n<meta property=\"og:description\" content=\"Nous proposons une gamme compl\u00e8te de services d&#039;assistance et de pi\u00e8ces de rechange auto pour garantir que votre voiture reste en excellent \u00e9tat au fil des ans...\" \/>\n<meta property=\"og:url\" content=\"https:\/\/www.silvauto.it\/fr\/tous-les-services\/assistance-et-pieces-de-rechange\/\" \/>\n<meta property=\"og:site_name\" content=\"Silvauto\" \/>\n<meta property=\"article:publisher\" content=\"https:\/\/www.facebook.com\/p\/silvautospa-100069924480834\/\" \/>\n<meta property=\"article:modified_time\" content=\"2023-08-04T13:42:18+00:00\" \/>\n<meta property=\"og:image\" content=\"https:\/\/www.silvauto.it\/wp-content\/uploads\/2023\/06\/officina-silvauto.jpg\" \/>\n\t<meta property=\"og:image:width\" content=\"1600\" \/>\n\t<meta property=\"og:image:height\" content=\"900\" \/>\n\t<meta property=\"og:image:type\" content=\"image\/jpeg\" \/>\n<meta name=\"twitter:card\" content=\"summary_large_image\" \/>\n<meta name=\"twitter:label1\" content=\"Dur\u00e9e de lecture estim\u00e9e\" \/>\n\t<meta name=\"twitter:data1\" content=\"3 minutes\" \/>\n<script type=\"application\/ld+json\" class=\"yoast-schema-graph\">{\"@context\":\"https:\\\/\\\/schema.org\",\"@graph\":[{\"@type\":\"WebPage\",\"@id\":\"https:\\\/\\\/www.silvauto.it\\\/fr\\\/tous-les-services\\\/assistance-et-pieces-de-rechange\\\/\",\"url\":\"https:\\\/\\\/www.silvauto.it\\\/fr\\\/tous-les-services\\\/assistance-et-pieces-de-rechange\\\/\",\"name\":\"Assistance et Pi\u00e8ces de Rechange auto - Silvauto\",\"isPartOf\":{\"@id\":\"https:\\\/\\\/www.silvauto.it\\\/fr\\\/#website\"},\"primaryImageOfPage\":{\"@id\":\"https:\\\/\\\/www.silvauto.it\\\/fr\\\/tous-les-services\\\/assistance-et-pieces-de-rechange\\\/#primaryimage\"},\"image\":{\"@id\":\"https:\\\/\\\/www.silvauto.it\\\/fr\\\/tous-les-services\\\/assistance-et-pieces-de-rechange\\\/#primaryimage\"},\"thumbnailUrl\":\"https:\\\/\\\/www.silvauto.it\\\/wp-content\\\/uploads\\\/2024\\\/05\\\/Assistenza-e-ricambi-SOST-TERZA-OPZIONE-scaled.jpg\",\"datePublished\":\"2023-06-19T15:44:49+00:00\",\"dateModified\":\"2023-08-04T13:42:18+00:00\",\"description\":\"Nous proposons une gamme compl\u00e8te de services d'assistance et de pi\u00e8ces de rechange auto pour garantir que votre voiture reste en excellent \u00e9tat au fil des ans...\",\"breadcrumb\":{\"@id\":\"https:\\\/\\\/www.silvauto.it\\\/fr\\\/tous-les-services\\\/assistance-et-pieces-de-rechange\\\/#breadcrumb\"},\"inLanguage\":\"fr-FR\",\"potentialAction\":[{\"@type\":\"ReadAction\",\"target\":[\"https:\\\/\\\/www.silvauto.it\\\/fr\\\/tous-les-services\\\/assistance-et-pieces-de-rechange\\\/\"]}]},{\"@type\":\"ImageObject\",\"inLanguage\":\"fr-FR\",\"@id\":\"https:\\\/\\\/www.silvauto.it\\\/fr\\\/tous-les-services\\\/assistance-et-pieces-de-rechange\\\/#primaryimage\",\"url\":\"https:\\\/\\\/www.silvauto.it\\\/wp-content\\\/uploads\\\/2024\\\/05\\\/Assistenza-e-ricambi-SOST-TERZA-OPZIONE-scaled.jpg\",\"contentUrl\":\"https:\\\/\\\/www.silvauto.it\\\/wp-content\\\/uploads\\\/2024\\\/05\\\/Assistenza-e-ricambi-SOST-TERZA-OPZIONE-scaled.jpg\",\"width\":2560,\"height\":1707},{\"@type\":\"BreadcrumbList\",\"@id\":\"https:\\\/\\\/www.silvauto.it\\\/fr\\\/tous-les-services\\\/assistance-et-pieces-de-rechange\\\/#breadcrumb\",\"itemListElement\":[{\"@type\":\"ListItem\",\"position\":1,\"name\":\"Home\",\"item\":\"https:\\\/\\\/www.silvauto.it\\\/fr\\\/\"},{\"@type\":\"ListItem\",\"position\":2,\"name\":\"Tous les services\",\"item\":\"https:\\\/\\\/www.silvauto.it\\\/fr\\\/tous-les-services\\\/\"},{\"@type\":\"ListItem\",\"position\":3,\"name\":\"Assistance et Pi\u00e8ces de rechange\"}]},{\"@type\":\"WebSite\",\"@id\":\"https:\\\/\\\/www.silvauto.it\\\/fr\\\/#website\",\"url\":\"https:\\\/\\\/www.silvauto.it\\\/fr\\\/\",\"name\":\"Silvauto\",\"description\":\"Trova la tua prossima auto\",\"publisher\":{\"@id\":\"https:\\\/\\\/www.silvauto.it\\\/fr\\\/#organization\"},\"potentialAction\":[{\"@type\":\"SearchAction\",\"target\":{\"@type\":\"EntryPoint\",\"urlTemplate\":\"https:\\\/\\\/www.silvauto.it\\\/fr\\\/?s={search_term_string}\"},\"query-input\":{\"@type\":\"PropertyValueSpecification\",\"valueRequired\":true,\"valueName\":\"search_term_string\"}}],\"inLanguage\":\"fr-FR\"},{\"@type\":\"Organization\",\"@id\":\"https:\\\/\\\/www.silvauto.it\\\/fr\\\/#organization\",\"name\":\"Silvauto S.p.A.\",\"url\":\"https:\\\/\\\/www.silvauto.it\\\/fr\\\/\",\"logo\":{\"@type\":\"ImageObject\",\"inLanguage\":\"fr-FR\",\"@id\":\"https:\\\/\\\/www.silvauto.it\\\/fr\\\/#\\\/schema\\\/logo\\\/image\\\/\",\"url\":\"https:\\\/\\\/www.silvauto.it\\\/wp-content\\\/uploads\\\/2023\\\/06\\\/Silvauto-1.png\",\"contentUrl\":\"https:\\\/\\\/www.silvauto.it\\\/wp-content\\\/uploads\\\/2023\\\/06\\\/Silvauto-1.png\",\"width\":350,\"height\":104,\"caption\":\"Silvauto S.p.A.\"},\"image\":{\"@id\":\"https:\\\/\\\/www.silvauto.it\\\/fr\\\/#\\\/schema\\\/logo\\\/image\\\/\"},\"sameAs\":[\"https:\\\/\\\/www.facebook.com\\\/p\\\/silvautospa-100069924480834\\\/\",\"https:\\\/\\\/www.instagram.com\\\/silvauto_spa\",\"https:\\\/\\\/www.linkedin.com\\\/company\\\/silvauto-spa\\\/\"]}]}<\/script>\n<!-- \/ Yoast SEO plugin. -->","yoast_head_json":{"title":"Assistance et Pi\u00e8ces de Rechange auto - Silvauto","description":"Nous proposons une gamme compl\u00e8te de services d'assistance et de pi\u00e8ces de rechange auto pour garantir que votre voiture reste en excellent \u00e9tat au fil des ans...","robots":{"index":"index","follow":"follow","max-snippet":"max-snippet:-1","max-image-preview":"max-image-preview:large","max-video-preview":"max-video-preview:-1"},"canonical":"https:\/\/www.silvauto.it\/fr\/tous-les-services\/assistance-et-pieces-de-rechange\/","og_locale":"fr_FR","og_type":"article","og_title":"Assistance et Pi\u00e8ces de Rechange auto - Silvauto","og_description":"Nous proposons une gamme compl\u00e8te de services d'assistance et de pi\u00e8ces de rechange auto pour garantir que votre voiture reste en excellent \u00e9tat au fil des ans...","og_url":"https:\/\/www.silvauto.it\/fr\/tous-les-services\/assistance-et-pieces-de-rechange\/","og_site_name":"Silvauto","article_publisher":"https:\/\/www.facebook.com\/p\/silvautospa-100069924480834\/","article_modified_time":"2023-08-04T13:42:18+00:00","og_image":[{"width":1600,"height":900,"url":"https:\/\/www.silvauto.it\/wp-content\/uploads\/2023\/06\/officina-silvauto.jpg","type":"image\/jpeg"}],"twitter_card":"summary_large_image","twitter_misc":{"Dur\u00e9e de lecture estim\u00e9e":"3 minutes"},"schema":{"@context":"https:\/\/schema.org","@graph":[{"@type":"WebPage","@id":"https:\/\/www.silvauto.it\/fr\/tous-les-services\/assistance-et-pieces-de-rechange\/","url":"https:\/\/www.silvauto.it\/fr\/tous-les-services\/assistance-et-pieces-de-rechange\/","name":"Assistance et Pi\u00e8ces de Rechange auto - Silvauto","isPartOf":{"@id":"https:\/\/www.silvauto.it\/fr\/#website"},"primaryImageOfPage":{"@id":"https:\/\/www.silvauto.it\/fr\/tous-les-services\/assistance-et-pieces-de-rechange\/#primaryimage"},"image":{"@id":"https:\/\/www.silvauto.it\/fr\/tous-les-services\/assistance-et-pieces-de-rechange\/#primaryimage"},"thumbnailUrl":"https:\/\/www.silvauto.it\/wp-content\/uploads\/2024\/05\/Assistenza-e-ricambi-SOST-TERZA-OPZIONE-scaled.jpg","datePublished":"2023-06-19T15:44:49+00:00","dateModified":"2023-08-04T13:42:18+00:00","description":"Nous proposons une gamme compl\u00e8te de services d'assistance et de pi\u00e8ces de rechange auto pour garantir que votre voiture reste en excellent \u00e9tat au fil des ans...","breadcrumb":{"@id":"https:\/\/www.silvauto.it\/fr\/tous-les-services\/assistance-et-pieces-de-rechange\/#breadcrumb"},"inLanguage":"fr-FR","potentialAction":[{"@type":"ReadAction","target":["https:\/\/www.silvauto.it\/fr\/tous-les-services\/assistance-et-pieces-de-rechange\/"]}]},{"@type":"ImageObject","inLanguage":"fr-FR","@id":"https:\/\/www.silvauto.it\/fr\/tous-les-services\/assistance-et-pieces-de-rechange\/#primaryimage","url":"https:\/\/www.silvauto.it\/wp-content\/uploads\/2024\/05\/Assistenza-e-ricambi-SOST-TERZA-OPZIONE-scaled.jpg","contentUrl":"https:\/\/www.silvauto.it\/wp-content\/uploads\/2024\/05\/Assistenza-e-ricambi-SOST-TERZA-OPZIONE-scaled.jpg","width":2560,"height":1707},{"@type":"BreadcrumbList","@id":"https:\/\/www.silvauto.it\/fr\/tous-les-services\/assistance-et-pieces-de-rechange\/#breadcrumb","itemListElement":[{"@type":"ListItem","position":1,"name":"Home","item":"https:\/\/www.silvauto.it\/fr\/"},{"@type":"ListItem","position":2,"name":"Tous les services","item":"https:\/\/www.silvauto.it\/fr\/tous-les-services\/"},{"@type":"ListItem","position":3,"name":"Assistance et Pi\u00e8ces de rechange"}]},{"@type":"WebSite","@id":"https:\/\/www.silvauto.it\/fr\/#website","url":"https:\/\/www.silvauto.it\/fr\/","name":"Silvauto","description":"Trova la tua prossima auto","publisher":{"@id":"https:\/\/www.silvauto.it\/fr\/#organization"},"potentialAction":[{"@type":"SearchAction","target":{"@type":"EntryPoint","urlTemplate":"https:\/\/www.silvauto.it\/fr\/?s={search_term_string}"},"query-input":{"@type":"PropertyValueSpecification","valueRequired":true,"valueName":"search_term_string"}}],"inLanguage":"fr-FR"},{"@type":"Organization","@id":"https:\/\/www.silvauto.it\/fr\/#organization","name":"Silvauto S.p.A.","url":"https:\/\/www.silvauto.it\/fr\/","logo":{"@type":"ImageObject","inLanguage":"fr-FR","@id":"https:\/\/www.silvauto.it\/fr\/#\/schema\/logo\/image\/","url":"https:\/\/www.silvauto.it\/wp-content\/uploads\/2023\/06\/Silvauto-1.png","contentUrl":"https:\/\/www.silvauto.it\/wp-content\/uploads\/2023\/06\/Silvauto-1.png","width":350,"height":104,"caption":"Silvauto S.p.A."},"image":{"@id":"https:\/\/www.silvauto.it\/fr\/#\/schema\/logo\/image\/"},"sameAs":["https:\/\/www.facebook.com\/p\/silvautospa-100069924480834\/","https:\/\/www.instagram.com\/silvauto_spa","https:\/\/www.linkedin.com\/company\/silvauto-spa\/"]}]}},"_links":{"self":[{"href":"https:\/\/www.silvauto.it\/fr\/wp-json\/wp\/v2\/pages\/256165","targetHints":{"allow":["GET"]}}],"collection":[{"href":"https:\/\/www.silvauto.it\/fr\/wp-json\/wp\/v2\/pages"}],"about":[{"href":"https:\/\/www.silvauto.it\/fr\/wp-json\/wp\/v2\/types\/page"}],"author":[{"embeddable":true,"href":"https:\/\/www.silvauto.it\/fr\/wp-json\/wp\/v2\/users\/1"}],"replies":[{"embeddable":true,"href":"https:\/\/www.silvauto.it\/fr\/wp-json\/wp\/v2\/comments?post=256165"}],"version-history":[{"count":0,"href":"https:\/\/www.silvauto.it\/fr\/wp-json\/wp\/v2\/pages\/256165\/revisions"}],"up":[{"embeddable":true,"href":"https:\/\/www.silvauto.it\/fr\/wp-json\/wp\/v2\/pages\/256194"}],"wp:featuredmedia":[{"embeddable":true,"href":"https:\/\/www.silvauto.it\/fr\/wp-json\/wp\/v2\/media\/379227"}],"wp:attachment":[{"href":"https:\/\/www.silvauto.it\/fr\/wp-json\/wp\/v2\/media?parent=256165"}],"curies":[{"name":"wp","href":"https:\/\/api.w.org\/{rel}","templated":true}]}}