{"id":255984,"date":"2023-06-19T11:49:58","date_gmt":"2023-06-19T09:49:58","guid":{"rendered":"https:\/\/www.silvauto.it\/?page_id=255984"},"modified":"2023-08-04T15:30:45","modified_gmt":"2023-08-04T13:30:45","slug":"recueil-darticles-de-presse","status":"publish","type":"page","link":"https:\/\/www.silvauto.it\/fr\/recueil-darticles-de-presse\/","title":{"rendered":"Recueil d\u2019articles de presse"},"content":{"rendered":"<div class=\"wpb-content-wrapper\"><p>[vc_row full_width=&#8221;stretch_row_content&#8221;][vc_column offset=&#8221;vc_col-lg-offset-1 vc_col-lg-10&#8243;][vc_single_image source=&#8221;featured_image&#8221; img_size=&#8221;1600&#215;500&#8243; alignment=&#8221;center&#8221;][vc_empty_space height=&#8221;30px&#8221;][\/vc_column][\/vc_row][vc_row][vc_column][vc_column_text el_class=&#8221;text-center&#8221;]<strong>Notre recueil d\u2019articles de presse est un voyage \u00e0 travers le temps, entre le pass\u00e9 et le futur du monde automobile.<\/strong><br \/>\nJetez un \u0153il \u00e0 ces articles qui explorent la beaut\u00e9 intemporelle des voitures anciennes et suivez la croissance de notre entreprise dans le secteur de l\u2019automobile. Feuilletez les pages et laissez vous entra\u00eener par la passion et l\u2019\u00e9motion d\u2019un monde qui ne cesse de nous \u00e9merveiller.[\/vc_column_text][vc_empty_space height=&#8221;50px&#8221;][\/vc_column][\/vc_row][vc_row full_width=&#8221;stretch_row&#8221; disable_element=&#8221;yes&#8221; el_class=&#8221;blocco-standard-no-padding-top rassegna-stampa&#8221;][vc_column][vc_basic_grid post_type=&#8221;dlm_download&#8221; max_items=&#8221;-1&#8243; style=&#8221;pagination&#8221; items_per_page=&#8221;9&#8243; show_filter=&#8221;yes&#8221; filter_style=&#8221;bordered&#8221; paging_design=&#8221;pagination_default_dark&#8221; item=&#8221;188608&#8243; grid_id=&#8221;vc_gid:1690294366106-ae027cc4-90ee-10&#8243; filter_source=&#8221;dlm_download_category&#8221; el_class=&#8221;rassegna-stampa&#8221;][\/vc_column][\/vc_row][vc_section][vc_row stm_fullwidth=&#8221;yes&#8221; el_class=&#8221;rassegna-stampa&#8221;][vc_column][vc_separator align=&#8221;align_left&#8221;][vc_custom_heading text=&#8221;2023&#8243; font_container=&#8221;tag:p|text_align:left&#8221; use_theme_fonts=&#8221;yes&#8221; el_class=&#8221;h2&#8243;][vc_basic_grid post_type=&#8221;dlm_download&#8221; max_items=&#8221;-1&#8243; show_filter=&#8221;yes&#8221; filter_style=&#8221;bordered&#8221; filter_default_title=&#8221;Vedi tutti&#8221; filter_size=&#8221;xs&#8221; item=&#8221;256210&#8243; initial_loading_animation=&#8221;none&#8221; grid_id=&#8221;vc_gid:1690294366107-f4792c21-9f0f-5&#8243; filter_source=&#8221;category&#8221; taxonomies=&#8221;530&#8243;][\/vc_column][\/vc_row][vc_row stm_fullwidth=&#8221;yes&#8221; el_class=&#8221;rassegna-stampa&#8221;][vc_column][vc_separator align=&#8221;align_left&#8221;][vc_custom_heading text=&#8221;2022&#8243; font_container=&#8221;tag:p|text_align:left&#8221; use_theme_fonts=&#8221;yes&#8221; el_class=&#8221;h2&#8243;][vc_basic_grid post_type=&#8221;dlm_download&#8221; max_items=&#8221;-1&#8243; show_filter=&#8221;yes&#8221; filter_style=&#8221;bordered&#8221; filter_default_title=&#8221;Vedi tutti&#8221; filter_size=&#8221;xs&#8221; item=&#8221;188608&#8243; initial_loading_animation=&#8221;none&#8221; grid_id=&#8221;vc_gid:1690294366108-760c335f-5b52-7&#8243; filter_source=&#8221;category&#8221; taxonomies=&#8221;531&#8243;][\/vc_column][\/vc_row][vc_row stm_fullwidth=&#8221;yes&#8221; el_class=&#8221;rassegna-stampa&#8221;][vc_column][vc_separator align=&#8221;align_left&#8221;][vc_custom_heading text=&#8221;2021&#8243; font_container=&#8221;tag:p|text_align:left&#8221; use_theme_fonts=&#8221;yes&#8221; el_class=&#8221;h2&#8243;][vc_basic_grid post_type=&#8221;dlm_download&#8221; max_items=&#8221;-1&#8243; show_filter=&#8221;yes&#8221; filter_style=&#8221;bordered&#8221; filter_default_title=&#8221;Vedi tutti&#8221; filter_size=&#8221;xs&#8221; item=&#8221;188608&#8243; initial_loading_animation=&#8221;none&#8221; grid_id=&#8221;vc_gid:1690294366108-346016e8-43e4-4&#8243; filter_source=&#8221;category&#8221; taxonomies=&#8221;532&#8243;][\/vc_column][\/vc_row][vc_row stm_fullwidth=&#8221;yes&#8221; el_class=&#8221;rassegna-stampa&#8221;][vc_column][vc_separator align=&#8221;align_left&#8221;][vc_custom_heading text=&#8221;2020&#8243; font_container=&#8221;tag:p|text_align:left&#8221; use_theme_fonts=&#8221;yes&#8221; el_class=&#8221;h2&#8243;][vc_basic_grid post_type=&#8221;dlm_download&#8221; max_items=&#8221;-1&#8243; show_filter=&#8221;yes&#8221; filter_style=&#8221;bordered&#8221; filter_default_title=&#8221;Vedi tutti&#8221; filter_size=&#8221;xs&#8221; item=&#8221;188608&#8243; initial_loading_animation=&#8221;none&#8221; grid_id=&#8221;vc_gid:1690294366109-1207d96e-768c-2&#8243; filter_source=&#8221;category&#8221; taxonomies=&#8221;533&#8243;][\/vc_column][\/vc_row][vc_row stm_fullwidth=&#8221;yes&#8221; el_class=&#8221;rassegna-stampa&#8221;][vc_column][vc_separator align=&#8221;align_left&#8221;][vc_custom_heading text=&#8221;2019&#8243; font_container=&#8221;tag:p|text_align:left&#8221; use_theme_fonts=&#8221;yes&#8221; el_class=&#8221;h2&#8243;][vc_basic_grid post_type=&#8221;dlm_download&#8221; max_items=&#8221;-1&#8243; show_filter=&#8221;yes&#8221; filter_style=&#8221;bordered&#8221; filter_default_title=&#8221;Vedi tutti&#8221; filter_size=&#8221;xs&#8221; item=&#8221;188608&#8243; initial_loading_animation=&#8221;none&#8221; grid_id=&#8221;vc_gid:1690294366109-d9a80ce4-2864-3&#8243; filter_source=&#8221;category&#8221; taxonomies=&#8221;534&#8243;][\/vc_column][\/vc_row][vc_row stm_fullwidth=&#8221;yes&#8221; el_class=&#8221;rassegna-stampa&#8221;][vc_column][vc_separator align=&#8221;align_left&#8221;][vc_custom_heading text=&#8221;2018&#8243; font_container=&#8221;tag:p|text_align:left&#8221; use_theme_fonts=&#8221;yes&#8221; el_class=&#8221;h2&#8243;][vc_basic_grid post_type=&#8221;dlm_download&#8221; max_items=&#8221;-1&#8243; show_filter=&#8221;yes&#8221; filter_style=&#8221;bordered&#8221; filter_default_title=&#8221;Vedi tutti&#8221; filter_size=&#8221;xs&#8221; item=&#8221;188608&#8243; initial_loading_animation=&#8221;none&#8221; grid_id=&#8221;vc_gid:1690294366109-13d47bac-4fd4-6&#8243; filter_source=&#8221;category&#8221; taxonomies=&#8221;535&#8243;][\/vc_column][\/vc_row][vc_row stm_fullwidth=&#8221;yes&#8221; el_class=&#8221;rassegna-stampa&#8221;][vc_column][vc_separator align=&#8221;align_left&#8221;][vc_custom_heading text=&#8221;2017&#8243; font_container=&#8221;tag:p|text_align:left&#8221; use_theme_fonts=&#8221;yes&#8221; el_class=&#8221;h2&#8243;][vc_basic_grid post_type=&#8221;dlm_download&#8221; max_items=&#8221;-1&#8243; show_filter=&#8221;yes&#8221; filter_style=&#8221;bordered&#8221; filter_default_title=&#8221;Vedi tutti&#8221; filter_size=&#8221;xs&#8221; item=&#8221;188608&#8243; initial_loading_animation=&#8221;none&#8221; grid_id=&#8221;vc_gid:1690294366110-591c8953-c9bc-7&#8243; filter_source=&#8221;category&#8221; taxonomies=&#8221;536&#8243;][\/vc_column][\/vc_row][vc_row stm_fullwidth=&#8221;yes&#8221; el_class=&#8221;rassegna-stampa&#8221;][vc_column][vc_separator align=&#8221;align_left&#8221;][vc_custom_heading text=&#8221;2016&#8243; font_container=&#8221;tag:p|text_align:left&#8221; use_theme_fonts=&#8221;yes&#8221; el_class=&#8221;h2&#8243;][vc_basic_grid post_type=&#8221;dlm_download&#8221; max_items=&#8221;-1&#8243; show_filter=&#8221;yes&#8221; filter_style=&#8221;bordered&#8221; filter_default_title=&#8221;Vedi tutti&#8221; filter_size=&#8221;xs&#8221; item=&#8221;188608&#8243; initial_loading_animation=&#8221;none&#8221; grid_id=&#8221;vc_gid:1690294366110-ba836983-7efe-2&#8243; filter_source=&#8221;category&#8221; taxonomies=&#8221;537&#8243;][\/vc_column][\/vc_row][vc_row stm_fullwidth=&#8221;yes&#8221; el_class=&#8221;rassegna-stampa&#8221;][vc_column][vc_separator align=&#8221;align_left&#8221;][vc_custom_heading text=&#8221;2015&#8243; font_container=&#8221;tag:p|text_align:left&#8221; use_theme_fonts=&#8221;yes&#8221; el_class=&#8221;h2&#8243;][vc_basic_grid post_type=&#8221;dlm_download&#8221; max_items=&#8221;-1&#8243; show_filter=&#8221;yes&#8221; filter_style=&#8221;bordered&#8221; filter_default_title=&#8221;Vedi tutti&#8221; filter_size=&#8221;xs&#8221; item=&#8221;188608&#8243; initial_loading_animation=&#8221;none&#8221; grid_id=&#8221;vc_gid:1690294366111-5dcf02be-cb81-0&#8243; filter_source=&#8221;category&#8221; taxonomies=&#8221;538&#8243;][\/vc_column][\/vc_row][vc_row stm_fullwidth=&#8221;yes&#8221; el_class=&#8221;rassegna-stampa&#8221;][vc_column][vc_separator align=&#8221;align_left&#8221;][vc_custom_heading text=&#8221;2014&#8243; font_container=&#8221;tag:p|text_align:left&#8221; use_theme_fonts=&#8221;yes&#8221; el_class=&#8221;h2&#8243;][vc_basic_grid post_type=&#8221;dlm_download&#8221; max_items=&#8221;-1&#8243; show_filter=&#8221;yes&#8221; filter_style=&#8221;bordered&#8221; filter_default_title=&#8221;Vedi tutti&#8221; filter_size=&#8221;xs&#8221; item=&#8221;188608&#8243; initial_loading_animation=&#8221;none&#8221; grid_id=&#8221;vc_gid:1690294366111-6325da5e-b5fd-0&#8243; filter_source=&#8221;category&#8221; taxonomies=&#8221;539&#8243;][\/vc_column][\/vc_row][vc_row stm_fullwidth=&#8221;yes&#8221; el_class=&#8221;rassegna-stampa&#8221;][vc_column][vc_separator align=&#8221;align_left&#8221;][vc_custom_heading text=&#8221;2013&#8243; font_container=&#8221;tag:p|text_align:left&#8221; use_theme_fonts=&#8221;yes&#8221; el_class=&#8221;h2&#8243;][vc_basic_grid post_type=&#8221;dlm_download&#8221; max_items=&#8221;-1&#8243; show_filter=&#8221;yes&#8221; filter_style=&#8221;bordered&#8221; filter_default_title=&#8221;Vedi tutti&#8221; filter_size=&#8221;xs&#8221; item=&#8221;188608&#8243; initial_loading_animation=&#8221;none&#8221; grid_id=&#8221;vc_gid:1690294366111-194cbb42-e2aa-3&#8243; filter_source=&#8221;category&#8221; taxonomies=&#8221;540&#8243;][\/vc_column][\/vc_row][vc_row stm_fullwidth=&#8221;yes&#8221; el_class=&#8221;rassegna-stampa&#8221;][vc_column][vc_separator align=&#8221;align_left&#8221;][vc_custom_heading text=&#8221;2012&#8243; font_container=&#8221;tag:p|text_align:left&#8221; use_theme_fonts=&#8221;yes&#8221; el_class=&#8221;h2&#8243;][vc_basic_grid post_type=&#8221;dlm_download&#8221; max_items=&#8221;-1&#8243; show_filter=&#8221;yes&#8221; filter_style=&#8221;bordered&#8221; filter_default_title=&#8221;Vedi tutti&#8221; filter_size=&#8221;xs&#8221; item=&#8221;188608&#8243; initial_loading_animation=&#8221;none&#8221; grid_id=&#8221;vc_gid:1690294366112-2378f5b9-76f7-10&#8243; filter_source=&#8221;category&#8221; taxonomies=&#8221;541&#8243;][\/vc_column][\/vc_row][vc_row stm_fullwidth=&#8221;yes&#8221; el_class=&#8221;rassegna-stampa&#8221;][vc_column][vc_separator align=&#8221;align_left&#8221;][vc_custom_heading text=&#8221;2011&#8243; font_container=&#8221;tag:p|text_align:left&#8221; use_theme_fonts=&#8221;yes&#8221; el_class=&#8221;h2&#8243;][vc_basic_grid post_type=&#8221;dlm_download&#8221; max_items=&#8221;-1&#8243; show_filter=&#8221;yes&#8221; filter_style=&#8221;bordered&#8221; filter_default_title=&#8221;Vedi tutti&#8221; filter_size=&#8221;xs&#8221; item=&#8221;188608&#8243; initial_loading_animation=&#8221;none&#8221; grid_id=&#8221;vc_gid:1690294366112-c3eac697-2add-0&#8243; filter_source=&#8221;category&#8221; taxonomies=&#8221;542&#8243;][\/vc_column][\/vc_row][\/vc_section]<\/p>\n<\/div>","protected":false},"excerpt":{"rendered":"<p>[vc_row full_width=&#8221;stretch_row_content&#8221;][vc_column offset=&#8221;vc_col-lg-offset-1 vc_col-lg-10&#8243;][vc_single_image source=&#8221;featured_image&#8221; img_size=&#8221;1600&#215;500&#8243; alignment=&#8221;center&#8221;][vc_empty_space height=&#8221;30px&#8221;][\/vc_column][\/vc_row][vc_row][vc_column][vc_column_text el_class=&#8221;text-center&#8221;]Notre recueil d\u2019articles de presse est un voyage \u00e0 travers le temps, entre le pass\u00e9 et le futur du monde automobile. Jetez un \u0153il \u00e0 ces articles qui explorent la beaut\u00e9 intemporelle des voitures anciennes et suivez la croissance de notre entreprise dans le secteur de l\u2019automobile&#8230;.<\/p>\n","protected":false},"author":1,"featured_media":379205,"parent":0,"menu_order":0,"comment_status":"closed","ping_status":"closed","template":"","meta":{"footnotes":""},"class_list":["post-255984","page","type-page","status-publish","has-post-thumbnail","hentry"],"yoast_head":"<!-- This site is optimized with the Yoast SEO plugin v27.3 - https:\/\/yoast.com\/product\/yoast-seo-wordpress\/ -->\n<title>Revue de presse - Silvauto<\/title>\n<meta name=\"description\" content=\"Notre Revue de presse est un voyage \u00e0 travers le pass\u00e9 et l&#039;avenir de l&#039;automobile. Jetez un coup d&#039;\u0153il aux articles !\" \/>\n<meta name=\"robots\" content=\"index, follow, max-snippet:-1, max-image-preview:large, max-video-preview:-1\" \/>\n<link rel=\"canonical\" href=\"https:\/\/www.silvauto.it\/fr\/recueil-darticles-de-presse\/\" \/>\n<meta property=\"og:locale\" content=\"fr_FR\" \/>\n<meta property=\"og:type\" content=\"article\" \/>\n<meta property=\"og:title\" content=\"Revue de presse - Silvauto\" \/>\n<meta property=\"og:description\" content=\"Notre Revue de presse est un voyage \u00e0 travers le pass\u00e9 et l&#039;avenir de l&#039;automobile. Jetez un coup d&#039;\u0153il aux articles !\" \/>\n<meta property=\"og:url\" content=\"https:\/\/www.silvauto.it\/fr\/recueil-darticles-de-presse\/\" \/>\n<meta property=\"og:site_name\" content=\"Silvauto\" \/>\n<meta property=\"article:publisher\" content=\"https:\/\/www.facebook.com\/p\/silvautospa-100069924480834\/\" \/>\n<meta property=\"article:modified_time\" content=\"2023-08-04T13:30:45+00:00\" \/>\n<meta property=\"og:image\" content=\"https:\/\/www.silvauto.it\/wp-content\/uploads\/2023\/06\/rassegna-stampa.jpg\" \/>\n\t<meta property=\"og:image:width\" content=\"1600\" \/>\n\t<meta property=\"og:image:height\" content=\"900\" \/>\n\t<meta property=\"og:image:type\" content=\"image\/jpeg\" \/>\n<meta name=\"twitter:card\" content=\"summary_large_image\" \/>\n<meta name=\"twitter:label1\" content=\"Dur\u00e9e de lecture estim\u00e9e\" \/>\n\t<meta name=\"twitter:data1\" content=\"2 minutes\" \/>\n<script type=\"application\/ld+json\" class=\"yoast-schema-graph\">{\"@context\":\"https:\\\/\\\/schema.org\",\"@graph\":[{\"@type\":\"WebPage\",\"@id\":\"https:\\\/\\\/www.silvauto.it\\\/fr\\\/recueil-darticles-de-presse\\\/\",\"url\":\"https:\\\/\\\/www.silvauto.it\\\/fr\\\/recueil-darticles-de-presse\\\/\",\"name\":\"Revue de presse - Silvauto\",\"isPartOf\":{\"@id\":\"https:\\\/\\\/www.silvauto.it\\\/fr\\\/#website\"},\"primaryImageOfPage\":{\"@id\":\"https:\\\/\\\/www.silvauto.it\\\/fr\\\/recueil-darticles-de-presse\\\/#primaryimage\"},\"image\":{\"@id\":\"https:\\\/\\\/www.silvauto.it\\\/fr\\\/recueil-darticles-de-presse\\\/#primaryimage\"},\"thumbnailUrl\":\"https:\\\/\\\/www.silvauto.it\\\/wp-content\\\/uploads\\\/2024\\\/05\\\/Rassegna-stampa-SOST-SECONDA-OPZIONE-scaled.jpg\",\"datePublished\":\"2023-06-19T09:49:58+00:00\",\"dateModified\":\"2023-08-04T13:30:45+00:00\",\"description\":\"Notre Revue de presse est un voyage \u00e0 travers le pass\u00e9 et l'avenir de l'automobile. Jetez un coup d'\u0153il aux articles !\",\"breadcrumb\":{\"@id\":\"https:\\\/\\\/www.silvauto.it\\\/fr\\\/recueil-darticles-de-presse\\\/#breadcrumb\"},\"inLanguage\":\"fr-FR\",\"potentialAction\":[{\"@type\":\"ReadAction\",\"target\":[\"https:\\\/\\\/www.silvauto.it\\\/fr\\\/recueil-darticles-de-presse\\\/\"]}]},{\"@type\":\"ImageObject\",\"inLanguage\":\"fr-FR\",\"@id\":\"https:\\\/\\\/www.silvauto.it\\\/fr\\\/recueil-darticles-de-presse\\\/#primaryimage\",\"url\":\"https:\\\/\\\/www.silvauto.it\\\/wp-content\\\/uploads\\\/2024\\\/05\\\/Rassegna-stampa-SOST-SECONDA-OPZIONE-scaled.jpg\",\"contentUrl\":\"https:\\\/\\\/www.silvauto.it\\\/wp-content\\\/uploads\\\/2024\\\/05\\\/Rassegna-stampa-SOST-SECONDA-OPZIONE-scaled.jpg\",\"width\":2560,\"height\":1707},{\"@type\":\"BreadcrumbList\",\"@id\":\"https:\\\/\\\/www.silvauto.it\\\/fr\\\/recueil-darticles-de-presse\\\/#breadcrumb\",\"itemListElement\":[{\"@type\":\"ListItem\",\"position\":1,\"name\":\"Home\",\"item\":\"https:\\\/\\\/www.silvauto.it\\\/fr\\\/\"},{\"@type\":\"ListItem\",\"position\":2,\"name\":\"Recueil d\u2019articles de presse\"}]},{\"@type\":\"WebSite\",\"@id\":\"https:\\\/\\\/www.silvauto.it\\\/fr\\\/#website\",\"url\":\"https:\\\/\\\/www.silvauto.it\\\/fr\\\/\",\"name\":\"Silvauto\",\"description\":\"Trova la tua prossima auto\",\"publisher\":{\"@id\":\"https:\\\/\\\/www.silvauto.it\\\/fr\\\/#organization\"},\"potentialAction\":[{\"@type\":\"SearchAction\",\"target\":{\"@type\":\"EntryPoint\",\"urlTemplate\":\"https:\\\/\\\/www.silvauto.it\\\/fr\\\/?s={search_term_string}\"},\"query-input\":{\"@type\":\"PropertyValueSpecification\",\"valueRequired\":true,\"valueName\":\"search_term_string\"}}],\"inLanguage\":\"fr-FR\"},{\"@type\":\"Organization\",\"@id\":\"https:\\\/\\\/www.silvauto.it\\\/fr\\\/#organization\",\"name\":\"Silvauto S.p.A.\",\"url\":\"https:\\\/\\\/www.silvauto.it\\\/fr\\\/\",\"logo\":{\"@type\":\"ImageObject\",\"inLanguage\":\"fr-FR\",\"@id\":\"https:\\\/\\\/www.silvauto.it\\\/fr\\\/#\\\/schema\\\/logo\\\/image\\\/\",\"url\":\"https:\\\/\\\/www.silvauto.it\\\/wp-content\\\/uploads\\\/2023\\\/06\\\/Silvauto-1.png\",\"contentUrl\":\"https:\\\/\\\/www.silvauto.it\\\/wp-content\\\/uploads\\\/2023\\\/06\\\/Silvauto-1.png\",\"width\":350,\"height\":104,\"caption\":\"Silvauto S.p.A.\"},\"image\":{\"@id\":\"https:\\\/\\\/www.silvauto.it\\\/fr\\\/#\\\/schema\\\/logo\\\/image\\\/\"},\"sameAs\":[\"https:\\\/\\\/www.facebook.com\\\/p\\\/silvautospa-100069924480834\\\/\",\"https:\\\/\\\/www.instagram.com\\\/silvauto_spa\",\"https:\\\/\\\/www.linkedin.com\\\/company\\\/silvauto-spa\\\/\"]}]}<\/script>\n<!-- \/ Yoast SEO plugin. -->","yoast_head_json":{"title":"Revue de presse - Silvauto","description":"Notre Revue de presse est un voyage \u00e0 travers le pass\u00e9 et l'avenir de l'automobile. Jetez un coup d'\u0153il aux articles !","robots":{"index":"index","follow":"follow","max-snippet":"max-snippet:-1","max-image-preview":"max-image-preview:large","max-video-preview":"max-video-preview:-1"},"canonical":"https:\/\/www.silvauto.it\/fr\/recueil-darticles-de-presse\/","og_locale":"fr_FR","og_type":"article","og_title":"Revue de presse - Silvauto","og_description":"Notre Revue de presse est un voyage \u00e0 travers le pass\u00e9 et l'avenir de l'automobile. Jetez un coup d'\u0153il aux articles !","og_url":"https:\/\/www.silvauto.it\/fr\/recueil-darticles-de-presse\/","og_site_name":"Silvauto","article_publisher":"https:\/\/www.facebook.com\/p\/silvautospa-100069924480834\/","article_modified_time":"2023-08-04T13:30:45+00:00","og_image":[{"width":1600,"height":900,"url":"https:\/\/www.silvauto.it\/wp-content\/uploads\/2023\/06\/rassegna-stampa.jpg","type":"image\/jpeg"}],"twitter_card":"summary_large_image","twitter_misc":{"Dur\u00e9e de lecture estim\u00e9e":"2 minutes"},"schema":{"@context":"https:\/\/schema.org","@graph":[{"@type":"WebPage","@id":"https:\/\/www.silvauto.it\/fr\/recueil-darticles-de-presse\/","url":"https:\/\/www.silvauto.it\/fr\/recueil-darticles-de-presse\/","name":"Revue de presse - Silvauto","isPartOf":{"@id":"https:\/\/www.silvauto.it\/fr\/#website"},"primaryImageOfPage":{"@id":"https:\/\/www.silvauto.it\/fr\/recueil-darticles-de-presse\/#primaryimage"},"image":{"@id":"https:\/\/www.silvauto.it\/fr\/recueil-darticles-de-presse\/#primaryimage"},"thumbnailUrl":"https:\/\/www.silvauto.it\/wp-content\/uploads\/2024\/05\/Rassegna-stampa-SOST-SECONDA-OPZIONE-scaled.jpg","datePublished":"2023-06-19T09:49:58+00:00","dateModified":"2023-08-04T13:30:45+00:00","description":"Notre Revue de presse est un voyage \u00e0 travers le pass\u00e9 et l'avenir de l'automobile. Jetez un coup d'\u0153il aux articles !","breadcrumb":{"@id":"https:\/\/www.silvauto.it\/fr\/recueil-darticles-de-presse\/#breadcrumb"},"inLanguage":"fr-FR","potentialAction":[{"@type":"ReadAction","target":["https:\/\/www.silvauto.it\/fr\/recueil-darticles-de-presse\/"]}]},{"@type":"ImageObject","inLanguage":"fr-FR","@id":"https:\/\/www.silvauto.it\/fr\/recueil-darticles-de-presse\/#primaryimage","url":"https:\/\/www.silvauto.it\/wp-content\/uploads\/2024\/05\/Rassegna-stampa-SOST-SECONDA-OPZIONE-scaled.jpg","contentUrl":"https:\/\/www.silvauto.it\/wp-content\/uploads\/2024\/05\/Rassegna-stampa-SOST-SECONDA-OPZIONE-scaled.jpg","width":2560,"height":1707},{"@type":"BreadcrumbList","@id":"https:\/\/www.silvauto.it\/fr\/recueil-darticles-de-presse\/#breadcrumb","itemListElement":[{"@type":"ListItem","position":1,"name":"Home","item":"https:\/\/www.silvauto.it\/fr\/"},{"@type":"ListItem","position":2,"name":"Recueil d\u2019articles de presse"}]},{"@type":"WebSite","@id":"https:\/\/www.silvauto.it\/fr\/#website","url":"https:\/\/www.silvauto.it\/fr\/","name":"Silvauto","description":"Trova la tua prossima auto","publisher":{"@id":"https:\/\/www.silvauto.it\/fr\/#organization"},"potentialAction":[{"@type":"SearchAction","target":{"@type":"EntryPoint","urlTemplate":"https:\/\/www.silvauto.it\/fr\/?s={search_term_string}"},"query-input":{"@type":"PropertyValueSpecification","valueRequired":true,"valueName":"search_term_string"}}],"inLanguage":"fr-FR"},{"@type":"Organization","@id":"https:\/\/www.silvauto.it\/fr\/#organization","name":"Silvauto S.p.A.","url":"https:\/\/www.silvauto.it\/fr\/","logo":{"@type":"ImageObject","inLanguage":"fr-FR","@id":"https:\/\/www.silvauto.it\/fr\/#\/schema\/logo\/image\/","url":"https:\/\/www.silvauto.it\/wp-content\/uploads\/2023\/06\/Silvauto-1.png","contentUrl":"https:\/\/www.silvauto.it\/wp-content\/uploads\/2023\/06\/Silvauto-1.png","width":350,"height":104,"caption":"Silvauto S.p.A."},"image":{"@id":"https:\/\/www.silvauto.it\/fr\/#\/schema\/logo\/image\/"},"sameAs":["https:\/\/www.facebook.com\/p\/silvautospa-100069924480834\/","https:\/\/www.instagram.com\/silvauto_spa","https:\/\/www.linkedin.com\/company\/silvauto-spa\/"]}]}},"_links":{"self":[{"href":"https:\/\/www.silvauto.it\/fr\/wp-json\/wp\/v2\/pages\/255984","targetHints":{"allow":["GET"]}}],"collection":[{"href":"https:\/\/www.silvauto.it\/fr\/wp-json\/wp\/v2\/pages"}],"about":[{"href":"https:\/\/www.silvauto.it\/fr\/wp-json\/wp\/v2\/types\/page"}],"author":[{"embeddable":true,"href":"https:\/\/www.silvauto.it\/fr\/wp-json\/wp\/v2\/users\/1"}],"replies":[{"embeddable":true,"href":"https:\/\/www.silvauto.it\/fr\/wp-json\/wp\/v2\/comments?post=255984"}],"version-history":[{"count":0,"href":"https:\/\/www.silvauto.it\/fr\/wp-json\/wp\/v2\/pages\/255984\/revisions"}],"wp:featuredmedia":[{"embeddable":true,"href":"https:\/\/www.silvauto.it\/fr\/wp-json\/wp\/v2\/media\/379205"}],"wp:attachment":[{"href":"https:\/\/www.silvauto.it\/fr\/wp-json\/wp\/v2\/media?parent=255984"}],"curies":[{"name":"wp","href":"https:\/\/api.w.org\/{rel}","templated":true}]}}