{"id":255821,"date":"2023-06-20T15:19:25","date_gmt":"2023-06-20T13:19:25","guid":{"rendered":"https:\/\/www.silvauto.it\/?page_id=255821"},"modified":"2023-08-04T15:38:19","modified_gmt":"2023-08-04T13:38:19","slug":"catalogue-voitures-epoque","status":"publish","type":"page","link":"https:\/\/www.silvauto.it\/fr\/voitures-epoque\/catalogue-voitures-epoque\/","title":{"rendered":"Catalogue voitures d\u2019\u00e9poque"},"content":{"rendered":"<div class=\"wpb-content-wrapper\"><p>[vc_row full_width=&#8221;stretch_row_content&#8221;][vc_column offset=&#8221;vc_col-lg-offset-1 vc_col-lg-10&#8243;][vc_single_image source=&#8221;featured_image&#8221; img_size=&#8221;1600&#215;500&#8243; alignment=&#8221;center&#8221;][vc_empty_space height=&#8221;30px&#8221;][\/vc_column][\/vc_row][vc_row el_class=&#8221;ricarca-catalogo-epoca&#8221;][vc_column][vc_column_text el_class=&#8221;lead&#8221;]Explorez notre fascinant catalogue de voitures d&#8217;\u00e9poque.[\/vc_column_text][vc_column_text]Chaque voiture repr\u00e9sente un morceau d\u2019histoire, une \u0153uvre d\u2019art motoris\u00e9e encapsulant l\u2019\u00e9l\u00e9gance, le style et l\u2019exclusivit\u00e9 d\u2019une \u00e9poque o\u00f9 l\u2019automobile \u00e9tait \u00e0 son apog\u00e9e.[\/vc_column_text][vc_empty_space height=&#8221;30px&#8221;][\/vc_column][\/vc_row][vc_row][vc_column][vc_custom_heading text=&#8221;CHOISISSEZ VOTRE VOITURE D\u2019\u00c9POQUE ET VIVEZ L\u2019\u00c9MOTION DE CONDUIRE UN AUTHENTIQUE JOYAUX ROUTIER.&#8221; font_container=&#8221;tag:h3|text_align:left&#8221; use_theme_fonts=&#8221;yes&#8221;][stm_classic_filter][\/vc_column][\/vc_row]<\/p>\n<\/div>","protected":false},"excerpt":{"rendered":"<p>[vc_row full_width=&#8221;stretch_row_content&#8221;][vc_column offset=&#8221;vc_col-lg-offset-1 vc_col-lg-10&#8243;][vc_single_image source=&#8221;featured_image&#8221; img_size=&#8221;1600&#215;500&#8243; alignment=&#8221;center&#8221;][vc_empty_space height=&#8221;30px&#8221;][\/vc_column][\/vc_row][vc_row el_class=&#8221;ricarca-catalogo-epoca&#8221;][vc_column][vc_column_text el_class=&#8221;lead&#8221;]Explorez notre fascinant catalogue de voitures d&#8217;\u00e9poque.[\/vc_column_text][vc_column_text]Chaque voiture repr\u00e9sente un morceau d\u2019histoire, une \u0153uvre d\u2019art motoris\u00e9e encapsulant l\u2019\u00e9l\u00e9gance, le style et l\u2019exclusivit\u00e9 d\u2019une \u00e9poque o\u00f9 l\u2019automobile \u00e9tait \u00e0 son apog\u00e9e.[\/vc_column_text][vc_empty_space height=&#8221;30px&#8221;][\/vc_column][\/vc_row][vc_row][vc_column][vc_custom_heading text=&#8221;CHOISISSEZ VOTRE VOITURE D\u2019\u00c9POQUE ET VIVEZ L\u2019\u00c9MOTION DE CONDUIRE UN AUTHENTIQUE JOYAUX ROUTIER.&#8221; font_container=&#8221;tag:h3|text_align:left&#8221; use_theme_fonts=&#8221;yes&#8221;][stm_classic_filter][\/vc_column][\/vc_row]<\/p>\n","protected":false},"author":1,"featured_media":230634,"parent":256481,"menu_order":0,"comment_status":"closed","ping_status":"closed","template":"","meta":{"footnotes":""},"class_list":["post-255821","page","type-page","status-publish","has-post-thumbnail","hentry"],"yoast_head":"<!-- This site is optimized with the Yoast SEO plugin v27.3 - https:\/\/yoast.com\/product\/yoast-seo-wordpress\/ -->\n<title>Catalogue de Voitures d&#039;\u00c9poque - Silvauto<\/title>\n<meta name=\"description\" content=\"Chaque voiture repr\u00e9sente un morceau d&#039;histoire. Explorez notre riche catalogue de voitures anciennes et trouvez votre prochaine voiture...\" \/>\n<meta name=\"robots\" content=\"index, follow, max-snippet:-1, max-image-preview:large, max-video-preview:-1\" \/>\n<link rel=\"canonical\" href=\"https:\/\/www.silvauto.it\/fr\/voitures-epoque\/catalogue-voitures-epoque\/\" \/>\n<meta property=\"og:locale\" content=\"fr_FR\" \/>\n<meta property=\"og:type\" content=\"article\" \/>\n<meta property=\"og:title\" content=\"Catalogue de Voitures d&#039;\u00c9poque - Silvauto\" \/>\n<meta property=\"og:description\" content=\"Chaque voiture repr\u00e9sente un morceau d&#039;histoire. Explorez notre riche catalogue de voitures anciennes et trouvez votre prochaine voiture...\" \/>\n<meta property=\"og:url\" content=\"https:\/\/www.silvauto.it\/fr\/voitures-epoque\/catalogue-voitures-epoque\/\" \/>\n<meta property=\"og:site_name\" content=\"Silvauto\" \/>\n<meta property=\"article:publisher\" content=\"https:\/\/www.facebook.com\/p\/silvautospa-100069924480834\/\" \/>\n<meta property=\"article:modified_time\" content=\"2023-08-04T13:38:19+00:00\" \/>\n<meta property=\"og:image\" content=\"https:\/\/www.silvauto.it\/wp-content\/uploads\/2023\/06\/catalogo-auto-epoca.jpg\" \/>\n\t<meta property=\"og:image:width\" content=\"1600\" \/>\n\t<meta property=\"og:image:height\" content=\"900\" \/>\n\t<meta property=\"og:image:type\" content=\"image\/jpeg\" \/>\n<meta name=\"twitter:card\" content=\"summary_large_image\" \/>\n<meta name=\"twitter:label1\" content=\"Dur\u00e9e de lecture estim\u00e9e\" \/>\n\t<meta name=\"twitter:data1\" content=\"1 minute\" \/>\n<script type=\"application\/ld+json\" class=\"yoast-schema-graph\">{\"@context\":\"https:\\\/\\\/schema.org\",\"@graph\":[{\"@type\":\"WebPage\",\"@id\":\"https:\\\/\\\/www.silvauto.it\\\/fr\\\/voitures-epoque\\\/catalogue-voitures-epoque\\\/\",\"url\":\"https:\\\/\\\/www.silvauto.it\\\/fr\\\/voitures-epoque\\\/catalogue-voitures-epoque\\\/\",\"name\":\"Catalogue de Voitures d'\u00c9poque - Silvauto\",\"isPartOf\":{\"@id\":\"https:\\\/\\\/www.silvauto.it\\\/fr\\\/#website\"},\"primaryImageOfPage\":{\"@id\":\"https:\\\/\\\/www.silvauto.it\\\/fr\\\/voitures-epoque\\\/catalogue-voitures-epoque\\\/#primaryimage\"},\"image\":{\"@id\":\"https:\\\/\\\/www.silvauto.it\\\/fr\\\/voitures-epoque\\\/catalogue-voitures-epoque\\\/#primaryimage\"},\"thumbnailUrl\":\"https:\\\/\\\/www.silvauto.it\\\/wp-content\\\/uploads\\\/2023\\\/06\\\/catalogo-auto-epoca.jpg\",\"datePublished\":\"2023-06-20T13:19:25+00:00\",\"dateModified\":\"2023-08-04T13:38:19+00:00\",\"description\":\"Chaque voiture repr\u00e9sente un morceau d'histoire. Explorez notre riche catalogue de voitures anciennes et trouvez votre prochaine voiture...\",\"breadcrumb\":{\"@id\":\"https:\\\/\\\/www.silvauto.it\\\/fr\\\/voitures-epoque\\\/catalogue-voitures-epoque\\\/#breadcrumb\"},\"inLanguage\":\"fr-FR\",\"potentialAction\":[{\"@type\":\"ReadAction\",\"target\":[\"https:\\\/\\\/www.silvauto.it\\\/fr\\\/voitures-epoque\\\/catalogue-voitures-epoque\\\/\"]}]},{\"@type\":\"ImageObject\",\"inLanguage\":\"fr-FR\",\"@id\":\"https:\\\/\\\/www.silvauto.it\\\/fr\\\/voitures-epoque\\\/catalogue-voitures-epoque\\\/#primaryimage\",\"url\":\"https:\\\/\\\/www.silvauto.it\\\/wp-content\\\/uploads\\\/2023\\\/06\\\/catalogo-auto-epoca.jpg\",\"contentUrl\":\"https:\\\/\\\/www.silvauto.it\\\/wp-content\\\/uploads\\\/2023\\\/06\\\/catalogo-auto-epoca.jpg\",\"width\":1600,\"height\":900,\"caption\":\"catalogo di auto d\u2019epoca\"},{\"@type\":\"BreadcrumbList\",\"@id\":\"https:\\\/\\\/www.silvauto.it\\\/fr\\\/voitures-epoque\\\/catalogue-voitures-epoque\\\/#breadcrumb\",\"itemListElement\":[{\"@type\":\"ListItem\",\"position\":1,\"name\":\"Home\",\"item\":\"https:\\\/\\\/www.silvauto.it\\\/fr\\\/\"},{\"@type\":\"ListItem\",\"position\":2,\"name\":\"Voitures d&#8217;\u00e9poque\",\"item\":\"https:\\\/\\\/www.silvauto.it\\\/fr\\\/voitures-epoque\\\/\"},{\"@type\":\"ListItem\",\"position\":3,\"name\":\"Catalogue voitures d\u2019\u00e9poque\"}]},{\"@type\":\"WebSite\",\"@id\":\"https:\\\/\\\/www.silvauto.it\\\/fr\\\/#website\",\"url\":\"https:\\\/\\\/www.silvauto.it\\\/fr\\\/\",\"name\":\"Silvauto\",\"description\":\"Trova la tua prossima auto\",\"publisher\":{\"@id\":\"https:\\\/\\\/www.silvauto.it\\\/fr\\\/#organization\"},\"potentialAction\":[{\"@type\":\"SearchAction\",\"target\":{\"@type\":\"EntryPoint\",\"urlTemplate\":\"https:\\\/\\\/www.silvauto.it\\\/fr\\\/?s={search_term_string}\"},\"query-input\":{\"@type\":\"PropertyValueSpecification\",\"valueRequired\":true,\"valueName\":\"search_term_string\"}}],\"inLanguage\":\"fr-FR\"},{\"@type\":\"Organization\",\"@id\":\"https:\\\/\\\/www.silvauto.it\\\/fr\\\/#organization\",\"name\":\"Silvauto S.p.A.\",\"url\":\"https:\\\/\\\/www.silvauto.it\\\/fr\\\/\",\"logo\":{\"@type\":\"ImageObject\",\"inLanguage\":\"fr-FR\",\"@id\":\"https:\\\/\\\/www.silvauto.it\\\/fr\\\/#\\\/schema\\\/logo\\\/image\\\/\",\"url\":\"https:\\\/\\\/www.silvauto.it\\\/wp-content\\\/uploads\\\/2023\\\/06\\\/Silvauto-1.png\",\"contentUrl\":\"https:\\\/\\\/www.silvauto.it\\\/wp-content\\\/uploads\\\/2023\\\/06\\\/Silvauto-1.png\",\"width\":350,\"height\":104,\"caption\":\"Silvauto S.p.A.\"},\"image\":{\"@id\":\"https:\\\/\\\/www.silvauto.it\\\/fr\\\/#\\\/schema\\\/logo\\\/image\\\/\"},\"sameAs\":[\"https:\\\/\\\/www.facebook.com\\\/p\\\/silvautospa-100069924480834\\\/\",\"https:\\\/\\\/www.instagram.com\\\/silvauto_spa\",\"https:\\\/\\\/www.linkedin.com\\\/company\\\/silvauto-spa\\\/\"]}]}<\/script>\n<!-- \/ Yoast SEO plugin. -->","yoast_head_json":{"title":"Catalogue de Voitures d'\u00c9poque - Silvauto","description":"Chaque voiture repr\u00e9sente un morceau d'histoire. Explorez notre riche catalogue de voitures anciennes et trouvez votre prochaine voiture...","robots":{"index":"index","follow":"follow","max-snippet":"max-snippet:-1","max-image-preview":"max-image-preview:large","max-video-preview":"max-video-preview:-1"},"canonical":"https:\/\/www.silvauto.it\/fr\/voitures-epoque\/catalogue-voitures-epoque\/","og_locale":"fr_FR","og_type":"article","og_title":"Catalogue de Voitures d'\u00c9poque - Silvauto","og_description":"Chaque voiture repr\u00e9sente un morceau d'histoire. Explorez notre riche catalogue de voitures anciennes et trouvez votre prochaine voiture...","og_url":"https:\/\/www.silvauto.it\/fr\/voitures-epoque\/catalogue-voitures-epoque\/","og_site_name":"Silvauto","article_publisher":"https:\/\/www.facebook.com\/p\/silvautospa-100069924480834\/","article_modified_time":"2023-08-04T13:38:19+00:00","og_image":[{"width":1600,"height":900,"url":"https:\/\/www.silvauto.it\/wp-content\/uploads\/2023\/06\/catalogo-auto-epoca.jpg","type":"image\/jpeg"}],"twitter_card":"summary_large_image","twitter_misc":{"Dur\u00e9e de lecture estim\u00e9e":"1 minute"},"schema":{"@context":"https:\/\/schema.org","@graph":[{"@type":"WebPage","@id":"https:\/\/www.silvauto.it\/fr\/voitures-epoque\/catalogue-voitures-epoque\/","url":"https:\/\/www.silvauto.it\/fr\/voitures-epoque\/catalogue-voitures-epoque\/","name":"Catalogue de Voitures d'\u00c9poque - Silvauto","isPartOf":{"@id":"https:\/\/www.silvauto.it\/fr\/#website"},"primaryImageOfPage":{"@id":"https:\/\/www.silvauto.it\/fr\/voitures-epoque\/catalogue-voitures-epoque\/#primaryimage"},"image":{"@id":"https:\/\/www.silvauto.it\/fr\/voitures-epoque\/catalogue-voitures-epoque\/#primaryimage"},"thumbnailUrl":"https:\/\/www.silvauto.it\/wp-content\/uploads\/2023\/06\/catalogo-auto-epoca.jpg","datePublished":"2023-06-20T13:19:25+00:00","dateModified":"2023-08-04T13:38:19+00:00","description":"Chaque voiture repr\u00e9sente un morceau d'histoire. Explorez notre riche catalogue de voitures anciennes et trouvez votre prochaine voiture...","breadcrumb":{"@id":"https:\/\/www.silvauto.it\/fr\/voitures-epoque\/catalogue-voitures-epoque\/#breadcrumb"},"inLanguage":"fr-FR","potentialAction":[{"@type":"ReadAction","target":["https:\/\/www.silvauto.it\/fr\/voitures-epoque\/catalogue-voitures-epoque\/"]}]},{"@type":"ImageObject","inLanguage":"fr-FR","@id":"https:\/\/www.silvauto.it\/fr\/voitures-epoque\/catalogue-voitures-epoque\/#primaryimage","url":"https:\/\/www.silvauto.it\/wp-content\/uploads\/2023\/06\/catalogo-auto-epoca.jpg","contentUrl":"https:\/\/www.silvauto.it\/wp-content\/uploads\/2023\/06\/catalogo-auto-epoca.jpg","width":1600,"height":900,"caption":"catalogo di auto d\u2019epoca"},{"@type":"BreadcrumbList","@id":"https:\/\/www.silvauto.it\/fr\/voitures-epoque\/catalogue-voitures-epoque\/#breadcrumb","itemListElement":[{"@type":"ListItem","position":1,"name":"Home","item":"https:\/\/www.silvauto.it\/fr\/"},{"@type":"ListItem","position":2,"name":"Voitures d&#8217;\u00e9poque","item":"https:\/\/www.silvauto.it\/fr\/voitures-epoque\/"},{"@type":"ListItem","position":3,"name":"Catalogue voitures d\u2019\u00e9poque"}]},{"@type":"WebSite","@id":"https:\/\/www.silvauto.it\/fr\/#website","url":"https:\/\/www.silvauto.it\/fr\/","name":"Silvauto","description":"Trova la tua prossima auto","publisher":{"@id":"https:\/\/www.silvauto.it\/fr\/#organization"},"potentialAction":[{"@type":"SearchAction","target":{"@type":"EntryPoint","urlTemplate":"https:\/\/www.silvauto.it\/fr\/?s={search_term_string}"},"query-input":{"@type":"PropertyValueSpecification","valueRequired":true,"valueName":"search_term_string"}}],"inLanguage":"fr-FR"},{"@type":"Organization","@id":"https:\/\/www.silvauto.it\/fr\/#organization","name":"Silvauto S.p.A.","url":"https:\/\/www.silvauto.it\/fr\/","logo":{"@type":"ImageObject","inLanguage":"fr-FR","@id":"https:\/\/www.silvauto.it\/fr\/#\/schema\/logo\/image\/","url":"https:\/\/www.silvauto.it\/wp-content\/uploads\/2023\/06\/Silvauto-1.png","contentUrl":"https:\/\/www.silvauto.it\/wp-content\/uploads\/2023\/06\/Silvauto-1.png","width":350,"height":104,"caption":"Silvauto S.p.A."},"image":{"@id":"https:\/\/www.silvauto.it\/fr\/#\/schema\/logo\/image\/"},"sameAs":["https:\/\/www.facebook.com\/p\/silvautospa-100069924480834\/","https:\/\/www.instagram.com\/silvauto_spa","https:\/\/www.linkedin.com\/company\/silvauto-spa\/"]}]}},"_links":{"self":[{"href":"https:\/\/www.silvauto.it\/fr\/wp-json\/wp\/v2\/pages\/255821","targetHints":{"allow":["GET"]}}],"collection":[{"href":"https:\/\/www.silvauto.it\/fr\/wp-json\/wp\/v2\/pages"}],"about":[{"href":"https:\/\/www.silvauto.it\/fr\/wp-json\/wp\/v2\/types\/page"}],"author":[{"embeddable":true,"href":"https:\/\/www.silvauto.it\/fr\/wp-json\/wp\/v2\/users\/1"}],"replies":[{"embeddable":true,"href":"https:\/\/www.silvauto.it\/fr\/wp-json\/wp\/v2\/comments?post=255821"}],"version-history":[{"count":0,"href":"https:\/\/www.silvauto.it\/fr\/wp-json\/wp\/v2\/pages\/255821\/revisions"}],"up":[{"embeddable":true,"href":"https:\/\/www.silvauto.it\/fr\/wp-json\/wp\/v2\/pages\/256481"}],"wp:featuredmedia":[{"embeddable":true,"href":"https:\/\/www.silvauto.it\/fr\/wp-json\/wp\/v2\/media\/230634"}],"wp:attachment":[{"href":"https:\/\/www.silvauto.it\/fr\/wp-json\/wp\/v2\/media?parent=255821"}],"curies":[{"name":"wp","href":"https:\/\/api.w.org\/{rel}","templated":true}]}}