{"id":259566,"date":"2023-06-19T16:04:29","date_gmt":"2023-06-19T14:04:29","guid":{"rendered":"https:\/\/www.silvauto.it\/?page_id=259566"},"modified":"2023-09-27T12:03:44","modified_gmt":"2023-09-27T10:03:44","slug":"kaufberatung","status":"publish","type":"page","link":"https:\/\/www.silvauto.it\/de\/alle-dienstleistungen\/kaufberatung\/","title":{"rendered":"Kaufberatung"},"content":{"rendered":"<div class=\"wpb-content-wrapper\"><p>[vc_row full_width=&#8221;stretch_row_content&#8221;][vc_column offset=&#8221;vc_col-lg-offset-1 vc_col-lg-10&#8243;][vc_single_image image=&#8221;256187&#8243; img_size=&#8221;1600&#215;500&#8243; alignment=&#8221;center&#8221;][vc_empty_space height=&#8221;30px&#8221;][\/vc_column][\/vc_row][vc_row][vc_column][vc_column_text el_class=&#8221;lead&#8221;]Willkommen in unserem Bereich &#8220;Kaufberatung&#8221;, dem Ort, an dem Ihre Leidenschaft f\u00fcr Autos mit unserem Fachwissen verschmilzt, um Ihnen bei der perfekten Wahl behilflich zu sein.[\/vc_column_text][vc_column_text]Wir bieten Ihnen einen erstklassigen Beratungsservice mit qualifiziertem Personal, das dem Kunden zur Seite steht, um ihn zu beraten und gemeinsam mit ihm die L\u00f6sung zu finden, die seinen Bed\u00fcrfnissen, W\u00fcnschen und Kaufabsichten am besten entspricht.[\/vc_column_text][vc_empty_space height=&#8221;30px&#8221;][\/vc_column][\/vc_row][vc_row full_width=&#8221;stretch_row_content&#8221; el_class=&#8221;bg-grey&#8221;][vc_column offset=&#8221;vc_col-lg-offset-2 vc_col-lg-8 vc_col-md-offset-1 vc_col-md-10&#8243;][vc_empty_space height=&#8221;50px&#8221;][vc_custom_heading text=&#8221;ENTDECKEN SIE UNSEREN BEWERTUNGSSERVICE&#8221; font_container=&#8221;tag:h2|text_align:center&#8221; use_theme_fonts=&#8221;yes&#8221;][vc_empty_space height=&#8221;30px&#8221;][vc_row_inner equal_height=&#8221;yes&#8221;][vc_column_inner width=&#8221;1\/2&#8243; offset=&#8221;vc_col-lg-offset-3 vc_col-lg-6 vc_col-md-offset-3 vc_col-md-6 vc_col-sm-offset-3&#8243;][vc_single_image image=&#8221;290645&#8243; img_size=&#8221;full&#8221; alignment=&#8221;center&#8221; onclick=&#8221;custom_link&#8221; link=&#8221;https:\/\/www.silvauto.it\/de\/alle-dienstleistungen\/oldtimer-bewertung\/&#8221;][vc_custom_heading text=&#8221;OLDTIMER-BEWERTUNG&#8221; font_container=&#8221;tag:h3|text_align:center&#8221; use_theme_fonts=&#8221;yes&#8221; link=&#8221;url:https%3A%2F%2Fwww.silvauto.it%2Fde%2Falle-dienstleistungen%2Foldtimer-bewertung%2F|title:OLDTIMER-BEWERTUNG&#8221;][vc_column_text el_class=&#8221;text-center&#8221;]Unsere fundierten Kenntnisse \u00fcber Oldtimer erm\u00f6glichen es uns, den Wert und die Authentizit\u00e4t jedes Modells zu erkennen.[\/vc_column_text][vc_empty_space height=&#8221;30px&#8221;][\/vc_column_inner][vc_column_inner width=&#8221;1\/2&#8243; offset=&#8221;vc_col-lg-6 vc_hidden-lg vc_hidden-md vc_hidden-sm vc_hidden-xs&#8221;][vc_single_image image=&#8221;191297&#8243; img_size=&#8221;full&#8221; alignment=&#8221;center&#8221; onclick=&#8221;custom_link&#8221; link=&#8221;https:\/\/www.silvauto.it\/de\/alle-dienstleistungen\/gebrauchtwagen-bewertung\/&#8221;][vc_custom_heading text=&#8221;GEBRAUCHTWAGENBEWERTUNG&#8221; font_container=&#8221;tag:h3|text_align:center&#8221; use_theme_fonts=&#8221;yes&#8221; link=&#8221;url:https%3A%2F%2Fwww.silvauto.it%2Fde%2Falle-dienstleistungen%2Fgebrauchtwagen-bewertung%2F|title:Bewertung%20von%20Gebrauchtwagen&#8221;][vc_column_text el_class=&#8221;text-center&#8221;]M\u00f6chten Sie herausfinden, wie viel Ihr Gebrauchtwagen wert ist? Mit unserer professionellen Bewertung erhalten Sie eine pr\u00e4zise und transparente Sch\u00e4tzung.<br \/>\n[\/vc_column_text][vc_empty_space height=&#8221;30px&#8221;][\/vc_column_inner][\/vc_row_inner][\/vc_column][\/vc_row][vc_row][vc_column][vc_empty_space height=&#8221;50px&#8221;][vc_column_text]<strong>Wir wissen, wie wichtig es ist, das Auto Ihrer Tr\u00e4ume zu finden, egal ob es sich um einen geschichtstr\u00e4chtigen Oldtimer oder ein modernes Modell handelt, das technische Innovationen verk\u00f6rpert. Unsere Kaufberatung ist speziell darauf ausgerichtet, Sie auf dieser Reise zu begleiten und Ihnen unsere Erfahrung und Leidenschaft zur Verf\u00fcgung zu stellen.<\/strong><\/p>\n<p>Wenn Sie sich der Welt der Oldtimer n\u00e4hern m\u00f6chten, teilt unser erfahrenes Team gerne mit Ihnen das Wissen und die faszinierenden Geschichten, die sich hinter diesen historischen Schmuckst\u00fccken verbergen. Wir beraten Sie bei der Auswahl des Fahrzeugs, das Ihrem Stil und Ihren Erwartungen entspricht, und bewerten die Authentizit\u00e4t, den Erhaltungszustand und die Originalit\u00e4t jedes einzelnen Modells.<\/p>\n<p>Mit unserer Beratung k\u00f6nnen Sie eine informierte, vertrauensvolle und bewusste Entscheidung treffen und sich sicher sein, dass Sie das Auto gew\u00e4hlt haben, das Ihre Leidenschaft wecken wird.<\/p>\n<p>Erleben Sie die Emotionen bei der Wahl Ihres n\u00e4chsten Autos mit unserer fachkundigen und leidenschaftlichen Beratung.<br \/>\nWir freuen uns darauf, Sie bei diesem au\u00dfergew\u00f6hnlichen Automobil-Abenteuer zu unterst\u00fctzen![\/vc_column_text][vc_empty_space height=&#8221;30px&#8221;][\/vc_column][\/vc_row][vc_row full_width=&#8221;stretch_row_content&#8221; disable_element=&#8221;yes&#8221; el_class=&#8221;blocco-standard-no-padding-top bg-red btn-pre-footer&#8221;][vc_column][vc_btn title=&#8221;Scopri tutti i servizi&#8221; style=&#8221;flat&#8221; shape=&#8221;square&#8221; color=&#8221;inverse&#8221; align=&#8221;center&#8221; i_align=&#8221;right&#8221; i_icon_fontawesome=&#8221;fas fa-long-arrow-alt-right&#8221; add_icon=&#8221;true&#8221; el_class=&#8221;text-uppercase&#8221; link=&#8221;url:http%3A%2F%2Fwww.silvauto.it%2Fservizi%2F|title:Tutti%20i%20servizi&#8221;][\/vc_column][\/vc_row][vc_row full_width=&#8221;stretch_row&#8221; el_class=&#8221;bg-grey&#8221; el_id=&#8221;contattaci&#8221;][vc_column offset=&#8221;vc_col-lg-offset-1 vc_col-lg-10 vc_col-md-offset-1 vc_col-md-10&#8243;][vc_empty_space height=&#8221;50px&#8221;][vc_custom_heading text=&#8221;KONTAKTIEREN SIE UNS F\u00dcR WEITERE INFORMATIONEN&#8221; font_container=&#8221;tag:p|text_align:center&#8221; use_theme_fonts=&#8221;yes&#8221; el_class=&#8221;h2&#8243;][vc_empty_space height=&#8221;20px&#8221;]\n<div class=\"wpcf7 no-js\" id=\"wpcf7-f259196-o1\" lang=\"de-DE\" dir=\"ltr\" data-wpcf7-id=\"259196\">\n<div class=\"screen-reader-response\"><p role=\"status\" aria-live=\"polite\" aria-atomic=\"true\"><\/p> <ul><\/ul><\/div>\n<form action=\"\/de\/wp-json\/wp\/v2\/pages\/259566#wpcf7-f259196-o1\" method=\"post\" class=\"wpcf7-form init\" aria-label=\"Kontaktformular\" novalidate=\"novalidate\" data-status=\"init\">\n<fieldset class=\"hidden-fields-container\"><input type=\"hidden\" name=\"_wpcf7\" value=\"259196\" \/><input type=\"hidden\" name=\"_wpcf7_version\" value=\"6.1.5\" \/><input type=\"hidden\" name=\"_wpcf7_locale\" value=\"de_DE\" \/><input type=\"hidden\" name=\"_wpcf7_unit_tag\" value=\"wpcf7-f259196-o1\" \/><input type=\"hidden\" name=\"_wpcf7_container_post\" value=\"0\" \/><input type=\"hidden\" name=\"_wpcf7_posted_data_hash\" value=\"\" \/><input type=\"hidden\" name=\"_wpcf7cf_hidden_group_fields\" value=\"[]\" \/><input type=\"hidden\" name=\"_wpcf7cf_hidden_groups\" value=\"[]\" \/><input type=\"hidden\" name=\"_wpcf7cf_visible_groups\" value=\"[]\" \/><input type=\"hidden\" name=\"_wpcf7cf_repeaters\" value=\"[]\" \/><input type=\"hidden\" name=\"_wpcf7cf_steps\" value=\"{}\" \/><input type=\"hidden\" name=\"_wpcf7cf_options\" value=\"{&quot;form_id&quot;:259196,&quot;conditions&quot;:[],&quot;settings&quot;:{&quot;animation&quot;:&quot;yes&quot;,&quot;animation_intime&quot;:200,&quot;animation_outtime&quot;:200,&quot;conditions_ui&quot;:&quot;normal&quot;,&quot;notice_dismissed&quot;:false,&quot;notice_dismissed_rollback-cf7-5.9.8&quot;:true,&quot;notice_dismissed_rollback-cf7-6.0.1&quot;:true,&quot;notice_dismissed_rollback-cf7-6.1.1&quot;:true}}\" \/><input type=\"hidden\" name=\"_wpcf7dtx_version\" value=\"5.0.5\" \/><input type=\"hidden\" name=\"upload_dir\" value=\"cf7-multifile-upload\" \/><input type=\"hidden\" name=\"generate_name\" value=\"04-07-26-69d44cc44419b\" \/><input type=\"hidden\" name=\"_wpcf7_recaptcha_response\" value=\"\" \/>\n<\/fieldset>\n<input class=\"wpcf7-form-control wpcf7-hidden\" value=\"\" type=\"hidden\" name=\"utm_campaign\" \/>\n<input class=\"wpcf7-form-control wpcf7-hidden\" value=\"\" type=\"hidden\" name=\"utm_source\" \/>\n<input class=\"wpcf7-form-control wpcf7-hidden\" value=\"\" type=\"hidden\" name=\"utm_medium\" \/>\n<input class=\"wpcf7-form-control wpcf7-hidden\" value=\"\" type=\"hidden\" name=\"utm_content\" \/>\n<input class=\"wpcf7-form-control wpcf7-hidden\" value=\"\" type=\"hidden\" name=\"url_lead\" \/>\n<input class=\"wpcf7-form-control wpcf7-hidden\" value=\"lead\" type=\"hidden\" name=\"lc_list_name\" \/>\n\n<div class=\"form-info\">\n<div class=\"form-info-sx\">\n<label><strong>Vorname *<\/strong>\n    <span class=\"wpcf7-form-control-wrap\" data-name=\"first_name\"><input size=\"40\" maxlength=\"400\" class=\"wpcf7-form-control wpcf7-text wpcf7-validates-as-required\" aria-required=\"true\" aria-invalid=\"false\" value=\"\" type=\"text\" name=\"first_name\" \/><\/span> <\/label>\n<\/div>\n<div class=\"form-info-dx\">\n<label><strong>Nachname *<\/strong>\n    <span class=\"wpcf7-form-control-wrap\" data-name=\"last_name\"><input size=\"40\" maxlength=\"400\" class=\"wpcf7-form-control wpcf7-text wpcf7-validates-as-required\" aria-required=\"true\" aria-invalid=\"false\" value=\"\" type=\"text\" name=\"last_name\" \/><\/span> <\/label>\n<\/div>\n<div class=\"form-info-sx\">\n<label><strong>Email *<\/strong>\n    <span class=\"wpcf7-form-control-wrap\" data-name=\"your-email\"><input size=\"40\" maxlength=\"400\" class=\"wpcf7-form-control wpcf7-email wpcf7-validates-as-required wpcf7-text wpcf7-validates-as-email\" aria-required=\"true\" aria-invalid=\"false\" value=\"\" type=\"email\" name=\"your-email\" \/><\/span> <\/label>\n<\/div>\n<div class=\"form-info-dx\">\n<label><strong>Telefon *<\/strong>\n    <span class=\"wpcf7-form-control-wrap\" data-name=\"telefono\"><input size=\"40\" maxlength=\"400\" class=\"wpcf7-form-control wpcf7-tel wpcf7-validates-as-required wpcf7-text wpcf7-validates-as-tel\" aria-required=\"true\" aria-invalid=\"false\" value=\"\" type=\"tel\" name=\"telefono\" \/><\/span> <\/label>\n<\/div>\n<div class=\"form-info-100\">\n<label><strong>Grund der Kontaktaufnahme<\/strong><br>\n    <span class=\"wpcf7-form-control-wrap\" data-name=\"motivo-contatto\"><input size=\"40\" maxlength=\"400\" class=\"wpcf7-form-control wpcf7-text wpcf7-validates-as-required\" aria-required=\"true\" aria-invalid=\"false\" value=\"\" type=\"text\" name=\"motivo-contatto\" \/><\/span> <\/label>\n<\/div>\n<div class=\"form-info-100\">\n<label><strong>M\u00f6chten Sie Anmerkungen hinzuf\u00fcgen?<\/strong><br>\n    <span class=\"wpcf7-form-control-wrap\" data-name=\"your-message\"><textarea cols=\"40\" rows=\"10\" maxlength=\"2000\" class=\"wpcf7-form-control wpcf7-textarea\" aria-invalid=\"false\" placeholder=\"Hier eingeben\" name=\"your-message\"><\/textarea><\/span> <\/label>\n<\/div>\n\n<div class=\"informativa\">\n<span class=\"wpcf7-form-control-wrap\" data-name=\"privacy\"><span class=\"wpcf7-form-control wpcf7-checkbox wpcf7-validates-as-required\"><span class=\"wpcf7-list-item first last\"><label><input type=\"checkbox\" name=\"privacy[]\" value=\"Ich stimme der Verarbeitung meiner personenbezogenen Daten gem\u00e4\u00df den geltenden Datenschutzbestimmungen (EU-Verordnung Nr. 679\/16) gem\u00e4\u00df den in der Datenschutzrichtlinie angegebenen Zwecken und Verfahren zu.\" \/><span class=\"wpcf7-list-item-label\">Ich stimme der Verarbeitung meiner personenbezogenen Daten gem\u00e4\u00df den geltenden Datenschutzbestimmungen (EU-Verordnung Nr. 679\/16) gem\u00e4\u00df den in der Datenschutzrichtlinie angegebenen Zwecken und Verfahren zu.<\/span><\/label><\/span><\/span><\/span>\n<a href=\"\/de\/privacy-policy\/\" target=\"_blank\">Datenschutzerkl\u00e4rung lesen<\/a>\n<\/div>\n\n<input class=\"wpcf7-form-control wpcf7-submit has-spinner\" type=\"submit\" value=\"INFORMATIONSANFRAGE\" \/>\n\n<\/div><input type='hidden' class='wpcf7-pum' value='{\"closepopup\":false,\"closedelay\":0,\"openpopup\":false,\"openpopup_id\":0}' \/><div class=\"wpcf7-response-output\" aria-hidden=\"true\"><\/div>\n<\/form>\n<\/div>\n[vc_empty_space height=&#8221;30px&#8221;][\/vc_column][\/vc_row]<\/p>\n<\/div>","protected":false},"excerpt":{"rendered":"<p>[vc_row full_width=&#8221;stretch_row_content&#8221;][vc_column offset=&#8221;vc_col-lg-offset-1 vc_col-lg-10&#8243;][vc_single_image image=&#8221;256187&#8243; img_size=&#8221;1600&#215;500&#8243; alignment=&#8221;center&#8221;][vc_empty_space height=&#8221;30px&#8221;][\/vc_column][\/vc_row][vc_row][vc_column][vc_column_text el_class=&#8221;lead&#8221;]Willkommen in unserem Bereich &#8220;Kaufberatung&#8221;, dem Ort, an dem Ihre Leidenschaft f\u00fcr Autos mit unserem Fachwissen verschmilzt, um Ihnen bei der perfekten Wahl behilflich zu sein.[\/vc_column_text][vc_column_text]Wir bieten Ihnen einen erstklassigen Beratungsservice mit qualifiziertem Personal, das dem Kunden zur Seite steht, um ihn zu beraten und gemeinsam mit&#8230;<\/p>\n","protected":false},"author":1,"featured_media":242201,"parent":259563,"menu_order":0,"comment_status":"closed","ping_status":"closed","template":"","meta":{"footnotes":""},"class_list":["post-259566","page","type-page","status-publish","has-post-thumbnail","hentry"],"yoast_head":"<!-- This site is optimized with the Yoast SEO plugin v27.3 - https:\/\/yoast.com\/product\/yoast-seo-wordpress\/ -->\n<title>Kaufberatung - Silvauto<\/title>\n<meta name=\"description\" content=\"Unsere Leidenschaft f\u00fcr Autos und unsere langj\u00e4hrige Erfahrung werden Ihnen bei der Auswahl des perfekten Autos helfen. Kontaktieren Sie uns jetzt!\" \/>\n<meta name=\"robots\" content=\"index, follow, max-snippet:-1, max-image-preview:large, max-video-preview:-1\" \/>\n<link rel=\"canonical\" href=\"https:\/\/www.silvauto.it\/de\/alle-dienstleistungen\/kaufberatung\/\" \/>\n<meta property=\"og:locale\" content=\"de_DE\" \/>\n<meta property=\"og:type\" content=\"article\" \/>\n<meta property=\"og:title\" content=\"Kaufberatung - Silvauto\" \/>\n<meta property=\"og:description\" content=\"Unsere Leidenschaft f\u00fcr Autos und unsere langj\u00e4hrige Erfahrung werden Ihnen bei der Auswahl des perfekten Autos helfen. Kontaktieren Sie uns jetzt!\" \/>\n<meta property=\"og:url\" content=\"https:\/\/www.silvauto.it\/de\/alle-dienstleistungen\/kaufberatung\/\" \/>\n<meta property=\"og:site_name\" content=\"Silvauto\" \/>\n<meta property=\"article:publisher\" content=\"https:\/\/www.facebook.com\/p\/silvautospa-100069924480834\/\" \/>\n<meta property=\"article:modified_time\" content=\"2023-09-27T10:03:44+00:00\" \/>\n<meta property=\"og:image\" content=\"https:\/\/www.silvauto.it\/wp-content\/uploads\/2023\/06\/silvauto-soci-fondatori.jpg\" \/>\n\t<meta property=\"og:image:width\" content=\"1600\" \/>\n\t<meta property=\"og:image:height\" content=\"900\" \/>\n\t<meta property=\"og:image:type\" content=\"image\/jpeg\" \/>\n<meta name=\"twitter:card\" content=\"summary_large_image\" \/>\n<meta name=\"twitter:label1\" content=\"Gesch\u00e4tzte Lesezeit\" \/>\n\t<meta name=\"twitter:data1\" content=\"2\u00a0Minuten\" \/>\n<script type=\"application\/ld+json\" class=\"yoast-schema-graph\">{\"@context\":\"https:\\\/\\\/schema.org\",\"@graph\":[{\"@type\":\"WebPage\",\"@id\":\"https:\\\/\\\/www.silvauto.it\\\/de\\\/alle-dienstleistungen\\\/kaufberatung\\\/\",\"url\":\"https:\\\/\\\/www.silvauto.it\\\/de\\\/alle-dienstleistungen\\\/kaufberatung\\\/\",\"name\":\"Kaufberatung - Silvauto\",\"isPartOf\":{\"@id\":\"https:\\\/\\\/www.silvauto.it\\\/de\\\/#website\"},\"primaryImageOfPage\":{\"@id\":\"https:\\\/\\\/www.silvauto.it\\\/de\\\/alle-dienstleistungen\\\/kaufberatung\\\/#primaryimage\"},\"image\":{\"@id\":\"https:\\\/\\\/www.silvauto.it\\\/de\\\/alle-dienstleistungen\\\/kaufberatung\\\/#primaryimage\"},\"thumbnailUrl\":\"https:\\\/\\\/www.silvauto.it\\\/wp-content\\\/uploads\\\/2023\\\/06\\\/silvauto-soci-fondatori.jpg\",\"datePublished\":\"2023-06-19T14:04:29+00:00\",\"dateModified\":\"2023-09-27T10:03:44+00:00\",\"description\":\"Unsere Leidenschaft f\u00fcr Autos und unsere langj\u00e4hrige Erfahrung werden Ihnen bei der Auswahl des perfekten Autos helfen. Kontaktieren Sie uns jetzt!\",\"breadcrumb\":{\"@id\":\"https:\\\/\\\/www.silvauto.it\\\/de\\\/alle-dienstleistungen\\\/kaufberatung\\\/#breadcrumb\"},\"inLanguage\":\"de\",\"potentialAction\":[{\"@type\":\"ReadAction\",\"target\":[\"https:\\\/\\\/www.silvauto.it\\\/de\\\/alle-dienstleistungen\\\/kaufberatung\\\/\"]}]},{\"@type\":\"ImageObject\",\"inLanguage\":\"de\",\"@id\":\"https:\\\/\\\/www.silvauto.it\\\/de\\\/alle-dienstleistungen\\\/kaufberatung\\\/#primaryimage\",\"url\":\"https:\\\/\\\/www.silvauto.it\\\/wp-content\\\/uploads\\\/2023\\\/06\\\/silvauto-soci-fondatori.jpg\",\"contentUrl\":\"https:\\\/\\\/www.silvauto.it\\\/wp-content\\\/uploads\\\/2023\\\/06\\\/silvauto-soci-fondatori.jpg\",\"width\":1600,\"height\":900,\"caption\":\"Silvauto soci fondatori\"},{\"@type\":\"BreadcrumbList\",\"@id\":\"https:\\\/\\\/www.silvauto.it\\\/de\\\/alle-dienstleistungen\\\/kaufberatung\\\/#breadcrumb\",\"itemListElement\":[{\"@type\":\"ListItem\",\"position\":1,\"name\":\"Home\",\"item\":\"https:\\\/\\\/www.silvauto.it\\\/de\\\/\"},{\"@type\":\"ListItem\",\"position\":2,\"name\":\"Alle Dienstleistungen\",\"item\":\"https:\\\/\\\/www.silvauto.it\\\/de\\\/alle-dienstleistungen\\\/\"},{\"@type\":\"ListItem\",\"position\":3,\"name\":\"Kaufberatung\"}]},{\"@type\":\"WebSite\",\"@id\":\"https:\\\/\\\/www.silvauto.it\\\/de\\\/#website\",\"url\":\"https:\\\/\\\/www.silvauto.it\\\/de\\\/\",\"name\":\"Silvauto\",\"description\":\"Trova la tua prossima auto\",\"publisher\":{\"@id\":\"https:\\\/\\\/www.silvauto.it\\\/de\\\/#organization\"},\"potentialAction\":[{\"@type\":\"SearchAction\",\"target\":{\"@type\":\"EntryPoint\",\"urlTemplate\":\"https:\\\/\\\/www.silvauto.it\\\/de\\\/?s={search_term_string}\"},\"query-input\":{\"@type\":\"PropertyValueSpecification\",\"valueRequired\":true,\"valueName\":\"search_term_string\"}}],\"inLanguage\":\"de\"},{\"@type\":\"Organization\",\"@id\":\"https:\\\/\\\/www.silvauto.it\\\/de\\\/#organization\",\"name\":\"Silvauto S.p.A.\",\"url\":\"https:\\\/\\\/www.silvauto.it\\\/de\\\/\",\"logo\":{\"@type\":\"ImageObject\",\"inLanguage\":\"de\",\"@id\":\"https:\\\/\\\/www.silvauto.it\\\/de\\\/#\\\/schema\\\/logo\\\/image\\\/\",\"url\":\"https:\\\/\\\/www.silvauto.it\\\/wp-content\\\/uploads\\\/2023\\\/06\\\/Silvauto-1.png\",\"contentUrl\":\"https:\\\/\\\/www.silvauto.it\\\/wp-content\\\/uploads\\\/2023\\\/06\\\/Silvauto-1.png\",\"width\":350,\"height\":104,\"caption\":\"Silvauto S.p.A.\"},\"image\":{\"@id\":\"https:\\\/\\\/www.silvauto.it\\\/de\\\/#\\\/schema\\\/logo\\\/image\\\/\"},\"sameAs\":[\"https:\\\/\\\/www.facebook.com\\\/p\\\/silvautospa-100069924480834\\\/\",\"https:\\\/\\\/www.instagram.com\\\/silvauto_spa\",\"https:\\\/\\\/www.linkedin.com\\\/company\\\/silvauto-spa\\\/\"]}]}<\/script>\n<!-- \/ Yoast SEO plugin. -->","yoast_head_json":{"title":"Kaufberatung - Silvauto","description":"Unsere Leidenschaft f\u00fcr Autos und unsere langj\u00e4hrige Erfahrung werden Ihnen bei der Auswahl des perfekten Autos helfen. Kontaktieren Sie uns jetzt!","robots":{"index":"index","follow":"follow","max-snippet":"max-snippet:-1","max-image-preview":"max-image-preview:large","max-video-preview":"max-video-preview:-1"},"canonical":"https:\/\/www.silvauto.it\/de\/alle-dienstleistungen\/kaufberatung\/","og_locale":"de_DE","og_type":"article","og_title":"Kaufberatung - Silvauto","og_description":"Unsere Leidenschaft f\u00fcr Autos und unsere langj\u00e4hrige Erfahrung werden Ihnen bei der Auswahl des perfekten Autos helfen. Kontaktieren Sie uns jetzt!","og_url":"https:\/\/www.silvauto.it\/de\/alle-dienstleistungen\/kaufberatung\/","og_site_name":"Silvauto","article_publisher":"https:\/\/www.facebook.com\/p\/silvautospa-100069924480834\/","article_modified_time":"2023-09-27T10:03:44+00:00","og_image":[{"width":1600,"height":900,"url":"https:\/\/www.silvauto.it\/wp-content\/uploads\/2023\/06\/silvauto-soci-fondatori.jpg","type":"image\/jpeg"}],"twitter_card":"summary_large_image","twitter_misc":{"Gesch\u00e4tzte Lesezeit":"2\u00a0Minuten"},"schema":{"@context":"https:\/\/schema.org","@graph":[{"@type":"WebPage","@id":"https:\/\/www.silvauto.it\/de\/alle-dienstleistungen\/kaufberatung\/","url":"https:\/\/www.silvauto.it\/de\/alle-dienstleistungen\/kaufberatung\/","name":"Kaufberatung - Silvauto","isPartOf":{"@id":"https:\/\/www.silvauto.it\/de\/#website"},"primaryImageOfPage":{"@id":"https:\/\/www.silvauto.it\/de\/alle-dienstleistungen\/kaufberatung\/#primaryimage"},"image":{"@id":"https:\/\/www.silvauto.it\/de\/alle-dienstleistungen\/kaufberatung\/#primaryimage"},"thumbnailUrl":"https:\/\/www.silvauto.it\/wp-content\/uploads\/2023\/06\/silvauto-soci-fondatori.jpg","datePublished":"2023-06-19T14:04:29+00:00","dateModified":"2023-09-27T10:03:44+00:00","description":"Unsere Leidenschaft f\u00fcr Autos und unsere langj\u00e4hrige Erfahrung werden Ihnen bei der Auswahl des perfekten Autos helfen. Kontaktieren Sie uns jetzt!","breadcrumb":{"@id":"https:\/\/www.silvauto.it\/de\/alle-dienstleistungen\/kaufberatung\/#breadcrumb"},"inLanguage":"de","potentialAction":[{"@type":"ReadAction","target":["https:\/\/www.silvauto.it\/de\/alle-dienstleistungen\/kaufberatung\/"]}]},{"@type":"ImageObject","inLanguage":"de","@id":"https:\/\/www.silvauto.it\/de\/alle-dienstleistungen\/kaufberatung\/#primaryimage","url":"https:\/\/www.silvauto.it\/wp-content\/uploads\/2023\/06\/silvauto-soci-fondatori.jpg","contentUrl":"https:\/\/www.silvauto.it\/wp-content\/uploads\/2023\/06\/silvauto-soci-fondatori.jpg","width":1600,"height":900,"caption":"Silvauto soci fondatori"},{"@type":"BreadcrumbList","@id":"https:\/\/www.silvauto.it\/de\/alle-dienstleistungen\/kaufberatung\/#breadcrumb","itemListElement":[{"@type":"ListItem","position":1,"name":"Home","item":"https:\/\/www.silvauto.it\/de\/"},{"@type":"ListItem","position":2,"name":"Alle Dienstleistungen","item":"https:\/\/www.silvauto.it\/de\/alle-dienstleistungen\/"},{"@type":"ListItem","position":3,"name":"Kaufberatung"}]},{"@type":"WebSite","@id":"https:\/\/www.silvauto.it\/de\/#website","url":"https:\/\/www.silvauto.it\/de\/","name":"Silvauto","description":"Trova la tua prossima auto","publisher":{"@id":"https:\/\/www.silvauto.it\/de\/#organization"},"potentialAction":[{"@type":"SearchAction","target":{"@type":"EntryPoint","urlTemplate":"https:\/\/www.silvauto.it\/de\/?s={search_term_string}"},"query-input":{"@type":"PropertyValueSpecification","valueRequired":true,"valueName":"search_term_string"}}],"inLanguage":"de"},{"@type":"Organization","@id":"https:\/\/www.silvauto.it\/de\/#organization","name":"Silvauto S.p.A.","url":"https:\/\/www.silvauto.it\/de\/","logo":{"@type":"ImageObject","inLanguage":"de","@id":"https:\/\/www.silvauto.it\/de\/#\/schema\/logo\/image\/","url":"https:\/\/www.silvauto.it\/wp-content\/uploads\/2023\/06\/Silvauto-1.png","contentUrl":"https:\/\/www.silvauto.it\/wp-content\/uploads\/2023\/06\/Silvauto-1.png","width":350,"height":104,"caption":"Silvauto S.p.A."},"image":{"@id":"https:\/\/www.silvauto.it\/de\/#\/schema\/logo\/image\/"},"sameAs":["https:\/\/www.facebook.com\/p\/silvautospa-100069924480834\/","https:\/\/www.instagram.com\/silvauto_spa","https:\/\/www.linkedin.com\/company\/silvauto-spa\/"]}]}},"_links":{"self":[{"href":"https:\/\/www.silvauto.it\/de\/wp-json\/wp\/v2\/pages\/259566","targetHints":{"allow":["GET"]}}],"collection":[{"href":"https:\/\/www.silvauto.it\/de\/wp-json\/wp\/v2\/pages"}],"about":[{"href":"https:\/\/www.silvauto.it\/de\/wp-json\/wp\/v2\/types\/page"}],"author":[{"embeddable":true,"href":"https:\/\/www.silvauto.it\/de\/wp-json\/wp\/v2\/users\/1"}],"replies":[{"embeddable":true,"href":"https:\/\/www.silvauto.it\/de\/wp-json\/wp\/v2\/comments?post=259566"}],"version-history":[{"count":0,"href":"https:\/\/www.silvauto.it\/de\/wp-json\/wp\/v2\/pages\/259566\/revisions"}],"up":[{"embeddable":true,"href":"https:\/\/www.silvauto.it\/de\/wp-json\/wp\/v2\/pages\/259563"}],"wp:featuredmedia":[{"embeddable":true,"href":"https:\/\/www.silvauto.it\/de\/wp-json\/wp\/v2\/media\/242201"}],"wp:attachment":[{"href":"https:\/\/www.silvauto.it\/de\/wp-json\/wp\/v2\/media?parent=259566"}],"curies":[{"name":"wp","href":"https:\/\/api.w.org\/{rel}","templated":true}]}}