{"id":259557,"date":"2023-06-20T16:11:50","date_gmt":"2023-06-20T14:11:50","guid":{"rendered":"https:\/\/www.silvauto.it\/?page_id=259557"},"modified":"2023-08-04T14:37:41","modified_gmt":"2023-08-04T12:37:41","slug":"arbeiten-bei-uns","status":"publish","type":"page","link":"https:\/\/www.silvauto.it\/de\/wer-wir-sind\/arbeiten-bei-uns\/","title":{"rendered":"Arbeiten bei uns"},"content":{"rendered":"<div class=\"wpb-content-wrapper\"><p>[vc_row full_width=&#8221;stretch_row_content&#8221;][vc_column offset=&#8221;vc_col-lg-offset-1 vc_col-lg-10&#8243;][vc_single_image source=&#8221;featured_image&#8221; img_size=&#8221;1600&#215;500&#8243; alignment=&#8221;center&#8221;][vc_empty_space height=&#8221;30px&#8221;][\/vc_column][\/vc_row][vc_row][vc_column offset=&#8221;vc_col-lg-offset-2 vc_col-lg-8&#8243;][vc_column_text el_class=&#8221;text-center&#8221;]Wenn Sie unsere Leidenschaft f\u00fcr Autos teilen und Teil eines Teams sein wollen, das Tr\u00e4ume auf vier R\u00e4dern verwirklicht, senden Sie uns bitte Ihren Lebenslauf mit einem kurzen Vorstellungsschreiben an <a href=\"mailto:commerciale@silvauto.it\">commerciale@silvauto.it<\/a>.<\/p>\n<p>Wir sind neugierig darauf, herauszufinden, wie wir gemeinsam neue Ziele in der Welt der Automobile erreichen k\u00f6nnen.[\/vc_column_text][vc_empty_space height=&#8221;50px&#8221;][\/vc_column][\/vc_row][vc_row full_width=&#8221;stretch_row&#8221; el_class=&#8221;annunci-lavoro bg-grey&#8221;][vc_column][vc_empty_space height=&#8221;50px&#8221;][vc_custom_heading text=&#8221;DERZEIT OFFENE STELLEN&#8221; font_container=&#8221;tag:h3|text_align:center&#8221; use_theme_fonts=&#8221;yes&#8221;][vc_row_inner equal_height=&#8221;yes&#8221; content_placement=&#8221;top&#8221; gap=&#8221;30&#8243;][vc_column_inner el_class=&#8221;annuncio&#8221; width=&#8221;1\/2&#8243; css=&#8221;.vc_custom_1687344176234{background-color: #ffffff !important;}&#8221;][vc_custom_heading text=&#8221;KFZ-MECHANIKER\/IN&#8221; font_container=&#8221;tag:h5|text_align:center&#8221; use_theme_fonts=&#8221;yes&#8221;][vc_column_text el_class=&#8221;requisiti&#8221;]Wir suchen eine Person mit Erfahrung im mechanischen und mechatronischen Bereich, die selbst\u00e4ndig arbeiten kann, mit den neuesten Automobiltechnologien vertraut ist und \u00fcber Grundkenntnisse im Umgang mit IT-Tools verf\u00fcgt.<\/p>\n<p><strong>Arbeitsort<\/strong>: Grumello del Monte (BG).<\/p>\n<p><small>Diese Anzeige richtet sich gem\u00e4\u00df den Gesetzen 903\/77 und 125\/91 an beide Geschlechter.<\/small>[\/vc_column_text][\/vc_column_inner][vc_column_inner el_class=&#8221;annuncio&#8221; width=&#8221;1\/2&#8243; css=&#8221;.vc_custom_1687344181336{background-color: #ffffff !important;}&#8221;][vc_custom_heading text=&#8221;VERK\u00c4UFER&#8221; font_container=&#8221;tag:h5|text_align:center&#8221; use_theme_fonts=&#8221;yes&#8221;][vc_column_text el_class=&#8221;requisiti&#8221;]Wir suchen eine(n) dynamische(n) Verk\u00e4ufer(in), auch ohne Erfahrung, der\/die gut mit Menschen umgehen kann und \u00fcber Grundkenntnisse der IT-Tools f\u00fcr die B\u00fcroautomation und vorzugsweise \u00fcber Englischkenntnisse verf\u00fcgt.<br \/>\nEs wird eine unbefristete Vollzeitbesch\u00e4ftigung angeboten.<\/p>\n<p><strong>Arbeitsorte<\/strong>:\u00a0 Grumello del Monte (BG).<\/p>\n<p><small>Diese Anzeige richtet sich gem\u00e4\u00df den Gesetzen 903\/77 und 125\/91 an beide Geschlechter.<\/small>[\/vc_column_text][\/vc_column_inner][\/vc_row_inner][vc_row_inner equal_height=&#8221;yes&#8221; content_placement=&#8221;top&#8221; gap=&#8221;30&#8243;][vc_column_inner el_class=&#8221;annuncio&#8221; width=&#8221;1\/2&#8243; css=&#8221;.vc_custom_1687344176234{background-color: #ffffff !important;}&#8221;][vc_custom_heading text=&#8221;VERWALTUNGSANGESTELLTE\/R&#8221; font_container=&#8221;tag:h5|text_align:center&#8221; use_theme_fonts=&#8221;yes&#8221;][vc_column_text el_class=&#8221;requisiti&#8221;]Wir suchen eine Nachwuchskraft, auch mit geringer Erfahrung, f\u00fcr den Bereich<br \/>\nBuchhaltung\/Verwaltung, mit einem f\u00fcr die Stelle relevanten Bildungsabschluss und Grundkenntnissen<br \/>\nvon IT-Tools (Office, E-Mail usw.). Kenntnisse der englischen Sprache sind w\u00fcnschenswert.<\/p>\n<p><small>Diese Anzeige richtet sich gem\u00e4\u00df den Gesetzen 903\/77 und 125\/91 an beide Geschlechter.<\/small>[\/vc_column_text][\/vc_column_inner][\/vc_row_inner][vc_empty_space height=&#8221;50px&#8221;][\/vc_column][\/vc_row][vc_row full_width=&#8221;stretch_row&#8221; disable_element=&#8221;yes&#8221; el_class=&#8221;bg-gray padding-30&#8243;][vc_column offset=&#8221;vc_col-lg-offset-3 vc_col-lg-6 vc_col-md-offset-2 vc_col-md-8&#8243;][vc_toggle title=&#8221;Requisiti&#8221; style=&#8221;arrow&#8221; el_class=&#8221;requisiti&#8221;]Ricerchiamo figura con esperienza in ambito meccanico e meccatronico, che sappia gestirsi in autonomia e abbia familiarit\u00e0 con le ultime tecnologie in campo automotive e una conoscenza di base degli strumenti informatici.<\/p>\n<p><strong>Sede di lavoro:<\/strong> Grumello del Monte (BG).<\/p>\n<p><small>Il presente annuncio \u00e8 rivolto ad entrambi i sessi, ai sensi delle leggi 903\/77 e 125\/91.<\/small>[\/vc_toggle][vc_toggle title=&#8221;Requisiti&#8221; style=&#8221;arrow&#8221; el_class=&#8221;requisiti&#8221;]Ricerchiamo venditore intraprendente, predisposto al rapporto con il pubblico, anche senza esperienza, con conoscenza di base degli strumenti informatici di office automation e preferibile conoscenza della lingua inglese.<\/p>\n<p>Viene offerto impiego full time a tempo indeterminato.<\/p>\n<p><strong>Sedi di lavoro: <\/strong>Grumello del Monte (BG).<\/p>\n<p><small>Il presente annuncio \u00e8 rivolto ad entrambi i sessi, ai sensi delle leggi 903\/77 e 125\/91.<\/small>[\/vc_toggle][vc_custom_heading text=&#8221;Vuoi inviare la tua candidatura spontanea?&#8221; font_container=&#8221;tag:h5|text_align:center&#8221; use_theme_fonts=&#8221;yes&#8221;][vc_column_text el_class=&#8221;text-center&#8221;]Compila il form qui sotto[\/vc_column_text]<p class=\"wpcf7-contact-form-not-found\"><strong>Fehler:<\/strong> Kontaktformular wurde nicht gefunden.<\/p>[\/vc_column][\/vc_row]<\/p>\n<\/div>","protected":false},"excerpt":{"rendered":"<p>[vc_row full_width=&#8221;stretch_row_content&#8221;][vc_column offset=&#8221;vc_col-lg-offset-1 vc_col-lg-10&#8243;][vc_single_image source=&#8221;featured_image&#8221; img_size=&#8221;1600&#215;500&#8243; alignment=&#8221;center&#8221;][vc_empty_space height=&#8221;30px&#8221;][\/vc_column][\/vc_row][vc_row][vc_column offset=&#8221;vc_col-lg-offset-2 vc_col-lg-8&#8243;][vc_column_text el_class=&#8221;text-center&#8221;]Wenn Sie unsere Leidenschaft f\u00fcr Autos teilen und Teil eines Teams sein wollen, das Tr\u00e4ume auf vier R\u00e4dern verwirklicht, senden Sie uns bitte Ihren Lebenslauf mit einem kurzen Vorstellungsschreiben an commerciale@silvauto.it. Wir sind neugierig darauf, herauszufinden, wie wir gemeinsam neue Ziele in der Welt der&#8230;<\/p>\n","protected":false},"author":1,"featured_media":0,"parent":259542,"menu_order":0,"comment_status":"closed","ping_status":"closed","template":"","meta":{"footnotes":""},"class_list":["post-259557","page","type-page","status-publish","hentry"],"yoast_head":"<!-- This site is optimized with the Yoast SEO plugin v27.3 - https:\/\/yoast.com\/product\/yoast-seo-wordpress\/ -->\n<title>Stellenangebote bei Silvauto<\/title>\n<meta name=\"description\" content=\"Wenn Sie unsere Leidenschaft f\u00fcr Autos teilen und Teil des Silvauto-Teams werden m\u00f6chten, senden Sie Ihren Lebenslauf an commerciale@silvauto.it.\" \/>\n<meta name=\"robots\" content=\"index, follow, max-snippet:-1, max-image-preview:large, max-video-preview:-1\" \/>\n<link rel=\"canonical\" href=\"https:\/\/www.silvauto.it\/de\/wer-wir-sind\/arbeiten-bei-uns\/\" \/>\n<meta property=\"og:locale\" content=\"de_DE\" \/>\n<meta property=\"og:type\" content=\"article\" \/>\n<meta property=\"og:title\" content=\"Stellenangebote bei Silvauto\" \/>\n<meta property=\"og:description\" content=\"Wenn Sie unsere Leidenschaft f\u00fcr Autos teilen und Teil des Silvauto-Teams werden m\u00f6chten, senden Sie Ihren Lebenslauf an commerciale@silvauto.it.\" \/>\n<meta property=\"og:url\" content=\"https:\/\/www.silvauto.it\/de\/wer-wir-sind\/arbeiten-bei-uns\/\" \/>\n<meta property=\"og:site_name\" content=\"Silvauto\" \/>\n<meta property=\"article:publisher\" content=\"https:\/\/www.facebook.com\/p\/silvautospa-100069924480834\/\" \/>\n<meta property=\"article:modified_time\" content=\"2023-08-04T12:37:41+00:00\" \/>\n<meta name=\"twitter:card\" content=\"summary_large_image\" \/>\n<meta name=\"twitter:label1\" content=\"Gesch\u00e4tzte Lesezeit\" \/>\n\t<meta name=\"twitter:data1\" content=\"2\u00a0Minuten\" \/>\n<script type=\"application\/ld+json\" class=\"yoast-schema-graph\">{\"@context\":\"https:\\\/\\\/schema.org\",\"@graph\":[{\"@type\":\"WebPage\",\"@id\":\"https:\\\/\\\/www.silvauto.it\\\/de\\\/wer-wir-sind\\\/arbeiten-bei-uns\\\/\",\"url\":\"https:\\\/\\\/www.silvauto.it\\\/de\\\/wer-wir-sind\\\/arbeiten-bei-uns\\\/\",\"name\":\"Stellenangebote bei Silvauto\",\"isPartOf\":{\"@id\":\"https:\\\/\\\/www.silvauto.it\\\/de\\\/#website\"},\"datePublished\":\"2023-06-20T14:11:50+00:00\",\"dateModified\":\"2023-08-04T12:37:41+00:00\",\"description\":\"Wenn Sie unsere Leidenschaft f\u00fcr Autos teilen und Teil des Silvauto-Teams werden m\u00f6chten, senden Sie Ihren Lebenslauf an commerciale@silvauto.it.\",\"breadcrumb\":{\"@id\":\"https:\\\/\\\/www.silvauto.it\\\/de\\\/wer-wir-sind\\\/arbeiten-bei-uns\\\/#breadcrumb\"},\"inLanguage\":\"de\",\"potentialAction\":[{\"@type\":\"ReadAction\",\"target\":[\"https:\\\/\\\/www.silvauto.it\\\/de\\\/wer-wir-sind\\\/arbeiten-bei-uns\\\/\"]}]},{\"@type\":\"BreadcrumbList\",\"@id\":\"https:\\\/\\\/www.silvauto.it\\\/de\\\/wer-wir-sind\\\/arbeiten-bei-uns\\\/#breadcrumb\",\"itemListElement\":[{\"@type\":\"ListItem\",\"position\":1,\"name\":\"Home\",\"item\":\"https:\\\/\\\/www.silvauto.it\\\/de\\\/\"},{\"@type\":\"ListItem\",\"position\":2,\"name\":\"Wer wir sind\",\"item\":\"https:\\\/\\\/www.silvauto.it\\\/de\\\/wer-wir-sind\\\/\"},{\"@type\":\"ListItem\",\"position\":3,\"name\":\"Arbeiten bei uns\"}]},{\"@type\":\"WebSite\",\"@id\":\"https:\\\/\\\/www.silvauto.it\\\/de\\\/#website\",\"url\":\"https:\\\/\\\/www.silvauto.it\\\/de\\\/\",\"name\":\"Silvauto\",\"description\":\"Trova la tua prossima auto\",\"publisher\":{\"@id\":\"https:\\\/\\\/www.silvauto.it\\\/de\\\/#organization\"},\"potentialAction\":[{\"@type\":\"SearchAction\",\"target\":{\"@type\":\"EntryPoint\",\"urlTemplate\":\"https:\\\/\\\/www.silvauto.it\\\/de\\\/?s={search_term_string}\"},\"query-input\":{\"@type\":\"PropertyValueSpecification\",\"valueRequired\":true,\"valueName\":\"search_term_string\"}}],\"inLanguage\":\"de\"},{\"@type\":\"Organization\",\"@id\":\"https:\\\/\\\/www.silvauto.it\\\/de\\\/#organization\",\"name\":\"Silvauto S.p.A.\",\"url\":\"https:\\\/\\\/www.silvauto.it\\\/de\\\/\",\"logo\":{\"@type\":\"ImageObject\",\"inLanguage\":\"de\",\"@id\":\"https:\\\/\\\/www.silvauto.it\\\/de\\\/#\\\/schema\\\/logo\\\/image\\\/\",\"url\":\"https:\\\/\\\/www.silvauto.it\\\/wp-content\\\/uploads\\\/2023\\\/06\\\/Silvauto-1.png\",\"contentUrl\":\"https:\\\/\\\/www.silvauto.it\\\/wp-content\\\/uploads\\\/2023\\\/06\\\/Silvauto-1.png\",\"width\":350,\"height\":104,\"caption\":\"Silvauto S.p.A.\"},\"image\":{\"@id\":\"https:\\\/\\\/www.silvauto.it\\\/de\\\/#\\\/schema\\\/logo\\\/image\\\/\"},\"sameAs\":[\"https:\\\/\\\/www.facebook.com\\\/p\\\/silvautospa-100069924480834\\\/\",\"https:\\\/\\\/www.instagram.com\\\/silvauto_spa\",\"https:\\\/\\\/www.linkedin.com\\\/company\\\/silvauto-spa\\\/\"]}]}<\/script>\n<!-- \/ Yoast SEO plugin. -->","yoast_head_json":{"title":"Stellenangebote bei Silvauto","description":"Wenn Sie unsere Leidenschaft f\u00fcr Autos teilen und Teil des Silvauto-Teams werden m\u00f6chten, senden Sie Ihren Lebenslauf an commerciale@silvauto.it.","robots":{"index":"index","follow":"follow","max-snippet":"max-snippet:-1","max-image-preview":"max-image-preview:large","max-video-preview":"max-video-preview:-1"},"canonical":"https:\/\/www.silvauto.it\/de\/wer-wir-sind\/arbeiten-bei-uns\/","og_locale":"de_DE","og_type":"article","og_title":"Stellenangebote bei Silvauto","og_description":"Wenn Sie unsere Leidenschaft f\u00fcr Autos teilen und Teil des Silvauto-Teams werden m\u00f6chten, senden Sie Ihren Lebenslauf an commerciale@silvauto.it.","og_url":"https:\/\/www.silvauto.it\/de\/wer-wir-sind\/arbeiten-bei-uns\/","og_site_name":"Silvauto","article_publisher":"https:\/\/www.facebook.com\/p\/silvautospa-100069924480834\/","article_modified_time":"2023-08-04T12:37:41+00:00","twitter_card":"summary_large_image","twitter_misc":{"Gesch\u00e4tzte Lesezeit":"2\u00a0Minuten"},"schema":{"@context":"https:\/\/schema.org","@graph":[{"@type":"WebPage","@id":"https:\/\/www.silvauto.it\/de\/wer-wir-sind\/arbeiten-bei-uns\/","url":"https:\/\/www.silvauto.it\/de\/wer-wir-sind\/arbeiten-bei-uns\/","name":"Stellenangebote bei Silvauto","isPartOf":{"@id":"https:\/\/www.silvauto.it\/de\/#website"},"datePublished":"2023-06-20T14:11:50+00:00","dateModified":"2023-08-04T12:37:41+00:00","description":"Wenn Sie unsere Leidenschaft f\u00fcr Autos teilen und Teil des Silvauto-Teams werden m\u00f6chten, senden Sie Ihren Lebenslauf an commerciale@silvauto.it.","breadcrumb":{"@id":"https:\/\/www.silvauto.it\/de\/wer-wir-sind\/arbeiten-bei-uns\/#breadcrumb"},"inLanguage":"de","potentialAction":[{"@type":"ReadAction","target":["https:\/\/www.silvauto.it\/de\/wer-wir-sind\/arbeiten-bei-uns\/"]}]},{"@type":"BreadcrumbList","@id":"https:\/\/www.silvauto.it\/de\/wer-wir-sind\/arbeiten-bei-uns\/#breadcrumb","itemListElement":[{"@type":"ListItem","position":1,"name":"Home","item":"https:\/\/www.silvauto.it\/de\/"},{"@type":"ListItem","position":2,"name":"Wer wir sind","item":"https:\/\/www.silvauto.it\/de\/wer-wir-sind\/"},{"@type":"ListItem","position":3,"name":"Arbeiten bei uns"}]},{"@type":"WebSite","@id":"https:\/\/www.silvauto.it\/de\/#website","url":"https:\/\/www.silvauto.it\/de\/","name":"Silvauto","description":"Trova la tua prossima auto","publisher":{"@id":"https:\/\/www.silvauto.it\/de\/#organization"},"potentialAction":[{"@type":"SearchAction","target":{"@type":"EntryPoint","urlTemplate":"https:\/\/www.silvauto.it\/de\/?s={search_term_string}"},"query-input":{"@type":"PropertyValueSpecification","valueRequired":true,"valueName":"search_term_string"}}],"inLanguage":"de"},{"@type":"Organization","@id":"https:\/\/www.silvauto.it\/de\/#organization","name":"Silvauto S.p.A.","url":"https:\/\/www.silvauto.it\/de\/","logo":{"@type":"ImageObject","inLanguage":"de","@id":"https:\/\/www.silvauto.it\/de\/#\/schema\/logo\/image\/","url":"https:\/\/www.silvauto.it\/wp-content\/uploads\/2023\/06\/Silvauto-1.png","contentUrl":"https:\/\/www.silvauto.it\/wp-content\/uploads\/2023\/06\/Silvauto-1.png","width":350,"height":104,"caption":"Silvauto S.p.A."},"image":{"@id":"https:\/\/www.silvauto.it\/de\/#\/schema\/logo\/image\/"},"sameAs":["https:\/\/www.facebook.com\/p\/silvautospa-100069924480834\/","https:\/\/www.instagram.com\/silvauto_spa","https:\/\/www.linkedin.com\/company\/silvauto-spa\/"]}]}},"_links":{"self":[{"href":"https:\/\/www.silvauto.it\/de\/wp-json\/wp\/v2\/pages\/259557","targetHints":{"allow":["GET"]}}],"collection":[{"href":"https:\/\/www.silvauto.it\/de\/wp-json\/wp\/v2\/pages"}],"about":[{"href":"https:\/\/www.silvauto.it\/de\/wp-json\/wp\/v2\/types\/page"}],"author":[{"embeddable":true,"href":"https:\/\/www.silvauto.it\/de\/wp-json\/wp\/v2\/users\/1"}],"replies":[{"embeddable":true,"href":"https:\/\/www.silvauto.it\/de\/wp-json\/wp\/v2\/comments?post=259557"}],"version-history":[{"count":0,"href":"https:\/\/www.silvauto.it\/de\/wp-json\/wp\/v2\/pages\/259557\/revisions"}],"up":[{"embeddable":true,"href":"https:\/\/www.silvauto.it\/de\/wp-json\/wp\/v2\/pages\/259542"}],"wp:attachment":[{"href":"https:\/\/www.silvauto.it\/de\/wp-json\/wp\/v2\/media?parent=259557"}],"curies":[{"name":"wp","href":"https:\/\/api.w.org\/{rel}","templated":true}]}}