{"id":259553,"date":"2023-06-20T16:11:07","date_gmt":"2023-06-20T14:11:07","guid":{"rendered":"https:\/\/www.silvauto.it\/?page_id=259553"},"modified":"2023-08-04T14:29:57","modified_gmt":"2023-08-04T12:29:57","slug":"das-personal","status":"publish","type":"page","link":"https:\/\/www.silvauto.it\/de\/wer-wir-sind\/das-personal\/","title":{"rendered":"Das Personal"},"content":{"rendered":"<div class=\"wpb-content-wrapper\"><p>[vc_row full_width=&#8221;stretch_row_content&#8221;][vc_column offset=&#8221;vc_col-lg-offset-1 vc_col-lg-10&#8243;][vc_single_image source=&#8221;featured_image&#8221; img_size=&#8221;1600&#215;500&#8243; alignment=&#8221;center&#8221;][vc_empty_space height=&#8221;30px&#8221;][\/vc_column][\/vc_row][vc_row][vc_column][vc_column_text el_class=&#8221;lead&#8221;]Es sind die Menschen, die den au\u00dfergew\u00f6hnlichen Service erm\u00f6glichen, den wir unseren Kunden bieten, damit sie sich immer in den besten H\u00e4nden f\u00fchlen.[\/vc_column_text][vc_column_text]Seite an Seite mit den beiden Gr\u00fcndern des Unternehmens arbeitet ein junges und energiegeladenes Team: Eine eingeschworene Gruppe, die mit den neuen Technologien aufgewachsen ist und daher von Natur aus pr\u00e4disponiert ist, diese mit Begeisterung zu nutzen. Oftmals intern ausgebildete Mitarbeiter, die sich die Unternehmenswerte von Silvauto zu eigen gemacht haben: Kompetenz, Verf\u00fcgbarkeit, Opferbereitschaft und der Wille, etwas zu erreichen.[\/vc_column_text][vc_empty_space height=&#8221;30px&#8221;][\/vc_column][\/vc_row][vc_row full_width=&#8221;stretch_row&#8221; css=&#8221;.vc_custom_1687355133821{margin-bottom: 0px !important;padding-top: 48px !important;padding-bottom: 15px !important;}&#8221; el_class=&#8221;bg-grey&#8221; el_id=&#8221;staff&#8221;][vc_column][vc_column_text]Unser Team besteht aus leidenschaftlichen, kompetenten und engagierten Personen, die eine tiefe Liebe f\u00fcr die Welt der Autos hegen. Jeder unserer Mitarbeiter bringt einzigartige Erfahrungen und umfassende Branchenkenntnisse mit, die sich in der Sorgfalt und Aufmerksamkeit widerspiegeln, die wir jedem Aspekt unserer Arbeit widmen.[\/vc_column_text][vc_row_inner][vc_column_inner width=&#8221;1\/2&#8243; offset=&#8221;vc_col-lg-3&#8243;][stm_our_team image_size=&#8221;full&#8221; image=&#8221;255830&#8243; name=&#8221;Dario Belloli&#8221; position=&#8221;Gesch\u00e4ftsf\u00fchrer&#8221; email=&#8221;d.belloli@silvauto.it&#8221;][\/vc_column_inner][vc_column_inner width=&#8221;1\/2&#8243; offset=&#8221;vc_col-lg-3&#8243;][stm_our_team image_size=&#8221;full&#8221; image=&#8221;255879&#8243; name=&#8221;Silvano Calissi&#8221; position=&#8221;Vorsitzender des Verwaltungsrats und technischer Leiter&#8221; email=&#8221;s.calissi@silvauto.it&#8221;][\/vc_column_inner][vc_column_inner width=&#8221;1\/2&#8243; offset=&#8221;vc_col-lg-3&#8243;][stm_our_team image_size=&#8221;full&#8221; image=&#8221;255851&#8243; name=&#8221;Alessandro Mietta&#8221; position=&#8221;Generaldirektor&#8221; email=&#8221;a.mietta@silvauto.it&#8221;][\/vc_column_inner][vc_column_inner width=&#8221;1\/2&#8243; offset=&#8221;vc_col-lg-3&#8243;][stm_our_team image_size=&#8221;full&#8221; image=&#8221;255883&#8243; name=&#8221;Tancredi Scarpellini&#8221; position=&#8221;Rechtsabteilung und der Personalabteilung&#8221; email=&#8221;t.scarpellini@silvauto.it&#8221;][\/vc_column_inner][\/vc_row_inner][vc_row_inner][vc_column_inner width=&#8221;1\/2&#8243; offset=&#8221;vc_col-lg-3&#8243;][stm_our_team image_size=&#8221;678&#215;1015&#8243; image=&#8221;255836&#8243; name=&#8221;Federico Rivellini&#8221; position=&#8221;Kaufm\u00e4nnischer Direktor und Ansprechpartner f\u00fcr historische Fahrzeuge und Sammlerst\u00fccke&#8221; email=&#8221;f.rivellini@silvauto.it&#8221;][\/vc_column_inner][vc_column_inner width=&#8221;1\/2&#8243; offset=&#8221;vc_col-lg-3&#8243;][stm_our_team image_size=&#8221;678&#215;1015&#8243; image=&#8221;255871&#8243; name=&#8221;Livio Belometti&#8221; position=&#8221;Verkaufsberater&#8221; email=&#8221;l.belometti@silvauto.it&#8221;][\/vc_column_inner][vc_column_inner width=&#8221;1\/2&#8243; offset=&#8221;vc_col-lg-3&#8243;][stm_our_team image_size=&#8221;678&#215;1015&#8243; name=&#8221;Alex Marcolli&#8221; position=&#8221;Verkaufsberater&#8221; email=&#8221;a.marcolli@silvauto.it&#8221; image=&#8221;255859&#8243;][\/vc_column_inner][vc_column_inner width=&#8221;1\/2&#8243; offset=&#8221;vc_col-lg-3&#8243;][stm_our_team image_size=&#8221;678&#215;1015&#8243; name=&#8221;Alessia Plebani&#8221; position=&#8221;Back Office&#8221; email=&#8221;a.plebani@silvauto.it&#8221; image=&#8221;255855&#8243;][\/vc_column_inner][\/vc_row_inner][vc_row_inner][vc_column_inner width=&#8221;1\/4&#8243;][stm_our_team image_size=&#8221;266&#215;400&#8243; image=&#8221;259022&#8243; name=&#8221;Daniela Pezzoli&#8221; position=&#8221;Back Office&#8221; email=&#8221;d.pezzoli@silvauto.it&#8221;][\/vc_column_inner][vc_column_inner width=&#8221;1\/4&#8243; offset=&#8221;vc_col-lg-3&#8243;][stm_our_team image_size=&#8221;full&#8221; image=&#8221;259003&#8243; name=&#8221;Lucrezia Pederzini&#8221; position=&#8221;Marketing&#8221; email=&#8221;l.pederzini@silvauto.it&#8221;][\/vc_column_inner][vc_column_inner width=&#8221;1\/4&#8243; offset=&#8221;vc_col-lg-3&#8243;][stm_our_team image_size=&#8221;full&#8221; image=&#8221;255867&#8243; name=&#8221;Ivan Frattini&#8221; position=&#8221;Autoreparaturtechniker &#8211; Karosserieabteilung&#8221; email=&#8221;service@silvauto.it&#8221;][\/vc_column_inner][vc_column_inner width=&#8221;1\/4&#8243; offset=&#8221;vc_col-lg-3&#8243;][stm_our_team image_size=&#8221;full&#8221; image=&#8221;255863&#8243; name=&#8221;Denis Vismara&#8221; position=&#8221;Logistik und Fahrzeugvorbereitung&#8221; email=&#8221;service@silvauto.it&#8221;][\/vc_column_inner][\/vc_row_inner][vc_row_inner][vc_column_inner width=&#8221;1\/4&#8243; offset=&#8221;vc_col-lg-3&#8243;][stm_our_team image_size=&#8221;full&#8221; image=&#8221;256957&#8243; name=&#8221;Pape Bibi Fall&#8221; position=&#8221;Fahrzeugvorbereitung&#8221; email=&#8221;service@silvauto.it&#8221;][\/vc_column_inner][vc_column_inner width=&#8221;1\/4&#8243; offset=&#8221;vc_col-lg-3&#8243;][\/vc_column_inner][vc_column_inner width=&#8221;1\/4&#8243;][\/vc_column_inner][\/vc_row_inner][\/vc_column][\/vc_row][vc_row full_width=&#8221;stretch_row_content&#8221; disable_element=&#8221;yes&#8221; el_class=&#8221;blocco-standard-no-padding-top bg-red btn-pre-footer&#8221;][vc_column][vc_btn title=&#8221;Scopri tutti i servizi&#8221; style=&#8221;flat&#8221; shape=&#8221;square&#8221; color=&#8221;inverse&#8221; align=&#8221;center&#8221; i_align=&#8221;right&#8221; i_icon_fontawesome=&#8221;fas fa-long-arrow-alt-right&#8221; add_icon=&#8221;true&#8221; el_class=&#8221;text-uppercase&#8221; link=&#8221;url:http%3A%2F%2Fwww.silvauto.it%2Fservizi%2F|title:Tutti%20i%20servizi&#8221;][\/vc_column][\/vc_row][vc_row full_width=&#8221;stretch_row&#8221; el_id=&#8221;contattaci&#8221;][vc_column offset=&#8221;vc_col-lg-offset-1 vc_col-lg-10 vc_col-md-offset-1 vc_col-md-10&#8243;][vc_empty_space height=&#8221;50px&#8221;][vc_custom_heading text=&#8221;M\u00d6CHTEN SIE DIREKT MIT UNS SPRECHEN?&#8221; font_container=&#8221;tag:p|text_align:center&#8221; use_theme_fonts=&#8221;yes&#8221; el_class=&#8221;h3&#8243;][vc_empty_space height=&#8221;10px&#8221;][vc_btn title=&#8221;Kontaktieren sie uns&#8221; style=&#8221;flat&#8221; shape=&#8221;square&#8221; color=&#8221;inverse&#8221; align=&#8221;center&#8221; i_align=&#8221;right&#8221; i_icon_fontawesome=&#8221;fas fa-long-arrow-alt-right&#8221; add_icon=&#8221;true&#8221; el_class=&#8221;text-uppercase&#8221; link=&#8221;url:https%3A%2F%2Fwww.silvauto.it%2Fde%2Fkontakt%2F|title:Kontaktieren%20sie%20uns&#8221;][vc_empty_space height=&#8221;30px&#8221;][\/vc_column][\/vc_row][vc_row full_width=&#8221;stretch_row&#8221; disable_element=&#8221;yes&#8221; el_class=&#8221;bg-grey&#8221;][vc_column offset=&#8221;vc_col-lg-offset-1 vc_col-lg-10 vc_col-md-offset-1 vc_col-md-10&#8243;][vc_empty_space height=&#8221;50px&#8221;][vc_custom_heading text=&#8221;Vuoi parlare direttamente con noi?&#8221; font_container=&#8221;tag:p|text_align:center&#8221; use_theme_fonts=&#8221;yes&#8221; el_class=&#8221;h2&#8243;][vc_empty_space height=&#8221;20px&#8221;]\n<div class=\"wpcf7 no-js\" id=\"wpcf7-f259196-o1\" lang=\"de-DE\" dir=\"ltr\" data-wpcf7-id=\"259196\">\n<div class=\"screen-reader-response\"><p role=\"status\" aria-live=\"polite\" aria-atomic=\"true\"><\/p> <ul><\/ul><\/div>\n<form action=\"\/de\/wp-json\/wp\/v2\/pages\/259553#wpcf7-f259196-o1\" method=\"post\" class=\"wpcf7-form init\" aria-label=\"Kontaktformular\" novalidate=\"novalidate\" data-status=\"init\">\n<fieldset class=\"hidden-fields-container\"><input type=\"hidden\" name=\"_wpcf7\" value=\"259196\" \/><input type=\"hidden\" name=\"_wpcf7_version\" value=\"6.1.5\" \/><input type=\"hidden\" name=\"_wpcf7_locale\" value=\"de_DE\" \/><input type=\"hidden\" name=\"_wpcf7_unit_tag\" value=\"wpcf7-f259196-o1\" \/><input type=\"hidden\" name=\"_wpcf7_container_post\" value=\"0\" \/><input type=\"hidden\" name=\"_wpcf7_posted_data_hash\" value=\"\" \/><input type=\"hidden\" name=\"_wpcf7cf_hidden_group_fields\" value=\"[]\" \/><input type=\"hidden\" name=\"_wpcf7cf_hidden_groups\" value=\"[]\" \/><input type=\"hidden\" name=\"_wpcf7cf_visible_groups\" value=\"[]\" \/><input type=\"hidden\" name=\"_wpcf7cf_repeaters\" value=\"[]\" \/><input type=\"hidden\" name=\"_wpcf7cf_steps\" value=\"{}\" \/><input type=\"hidden\" name=\"_wpcf7cf_options\" value=\"{&quot;form_id&quot;:259196,&quot;conditions&quot;:[],&quot;settings&quot;:{&quot;animation&quot;:&quot;yes&quot;,&quot;animation_intime&quot;:200,&quot;animation_outtime&quot;:200,&quot;conditions_ui&quot;:&quot;normal&quot;,&quot;notice_dismissed&quot;:false,&quot;notice_dismissed_rollback-cf7-5.9.8&quot;:true,&quot;notice_dismissed_rollback-cf7-6.0.1&quot;:true,&quot;notice_dismissed_rollback-cf7-6.1.1&quot;:true}}\" \/><input type=\"hidden\" name=\"_wpcf7dtx_version\" value=\"5.0.5\" \/><input type=\"hidden\" name=\"upload_dir\" value=\"cf7-multifile-upload\" \/><input type=\"hidden\" name=\"generate_name\" value=\"04-07-26-69d4e964beb4d\" \/><input type=\"hidden\" name=\"_wpcf7_recaptcha_response\" value=\"\" \/>\n<\/fieldset>\n<input class=\"wpcf7-form-control wpcf7-hidden\" value=\"\" type=\"hidden\" name=\"utm_campaign\" \/>\n<input class=\"wpcf7-form-control wpcf7-hidden\" value=\"\" type=\"hidden\" name=\"utm_source\" \/>\n<input class=\"wpcf7-form-control wpcf7-hidden\" value=\"\" type=\"hidden\" name=\"utm_medium\" \/>\n<input class=\"wpcf7-form-control wpcf7-hidden\" value=\"\" type=\"hidden\" name=\"utm_content\" \/>\n<input class=\"wpcf7-form-control wpcf7-hidden\" value=\"\" type=\"hidden\" name=\"url_lead\" \/>\n<input class=\"wpcf7-form-control wpcf7-hidden\" value=\"lead\" type=\"hidden\" name=\"lc_list_name\" \/>\n\n<div class=\"form-info\">\n<div class=\"form-info-sx\">\n<label><strong>Vorname *<\/strong>\n    <span class=\"wpcf7-form-control-wrap\" data-name=\"first_name\"><input size=\"40\" maxlength=\"400\" class=\"wpcf7-form-control wpcf7-text wpcf7-validates-as-required\" aria-required=\"true\" aria-invalid=\"false\" value=\"\" type=\"text\" name=\"first_name\" \/><\/span> <\/label>\n<\/div>\n<div class=\"form-info-dx\">\n<label><strong>Nachname *<\/strong>\n    <span class=\"wpcf7-form-control-wrap\" data-name=\"last_name\"><input size=\"40\" maxlength=\"400\" class=\"wpcf7-form-control wpcf7-text wpcf7-validates-as-required\" aria-required=\"true\" aria-invalid=\"false\" value=\"\" type=\"text\" name=\"last_name\" \/><\/span> <\/label>\n<\/div>\n<div class=\"form-info-sx\">\n<label><strong>Email *<\/strong>\n    <span class=\"wpcf7-form-control-wrap\" data-name=\"your-email\"><input size=\"40\" maxlength=\"400\" class=\"wpcf7-form-control wpcf7-email wpcf7-validates-as-required wpcf7-text wpcf7-validates-as-email\" aria-required=\"true\" aria-invalid=\"false\" value=\"\" type=\"email\" name=\"your-email\" \/><\/span> <\/label>\n<\/div>\n<div class=\"form-info-dx\">\n<label><strong>Telefon *<\/strong>\n    <span class=\"wpcf7-form-control-wrap\" data-name=\"telefono\"><input size=\"40\" maxlength=\"400\" class=\"wpcf7-form-control wpcf7-tel wpcf7-validates-as-required wpcf7-text wpcf7-validates-as-tel\" aria-required=\"true\" aria-invalid=\"false\" value=\"\" type=\"tel\" name=\"telefono\" \/><\/span> <\/label>\n<\/div>\n<div class=\"form-info-100\">\n<label><strong>Grund der Kontaktaufnahme<\/strong><br>\n    <span class=\"wpcf7-form-control-wrap\" data-name=\"motivo-contatto\"><input size=\"40\" maxlength=\"400\" class=\"wpcf7-form-control wpcf7-text wpcf7-validates-as-required\" aria-required=\"true\" aria-invalid=\"false\" value=\"\" type=\"text\" name=\"motivo-contatto\" \/><\/span> <\/label>\n<\/div>\n<div class=\"form-info-100\">\n<label><strong>M\u00f6chten Sie Anmerkungen hinzuf\u00fcgen?<\/strong><br>\n    <span class=\"wpcf7-form-control-wrap\" data-name=\"your-message\"><textarea cols=\"40\" rows=\"10\" maxlength=\"2000\" class=\"wpcf7-form-control wpcf7-textarea\" aria-invalid=\"false\" placeholder=\"Hier eingeben\" name=\"your-message\"><\/textarea><\/span> <\/label>\n<\/div>\n\n<div class=\"informativa\">\n<span class=\"wpcf7-form-control-wrap\" data-name=\"privacy\"><span class=\"wpcf7-form-control wpcf7-checkbox wpcf7-validates-as-required\"><span class=\"wpcf7-list-item first last\"><label><input type=\"checkbox\" name=\"privacy[]\" value=\"Ich stimme der Verarbeitung meiner personenbezogenen Daten gem\u00e4\u00df den geltenden Datenschutzbestimmungen (EU-Verordnung Nr. 679\/16) gem\u00e4\u00df den in der Datenschutzrichtlinie angegebenen Zwecken und Verfahren zu.\" \/><span class=\"wpcf7-list-item-label\">Ich stimme der Verarbeitung meiner personenbezogenen Daten gem\u00e4\u00df den geltenden Datenschutzbestimmungen (EU-Verordnung Nr. 679\/16) gem\u00e4\u00df den in der Datenschutzrichtlinie angegebenen Zwecken und Verfahren zu.<\/span><\/label><\/span><\/span><\/span>\n<a href=\"\/de\/privacy-policy\/\" target=\"_blank\">Datenschutzerkl\u00e4rung lesen<\/a>\n<\/div>\n\n<input class=\"wpcf7-form-control wpcf7-submit has-spinner\" type=\"submit\" value=\"INFORMATIONSANFRAGE\" \/>\n\n<\/div><input type='hidden' class='wpcf7-pum' value='{\"closepopup\":false,\"closedelay\":0,\"openpopup\":false,\"openpopup_id\":0}' \/><div class=\"wpcf7-response-output\" aria-hidden=\"true\"><\/div>\n<\/form>\n<\/div>\n[vc_empty_space height=&#8221;30px&#8221;][\/vc_column][\/vc_row]<\/p>\n<\/div>","protected":false},"excerpt":{"rendered":"<p>[vc_row full_width=&#8221;stretch_row_content&#8221;][vc_column offset=&#8221;vc_col-lg-offset-1 vc_col-lg-10&#8243;][vc_single_image source=&#8221;featured_image&#8221; img_size=&#8221;1600&#215;500&#8243; alignment=&#8221;center&#8221;][vc_empty_space height=&#8221;30px&#8221;][\/vc_column][\/vc_row][vc_row][vc_column][vc_column_text el_class=&#8221;lead&#8221;]Es sind die Menschen, die den au\u00dfergew\u00f6hnlichen Service erm\u00f6glichen, den wir unseren Kunden bieten, damit sie sich immer in den besten H\u00e4nden f\u00fchlen.[\/vc_column_text][vc_column_text]Seite an Seite mit den beiden Gr\u00fcndern des Unternehmens arbeitet ein junges und energiegeladenes Team: Eine eingeschworene Gruppe, die mit den neuen Technologien aufgewachsen ist&#8230;<\/p>\n","protected":false},"author":1,"featured_media":0,"parent":259542,"menu_order":0,"comment_status":"closed","ping_status":"closed","template":"","meta":{"footnotes":""},"class_list":["post-259553","page","type-page","status-publish","hentry"],"yoast_head":"<!-- This site is optimized with the Yoast SEO plugin v27.3 - https:\/\/yoast.com\/product\/yoast-seo-wordpress\/ -->\n<title>Das Silvauto-Team<\/title>\n<meta name=\"description\" content=\"Neben den beiden historischen Gr\u00fcndern arbeitet ein junges, eingespieltes, energiegeladenes, aktuelles und kompetentes Team...\" \/>\n<meta name=\"robots\" content=\"index, follow, max-snippet:-1, max-image-preview:large, max-video-preview:-1\" \/>\n<link rel=\"canonical\" href=\"https:\/\/www.silvauto.it\/de\/wer-wir-sind\/das-personal\/\" \/>\n<meta property=\"og:locale\" content=\"de_DE\" \/>\n<meta property=\"og:type\" content=\"article\" \/>\n<meta property=\"og:title\" content=\"Das Silvauto-Team\" \/>\n<meta property=\"og:description\" content=\"Neben den beiden historischen Gr\u00fcndern arbeitet ein junges, eingespieltes, energiegeladenes, aktuelles und kompetentes Team...\" \/>\n<meta property=\"og:url\" content=\"https:\/\/www.silvauto.it\/de\/wer-wir-sind\/das-personal\/\" \/>\n<meta property=\"og:site_name\" content=\"Silvauto\" \/>\n<meta property=\"article:publisher\" content=\"https:\/\/www.facebook.com\/p\/silvautospa-100069924480834\/\" \/>\n<meta property=\"article:modified_time\" content=\"2023-08-04T12:29:57+00:00\" \/>\n<meta name=\"twitter:card\" content=\"summary_large_image\" \/>\n<meta name=\"twitter:label1\" content=\"Gesch\u00e4tzte Lesezeit\" \/>\n\t<meta name=\"twitter:data1\" content=\"2\u00a0Minuten\" \/>\n<script type=\"application\/ld+json\" class=\"yoast-schema-graph\">{\"@context\":\"https:\\\/\\\/schema.org\",\"@graph\":[{\"@type\":\"WebPage\",\"@id\":\"https:\\\/\\\/www.silvauto.it\\\/de\\\/wer-wir-sind\\\/das-personal\\\/\",\"url\":\"https:\\\/\\\/www.silvauto.it\\\/de\\\/wer-wir-sind\\\/das-personal\\\/\",\"name\":\"Das Silvauto-Team\",\"isPartOf\":{\"@id\":\"https:\\\/\\\/www.silvauto.it\\\/de\\\/#website\"},\"datePublished\":\"2023-06-20T14:11:07+00:00\",\"dateModified\":\"2023-08-04T12:29:57+00:00\",\"description\":\"Neben den beiden historischen Gr\u00fcndern arbeitet ein junges, eingespieltes, energiegeladenes, aktuelles und kompetentes Team...\",\"breadcrumb\":{\"@id\":\"https:\\\/\\\/www.silvauto.it\\\/de\\\/wer-wir-sind\\\/das-personal\\\/#breadcrumb\"},\"inLanguage\":\"de\",\"potentialAction\":[{\"@type\":\"ReadAction\",\"target\":[\"https:\\\/\\\/www.silvauto.it\\\/de\\\/wer-wir-sind\\\/das-personal\\\/\"]}]},{\"@type\":\"BreadcrumbList\",\"@id\":\"https:\\\/\\\/www.silvauto.it\\\/de\\\/wer-wir-sind\\\/das-personal\\\/#breadcrumb\",\"itemListElement\":[{\"@type\":\"ListItem\",\"position\":1,\"name\":\"Home\",\"item\":\"https:\\\/\\\/www.silvauto.it\\\/de\\\/\"},{\"@type\":\"ListItem\",\"position\":2,\"name\":\"Wer wir sind\",\"item\":\"https:\\\/\\\/www.silvauto.it\\\/de\\\/wer-wir-sind\\\/\"},{\"@type\":\"ListItem\",\"position\":3,\"name\":\"Das Personal\"}]},{\"@type\":\"WebSite\",\"@id\":\"https:\\\/\\\/www.silvauto.it\\\/de\\\/#website\",\"url\":\"https:\\\/\\\/www.silvauto.it\\\/de\\\/\",\"name\":\"Silvauto\",\"description\":\"Trova la tua prossima auto\",\"publisher\":{\"@id\":\"https:\\\/\\\/www.silvauto.it\\\/de\\\/#organization\"},\"potentialAction\":[{\"@type\":\"SearchAction\",\"target\":{\"@type\":\"EntryPoint\",\"urlTemplate\":\"https:\\\/\\\/www.silvauto.it\\\/de\\\/?s={search_term_string}\"},\"query-input\":{\"@type\":\"PropertyValueSpecification\",\"valueRequired\":true,\"valueName\":\"search_term_string\"}}],\"inLanguage\":\"de\"},{\"@type\":\"Organization\",\"@id\":\"https:\\\/\\\/www.silvauto.it\\\/de\\\/#organization\",\"name\":\"Silvauto S.p.A.\",\"url\":\"https:\\\/\\\/www.silvauto.it\\\/de\\\/\",\"logo\":{\"@type\":\"ImageObject\",\"inLanguage\":\"de\",\"@id\":\"https:\\\/\\\/www.silvauto.it\\\/de\\\/#\\\/schema\\\/logo\\\/image\\\/\",\"url\":\"https:\\\/\\\/www.silvauto.it\\\/wp-content\\\/uploads\\\/2023\\\/06\\\/Silvauto-1.png\",\"contentUrl\":\"https:\\\/\\\/www.silvauto.it\\\/wp-content\\\/uploads\\\/2023\\\/06\\\/Silvauto-1.png\",\"width\":350,\"height\":104,\"caption\":\"Silvauto S.p.A.\"},\"image\":{\"@id\":\"https:\\\/\\\/www.silvauto.it\\\/de\\\/#\\\/schema\\\/logo\\\/image\\\/\"},\"sameAs\":[\"https:\\\/\\\/www.facebook.com\\\/p\\\/silvautospa-100069924480834\\\/\",\"https:\\\/\\\/www.instagram.com\\\/silvauto_spa\",\"https:\\\/\\\/www.linkedin.com\\\/company\\\/silvauto-spa\\\/\"]}]}<\/script>\n<!-- \/ Yoast SEO plugin. -->","yoast_head_json":{"title":"Das Silvauto-Team","description":"Neben den beiden historischen Gr\u00fcndern arbeitet ein junges, eingespieltes, energiegeladenes, aktuelles und kompetentes Team...","robots":{"index":"index","follow":"follow","max-snippet":"max-snippet:-1","max-image-preview":"max-image-preview:large","max-video-preview":"max-video-preview:-1"},"canonical":"https:\/\/www.silvauto.it\/de\/wer-wir-sind\/das-personal\/","og_locale":"de_DE","og_type":"article","og_title":"Das Silvauto-Team","og_description":"Neben den beiden historischen Gr\u00fcndern arbeitet ein junges, eingespieltes, energiegeladenes, aktuelles und kompetentes Team...","og_url":"https:\/\/www.silvauto.it\/de\/wer-wir-sind\/das-personal\/","og_site_name":"Silvauto","article_publisher":"https:\/\/www.facebook.com\/p\/silvautospa-100069924480834\/","article_modified_time":"2023-08-04T12:29:57+00:00","twitter_card":"summary_large_image","twitter_misc":{"Gesch\u00e4tzte Lesezeit":"2\u00a0Minuten"},"schema":{"@context":"https:\/\/schema.org","@graph":[{"@type":"WebPage","@id":"https:\/\/www.silvauto.it\/de\/wer-wir-sind\/das-personal\/","url":"https:\/\/www.silvauto.it\/de\/wer-wir-sind\/das-personal\/","name":"Das Silvauto-Team","isPartOf":{"@id":"https:\/\/www.silvauto.it\/de\/#website"},"datePublished":"2023-06-20T14:11:07+00:00","dateModified":"2023-08-04T12:29:57+00:00","description":"Neben den beiden historischen Gr\u00fcndern arbeitet ein junges, eingespieltes, energiegeladenes, aktuelles und kompetentes Team...","breadcrumb":{"@id":"https:\/\/www.silvauto.it\/de\/wer-wir-sind\/das-personal\/#breadcrumb"},"inLanguage":"de","potentialAction":[{"@type":"ReadAction","target":["https:\/\/www.silvauto.it\/de\/wer-wir-sind\/das-personal\/"]}]},{"@type":"BreadcrumbList","@id":"https:\/\/www.silvauto.it\/de\/wer-wir-sind\/das-personal\/#breadcrumb","itemListElement":[{"@type":"ListItem","position":1,"name":"Home","item":"https:\/\/www.silvauto.it\/de\/"},{"@type":"ListItem","position":2,"name":"Wer wir sind","item":"https:\/\/www.silvauto.it\/de\/wer-wir-sind\/"},{"@type":"ListItem","position":3,"name":"Das Personal"}]},{"@type":"WebSite","@id":"https:\/\/www.silvauto.it\/de\/#website","url":"https:\/\/www.silvauto.it\/de\/","name":"Silvauto","description":"Trova la tua prossima auto","publisher":{"@id":"https:\/\/www.silvauto.it\/de\/#organization"},"potentialAction":[{"@type":"SearchAction","target":{"@type":"EntryPoint","urlTemplate":"https:\/\/www.silvauto.it\/de\/?s={search_term_string}"},"query-input":{"@type":"PropertyValueSpecification","valueRequired":true,"valueName":"search_term_string"}}],"inLanguage":"de"},{"@type":"Organization","@id":"https:\/\/www.silvauto.it\/de\/#organization","name":"Silvauto S.p.A.","url":"https:\/\/www.silvauto.it\/de\/","logo":{"@type":"ImageObject","inLanguage":"de","@id":"https:\/\/www.silvauto.it\/de\/#\/schema\/logo\/image\/","url":"https:\/\/www.silvauto.it\/wp-content\/uploads\/2023\/06\/Silvauto-1.png","contentUrl":"https:\/\/www.silvauto.it\/wp-content\/uploads\/2023\/06\/Silvauto-1.png","width":350,"height":104,"caption":"Silvauto S.p.A."},"image":{"@id":"https:\/\/www.silvauto.it\/de\/#\/schema\/logo\/image\/"},"sameAs":["https:\/\/www.facebook.com\/p\/silvautospa-100069924480834\/","https:\/\/www.instagram.com\/silvauto_spa","https:\/\/www.linkedin.com\/company\/silvauto-spa\/"]}]}},"_links":{"self":[{"href":"https:\/\/www.silvauto.it\/de\/wp-json\/wp\/v2\/pages\/259553","targetHints":{"allow":["GET"]}}],"collection":[{"href":"https:\/\/www.silvauto.it\/de\/wp-json\/wp\/v2\/pages"}],"about":[{"href":"https:\/\/www.silvauto.it\/de\/wp-json\/wp\/v2\/types\/page"}],"author":[{"embeddable":true,"href":"https:\/\/www.silvauto.it\/de\/wp-json\/wp\/v2\/users\/1"}],"replies":[{"embeddable":true,"href":"https:\/\/www.silvauto.it\/de\/wp-json\/wp\/v2\/comments?post=259553"}],"version-history":[{"count":0,"href":"https:\/\/www.silvauto.it\/de\/wp-json\/wp\/v2\/pages\/259553\/revisions"}],"up":[{"embeddable":true,"href":"https:\/\/www.silvauto.it\/de\/wp-json\/wp\/v2\/pages\/259542"}],"wp:attachment":[{"href":"https:\/\/www.silvauto.it\/de\/wp-json\/wp\/v2\/media?parent=259553"}],"curies":[{"name":"wp","href":"https:\/\/api.w.org\/{rel}","templated":true}]}}