{"id":259550,"date":"2023-06-20T16:10:44","date_gmt":"2023-06-20T14:10:44","guid":{"rendered":"https:\/\/www.silvauto.it\/?page_id=259550"},"modified":"2023-08-04T14:23:18","modified_gmt":"2023-08-04T12:23:18","slug":"der-showroom","status":"publish","type":"page","link":"https:\/\/www.silvauto.it\/de\/wer-wir-sind\/der-showroom\/","title":{"rendered":"Der Showroom"},"content":{"rendered":"<div class=\"wpb-content-wrapper\"><p>[vc_row full_width=&#8221;stretch_row_content&#8221;][vc_column offset=&#8221;vc_col-lg-offset-1 vc_col-lg-10&#8243;][vc_single_image image=&#8221;258459&#8243; img_size=&#8221;1600&#215;500&#8243; alignment=&#8221;center&#8221;][vc_empty_space height=&#8221;30px&#8221;][\/vc_column][\/vc_row][vc_row][vc_column][vc_column_text el_class=&#8221;lead&#8221;]Der im Sommer 2016 eingeweihte Unternehmenssitz in der Via Roma 200 in Grumello (BG) hat f\u00fcr Silvauto einen echten Qualit\u00e4tssprung bedeutet: Eine Struktur von insgesamt rund 3600 Quadratmetern, elegant, ger\u00e4umig, funktional und perfekt ausgestattet, ist die ideale L\u00f6sung, um alle unsere Angebote zu pr\u00e4sentieren, die Kunden angemessen zu empfangen und alle unsere Serviceleistungen auf bestm\u00f6gliche Weise anzubieten.[\/vc_column_text][vc_column_text]Unser neuer Showroom, der von den Hauptverkehrsstra\u00dfen aus leicht zu erreichen ist und \u00fcber ausreichend reservierte Parkpl\u00e4tze verf\u00fcgt, wurde mit den fortschrittlichsten Materialien gebaut (angefangen beim biodynamischen TX-Active-Zement), erf\u00fcllt die Kriterien der maximalen Umweltvertr\u00e4glichkeit, ist mit fortschrittlichen Systemen ausgestattet, von der Domotik bis zur Sicherheit, und wurde nach einem rationellen und modernen Layout entworfen.<\/p>\n<p>Eine wichtige Investition, die die Kr\u00f6nung eines 15-j\u00e4hrigen Wachstumskurses darstellt, aber gleichzeitig auch den Ausgangspunkt f\u00fcr neue, faszinierende Business-Horizonte bildet.<br \/>\n[\/vc_column_text][\/vc_column][\/vc_row][vc_row full_width=&#8221;stretch_row_content&#8221;][vc_column offset=&#8221;vc_col-lg-offset-2 vc_col-lg-8 vc_col-md-offset-1 vc_col-md-10&#8243;][vc_empty_space height=&#8221;50px&#8221;]<div id=\"ultimate-video-454469d44cc552b82\" class=\"ult-video  ult-adjust-bottom-margin ultimate-video-454469d44cc552b82 ultv-2865 \"><div class=\"ultv-video ultv-aspect-ratio-16_9 ultv-subscribe-responsive-none\" data-videotype=\"uv_iframe\">\n\t\t\t\t\t\t<div class=\"ultv-video__outer-wrap\" data-autoplay=\"0\" data-device=\"false\"  data-iconbg=\"#3A3A3A\" data-overcolor=\"\" data-defaultbg=\"#1f1f1e\" data-defaultplay=\"defaulticon\"><div class=\"ultv-video__play\" data-src=\"https:\/\/www.youtube.com\/embed\/99UwxGBBYcg?rel=0&#038;start&#038;end&#038;controls=1&#038;mute=0&#038;modestbranding=1&#038;autoplay=1\">\n\t\t\t\t\t\t\t\t<img decoding=\"async\" class=\"ultv-video__thumb\" src=\"https:\/\/i.ytimg.com\/vi\/99UwxGBBYcg\/maxresdefault.jpg\"\/>\n\t\t\t\t\t\t\t\t<div class=\"ultv-video__play-icon  ultv-animation-none\" style=\"width:70px\"><svg height=\"100%\" version=\"1.1\" viewBox=\"0 0 68 48\" width=\"100%\"><path class=\"ultv-youtube-icon-bg\" d=\"m .66,37.62 c 0,0 .66,4.70 2.70,6.77 2.58,2.71 5.98,2.63 7.49,2.91 5.43,.52 23.10,.68 23.12,.68 .00,-1.3e-5 14.29,-0.02 23.81,-0.71 1.32,-0.15 4.22,-0.17 6.81,-2.89 2.03,-2.07 2.70,-6.77 2.70,-6.77 0,0 .67,-5.52 .67,-11.04 l 0,-5.17 c 0,-5.52 -0.67,-11.04 -0.67,-11.04 0,0 -0.66,-4.70 -2.70,-6.77 C 62.03,.86 59.13,.84 57.80,.69 48.28,0 34.00,0 34.00,0 33.97,0 19.69,0 10.18,.69 8.85,.84 5.95,.86 3.36,3.58 1.32,5.65 .66,10.35 .66,10.35 c 0,0 -0.55,4.50 -0.66,9.45 l 0,8.36 c .10,4.94 .66,9.45 .66,9.45 z\" fill=\"#1f1f1e\" ><\/path><path d=\"m 26.96,13.67 18.37,9.62 -18.37,9.55 -0.00,-19.17 z\" fill=\"#fff\"><\/path><path d=\"M 45.02,23.46 45.32,23.28 26.96,13.67 43.32,22.34 45.02,23.46 z\" fill=\"#ccc\"><\/path><\/svg><\/div> <\/div> <\/div><\/div><\/div>[vc_empty_space height=&#8221;50px&#8221;][\/vc_column][\/vc_row][vc_row][vc_column][vc_column_text]Das Layout wurde so konzipiert, dass es den beiden Seelen von Silvauto gerecht wird: Der des Autohauses und der des Oldtimer-H\u00e4ndlers. Daher gibt es einen sehr ger\u00e4umigen Ausstellungsraum f\u00fcr Neuwagen, Firmenwagen, Null-Kilometer-Fahrzeugen aller Marken und ein reichhaltiges Angebot an zertifizierten und garantierten Gebrauchtwagen sowie einen Ausstellungsraum f\u00fcr Oldtimer und Sammlerfahrzeuge. Zwei benachbarte und miteinander verbundene, aber gleichzeitig unterschiedliche und unabh\u00e4ngige Bereiche.[\/vc_column_text][\/vc_column][\/vc_row][vc_row full_width=&#8221;stretch_row_content&#8221;][vc_column offset=&#8221;vc_col-lg-offset-2 vc_col-lg-8 vc_col-md-offset-1 vc_col-md-10&#8243;][vc_empty_space height=&#8221;50px&#8221;][vc_row_inner gap=&#8221;30&#8243;][vc_column_inner width=&#8221;1\/2&#8243;][vc_single_image image=&#8221;258200&#8243; img_size=&#8221;full&#8221; alignment=&#8221;center&#8221;][\/vc_column_inner][vc_column_inner width=&#8221;1\/2&#8243;][vc_single_image image=&#8221;258493&#8243; img_size=&#8221;full&#8221; alignment=&#8221;center&#8221;][\/vc_column_inner][vc_column_inner][vc_single_image image=&#8221;258453&#8243; img_size=&#8221;full&#8221; alignment=&#8221;center&#8221;][\/vc_column_inner][\/vc_row_inner][vc_empty_space height=&#8221;50px&#8221;][\/vc_column][\/vc_row][vc_row][vc_column][vc_column_text]Angrenzend an den Ausstellungsraum befinden sich die Verkaufsb\u00fcros in offener Bauweise, ein Hospitality-Bereich, eine gut ausgestattete Werkstatt, um den Kunden den besten Kundendienst zu garantieren, und ein gut sortiertes Ersatzteillager; im Obergeschoss schlie\u00dflich befinden sich weitere Verkaufs-, Verwaltungs- und Managementb\u00fcros.[\/vc_column_text][\/vc_column][\/vc_row][vc_row full_width=&#8221;stretch_row_content&#8221;][vc_column offset=&#8221;vc_col-lg-offset-2 vc_col-lg-8 vc_col-md-offset-1 vc_col-md-10&#8243;][vc_empty_space height=&#8221;50px&#8221;][vc_row_inner gap=&#8221;30&#8243;][vc_column_inner][vc_single_image image=&#8221;256445&#8243; img_size=&#8221;full&#8221; alignment=&#8221;center&#8221;][\/vc_column_inner][vc_column_inner width=&#8221;1\/2&#8243;][vc_single_image image=&#8221;258069&#8243; img_size=&#8221;full&#8221; alignment=&#8221;center&#8221;][\/vc_column_inner][vc_column_inner width=&#8221;1\/2&#8243;][vc_single_image image=&#8221;256717&#8243; img_size=&#8221;full&#8221; alignment=&#8221;center&#8221;][\/vc_column_inner][\/vc_row_inner][vc_empty_space height=&#8221;50px&#8221;][\/vc_column][\/vc_row][vc_row full_width=&#8221;stretch_row_content&#8221;][vc_column][vc_custom_heading text=&#8221;M\u00d6CHTEN SIE DIREKT MIT UNS SPRECHEN?&#8221; font_container=&#8221;tag:p|text_align:center&#8221; use_theme_fonts=&#8221;yes&#8221; el_class=&#8221;h3&#8243;][vc_btn title=&#8221;Kontaktieren sie uns&#8221; style=&#8221;flat&#8221; shape=&#8221;square&#8221; color=&#8221;inverse&#8221; align=&#8221;center&#8221; i_align=&#8221;right&#8221; i_icon_fontawesome=&#8221;fas fa-long-arrow-alt-right&#8221; add_icon=&#8221;true&#8221; el_class=&#8221;text-uppercase&#8221; link=&#8221;url:http%3A%2F%2Fwww.silvauto.it%2Fcontatti%2F|title:Contatta%20Silvauto&#8221;][vc_empty_space height=&#8221;50px&#8221;][\/vc_column][\/vc_row][vc_row full_width=&#8221;stretch_row&#8221; disable_element=&#8221;yes&#8221; el_class=&#8221;bg-grey&#8221; el_id=&#8221;contattaci&#8221;][vc_column offset=&#8221;vc_col-lg-offset-1 vc_col-lg-10 vc_col-md-offset-1 vc_col-md-10&#8243;][vc_empty_space height=&#8221;50px&#8221;][vc_custom_heading text=&#8221;Contattaci per maggiori informazioni&#8221; font_container=&#8221;tag:p|text_align:center&#8221; use_theme_fonts=&#8221;yes&#8221; el_class=&#8221;h2&#8243;][vc_empty_space height=&#8221;20px&#8221;]\n<div class=\"wpcf7 no-js\" id=\"wpcf7-f259196-o1\" lang=\"de-DE\" dir=\"ltr\" data-wpcf7-id=\"259196\">\n<div class=\"screen-reader-response\"><p role=\"status\" aria-live=\"polite\" aria-atomic=\"true\"><\/p> <ul><\/ul><\/div>\n<form action=\"\/de\/wp-json\/wp\/v2\/pages\/259550#wpcf7-f259196-o1\" method=\"post\" class=\"wpcf7-form init\" aria-label=\"Kontaktformular\" novalidate=\"novalidate\" data-status=\"init\">\n<fieldset class=\"hidden-fields-container\"><input type=\"hidden\" name=\"_wpcf7\" value=\"259196\" \/><input type=\"hidden\" name=\"_wpcf7_version\" value=\"6.1.5\" \/><input type=\"hidden\" name=\"_wpcf7_locale\" value=\"de_DE\" \/><input type=\"hidden\" name=\"_wpcf7_unit_tag\" value=\"wpcf7-f259196-o1\" \/><input type=\"hidden\" name=\"_wpcf7_container_post\" value=\"0\" \/><input type=\"hidden\" name=\"_wpcf7_posted_data_hash\" value=\"\" \/><input type=\"hidden\" name=\"_wpcf7cf_hidden_group_fields\" value=\"[]\" \/><input type=\"hidden\" name=\"_wpcf7cf_hidden_groups\" value=\"[]\" \/><input type=\"hidden\" name=\"_wpcf7cf_visible_groups\" value=\"[]\" \/><input type=\"hidden\" name=\"_wpcf7cf_repeaters\" value=\"[]\" \/><input type=\"hidden\" name=\"_wpcf7cf_steps\" value=\"{}\" \/><input type=\"hidden\" name=\"_wpcf7cf_options\" value=\"{&quot;form_id&quot;:259196,&quot;conditions&quot;:[],&quot;settings&quot;:{&quot;animation&quot;:&quot;yes&quot;,&quot;animation_intime&quot;:200,&quot;animation_outtime&quot;:200,&quot;conditions_ui&quot;:&quot;normal&quot;,&quot;notice_dismissed&quot;:false,&quot;notice_dismissed_rollback-cf7-5.9.8&quot;:true,&quot;notice_dismissed_rollback-cf7-6.0.1&quot;:true,&quot;notice_dismissed_rollback-cf7-6.1.1&quot;:true}}\" \/><input type=\"hidden\" name=\"_wpcf7dtx_version\" value=\"5.0.5\" \/><input type=\"hidden\" name=\"upload_dir\" value=\"cf7-multifile-upload\" \/><input type=\"hidden\" name=\"generate_name\" value=\"04-07-26-69d44cc55397b\" \/><input type=\"hidden\" name=\"_wpcf7_recaptcha_response\" value=\"\" \/>\n<\/fieldset>\n<input class=\"wpcf7-form-control wpcf7-hidden\" value=\"\" type=\"hidden\" name=\"utm_campaign\" \/>\n<input class=\"wpcf7-form-control wpcf7-hidden\" value=\"\" type=\"hidden\" name=\"utm_source\" \/>\n<input class=\"wpcf7-form-control wpcf7-hidden\" value=\"\" type=\"hidden\" name=\"utm_medium\" \/>\n<input class=\"wpcf7-form-control wpcf7-hidden\" value=\"\" type=\"hidden\" name=\"utm_content\" \/>\n<input class=\"wpcf7-form-control wpcf7-hidden\" value=\"\" type=\"hidden\" name=\"url_lead\" \/>\n<input class=\"wpcf7-form-control wpcf7-hidden\" value=\"lead\" type=\"hidden\" name=\"lc_list_name\" \/>\n\n<div class=\"form-info\">\n<div class=\"form-info-sx\">\n<label><strong>Vorname *<\/strong>\n    <span class=\"wpcf7-form-control-wrap\" data-name=\"first_name\"><input size=\"40\" maxlength=\"400\" class=\"wpcf7-form-control wpcf7-text wpcf7-validates-as-required\" aria-required=\"true\" aria-invalid=\"false\" value=\"\" type=\"text\" name=\"first_name\" \/><\/span> <\/label>\n<\/div>\n<div class=\"form-info-dx\">\n<label><strong>Nachname *<\/strong>\n    <span class=\"wpcf7-form-control-wrap\" data-name=\"last_name\"><input size=\"40\" maxlength=\"400\" class=\"wpcf7-form-control wpcf7-text wpcf7-validates-as-required\" aria-required=\"true\" aria-invalid=\"false\" value=\"\" type=\"text\" name=\"last_name\" \/><\/span> <\/label>\n<\/div>\n<div class=\"form-info-sx\">\n<label><strong>Email *<\/strong>\n    <span class=\"wpcf7-form-control-wrap\" data-name=\"your-email\"><input size=\"40\" maxlength=\"400\" class=\"wpcf7-form-control wpcf7-email wpcf7-validates-as-required wpcf7-text wpcf7-validates-as-email\" aria-required=\"true\" aria-invalid=\"false\" value=\"\" type=\"email\" name=\"your-email\" \/><\/span> <\/label>\n<\/div>\n<div class=\"form-info-dx\">\n<label><strong>Telefon *<\/strong>\n    <span class=\"wpcf7-form-control-wrap\" data-name=\"telefono\"><input size=\"40\" maxlength=\"400\" class=\"wpcf7-form-control wpcf7-tel wpcf7-validates-as-required wpcf7-text wpcf7-validates-as-tel\" aria-required=\"true\" aria-invalid=\"false\" value=\"\" type=\"tel\" name=\"telefono\" \/><\/span> <\/label>\n<\/div>\n<div class=\"form-info-100\">\n<label><strong>Grund der Kontaktaufnahme<\/strong><br>\n    <span class=\"wpcf7-form-control-wrap\" data-name=\"motivo-contatto\"><input size=\"40\" maxlength=\"400\" class=\"wpcf7-form-control wpcf7-text wpcf7-validates-as-required\" aria-required=\"true\" aria-invalid=\"false\" value=\"\" type=\"text\" name=\"motivo-contatto\" \/><\/span> <\/label>\n<\/div>\n<div class=\"form-info-100\">\n<label><strong>M\u00f6chten Sie Anmerkungen hinzuf\u00fcgen?<\/strong><br>\n    <span class=\"wpcf7-form-control-wrap\" data-name=\"your-message\"><textarea cols=\"40\" rows=\"10\" maxlength=\"2000\" class=\"wpcf7-form-control wpcf7-textarea\" aria-invalid=\"false\" placeholder=\"Hier eingeben\" name=\"your-message\"><\/textarea><\/span> <\/label>\n<\/div>\n\n<div class=\"informativa\">\n<span class=\"wpcf7-form-control-wrap\" data-name=\"privacy\"><span class=\"wpcf7-form-control wpcf7-checkbox wpcf7-validates-as-required\"><span class=\"wpcf7-list-item first last\"><label><input type=\"checkbox\" name=\"privacy[]\" value=\"Ich stimme der Verarbeitung meiner personenbezogenen Daten gem\u00e4\u00df den geltenden Datenschutzbestimmungen (EU-Verordnung Nr. 679\/16) gem\u00e4\u00df den in der Datenschutzrichtlinie angegebenen Zwecken und Verfahren zu.\" \/><span class=\"wpcf7-list-item-label\">Ich stimme der Verarbeitung meiner personenbezogenen Daten gem\u00e4\u00df den geltenden Datenschutzbestimmungen (EU-Verordnung Nr. 679\/16) gem\u00e4\u00df den in der Datenschutzrichtlinie angegebenen Zwecken und Verfahren zu.<\/span><\/label><\/span><\/span><\/span>\n<a href=\"\/de\/privacy-policy\/\" target=\"_blank\">Datenschutzerkl\u00e4rung lesen<\/a>\n<\/div>\n\n<input class=\"wpcf7-form-control wpcf7-submit has-spinner\" type=\"submit\" value=\"INFORMATIONSANFRAGE\" \/>\n\n<\/div><input type='hidden' class='wpcf7-pum' value='{\"closepopup\":false,\"closedelay\":0,\"openpopup\":false,\"openpopup_id\":0}' \/><div class=\"wpcf7-response-output\" aria-hidden=\"true\"><\/div>\n<\/form>\n<\/div>\n[vc_empty_space height=&#8221;30px&#8221;][\/vc_column][\/vc_row]<\/p>\n<\/div>","protected":false},"excerpt":{"rendered":"<p>[vc_row full_width=&#8221;stretch_row_content&#8221;][vc_column offset=&#8221;vc_col-lg-offset-1 vc_col-lg-10&#8243;][vc_single_image image=&#8221;258459&#8243; img_size=&#8221;1600&#215;500&#8243; alignment=&#8221;center&#8221;][vc_empty_space height=&#8221;30px&#8221;][\/vc_column][\/vc_row][vc_row][vc_column][vc_column_text el_class=&#8221;lead&#8221;]Der im Sommer 2016 eingeweihte Unternehmenssitz in der Via Roma 200 in Grumello (BG) hat f\u00fcr Silvauto einen echten Qualit\u00e4tssprung bedeutet: Eine Struktur von insgesamt rund 3600 Quadratmetern, elegant, ger\u00e4umig, funktional und perfekt ausgestattet, ist die ideale L\u00f6sung, um alle unsere Angebote zu pr\u00e4sentieren, die Kunden angemessen&#8230;<\/p>\n","protected":false},"author":1,"featured_media":242159,"parent":259542,"menu_order":0,"comment_status":"closed","ping_status":"closed","template":"","meta":{"footnotes":""},"class_list":["post-259550","page","type-page","status-publish","has-post-thumbnail","hentry"],"yoast_head":"<!-- This site is optimized with the Yoast SEO plugin v27.3 - https:\/\/yoast.com\/product\/yoast-seo-wordpress\/ -->\n<title>Die Silvauto-Ausstellung in Grumello del Monte (BG)<\/title>\n<meta name=\"description\" content=\"Eine Autobahn-Ausstellung von ca. 3600m\u00b2, elegant, ger\u00e4umig, funktional und perfekt ausgestattet. Besuchen Sie uns und entdecken Sie die verf\u00fcgbaren Autos...\" \/>\n<meta name=\"robots\" content=\"index, follow, max-snippet:-1, max-image-preview:large, max-video-preview:-1\" \/>\n<link rel=\"canonical\" href=\"https:\/\/www.silvauto.it\/de\/wer-wir-sind\/der-showroom\/\" \/>\n<meta property=\"og:locale\" content=\"de_DE\" \/>\n<meta property=\"og:type\" content=\"article\" \/>\n<meta property=\"og:title\" content=\"Die Silvauto-Ausstellung in Grumello del Monte (BG)\" \/>\n<meta property=\"og:description\" content=\"Eine Autobahn-Ausstellung von ca. 3600m\u00b2, elegant, ger\u00e4umig, funktional und perfekt ausgestattet. Besuchen Sie uns und entdecken Sie die verf\u00fcgbaren Autos...\" \/>\n<meta property=\"og:url\" content=\"https:\/\/www.silvauto.it\/de\/wer-wir-sind\/der-showroom\/\" \/>\n<meta property=\"og:site_name\" content=\"Silvauto\" \/>\n<meta property=\"article:publisher\" content=\"https:\/\/www.facebook.com\/p\/silvautospa-100069924480834\/\" \/>\n<meta property=\"article:modified_time\" content=\"2023-08-04T12:23:18+00:00\" \/>\n<meta property=\"og:image\" content=\"https:\/\/www.silvauto.it\/wp-content\/uploads\/2023\/06\/salone-silvauto-1.jpg\" \/>\n\t<meta property=\"og:image:width\" content=\"1600\" \/>\n\t<meta property=\"og:image:height\" content=\"900\" \/>\n\t<meta property=\"og:image:type\" content=\"image\/jpeg\" \/>\n<meta name=\"twitter:card\" content=\"summary_large_image\" \/>\n<meta name=\"twitter:label1\" content=\"Gesch\u00e4tzte Lesezeit\" \/>\n\t<meta name=\"twitter:data1\" content=\"2\u00a0Minuten\" \/>\n<script type=\"application\/ld+json\" class=\"yoast-schema-graph\">{\"@context\":\"https:\\\/\\\/schema.org\",\"@graph\":[{\"@type\":\"WebPage\",\"@id\":\"https:\\\/\\\/www.silvauto.it\\\/de\\\/wer-wir-sind\\\/der-showroom\\\/\",\"url\":\"https:\\\/\\\/www.silvauto.it\\\/de\\\/wer-wir-sind\\\/der-showroom\\\/\",\"name\":\"Die Silvauto-Ausstellung in Grumello del Monte (BG)\",\"isPartOf\":{\"@id\":\"https:\\\/\\\/www.silvauto.it\\\/de\\\/#website\"},\"primaryImageOfPage\":{\"@id\":\"https:\\\/\\\/www.silvauto.it\\\/de\\\/wer-wir-sind\\\/der-showroom\\\/#primaryimage\"},\"image\":{\"@id\":\"https:\\\/\\\/www.silvauto.it\\\/de\\\/wer-wir-sind\\\/der-showroom\\\/#primaryimage\"},\"thumbnailUrl\":\"https:\\\/\\\/www.silvauto.it\\\/wp-content\\\/uploads\\\/2023\\\/06\\\/salone-silvauto-1.jpg\",\"datePublished\":\"2023-06-20T14:10:44+00:00\",\"dateModified\":\"2023-08-04T12:23:18+00:00\",\"description\":\"Eine Autobahn-Ausstellung von ca. 3600m\u00b2, elegant, ger\u00e4umig, funktional und perfekt ausgestattet. Besuchen Sie uns und entdecken Sie die verf\u00fcgbaren Autos...\",\"breadcrumb\":{\"@id\":\"https:\\\/\\\/www.silvauto.it\\\/de\\\/wer-wir-sind\\\/der-showroom\\\/#breadcrumb\"},\"inLanguage\":\"de\",\"potentialAction\":[{\"@type\":\"ReadAction\",\"target\":[\"https:\\\/\\\/www.silvauto.it\\\/de\\\/wer-wir-sind\\\/der-showroom\\\/\"]}]},{\"@type\":\"ImageObject\",\"inLanguage\":\"de\",\"@id\":\"https:\\\/\\\/www.silvauto.it\\\/de\\\/wer-wir-sind\\\/der-showroom\\\/#primaryimage\",\"url\":\"https:\\\/\\\/www.silvauto.it\\\/wp-content\\\/uploads\\\/2023\\\/06\\\/salone-silvauto-1.jpg\",\"contentUrl\":\"https:\\\/\\\/www.silvauto.it\\\/wp-content\\\/uploads\\\/2023\\\/06\\\/salone-silvauto-1.jpg\",\"width\":1600,\"height\":900,\"caption\":\"il salone Silvauto a Grumello del Monte (BG)\"},{\"@type\":\"BreadcrumbList\",\"@id\":\"https:\\\/\\\/www.silvauto.it\\\/de\\\/wer-wir-sind\\\/der-showroom\\\/#breadcrumb\",\"itemListElement\":[{\"@type\":\"ListItem\",\"position\":1,\"name\":\"Home\",\"item\":\"https:\\\/\\\/www.silvauto.it\\\/de\\\/\"},{\"@type\":\"ListItem\",\"position\":2,\"name\":\"Wer wir sind\",\"item\":\"https:\\\/\\\/www.silvauto.it\\\/de\\\/wer-wir-sind\\\/\"},{\"@type\":\"ListItem\",\"position\":3,\"name\":\"Der Showroom\"}]},{\"@type\":\"WebSite\",\"@id\":\"https:\\\/\\\/www.silvauto.it\\\/de\\\/#website\",\"url\":\"https:\\\/\\\/www.silvauto.it\\\/de\\\/\",\"name\":\"Silvauto\",\"description\":\"Trova la tua prossima auto\",\"publisher\":{\"@id\":\"https:\\\/\\\/www.silvauto.it\\\/de\\\/#organization\"},\"potentialAction\":[{\"@type\":\"SearchAction\",\"target\":{\"@type\":\"EntryPoint\",\"urlTemplate\":\"https:\\\/\\\/www.silvauto.it\\\/de\\\/?s={search_term_string}\"},\"query-input\":{\"@type\":\"PropertyValueSpecification\",\"valueRequired\":true,\"valueName\":\"search_term_string\"}}],\"inLanguage\":\"de\"},{\"@type\":\"Organization\",\"@id\":\"https:\\\/\\\/www.silvauto.it\\\/de\\\/#organization\",\"name\":\"Silvauto S.p.A.\",\"url\":\"https:\\\/\\\/www.silvauto.it\\\/de\\\/\",\"logo\":{\"@type\":\"ImageObject\",\"inLanguage\":\"de\",\"@id\":\"https:\\\/\\\/www.silvauto.it\\\/de\\\/#\\\/schema\\\/logo\\\/image\\\/\",\"url\":\"https:\\\/\\\/www.silvauto.it\\\/wp-content\\\/uploads\\\/2023\\\/06\\\/Silvauto-1.png\",\"contentUrl\":\"https:\\\/\\\/www.silvauto.it\\\/wp-content\\\/uploads\\\/2023\\\/06\\\/Silvauto-1.png\",\"width\":350,\"height\":104,\"caption\":\"Silvauto S.p.A.\"},\"image\":{\"@id\":\"https:\\\/\\\/www.silvauto.it\\\/de\\\/#\\\/schema\\\/logo\\\/image\\\/\"},\"sameAs\":[\"https:\\\/\\\/www.facebook.com\\\/p\\\/silvautospa-100069924480834\\\/\",\"https:\\\/\\\/www.instagram.com\\\/silvauto_spa\",\"https:\\\/\\\/www.linkedin.com\\\/company\\\/silvauto-spa\\\/\"]}]}<\/script>\n<!-- \/ Yoast SEO plugin. -->","yoast_head_json":{"title":"Die Silvauto-Ausstellung in Grumello del Monte (BG)","description":"Eine Autobahn-Ausstellung von ca. 3600m\u00b2, elegant, ger\u00e4umig, funktional und perfekt ausgestattet. Besuchen Sie uns und entdecken Sie die verf\u00fcgbaren Autos...","robots":{"index":"index","follow":"follow","max-snippet":"max-snippet:-1","max-image-preview":"max-image-preview:large","max-video-preview":"max-video-preview:-1"},"canonical":"https:\/\/www.silvauto.it\/de\/wer-wir-sind\/der-showroom\/","og_locale":"de_DE","og_type":"article","og_title":"Die Silvauto-Ausstellung in Grumello del Monte (BG)","og_description":"Eine Autobahn-Ausstellung von ca. 3600m\u00b2, elegant, ger\u00e4umig, funktional und perfekt ausgestattet. Besuchen Sie uns und entdecken Sie die verf\u00fcgbaren Autos...","og_url":"https:\/\/www.silvauto.it\/de\/wer-wir-sind\/der-showroom\/","og_site_name":"Silvauto","article_publisher":"https:\/\/www.facebook.com\/p\/silvautospa-100069924480834\/","article_modified_time":"2023-08-04T12:23:18+00:00","og_image":[{"width":1600,"height":900,"url":"https:\/\/www.silvauto.it\/wp-content\/uploads\/2023\/06\/salone-silvauto-1.jpg","type":"image\/jpeg"}],"twitter_card":"summary_large_image","twitter_misc":{"Gesch\u00e4tzte Lesezeit":"2\u00a0Minuten"},"schema":{"@context":"https:\/\/schema.org","@graph":[{"@type":"WebPage","@id":"https:\/\/www.silvauto.it\/de\/wer-wir-sind\/der-showroom\/","url":"https:\/\/www.silvauto.it\/de\/wer-wir-sind\/der-showroom\/","name":"Die Silvauto-Ausstellung in Grumello del Monte (BG)","isPartOf":{"@id":"https:\/\/www.silvauto.it\/de\/#website"},"primaryImageOfPage":{"@id":"https:\/\/www.silvauto.it\/de\/wer-wir-sind\/der-showroom\/#primaryimage"},"image":{"@id":"https:\/\/www.silvauto.it\/de\/wer-wir-sind\/der-showroom\/#primaryimage"},"thumbnailUrl":"https:\/\/www.silvauto.it\/wp-content\/uploads\/2023\/06\/salone-silvauto-1.jpg","datePublished":"2023-06-20T14:10:44+00:00","dateModified":"2023-08-04T12:23:18+00:00","description":"Eine Autobahn-Ausstellung von ca. 3600m\u00b2, elegant, ger\u00e4umig, funktional und perfekt ausgestattet. Besuchen Sie uns und entdecken Sie die verf\u00fcgbaren Autos...","breadcrumb":{"@id":"https:\/\/www.silvauto.it\/de\/wer-wir-sind\/der-showroom\/#breadcrumb"},"inLanguage":"de","potentialAction":[{"@type":"ReadAction","target":["https:\/\/www.silvauto.it\/de\/wer-wir-sind\/der-showroom\/"]}]},{"@type":"ImageObject","inLanguage":"de","@id":"https:\/\/www.silvauto.it\/de\/wer-wir-sind\/der-showroom\/#primaryimage","url":"https:\/\/www.silvauto.it\/wp-content\/uploads\/2023\/06\/salone-silvauto-1.jpg","contentUrl":"https:\/\/www.silvauto.it\/wp-content\/uploads\/2023\/06\/salone-silvauto-1.jpg","width":1600,"height":900,"caption":"il salone Silvauto a Grumello del Monte (BG)"},{"@type":"BreadcrumbList","@id":"https:\/\/www.silvauto.it\/de\/wer-wir-sind\/der-showroom\/#breadcrumb","itemListElement":[{"@type":"ListItem","position":1,"name":"Home","item":"https:\/\/www.silvauto.it\/de\/"},{"@type":"ListItem","position":2,"name":"Wer wir sind","item":"https:\/\/www.silvauto.it\/de\/wer-wir-sind\/"},{"@type":"ListItem","position":3,"name":"Der Showroom"}]},{"@type":"WebSite","@id":"https:\/\/www.silvauto.it\/de\/#website","url":"https:\/\/www.silvauto.it\/de\/","name":"Silvauto","description":"Trova la tua prossima auto","publisher":{"@id":"https:\/\/www.silvauto.it\/de\/#organization"},"potentialAction":[{"@type":"SearchAction","target":{"@type":"EntryPoint","urlTemplate":"https:\/\/www.silvauto.it\/de\/?s={search_term_string}"},"query-input":{"@type":"PropertyValueSpecification","valueRequired":true,"valueName":"search_term_string"}}],"inLanguage":"de"},{"@type":"Organization","@id":"https:\/\/www.silvauto.it\/de\/#organization","name":"Silvauto S.p.A.","url":"https:\/\/www.silvauto.it\/de\/","logo":{"@type":"ImageObject","inLanguage":"de","@id":"https:\/\/www.silvauto.it\/de\/#\/schema\/logo\/image\/","url":"https:\/\/www.silvauto.it\/wp-content\/uploads\/2023\/06\/Silvauto-1.png","contentUrl":"https:\/\/www.silvauto.it\/wp-content\/uploads\/2023\/06\/Silvauto-1.png","width":350,"height":104,"caption":"Silvauto S.p.A."},"image":{"@id":"https:\/\/www.silvauto.it\/de\/#\/schema\/logo\/image\/"},"sameAs":["https:\/\/www.facebook.com\/p\/silvautospa-100069924480834\/","https:\/\/www.instagram.com\/silvauto_spa","https:\/\/www.linkedin.com\/company\/silvauto-spa\/"]}]}},"_links":{"self":[{"href":"https:\/\/www.silvauto.it\/de\/wp-json\/wp\/v2\/pages\/259550","targetHints":{"allow":["GET"]}}],"collection":[{"href":"https:\/\/www.silvauto.it\/de\/wp-json\/wp\/v2\/pages"}],"about":[{"href":"https:\/\/www.silvauto.it\/de\/wp-json\/wp\/v2\/types\/page"}],"author":[{"embeddable":true,"href":"https:\/\/www.silvauto.it\/de\/wp-json\/wp\/v2\/users\/1"}],"replies":[{"embeddable":true,"href":"https:\/\/www.silvauto.it\/de\/wp-json\/wp\/v2\/comments?post=259550"}],"version-history":[{"count":0,"href":"https:\/\/www.silvauto.it\/de\/wp-json\/wp\/v2\/pages\/259550\/revisions"}],"up":[{"embeddable":true,"href":"https:\/\/www.silvauto.it\/de\/wp-json\/wp\/v2\/pages\/259542"}],"wp:featuredmedia":[{"embeddable":true,"href":"https:\/\/www.silvauto.it\/de\/wp-json\/wp\/v2\/media\/242159"}],"wp:attachment":[{"href":"https:\/\/www.silvauto.it\/de\/wp-json\/wp\/v2\/media?parent=259550"}],"curies":[{"name":"wp","href":"https:\/\/api.w.org\/{rel}","templated":true}]}}