{"id":259542,"date":"2023-06-20T16:02:08","date_gmt":"2023-06-20T14:02:08","guid":{"rendered":"https:\/\/www.silvauto.it\/?page_id=259542"},"modified":"2023-09-20T10:48:19","modified_gmt":"2023-09-20T08:48:19","slug":"wer-wir-sind","status":"publish","type":"page","link":"https:\/\/www.silvauto.it\/de\/wer-wir-sind\/","title":{"rendered":"Wer wir sind"},"content":{"rendered":"<div class=\"wpb-content-wrapper\"><p>[vc_row full_width=&#8221;stretch_row_content&#8221;][vc_column offset=&#8221;vc_col-lg-offset-1 vc_col-lg-10&#8243;][vc_single_image image=&#8221;256761&#8243; img_size=&#8221;1600&#215;500&#8243; alignment=&#8221;center&#8221;][vc_empty_space height=&#8221;30px&#8221;][\/vc_column][\/vc_row][vc_row][vc_column][vc_column_text]Der ganze Charme der Autos von gestern. Die Autos von heute zu den wettbewerbsf\u00e4higsten Bedingungen. Die Technologien von morgen im Dienste des Business.[\/vc_column_text][vc_column_text el_class=&#8221;lead&#8221;]Bei Silvauto treffen Vergangenheit, Gegenwart und Zukunft seit mehr als 20 Jahren zusammen, um eine einzigartige, unnachahmliche Realit\u00e4t zu schaffen.[\/vc_column_text][vc_empty_space height=&#8221;30px&#8221;][\/vc_column][\/vc_row][vc_row full_width=&#8221;stretch_row&#8221; el_class=&#8221;bg-grey&#8221;][vc_column offset=&#8221;vc_col-lg-offset-1 vc_col-lg-10 vc_col-md-offset-1 vc_col-md-10&#8243;][vc_empty_space height=&#8221;50px&#8221;][vc_custom_heading text=&#8221;Mission&#8221; font_container=&#8221;tag:h3|text_align:left&#8221; use_theme_fonts=&#8221;yes&#8221;][vc_column_text]Der Kauf eines Automobils ist ein wichtiger Moment im Leben eines jeden Menschen.<br \/>\nEinerseits kann er das Ziel vieler Opfer, die Kr\u00f6nung eines Traums oder auf jeden Fall eine M\u00f6glichkeit sein, sich auszudr\u00fccken und zu verwirklichen; andererseits ist er eine wichtige Investition in unsere Zukunft und eine betr\u00e4chtliche finanzielle Verpflichtung, die man nicht oberfl\u00e4chlich und leichtfertig eingehen kann.<br \/>\nDeshalb ist es gut, Menschen in der N\u00e4he zu haben, die uns bestm\u00f6glich beraten k\u00f6nnen: Fachleute mit nachgewiesener Erfahrung und fundierten Kenntnissen des Automobilmarktes, die uns eine breite Palette von L\u00f6sungen und Kaufm\u00f6glichkeiten anbieten k\u00f6nnen, um uns bei der Wahl des Modells zu helfen, das am besten zu unseren Bed\u00fcrfnissen, unseren W\u00fcnschen und unserem Budget passt; Berater, die bereit sind, uns auf dem gesamten administrativen und finanziellen Weg des Kaufs zu begleiten, um alle m\u00f6glichen Boni, Steuerverg\u00fcnstigungen und Finanzierungen in Anspruch zu nehmen; zuverl\u00e4ssige Personen, die bereit sind, uns auch nach dem Kauf zu begleiten, mit Produkten, auf die eine langfristige Garantie gew\u00e4hrt wird, und mit einer hochspezialisierten Werkstatt, die st\u00e4ndig zur Verf\u00fcgung steht.<br \/>\nDas sind unsere Merkmale und das ist die Mission von Silvauto.<br \/>\n[\/vc_column_text][vc_empty_space height=&#8221;30px&#8221;][\/vc_column][\/vc_row][vc_row full_width=&#8221;stretch_row_content&#8221;][vc_column offset=&#8221;vc_col-lg-offset-1 vc_col-lg-10&#8243;][vc_empty_space height=&#8221;50px&#8221;][vc_single_image image=&#8221;256768&#8243; img_size=&#8221;1600&#215;500&#8243; alignment=&#8221;center&#8221;][vc_empty_space height=&#8221;20px&#8221;][\/vc_column][\/vc_row][vc_row][vc_column][vc_column_text]Die Urspr\u00fcnge von Silvauto gehen auf die gro\u00dfe Leidenschaft der beiden Gr\u00fcnder, <strong>Dario Belloli<\/strong> und <strong>Silvano Calissi<\/strong>, f\u00fcr Autos und insbesondere f\u00fcr Oldtimer zur\u00fcck. Nachdem sie sich bei Oldtimer-Rallyes kennengelernt hatten, kam den beiden die Idee, diese Leidenschaft in eine unternehmerische T\u00e4tigkeit umzuwandeln. So wurde &#8220;Silvauto&#8221; im Jahr 2002 in Grumello del Monte (BG) gegr\u00fcndet, zun\u00e4chst als einfache mechanische Werkstatt, aber mit der Idee und dem Ehrgeiz, bald eine ma\u00dfgebliche Realit\u00e4t auf dem Automobilmarkt zu werden.[\/vc_column_text][vc_btn title=&#8221;ENTDECKEN SIE UNSERE GESCHICHTE&#8221; style=&#8221;flat&#8221; shape=&#8221;square&#8221; color=&#8221;inverse&#8221; align=&#8221;left&#8221; i_align=&#8221;right&#8221; i_icon_fontawesome=&#8221;fas fa-long-arrow-alt-right&#8221; add_icon=&#8221;true&#8221; el_class=&#8221;text-uppercase&#8221; link=&#8221;url:http%3A%2F%2Fwww.silvauto.it%2Fchi-siamo%2Fstoria%2F|title:storia%20Silvauto&#8221;][vc_empty_space height=&#8221;50px&#8221;][vc_column_text]Silvauto Spa ist heute ein f\u00fchrendes und schnell wachsendes Unternehmen auf dem Markt f\u00fcr den An- und Verkauf von Neu- und Gebrauchtwagen und der wichtigste Akteur auf italienischer Ebene im Segment der Oldtimer und Sammlerfahrzeuge, ein echtes Aush\u00e4ngeschild des Angebots von Silvauto.<br \/>\nIm Juni 2017 wurde Silvauto in eine Aktiengesellschaft umgewandelt und hat in den letzten Jahren sein Stammkapital von urspr\u00fcnglich 15 Tausend Euro auf derzeit 10 Millionen Euro erh\u00f6ht (voll eingezahlt).[\/vc_column_text][vc_column_text]Ein modernes und dynamisches Mehrmarken-Autohaus, das wettbewerbsf\u00e4hige Preise mit Servicequalit\u00e4t vereint, und zwar vor, w\u00e4hrend und nach dem Verkauf. Dies auch dank einer hoch spezialisierten Werkstatt. Das Angebot von Silvauto reicht von Neuwagen mit Erstzulassung &#8211; mit allen wichtigen Listenmarken, zu noch g\u00fcnstigeren Konditionen als bei offiziellen H\u00e4ndlern &#8211; \u00fcber Firmenwagen, Halbjahreswagen und Null-Kilometer-Fahrzeuge bis hin zu einer gro\u00dfen Auswahl an Gebrauchtwagen aller Art.[\/vc_column_text][\/vc_column][\/vc_row][vc_row full_width=&#8221;stretch_row_content&#8221;][vc_column offset=&#8221;vc_col-lg-offset-1 vc_col-lg-10&#8243;][vc_empty_space height=&#8221;50px&#8221;][vc_single_image image=&#8221;256774&#8243; img_size=&#8221;1600&#215;500&#8243; alignment=&#8221;center&#8221;][vc_empty_space height=&#8221;20px&#8221;][\/vc_column][\/vc_row][vc_row][vc_column][vc_column_text]Silvauto ist heute Italiens wichtigster Akteur im Bereich der Oldtimer.<br \/>\nNeben dem traditionellen Verkauf ist Silvauto heute der wichtigste italienische Akteur im Bereich der Oldtimer mit einer gro\u00dfen Auswahl an prestigetr\u00e4chtigen Modellen, die sich an ein Publikum von Liebhabern und Sammlern richten. Unser Angebot ist ein wahrer Streifzug durch die verschiedenen Epochen (von der Vorkriegs- und Nachkriegszeit bis zur Youngtime) und die verschiedenen Preissegmente (Preise von wenigen tausend Euro bis zu sechs Nullen).[\/vc_column_text][vc_btn title=&#8221;LADEN SIE UNSER FIRMENPROFIL HERUNTER&#8221; style=&#8221;flat&#8221; shape=&#8221;square&#8221; color=&#8221;inverse&#8221; align=&#8221;left&#8221; i_align=&#8221;right&#8221; i_icon_fontawesome=&#8221;fas fa-long-arrow-alt-right&#8221; add_icon=&#8221;true&#8221; el_class=&#8221;text-uppercase&#8221; link=&#8221;url:http%3A%2F%2Fwww.silvauto.it%2Fwp-content%2Fuploads%2F2023%2F06%2Fsilvauto-company-profile.pdf|title:company%20profile%20Silvauto|target:_blank&#8221;][\/vc_column][\/vc_row][vc_row full_width=&#8221;stretch_row_content&#8221;][vc_column offset=&#8221;vc_col-lg-offset-1 vc_col-lg-10&#8243;][vc_empty_space height=&#8221;50px&#8221;][vc_single_image image=&#8221;256717&#8243; img_size=&#8221;1600&#215;500&#8243; alignment=&#8221;center&#8221;][vc_empty_space height=&#8221;20px&#8221;][\/vc_column][\/vc_row][vc_row][vc_column][vc_column_text]Silvauto ist ein Unternehmen, das mit eigenen Mitteln arbeitet, \u00fcber eine ausgezeichnete wirtschaftlich-finanzielle Verm\u00f6gensstruktur und bedeutende Bilanzkennzahlen verf\u00fcgt, mit einem f\u00fcr den Automobilsektor ausgezeichneten Rating-Koeffizienten.[\/vc_column_text][vc_column_text]Mehr als 20 Jahre Marktpr\u00e4senz bezeugen auch die F\u00e4higkeit, eine solide und dauerhafte Beziehung zu den Lieferanten aufzubauen, ein Ausdruck der Glaubw\u00fcrdigkeit, die in der Branche durch Zahlen, Zuverl\u00e4ssigkeit und P\u00fcnktlichkeit der Zahlungen gewonnen wurde. Heute arbeitet Silvauto mit den Automobilherstellern aufgrund der betr\u00e4chtlichen Einkaufsmengen zu den gleichen Bedingungen zusammen wie die offiziellen Importeure und H\u00e4ndler.<\/p>\n<p>Silvauto ist ein Unternehmen, das mit eigenen Mitteln arbeitet, \u00fcber eine ausgezeichnete wirtschaftlich-finanzielle Verm\u00f6gensstruktur und bedeutende Bilanzkennzahlen verf\u00fcgt, mit einem f\u00fcr den Automobilsektor ausgezeichneten Rating-Koeffizienten.<br \/>\nUnsere Geschichte zeichnet sich von Anfang von Jahr zu Jahr durch einen Trend zu konstantem Wachstum aus, oft mit deutlichen zweistelligen Zuwachsraten.<br \/>\n[\/vc_column_text][vc_empty_space height=&#8221;30px&#8221;][vc_row_inner][vc_column_inner width=&#8221;2\/3&#8243; offset=&#8221;vc_col-lg-offset-2 vc_col-lg-8 vc_col-md-offset-2 vc_col-sm-offset-2&#8243;][vc_line_chart type=&#8221;line&#8221; style=&#8221;custom&#8221; x_values=&#8221;2002;2010;2017;2019;2020;2022;2023&#8243; values=&#8221;%5B%7B%22title%22%3A%22Stammkapital%20in%20%E2%82%AC%22%2C%22y_values%22%3A%2215000%3B119900%3B3000000%3B%205000000%3B%206000000%3B%208000000%3B%2010000000%3B%22%2C%22color%22%3A%22blue%22%2C%22custom_color%22%3A%22%231972b6%22%7D%5D&#8221;][\/vc_column_inner][\/vc_row_inner][vc_empty_space height=&#8221;50px&#8221;][\/vc_column][\/vc_row][vc_row full_width=&#8221;stretch_row&#8221; disable_element=&#8221;yes&#8221; el_class=&#8221;bg-grey&#8221; el_id=&#8221;contattaci&#8221;][vc_column offset=&#8221;vc_col-lg-offset-1 vc_col-lg-10 vc_col-md-offset-1 vc_col-md-10&#8243;][vc_empty_space height=&#8221;50px&#8221;][vc_custom_heading text=&#8221;KONTAKTIEREN SIE UNS F\u00dcR WEITERE INFORMATIONEN&#8221; font_container=&#8221;tag:p|text_align:center&#8221; use_theme_fonts=&#8221;yes&#8221; el_class=&#8221;h2&#8243;][vc_empty_space height=&#8221;20px&#8221;]\n<div class=\"wpcf7 no-js\" id=\"wpcf7-f259196-o1\" lang=\"de-DE\" dir=\"ltr\" data-wpcf7-id=\"259196\">\n<div class=\"screen-reader-response\"><p role=\"status\" aria-live=\"polite\" aria-atomic=\"true\"><\/p> <ul><\/ul><\/div>\n<form action=\"\/de\/wp-json\/wp\/v2\/pages\/259542#wpcf7-f259196-o1\" method=\"post\" class=\"wpcf7-form init\" aria-label=\"Kontaktformular\" novalidate=\"novalidate\" data-status=\"init\">\n<fieldset class=\"hidden-fields-container\"><input type=\"hidden\" name=\"_wpcf7\" value=\"259196\" \/><input type=\"hidden\" name=\"_wpcf7_version\" value=\"6.1.5\" \/><input type=\"hidden\" name=\"_wpcf7_locale\" value=\"de_DE\" \/><input type=\"hidden\" name=\"_wpcf7_unit_tag\" value=\"wpcf7-f259196-o1\" \/><input type=\"hidden\" name=\"_wpcf7_container_post\" value=\"0\" \/><input type=\"hidden\" name=\"_wpcf7_posted_data_hash\" value=\"\" \/><input type=\"hidden\" name=\"_wpcf7cf_hidden_group_fields\" value=\"[]\" \/><input type=\"hidden\" name=\"_wpcf7cf_hidden_groups\" value=\"[]\" \/><input type=\"hidden\" name=\"_wpcf7cf_visible_groups\" value=\"[]\" \/><input type=\"hidden\" name=\"_wpcf7cf_repeaters\" value=\"[]\" \/><input type=\"hidden\" name=\"_wpcf7cf_steps\" value=\"{}\" \/><input type=\"hidden\" name=\"_wpcf7cf_options\" value=\"{&quot;form_id&quot;:259196,&quot;conditions&quot;:[],&quot;settings&quot;:{&quot;animation&quot;:&quot;yes&quot;,&quot;animation_intime&quot;:200,&quot;animation_outtime&quot;:200,&quot;conditions_ui&quot;:&quot;normal&quot;,&quot;notice_dismissed&quot;:false,&quot;notice_dismissed_rollback-cf7-5.9.8&quot;:true,&quot;notice_dismissed_rollback-cf7-6.0.1&quot;:true,&quot;notice_dismissed_rollback-cf7-6.1.1&quot;:true}}\" \/><input type=\"hidden\" name=\"_wpcf7dtx_version\" value=\"5.0.5\" \/><input type=\"hidden\" name=\"upload_dir\" value=\"cf7-multifile-upload\" \/><input type=\"hidden\" name=\"generate_name\" value=\"04-07-26-69d4e776c48a2\" \/><input type=\"hidden\" name=\"_wpcf7_recaptcha_response\" value=\"\" \/>\n<\/fieldset>\n<input class=\"wpcf7-form-control wpcf7-hidden\" value=\"\" type=\"hidden\" name=\"utm_campaign\" \/>\n<input class=\"wpcf7-form-control wpcf7-hidden\" value=\"\" type=\"hidden\" name=\"utm_source\" \/>\n<input class=\"wpcf7-form-control wpcf7-hidden\" value=\"\" type=\"hidden\" name=\"utm_medium\" \/>\n<input class=\"wpcf7-form-control wpcf7-hidden\" value=\"\" type=\"hidden\" name=\"utm_content\" \/>\n<input class=\"wpcf7-form-control wpcf7-hidden\" value=\"\" type=\"hidden\" name=\"url_lead\" \/>\n<input class=\"wpcf7-form-control wpcf7-hidden\" value=\"lead\" type=\"hidden\" name=\"lc_list_name\" \/>\n\n<div class=\"form-info\">\n<div class=\"form-info-sx\">\n<label><strong>Vorname *<\/strong>\n    <span class=\"wpcf7-form-control-wrap\" data-name=\"first_name\"><input size=\"40\" maxlength=\"400\" class=\"wpcf7-form-control wpcf7-text wpcf7-validates-as-required\" aria-required=\"true\" aria-invalid=\"false\" value=\"\" type=\"text\" name=\"first_name\" \/><\/span> <\/label>\n<\/div>\n<div class=\"form-info-dx\">\n<label><strong>Nachname *<\/strong>\n    <span class=\"wpcf7-form-control-wrap\" data-name=\"last_name\"><input size=\"40\" maxlength=\"400\" class=\"wpcf7-form-control wpcf7-text wpcf7-validates-as-required\" aria-required=\"true\" aria-invalid=\"false\" value=\"\" type=\"text\" name=\"last_name\" \/><\/span> <\/label>\n<\/div>\n<div class=\"form-info-sx\">\n<label><strong>Email *<\/strong>\n    <span class=\"wpcf7-form-control-wrap\" data-name=\"your-email\"><input size=\"40\" maxlength=\"400\" class=\"wpcf7-form-control wpcf7-email wpcf7-validates-as-required wpcf7-text wpcf7-validates-as-email\" aria-required=\"true\" aria-invalid=\"false\" value=\"\" type=\"email\" name=\"your-email\" \/><\/span> <\/label>\n<\/div>\n<div class=\"form-info-dx\">\n<label><strong>Telefon *<\/strong>\n    <span class=\"wpcf7-form-control-wrap\" data-name=\"telefono\"><input size=\"40\" maxlength=\"400\" class=\"wpcf7-form-control wpcf7-tel wpcf7-validates-as-required wpcf7-text wpcf7-validates-as-tel\" aria-required=\"true\" aria-invalid=\"false\" value=\"\" type=\"tel\" name=\"telefono\" \/><\/span> <\/label>\n<\/div>\n<div class=\"form-info-100\">\n<label><strong>Grund der Kontaktaufnahme<\/strong><br>\n    <span class=\"wpcf7-form-control-wrap\" data-name=\"motivo-contatto\"><input size=\"40\" maxlength=\"400\" class=\"wpcf7-form-control wpcf7-text wpcf7-validates-as-required\" aria-required=\"true\" aria-invalid=\"false\" value=\"\" type=\"text\" name=\"motivo-contatto\" \/><\/span> <\/label>\n<\/div>\n<div class=\"form-info-100\">\n<label><strong>M\u00f6chten Sie Anmerkungen hinzuf\u00fcgen?<\/strong><br>\n    <span class=\"wpcf7-form-control-wrap\" data-name=\"your-message\"><textarea cols=\"40\" rows=\"10\" maxlength=\"2000\" class=\"wpcf7-form-control wpcf7-textarea\" aria-invalid=\"false\" placeholder=\"Hier eingeben\" name=\"your-message\"><\/textarea><\/span> <\/label>\n<\/div>\n\n<div class=\"informativa\">\n<span class=\"wpcf7-form-control-wrap\" data-name=\"privacy\"><span class=\"wpcf7-form-control wpcf7-checkbox wpcf7-validates-as-required\"><span class=\"wpcf7-list-item first last\"><label><input type=\"checkbox\" name=\"privacy[]\" value=\"Ich stimme der Verarbeitung meiner personenbezogenen Daten gem\u00e4\u00df den geltenden Datenschutzbestimmungen (EU-Verordnung Nr. 679\/16) gem\u00e4\u00df den in der Datenschutzrichtlinie angegebenen Zwecken und Verfahren zu.\" \/><span class=\"wpcf7-list-item-label\">Ich stimme der Verarbeitung meiner personenbezogenen Daten gem\u00e4\u00df den geltenden Datenschutzbestimmungen (EU-Verordnung Nr. 679\/16) gem\u00e4\u00df den in der Datenschutzrichtlinie angegebenen Zwecken und Verfahren zu.<\/span><\/label><\/span><\/span><\/span>\n<a href=\"\/de\/privacy-policy\/\" target=\"_blank\">Datenschutzerkl\u00e4rung lesen<\/a>\n<\/div>\n\n<input class=\"wpcf7-form-control wpcf7-submit has-spinner\" type=\"submit\" value=\"INFORMATIONSANFRAGE\" \/>\n\n<\/div><input type='hidden' class='wpcf7-pum' value='{\"closepopup\":false,\"closedelay\":0,\"openpopup\":false,\"openpopup_id\":0}' \/><div class=\"wpcf7-response-output\" aria-hidden=\"true\"><\/div>\n<\/form>\n<\/div>\n[vc_empty_space height=&#8221;30px&#8221;][\/vc_column][\/vc_row]<\/p>\n<\/div>","protected":false},"excerpt":{"rendered":"<p>[vc_row full_width=&#8221;stretch_row_content&#8221;][vc_column offset=&#8221;vc_col-lg-offset-1 vc_col-lg-10&#8243;][vc_single_image image=&#8221;256761&#8243; img_size=&#8221;1600&#215;500&#8243; alignment=&#8221;center&#8221;][vc_empty_space height=&#8221;30px&#8221;][\/vc_column][\/vc_row][vc_row][vc_column][vc_column_text]Der ganze Charme der Autos von gestern. Die Autos von heute zu den wettbewerbsf\u00e4higsten Bedingungen. Die Technologien von morgen im Dienste des Business.[\/vc_column_text][vc_column_text el_class=&#8221;lead&#8221;]Bei Silvauto treffen Vergangenheit, Gegenwart und Zukunft seit mehr als 20 Jahren zusammen, um eine einzigartige, unnachahmliche Realit\u00e4t zu schaffen.[\/vc_column_text][vc_empty_space height=&#8221;30px&#8221;][\/vc_column][\/vc_row][vc_row full_width=&#8221;stretch_row&#8221; el_class=&#8221;bg-grey&#8221;][vc_column offset=&#8221;vc_col-lg-offset-1 vc_col-lg-10&#8230;<\/p>\n","protected":false},"author":1,"featured_media":242145,"parent":0,"menu_order":0,"comment_status":"closed","ping_status":"closed","template":"","meta":{"footnotes":""},"class_list":["post-259542","page","type-page","status-publish","has-post-thumbnail","hentry"],"yoast_head":"<!-- This site is optimized with the Yoast SEO plugin v27.3 - https:\/\/yoast.com\/product\/yoast-seo-wordpress\/ -->\n<title>Silvauto: Geschichte und Informationen<\/title>\n<meta name=\"description\" content=\"Spezialisiert auf den Kauf und Verkauf von Oldtimern, neuen und gebrauchten Autos - Silvauto. Silvauto Spa ist ein f\u00fchrendes Unternehmen in Bergamo...\" \/>\n<meta name=\"robots\" content=\"index, follow, max-snippet:-1, max-image-preview:large, max-video-preview:-1\" \/>\n<link rel=\"canonical\" href=\"https:\/\/www.silvauto.it\/de\/wer-wir-sind\/\" \/>\n<meta property=\"og:locale\" content=\"de_DE\" \/>\n<meta property=\"og:type\" content=\"article\" \/>\n<meta property=\"og:title\" content=\"Silvauto: Geschichte und Informationen\" \/>\n<meta property=\"og:description\" content=\"Spezialisiert auf den Kauf und Verkauf von Oldtimern, neuen und gebrauchten Autos - Silvauto. Silvauto Spa ist ein f\u00fchrendes Unternehmen in Bergamo...\" \/>\n<meta property=\"og:url\" content=\"https:\/\/www.silvauto.it\/de\/wer-wir-sind\/\" \/>\n<meta property=\"og:site_name\" content=\"Silvauto\" \/>\n<meta property=\"article:publisher\" content=\"https:\/\/www.facebook.com\/p\/silvautospa-100069924480834\/\" \/>\n<meta property=\"article:modified_time\" content=\"2023-09-20T08:48:19+00:00\" \/>\n<meta property=\"og:image\" content=\"https:\/\/www.silvauto.it\/wp-content\/uploads\/2023\/06\/chi-siamo-b.jpg\" \/>\n\t<meta property=\"og:image:width\" content=\"1600\" \/>\n\t<meta property=\"og:image:height\" content=\"900\" \/>\n\t<meta property=\"og:image:type\" content=\"image\/jpeg\" \/>\n<meta name=\"twitter:card\" content=\"summary_large_image\" \/>\n<meta name=\"twitter:label1\" content=\"Gesch\u00e4tzte Lesezeit\" \/>\n\t<meta name=\"twitter:data1\" content=\"4\u00a0Minuten\" \/>\n<script type=\"application\/ld+json\" class=\"yoast-schema-graph\">{\"@context\":\"https:\\\/\\\/schema.org\",\"@graph\":[{\"@type\":\"WebPage\",\"@id\":\"https:\\\/\\\/www.silvauto.it\\\/de\\\/wer-wir-sind\\\/\",\"url\":\"https:\\\/\\\/www.silvauto.it\\\/de\\\/wer-wir-sind\\\/\",\"name\":\"Silvauto: Geschichte und Informationen\",\"isPartOf\":{\"@id\":\"https:\\\/\\\/www.silvauto.it\\\/de\\\/#website\"},\"primaryImageOfPage\":{\"@id\":\"https:\\\/\\\/www.silvauto.it\\\/de\\\/wer-wir-sind\\\/#primaryimage\"},\"image\":{\"@id\":\"https:\\\/\\\/www.silvauto.it\\\/de\\\/wer-wir-sind\\\/#primaryimage\"},\"thumbnailUrl\":\"https:\\\/\\\/www.silvauto.it\\\/wp-content\\\/uploads\\\/2023\\\/06\\\/chi-siamo-b.jpg\",\"datePublished\":\"2023-06-20T14:02:08+00:00\",\"dateModified\":\"2023-09-20T08:48:19+00:00\",\"description\":\"Spezialisiert auf den Kauf und Verkauf von Oldtimern, neuen und gebrauchten Autos - Silvauto. Silvauto Spa ist ein f\u00fchrendes Unternehmen in Bergamo...\",\"breadcrumb\":{\"@id\":\"https:\\\/\\\/www.silvauto.it\\\/de\\\/wer-wir-sind\\\/#breadcrumb\"},\"inLanguage\":\"de\",\"potentialAction\":[{\"@type\":\"ReadAction\",\"target\":[\"https:\\\/\\\/www.silvauto.it\\\/de\\\/wer-wir-sind\\\/\"]}]},{\"@type\":\"ImageObject\",\"inLanguage\":\"de\",\"@id\":\"https:\\\/\\\/www.silvauto.it\\\/de\\\/wer-wir-sind\\\/#primaryimage\",\"url\":\"https:\\\/\\\/www.silvauto.it\\\/wp-content\\\/uploads\\\/2023\\\/06\\\/chi-siamo-b.jpg\",\"contentUrl\":\"https:\\\/\\\/www.silvauto.it\\\/wp-content\\\/uploads\\\/2023\\\/06\\\/chi-siamo-b.jpg\",\"width\":1600,\"height\":900,\"caption\":\"Silvauto concessionario auto epoca a Grumello del Monte (BG)\"},{\"@type\":\"BreadcrumbList\",\"@id\":\"https:\\\/\\\/www.silvauto.it\\\/de\\\/wer-wir-sind\\\/#breadcrumb\",\"itemListElement\":[{\"@type\":\"ListItem\",\"position\":1,\"name\":\"Home\",\"item\":\"https:\\\/\\\/www.silvauto.it\\\/de\\\/\"},{\"@type\":\"ListItem\",\"position\":2,\"name\":\"Wer wir sind\"}]},{\"@type\":\"WebSite\",\"@id\":\"https:\\\/\\\/www.silvauto.it\\\/de\\\/#website\",\"url\":\"https:\\\/\\\/www.silvauto.it\\\/de\\\/\",\"name\":\"Silvauto\",\"description\":\"Trova la tua prossima auto\",\"publisher\":{\"@id\":\"https:\\\/\\\/www.silvauto.it\\\/de\\\/#organization\"},\"potentialAction\":[{\"@type\":\"SearchAction\",\"target\":{\"@type\":\"EntryPoint\",\"urlTemplate\":\"https:\\\/\\\/www.silvauto.it\\\/de\\\/?s={search_term_string}\"},\"query-input\":{\"@type\":\"PropertyValueSpecification\",\"valueRequired\":true,\"valueName\":\"search_term_string\"}}],\"inLanguage\":\"de\"},{\"@type\":\"Organization\",\"@id\":\"https:\\\/\\\/www.silvauto.it\\\/de\\\/#organization\",\"name\":\"Silvauto S.p.A.\",\"url\":\"https:\\\/\\\/www.silvauto.it\\\/de\\\/\",\"logo\":{\"@type\":\"ImageObject\",\"inLanguage\":\"de\",\"@id\":\"https:\\\/\\\/www.silvauto.it\\\/de\\\/#\\\/schema\\\/logo\\\/image\\\/\",\"url\":\"https:\\\/\\\/www.silvauto.it\\\/wp-content\\\/uploads\\\/2023\\\/06\\\/Silvauto-1.png\",\"contentUrl\":\"https:\\\/\\\/www.silvauto.it\\\/wp-content\\\/uploads\\\/2023\\\/06\\\/Silvauto-1.png\",\"width\":350,\"height\":104,\"caption\":\"Silvauto S.p.A.\"},\"image\":{\"@id\":\"https:\\\/\\\/www.silvauto.it\\\/de\\\/#\\\/schema\\\/logo\\\/image\\\/\"},\"sameAs\":[\"https:\\\/\\\/www.facebook.com\\\/p\\\/silvautospa-100069924480834\\\/\",\"https:\\\/\\\/www.instagram.com\\\/silvauto_spa\",\"https:\\\/\\\/www.linkedin.com\\\/company\\\/silvauto-spa\\\/\"]}]}<\/script>\n<!-- \/ Yoast SEO plugin. -->","yoast_head_json":{"title":"Silvauto: Geschichte und Informationen","description":"Spezialisiert auf den Kauf und Verkauf von Oldtimern, neuen und gebrauchten Autos - Silvauto. Silvauto Spa ist ein f\u00fchrendes Unternehmen in Bergamo...","robots":{"index":"index","follow":"follow","max-snippet":"max-snippet:-1","max-image-preview":"max-image-preview:large","max-video-preview":"max-video-preview:-1"},"canonical":"https:\/\/www.silvauto.it\/de\/wer-wir-sind\/","og_locale":"de_DE","og_type":"article","og_title":"Silvauto: Geschichte und Informationen","og_description":"Spezialisiert auf den Kauf und Verkauf von Oldtimern, neuen und gebrauchten Autos - Silvauto. Silvauto Spa ist ein f\u00fchrendes Unternehmen in Bergamo...","og_url":"https:\/\/www.silvauto.it\/de\/wer-wir-sind\/","og_site_name":"Silvauto","article_publisher":"https:\/\/www.facebook.com\/p\/silvautospa-100069924480834\/","article_modified_time":"2023-09-20T08:48:19+00:00","og_image":[{"width":1600,"height":900,"url":"https:\/\/www.silvauto.it\/wp-content\/uploads\/2023\/06\/chi-siamo-b.jpg","type":"image\/jpeg"}],"twitter_card":"summary_large_image","twitter_misc":{"Gesch\u00e4tzte Lesezeit":"4\u00a0Minuten"},"schema":{"@context":"https:\/\/schema.org","@graph":[{"@type":"WebPage","@id":"https:\/\/www.silvauto.it\/de\/wer-wir-sind\/","url":"https:\/\/www.silvauto.it\/de\/wer-wir-sind\/","name":"Silvauto: Geschichte und Informationen","isPartOf":{"@id":"https:\/\/www.silvauto.it\/de\/#website"},"primaryImageOfPage":{"@id":"https:\/\/www.silvauto.it\/de\/wer-wir-sind\/#primaryimage"},"image":{"@id":"https:\/\/www.silvauto.it\/de\/wer-wir-sind\/#primaryimage"},"thumbnailUrl":"https:\/\/www.silvauto.it\/wp-content\/uploads\/2023\/06\/chi-siamo-b.jpg","datePublished":"2023-06-20T14:02:08+00:00","dateModified":"2023-09-20T08:48:19+00:00","description":"Spezialisiert auf den Kauf und Verkauf von Oldtimern, neuen und gebrauchten Autos - Silvauto. Silvauto Spa ist ein f\u00fchrendes Unternehmen in Bergamo...","breadcrumb":{"@id":"https:\/\/www.silvauto.it\/de\/wer-wir-sind\/#breadcrumb"},"inLanguage":"de","potentialAction":[{"@type":"ReadAction","target":["https:\/\/www.silvauto.it\/de\/wer-wir-sind\/"]}]},{"@type":"ImageObject","inLanguage":"de","@id":"https:\/\/www.silvauto.it\/de\/wer-wir-sind\/#primaryimage","url":"https:\/\/www.silvauto.it\/wp-content\/uploads\/2023\/06\/chi-siamo-b.jpg","contentUrl":"https:\/\/www.silvauto.it\/wp-content\/uploads\/2023\/06\/chi-siamo-b.jpg","width":1600,"height":900,"caption":"Silvauto concessionario auto epoca a Grumello del Monte (BG)"},{"@type":"BreadcrumbList","@id":"https:\/\/www.silvauto.it\/de\/wer-wir-sind\/#breadcrumb","itemListElement":[{"@type":"ListItem","position":1,"name":"Home","item":"https:\/\/www.silvauto.it\/de\/"},{"@type":"ListItem","position":2,"name":"Wer wir sind"}]},{"@type":"WebSite","@id":"https:\/\/www.silvauto.it\/de\/#website","url":"https:\/\/www.silvauto.it\/de\/","name":"Silvauto","description":"Trova la tua prossima auto","publisher":{"@id":"https:\/\/www.silvauto.it\/de\/#organization"},"potentialAction":[{"@type":"SearchAction","target":{"@type":"EntryPoint","urlTemplate":"https:\/\/www.silvauto.it\/de\/?s={search_term_string}"},"query-input":{"@type":"PropertyValueSpecification","valueRequired":true,"valueName":"search_term_string"}}],"inLanguage":"de"},{"@type":"Organization","@id":"https:\/\/www.silvauto.it\/de\/#organization","name":"Silvauto S.p.A.","url":"https:\/\/www.silvauto.it\/de\/","logo":{"@type":"ImageObject","inLanguage":"de","@id":"https:\/\/www.silvauto.it\/de\/#\/schema\/logo\/image\/","url":"https:\/\/www.silvauto.it\/wp-content\/uploads\/2023\/06\/Silvauto-1.png","contentUrl":"https:\/\/www.silvauto.it\/wp-content\/uploads\/2023\/06\/Silvauto-1.png","width":350,"height":104,"caption":"Silvauto S.p.A."},"image":{"@id":"https:\/\/www.silvauto.it\/de\/#\/schema\/logo\/image\/"},"sameAs":["https:\/\/www.facebook.com\/p\/silvautospa-100069924480834\/","https:\/\/www.instagram.com\/silvauto_spa","https:\/\/www.linkedin.com\/company\/silvauto-spa\/"]}]}},"_links":{"self":[{"href":"https:\/\/www.silvauto.it\/de\/wp-json\/wp\/v2\/pages\/259542","targetHints":{"allow":["GET"]}}],"collection":[{"href":"https:\/\/www.silvauto.it\/de\/wp-json\/wp\/v2\/pages"}],"about":[{"href":"https:\/\/www.silvauto.it\/de\/wp-json\/wp\/v2\/types\/page"}],"author":[{"embeddable":true,"href":"https:\/\/www.silvauto.it\/de\/wp-json\/wp\/v2\/users\/1"}],"replies":[{"embeddable":true,"href":"https:\/\/www.silvauto.it\/de\/wp-json\/wp\/v2\/comments?post=259542"}],"version-history":[{"count":0,"href":"https:\/\/www.silvauto.it\/de\/wp-json\/wp\/v2\/pages\/259542\/revisions"}],"wp:featuredmedia":[{"embeddable":true,"href":"https:\/\/www.silvauto.it\/de\/wp-json\/wp\/v2\/media\/242145"}],"wp:attachment":[{"href":"https:\/\/www.silvauto.it\/de\/wp-json\/wp\/v2\/media?parent=259542"}],"curies":[{"name":"wp","href":"https:\/\/api.w.org\/{rel}","templated":true}]}}