{"id":259507,"date":"2023-06-26T10:10:19","date_gmt":"2023-06-26T08:10:19","guid":{"rendered":"https:\/\/www.silvauto.it\/?page_id=259507"},"modified":"2024-11-03T21:01:18","modified_gmt":"2024-11-03T20:01:18","slug":"silvauto-selected-classics-die-besten-oldtimer-silvauto","status":"publish","type":"page","link":"https:\/\/www.silvauto.it\/de\/oldtimer\/silvauto-selected-classics-die-besten-oldtimer-silvauto\/","title":{"rendered":"Silvauto Selected Classics"},"content":{"rendered":"<div class=\"wpb-content-wrapper\"><p>[vc_row full_width=&#8221;stretch_row_content&#8221;][vc_column offset=&#8221;vc_col-lg-offset-1 vc_col-lg-10&#8243;][vc_single_image source=&#8221;featured_image&#8221; img_size=&#8221;1600&#215;500&#8243; alignment=&#8221;center&#8221;][vc_empty_space height=&#8221;30px&#8221;][\/vc_column][\/vc_row][vc_row][vc_column][vc_column_text el_class=&#8221;lead&#8221;]<strong>Silvauto Selected Classics. <\/strong>Unsere exklusive Sammlung von Oldtimern, die bereits ihre gl\u00fccklichen Besitzer gefunden haben.[\/vc_column_text][vc_column_text]Oldtimer sind lebendige Zeugnisse einer vergangenen Epoche, Symbole f\u00fcr zeitlose Eleganz und legend\u00e4re Leistungen. Bei Silvauto Selected Classics finden Sie eine Auswahl dieser Meisterwerke auf vier R\u00e4dern, die an Liebhaber und Sammler auf der ganzen Welt verkauft wurden.<\/p>\n<p>Jedes Fahrzeug in unserer Sammlung wurde sorgf\u00e4ltig ausgew\u00e4hlt, akribisch restauriert und nach den h\u00f6chsten Standards gewartet. Wir haben uns bem\u00fcht, unseren anspruchsvollen Kunden ein authentisches Fahrerlebnis und eine wertvolle Investition zu bieten.<br \/>\n[\/vc_column_text][vc_empty_space height=&#8221;30px&#8221;][\/vc_column][\/vc_row][vc_row full_width=&#8221;stretch_row_content&#8221;][vc_column offset=&#8221;vc_col-lg-offset-1 vc_col-lg-10&#8243;][vc_masonry_media_grid style=&#8221;load-more&#8221; items_per_page=&#8221;12&#8243; item=&#8221;242248&#8243; css=&#8221;&#8221; btn_title=&#8221;WEITERE FOTOS LADEN&#8221; btn_style=&#8221;custom&#8221; btn_custom_background=&#8221;#db152d&#8221; btn_custom_text=&#8221;#ffffff&#8221; btn_align=&#8221;center&#8221; grid_id=&#8221;vc_gid:1730663942274-f15fb448-5f41-2&#8243; include=&#8221;242238,242242,242246,242255,242259,242263,242267,242271,242275,242279,242283,242287,242291,242295,242299,242303,242307,242311,242315,242319,242323,242327,242331,242335,242339,242343,242347,242351,242355,242359,242363,242367,242371,242375,242379,242383,242387,242391,242395,242399,242403,242407,242411,242415,242419,242423,242427,242431,242435,242439,242443,242447,242451,242455,242459,242463,242467,242471,242475,242479,242483,242487,242491,242495,242499,242503,242507,242511,242515,242519,242523,242527,242531,242535,242539,242543,242547,242551,242555,242559,242563,242567,242571,242575,242579&#8243;][\/vc_column][\/vc_row][vc_row full_width=&#8221;stretch_row&#8221; disable_element=&#8221;yes&#8221; el_class=&#8221;bg-grey&#8221; el_id=&#8221;contattaci&#8221;][vc_column offset=&#8221;vc_col-lg-offset-1 vc_col-lg-10 vc_col-md-offset-1 vc_col-md-10&#8243;][vc_empty_space height=&#8221;50px&#8221;][vc_custom_heading text=&#8221;Kontaktieren Sie uns f\u00fcr weitere Informationen&#8221; font_container=&#8221;tag:p|text_align:center&#8221; use_theme_fonts=&#8221;yes&#8221; el_class=&#8221;h2&#8243;][vc_empty_space height=&#8221;20px&#8221;]\n<div class=\"wpcf7 no-js\" id=\"wpcf7-f259196-o1\" lang=\"de-DE\" dir=\"ltr\" data-wpcf7-id=\"259196\">\n<div class=\"screen-reader-response\"><p role=\"status\" aria-live=\"polite\" aria-atomic=\"true\"><\/p> <ul><\/ul><\/div>\n<form action=\"\/de\/wp-json\/wp\/v2\/pages\/259507#wpcf7-f259196-o1\" method=\"post\" class=\"wpcf7-form init\" aria-label=\"Kontaktformular\" novalidate=\"novalidate\" data-status=\"init\">\n<fieldset class=\"hidden-fields-container\"><input type=\"hidden\" name=\"_wpcf7\" value=\"259196\" \/><input type=\"hidden\" name=\"_wpcf7_version\" value=\"6.1.5\" \/><input type=\"hidden\" name=\"_wpcf7_locale\" value=\"de_DE\" \/><input type=\"hidden\" name=\"_wpcf7_unit_tag\" value=\"wpcf7-f259196-o1\" \/><input type=\"hidden\" name=\"_wpcf7_container_post\" value=\"0\" \/><input type=\"hidden\" name=\"_wpcf7_posted_data_hash\" value=\"\" \/><input type=\"hidden\" name=\"_wpcf7cf_hidden_group_fields\" value=\"[]\" \/><input type=\"hidden\" name=\"_wpcf7cf_hidden_groups\" value=\"[]\" \/><input type=\"hidden\" name=\"_wpcf7cf_visible_groups\" value=\"[]\" \/><input type=\"hidden\" name=\"_wpcf7cf_repeaters\" value=\"[]\" \/><input type=\"hidden\" name=\"_wpcf7cf_steps\" value=\"{}\" \/><input type=\"hidden\" name=\"_wpcf7cf_options\" value=\"{&quot;form_id&quot;:259196,&quot;conditions&quot;:[],&quot;settings&quot;:{&quot;animation&quot;:&quot;yes&quot;,&quot;animation_intime&quot;:200,&quot;animation_outtime&quot;:200,&quot;conditions_ui&quot;:&quot;normal&quot;,&quot;notice_dismissed&quot;:false,&quot;notice_dismissed_rollback-cf7-5.9.8&quot;:true,&quot;notice_dismissed_rollback-cf7-6.0.1&quot;:true,&quot;notice_dismissed_rollback-cf7-6.1.1&quot;:true}}\" \/><input type=\"hidden\" name=\"_wpcf7dtx_version\" value=\"5.0.5\" \/><input type=\"hidden\" name=\"upload_dir\" value=\"cf7-multifile-upload\" \/><input type=\"hidden\" name=\"generate_name\" value=\"04-07-26-69d50071a874c\" \/><input type=\"hidden\" name=\"_wpcf7_recaptcha_response\" value=\"\" \/>\n<\/fieldset>\n<input class=\"wpcf7-form-control wpcf7-hidden\" value=\"\" type=\"hidden\" name=\"utm_campaign\" \/>\n<input class=\"wpcf7-form-control wpcf7-hidden\" value=\"\" type=\"hidden\" name=\"utm_source\" \/>\n<input class=\"wpcf7-form-control wpcf7-hidden\" value=\"\" type=\"hidden\" name=\"utm_medium\" \/>\n<input class=\"wpcf7-form-control wpcf7-hidden\" value=\"\" type=\"hidden\" name=\"utm_content\" \/>\n<input class=\"wpcf7-form-control wpcf7-hidden\" value=\"\" type=\"hidden\" name=\"url_lead\" \/>\n<input class=\"wpcf7-form-control wpcf7-hidden\" value=\"lead\" type=\"hidden\" name=\"lc_list_name\" \/>\n\n<div class=\"form-info\">\n<div class=\"form-info-sx\">\n<label><strong>Vorname *<\/strong>\n    <span class=\"wpcf7-form-control-wrap\" data-name=\"first_name\"><input size=\"40\" maxlength=\"400\" class=\"wpcf7-form-control wpcf7-text wpcf7-validates-as-required\" aria-required=\"true\" aria-invalid=\"false\" value=\"\" type=\"text\" name=\"first_name\" \/><\/span> <\/label>\n<\/div>\n<div class=\"form-info-dx\">\n<label><strong>Nachname *<\/strong>\n    <span class=\"wpcf7-form-control-wrap\" data-name=\"last_name\"><input size=\"40\" maxlength=\"400\" class=\"wpcf7-form-control wpcf7-text wpcf7-validates-as-required\" aria-required=\"true\" aria-invalid=\"false\" value=\"\" type=\"text\" name=\"last_name\" \/><\/span> <\/label>\n<\/div>\n<div class=\"form-info-sx\">\n<label><strong>Email *<\/strong>\n    <span class=\"wpcf7-form-control-wrap\" data-name=\"your-email\"><input size=\"40\" maxlength=\"400\" class=\"wpcf7-form-control wpcf7-email wpcf7-validates-as-required wpcf7-text wpcf7-validates-as-email\" aria-required=\"true\" aria-invalid=\"false\" value=\"\" type=\"email\" name=\"your-email\" \/><\/span> <\/label>\n<\/div>\n<div class=\"form-info-dx\">\n<label><strong>Telefon *<\/strong>\n    <span class=\"wpcf7-form-control-wrap\" data-name=\"telefono\"><input size=\"40\" maxlength=\"400\" class=\"wpcf7-form-control wpcf7-tel wpcf7-validates-as-required wpcf7-text wpcf7-validates-as-tel\" aria-required=\"true\" aria-invalid=\"false\" value=\"\" type=\"tel\" name=\"telefono\" \/><\/span> <\/label>\n<\/div>\n<div class=\"form-info-100\">\n<label><strong>Grund der Kontaktaufnahme<\/strong><br>\n    <span class=\"wpcf7-form-control-wrap\" data-name=\"motivo-contatto\"><input size=\"40\" maxlength=\"400\" class=\"wpcf7-form-control wpcf7-text wpcf7-validates-as-required\" aria-required=\"true\" aria-invalid=\"false\" value=\"\" type=\"text\" name=\"motivo-contatto\" \/><\/span> <\/label>\n<\/div>\n<div class=\"form-info-100\">\n<label><strong>M\u00f6chten Sie Anmerkungen hinzuf\u00fcgen?<\/strong><br>\n    <span class=\"wpcf7-form-control-wrap\" data-name=\"your-message\"><textarea cols=\"40\" rows=\"10\" maxlength=\"2000\" class=\"wpcf7-form-control wpcf7-textarea\" aria-invalid=\"false\" placeholder=\"Hier eingeben\" name=\"your-message\"><\/textarea><\/span> <\/label>\n<\/div>\n\n<div class=\"informativa\">\n<span class=\"wpcf7-form-control-wrap\" data-name=\"privacy\"><span class=\"wpcf7-form-control wpcf7-checkbox wpcf7-validates-as-required\"><span class=\"wpcf7-list-item first last\"><label><input type=\"checkbox\" name=\"privacy[]\" value=\"Ich stimme der Verarbeitung meiner personenbezogenen Daten gem\u00e4\u00df den geltenden Datenschutzbestimmungen (EU-Verordnung Nr. 679\/16) gem\u00e4\u00df den in der Datenschutzrichtlinie angegebenen Zwecken und Verfahren zu.\" \/><span class=\"wpcf7-list-item-label\">Ich stimme der Verarbeitung meiner personenbezogenen Daten gem\u00e4\u00df den geltenden Datenschutzbestimmungen (EU-Verordnung Nr. 679\/16) gem\u00e4\u00df den in der Datenschutzrichtlinie angegebenen Zwecken und Verfahren zu.<\/span><\/label><\/span><\/span><\/span>\n<a href=\"\/de\/privacy-policy\/\" target=\"_blank\">Datenschutzerkl\u00e4rung lesen<\/a>\n<\/div>\n\n<input class=\"wpcf7-form-control wpcf7-submit has-spinner\" type=\"submit\" value=\"INFORMATIONSANFRAGE\" \/>\n\n<\/div><input type='hidden' class='wpcf7-pum' value='{\"closepopup\":false,\"closedelay\":0,\"openpopup\":false,\"openpopup_id\":0}' \/><div class=\"wpcf7-response-output\" aria-hidden=\"true\"><\/div>\n<\/form>\n<\/div>\n[vc_empty_space height=&#8221;30px&#8221;][\/vc_column][\/vc_row][vc_row full_width=&#8221;stretch_row&#8221; el_class=&#8221;blocco-standard-page-middle-small bg-grey&#8221;][vc_column][vc_empty_space height=&#8221;50px&#8221;][vc_custom_heading text=&#8221;Finden Sie Ihren Oldtimer&#8221; font_container=&#8221;tag:h2|text_align:center&#8221; use_theme_fonts=&#8221;yes&#8221;][vc_column_text el_class=&#8221;text-center&#8221;]Wir verf\u00fcgen \u00fcber ein umfangreiches Portfolio an Oldtimern, das sich an ein Publikum aus Liebhabern und Sammlern auf nationaler und internationaler Ebene richtet. Einige Exemplare sind auch von gro\u00dfem Wert und Prestige.<\/p>\n<p>M\u00f6chten Sie wissen, welche Modelle wir derzeit verf\u00fcgbar haben? Konsultieren Sie unseren Katalog.[\/vc_column_text][\/vc_column][\/vc_row][vc_row full_width=&#8221;stretch_row&#8221; el_class=&#8221;blocco-standard-page-bottom ricerca-page bg-grey&#8221;][vc_column][stm_listing_search show_all=&#8221;&#8221; show_amount=&#8221;&#8221; search_button_postfix=&#8221;Suchen&#8221; items=&#8221;%5B%7B%22taxonomy_tab%22%3A%22supercar%20%7C%20condition%2C%20%22%2C%22tab_title_single%22%3A%22Epoca%22%2C%22filter_selected%22%3A%22make%2Cbody%2Cca-year%22%7D%5D&#8221;][\/vc_column][\/vc_row]<\/p>\n<\/div>","protected":false},"excerpt":{"rendered":"<p>[vc_row full_width=&#8221;stretch_row_content&#8221;][vc_column offset=&#8221;vc_col-lg-offset-1 vc_col-lg-10&#8243;][vc_single_image source=&#8221;featured_image&#8221; img_size=&#8221;1600&#215;500&#8243; alignment=&#8221;center&#8221;][vc_empty_space height=&#8221;30px&#8221;][\/vc_column][\/vc_row][vc_row][vc_column][vc_column_text el_class=&#8221;lead&#8221;]Silvauto Selected Classics. Unsere exklusive Sammlung von Oldtimern, die bereits ihre gl\u00fccklichen Besitzer gefunden haben.[\/vc_column_text][vc_column_text]Oldtimer sind lebendige Zeugnisse einer vergangenen Epoche, Symbole f\u00fcr zeitlose Eleganz und legend\u00e4re Leistungen. Bei Silvauto Selected Classics finden Sie eine Auswahl dieser Meisterwerke auf vier R\u00e4dern, die an Liebhaber und Sammler auf&#8230;<\/p>\n","protected":false},"author":1,"featured_media":242589,"parent":259044,"menu_order":0,"comment_status":"closed","ping_status":"closed","template":"","meta":{"footnotes":""},"class_list":["post-259507","page","type-page","status-publish","has-post-thumbnail","hentry"],"yoast_head":"<!-- This site is optimized with the Yoast SEO plugin v27.3 - https:\/\/yoast.com\/product\/yoast-seo-wordpress\/ -->\n<title>Silvauto Selected Classics - Silvauto<\/title>\n<meta name=\"description\" content=\"Unsere exklusive Sammlung von Oldtimern, die bereits ihre gl\u00fccklichen Besitzer gefunden haben...\" \/>\n<meta name=\"robots\" content=\"index, follow, max-snippet:-1, max-image-preview:large, max-video-preview:-1\" \/>\n<link rel=\"canonical\" href=\"https:\/\/www.silvauto.it\/de\/oldtimer\/silvauto-selected-classics-die-besten-oldtimer-silvauto\/\" \/>\n<meta property=\"og:locale\" content=\"de_DE\" \/>\n<meta property=\"og:type\" content=\"article\" \/>\n<meta property=\"og:title\" content=\"Silvauto Selected Classics - Silvauto\" \/>\n<meta property=\"og:description\" content=\"Unsere exklusive Sammlung von Oldtimern, die bereits ihre gl\u00fccklichen Besitzer gefunden haben...\" \/>\n<meta property=\"og:url\" content=\"https:\/\/www.silvauto.it\/de\/oldtimer\/silvauto-selected-classics-die-besten-oldtimer-silvauto\/\" \/>\n<meta property=\"og:site_name\" content=\"Silvauto\" \/>\n<meta property=\"article:publisher\" content=\"https:\/\/www.facebook.com\/p\/silvautospa-100069924480834\/\" \/>\n<meta property=\"article:modified_time\" content=\"2024-11-03T20:01:18+00:00\" \/>\n<meta property=\"og:image\" content=\"https:\/\/www.silvauto.it\/wp-content\/uploads\/2023\/06\/silvauto-selected-classics.jpg\" \/>\n\t<meta property=\"og:image:width\" content=\"1600\" \/>\n\t<meta property=\"og:image:height\" content=\"900\" \/>\n\t<meta property=\"og:image:type\" content=\"image\/jpeg\" \/>\n<meta name=\"twitter:card\" content=\"summary_large_image\" \/>\n<meta name=\"twitter:label1\" content=\"Gesch\u00e4tzte Lesezeit\" \/>\n\t<meta name=\"twitter:data1\" content=\"2\u00a0Minuten\" \/>\n<script type=\"application\/ld+json\" class=\"yoast-schema-graph\">{\"@context\":\"https:\\\/\\\/schema.org\",\"@graph\":[{\"@type\":\"WebPage\",\"@id\":\"https:\\\/\\\/www.silvauto.it\\\/de\\\/oldtimer\\\/silvauto-selected-classics-die-besten-oldtimer-silvauto\\\/\",\"url\":\"https:\\\/\\\/www.silvauto.it\\\/de\\\/oldtimer\\\/silvauto-selected-classics-die-besten-oldtimer-silvauto\\\/\",\"name\":\"Silvauto Selected Classics - Silvauto\",\"isPartOf\":{\"@id\":\"https:\\\/\\\/www.silvauto.it\\\/de\\\/#website\"},\"primaryImageOfPage\":{\"@id\":\"https:\\\/\\\/www.silvauto.it\\\/de\\\/oldtimer\\\/silvauto-selected-classics-die-besten-oldtimer-silvauto\\\/#primaryimage\"},\"image\":{\"@id\":\"https:\\\/\\\/www.silvauto.it\\\/de\\\/oldtimer\\\/silvauto-selected-classics-die-besten-oldtimer-silvauto\\\/#primaryimage\"},\"thumbnailUrl\":\"https:\\\/\\\/www.silvauto.it\\\/wp-content\\\/uploads\\\/2023\\\/06\\\/silvauto-selected-classics.jpg\",\"datePublished\":\"2023-06-26T08:10:19+00:00\",\"dateModified\":\"2024-11-03T20:01:18+00:00\",\"description\":\"Unsere exklusive Sammlung von Oldtimern, die bereits ihre gl\u00fccklichen Besitzer gefunden haben...\",\"breadcrumb\":{\"@id\":\"https:\\\/\\\/www.silvauto.it\\\/de\\\/oldtimer\\\/silvauto-selected-classics-die-besten-oldtimer-silvauto\\\/#breadcrumb\"},\"inLanguage\":\"de\",\"potentialAction\":[{\"@type\":\"ReadAction\",\"target\":[\"https:\\\/\\\/www.silvauto.it\\\/de\\\/oldtimer\\\/silvauto-selected-classics-die-besten-oldtimer-silvauto\\\/\"]}]},{\"@type\":\"ImageObject\",\"inLanguage\":\"de\",\"@id\":\"https:\\\/\\\/www.silvauto.it\\\/de\\\/oldtimer\\\/silvauto-selected-classics-die-besten-oldtimer-silvauto\\\/#primaryimage\",\"url\":\"https:\\\/\\\/www.silvauto.it\\\/wp-content\\\/uploads\\\/2023\\\/06\\\/silvauto-selected-classics.jpg\",\"contentUrl\":\"https:\\\/\\\/www.silvauto.it\\\/wp-content\\\/uploads\\\/2023\\\/06\\\/silvauto-selected-classics.jpg\",\"width\":1600,\"height\":900,\"caption\":\"Silvauto Selected Classics\"},{\"@type\":\"BreadcrumbList\",\"@id\":\"https:\\\/\\\/www.silvauto.it\\\/de\\\/oldtimer\\\/silvauto-selected-classics-die-besten-oldtimer-silvauto\\\/#breadcrumb\",\"itemListElement\":[{\"@type\":\"ListItem\",\"position\":1,\"name\":\"Home\",\"item\":\"https:\\\/\\\/www.silvauto.it\\\/de\\\/\"},{\"@type\":\"ListItem\",\"position\":2,\"name\":\"Oldtimer\",\"item\":\"https:\\\/\\\/www.silvauto.it\\\/de\\\/oldtimer\\\/\"},{\"@type\":\"ListItem\",\"position\":3,\"name\":\"Silvauto Selected Classics\"}]},{\"@type\":\"WebSite\",\"@id\":\"https:\\\/\\\/www.silvauto.it\\\/de\\\/#website\",\"url\":\"https:\\\/\\\/www.silvauto.it\\\/de\\\/\",\"name\":\"Silvauto\",\"description\":\"Trova la tua prossima auto\",\"publisher\":{\"@id\":\"https:\\\/\\\/www.silvauto.it\\\/de\\\/#organization\"},\"potentialAction\":[{\"@type\":\"SearchAction\",\"target\":{\"@type\":\"EntryPoint\",\"urlTemplate\":\"https:\\\/\\\/www.silvauto.it\\\/de\\\/?s={search_term_string}\"},\"query-input\":{\"@type\":\"PropertyValueSpecification\",\"valueRequired\":true,\"valueName\":\"search_term_string\"}}],\"inLanguage\":\"de\"},{\"@type\":\"Organization\",\"@id\":\"https:\\\/\\\/www.silvauto.it\\\/de\\\/#organization\",\"name\":\"Silvauto S.p.A.\",\"url\":\"https:\\\/\\\/www.silvauto.it\\\/de\\\/\",\"logo\":{\"@type\":\"ImageObject\",\"inLanguage\":\"de\",\"@id\":\"https:\\\/\\\/www.silvauto.it\\\/de\\\/#\\\/schema\\\/logo\\\/image\\\/\",\"url\":\"https:\\\/\\\/www.silvauto.it\\\/wp-content\\\/uploads\\\/2023\\\/06\\\/Silvauto-1.png\",\"contentUrl\":\"https:\\\/\\\/www.silvauto.it\\\/wp-content\\\/uploads\\\/2023\\\/06\\\/Silvauto-1.png\",\"width\":350,\"height\":104,\"caption\":\"Silvauto S.p.A.\"},\"image\":{\"@id\":\"https:\\\/\\\/www.silvauto.it\\\/de\\\/#\\\/schema\\\/logo\\\/image\\\/\"},\"sameAs\":[\"https:\\\/\\\/www.facebook.com\\\/p\\\/silvautospa-100069924480834\\\/\",\"https:\\\/\\\/www.instagram.com\\\/silvauto_spa\",\"https:\\\/\\\/www.linkedin.com\\\/company\\\/silvauto-spa\\\/\"]}]}<\/script>\n<!-- \/ Yoast SEO plugin. -->","yoast_head_json":{"title":"Silvauto Selected Classics - Silvauto","description":"Unsere exklusive Sammlung von Oldtimern, die bereits ihre gl\u00fccklichen Besitzer gefunden haben...","robots":{"index":"index","follow":"follow","max-snippet":"max-snippet:-1","max-image-preview":"max-image-preview:large","max-video-preview":"max-video-preview:-1"},"canonical":"https:\/\/www.silvauto.it\/de\/oldtimer\/silvauto-selected-classics-die-besten-oldtimer-silvauto\/","og_locale":"de_DE","og_type":"article","og_title":"Silvauto Selected Classics - Silvauto","og_description":"Unsere exklusive Sammlung von Oldtimern, die bereits ihre gl\u00fccklichen Besitzer gefunden haben...","og_url":"https:\/\/www.silvauto.it\/de\/oldtimer\/silvauto-selected-classics-die-besten-oldtimer-silvauto\/","og_site_name":"Silvauto","article_publisher":"https:\/\/www.facebook.com\/p\/silvautospa-100069924480834\/","article_modified_time":"2024-11-03T20:01:18+00:00","og_image":[{"width":1600,"height":900,"url":"https:\/\/www.silvauto.it\/wp-content\/uploads\/2023\/06\/silvauto-selected-classics.jpg","type":"image\/jpeg"}],"twitter_card":"summary_large_image","twitter_misc":{"Gesch\u00e4tzte Lesezeit":"2\u00a0Minuten"},"schema":{"@context":"https:\/\/schema.org","@graph":[{"@type":"WebPage","@id":"https:\/\/www.silvauto.it\/de\/oldtimer\/silvauto-selected-classics-die-besten-oldtimer-silvauto\/","url":"https:\/\/www.silvauto.it\/de\/oldtimer\/silvauto-selected-classics-die-besten-oldtimer-silvauto\/","name":"Silvauto Selected Classics - Silvauto","isPartOf":{"@id":"https:\/\/www.silvauto.it\/de\/#website"},"primaryImageOfPage":{"@id":"https:\/\/www.silvauto.it\/de\/oldtimer\/silvauto-selected-classics-die-besten-oldtimer-silvauto\/#primaryimage"},"image":{"@id":"https:\/\/www.silvauto.it\/de\/oldtimer\/silvauto-selected-classics-die-besten-oldtimer-silvauto\/#primaryimage"},"thumbnailUrl":"https:\/\/www.silvauto.it\/wp-content\/uploads\/2023\/06\/silvauto-selected-classics.jpg","datePublished":"2023-06-26T08:10:19+00:00","dateModified":"2024-11-03T20:01:18+00:00","description":"Unsere exklusive Sammlung von Oldtimern, die bereits ihre gl\u00fccklichen Besitzer gefunden haben...","breadcrumb":{"@id":"https:\/\/www.silvauto.it\/de\/oldtimer\/silvauto-selected-classics-die-besten-oldtimer-silvauto\/#breadcrumb"},"inLanguage":"de","potentialAction":[{"@type":"ReadAction","target":["https:\/\/www.silvauto.it\/de\/oldtimer\/silvauto-selected-classics-die-besten-oldtimer-silvauto\/"]}]},{"@type":"ImageObject","inLanguage":"de","@id":"https:\/\/www.silvauto.it\/de\/oldtimer\/silvauto-selected-classics-die-besten-oldtimer-silvauto\/#primaryimage","url":"https:\/\/www.silvauto.it\/wp-content\/uploads\/2023\/06\/silvauto-selected-classics.jpg","contentUrl":"https:\/\/www.silvauto.it\/wp-content\/uploads\/2023\/06\/silvauto-selected-classics.jpg","width":1600,"height":900,"caption":"Silvauto Selected Classics"},{"@type":"BreadcrumbList","@id":"https:\/\/www.silvauto.it\/de\/oldtimer\/silvauto-selected-classics-die-besten-oldtimer-silvauto\/#breadcrumb","itemListElement":[{"@type":"ListItem","position":1,"name":"Home","item":"https:\/\/www.silvauto.it\/de\/"},{"@type":"ListItem","position":2,"name":"Oldtimer","item":"https:\/\/www.silvauto.it\/de\/oldtimer\/"},{"@type":"ListItem","position":3,"name":"Silvauto Selected Classics"}]},{"@type":"WebSite","@id":"https:\/\/www.silvauto.it\/de\/#website","url":"https:\/\/www.silvauto.it\/de\/","name":"Silvauto","description":"Trova la tua prossima auto","publisher":{"@id":"https:\/\/www.silvauto.it\/de\/#organization"},"potentialAction":[{"@type":"SearchAction","target":{"@type":"EntryPoint","urlTemplate":"https:\/\/www.silvauto.it\/de\/?s={search_term_string}"},"query-input":{"@type":"PropertyValueSpecification","valueRequired":true,"valueName":"search_term_string"}}],"inLanguage":"de"},{"@type":"Organization","@id":"https:\/\/www.silvauto.it\/de\/#organization","name":"Silvauto S.p.A.","url":"https:\/\/www.silvauto.it\/de\/","logo":{"@type":"ImageObject","inLanguage":"de","@id":"https:\/\/www.silvauto.it\/de\/#\/schema\/logo\/image\/","url":"https:\/\/www.silvauto.it\/wp-content\/uploads\/2023\/06\/Silvauto-1.png","contentUrl":"https:\/\/www.silvauto.it\/wp-content\/uploads\/2023\/06\/Silvauto-1.png","width":350,"height":104,"caption":"Silvauto S.p.A."},"image":{"@id":"https:\/\/www.silvauto.it\/de\/#\/schema\/logo\/image\/"},"sameAs":["https:\/\/www.facebook.com\/p\/silvautospa-100069924480834\/","https:\/\/www.instagram.com\/silvauto_spa","https:\/\/www.linkedin.com\/company\/silvauto-spa\/"]}]}},"_links":{"self":[{"href":"https:\/\/www.silvauto.it\/de\/wp-json\/wp\/v2\/pages\/259507","targetHints":{"allow":["GET"]}}],"collection":[{"href":"https:\/\/www.silvauto.it\/de\/wp-json\/wp\/v2\/pages"}],"about":[{"href":"https:\/\/www.silvauto.it\/de\/wp-json\/wp\/v2\/types\/page"}],"author":[{"embeddable":true,"href":"https:\/\/www.silvauto.it\/de\/wp-json\/wp\/v2\/users\/1"}],"replies":[{"embeddable":true,"href":"https:\/\/www.silvauto.it\/de\/wp-json\/wp\/v2\/comments?post=259507"}],"version-history":[{"count":0,"href":"https:\/\/www.silvauto.it\/de\/wp-json\/wp\/v2\/pages\/259507\/revisions"}],"up":[{"embeddable":true,"href":"https:\/\/www.silvauto.it\/de\/wp-json\/wp\/v2\/pages\/259044"}],"wp:featuredmedia":[{"embeddable":true,"href":"https:\/\/www.silvauto.it\/de\/wp-json\/wp\/v2\/media\/242589"}],"wp:attachment":[{"href":"https:\/\/www.silvauto.it\/de\/wp-json\/wp\/v2\/media?parent=259507"}],"curies":[{"name":"wp","href":"https:\/\/api.w.org\/{rel}","templated":true}]}}