{"id":259223,"date":"2023-06-19T11:49:58","date_gmt":"2023-06-19T09:49:58","guid":{"rendered":"https:\/\/www.silvauto.it\/?page_id=259223"},"modified":"2023-08-04T15:12:50","modified_gmt":"2023-08-04T13:12:50","slug":"pressespiegel","status":"publish","type":"page","link":"https:\/\/www.silvauto.it\/de\/pressespiegel\/","title":{"rendered":"Pressespiegel"},"content":{"rendered":"<div class=\"wpb-content-wrapper\"><p>[vc_row full_width=&#8221;stretch_row_content&#8221;][vc_column offset=&#8221;vc_col-lg-offset-1 vc_col-lg-10&#8243;][vc_single_image source=&#8221;featured_image&#8221; img_size=&#8221;1600&#215;500&#8243; alignment=&#8221;center&#8221;][vc_empty_space height=&#8221;30px&#8221;][\/vc_column][\/vc_row][vc_row][vc_column][vc_column_text el_class=&#8221;text-center&#8221;]<strong>Unser Pressespiegel ist eine Reise durch die Vergangenheit und Zukunft des Automobils.<\/strong><\/p>\n<p>Werfen Sie einen Blick auf Artikel, die die zeitlose Sch\u00f6nheit historischer Fahrzeuge erforschen, und verfolgen Sie das Wachstum unseres Unternehmens in der Automobilbranche. Bl\u00e4ttern Sie durch die Seiten und lassen Sie sich von der Leidenschaft und den Emotionen einer Welt mitrei\u00dfen, die nie aufh\u00f6rt zu faszinieren.[\/vc_column_text][vc_empty_space height=&#8221;50px&#8221;][\/vc_column][\/vc_row][vc_row full_width=&#8221;stretch_row&#8221; disable_element=&#8221;yes&#8221; el_class=&#8221;blocco-standard-no-padding-top rassegna-stampa&#8221;][vc_column][vc_basic_grid post_type=&#8221;dlm_download&#8221; max_items=&#8221;-1&#8243; style=&#8221;pagination&#8221; items_per_page=&#8221;9&#8243; show_filter=&#8221;yes&#8221; filter_style=&#8221;bordered&#8221; paging_design=&#8221;pagination_default_dark&#8221; item=&#8221;188608&#8243; grid_id=&#8221;vc_gid:1691060610653-52e08f46-e99c-0&#8243; filter_source=&#8221;dlm_download_category&#8221; el_class=&#8221;rassegna-stampa&#8221;][\/vc_column][\/vc_row][vc_section][vc_row stm_fullwidth=&#8221;yes&#8221; el_class=&#8221;rassegna-stampa&#8221;][vc_column][vc_separator align=&#8221;align_left&#8221;][vc_custom_heading text=&#8221;2023&#8243; font_container=&#8221;tag:p|text_align:left&#8221; use_theme_fonts=&#8221;yes&#8221; el_class=&#8221;h2&#8243;][vc_basic_grid post_type=&#8221;dlm_download&#8221; max_items=&#8221;-1&#8243; show_filter=&#8221;yes&#8221; filter_style=&#8221;bordered&#8221; filter_default_title=&#8221;Vedi tutti&#8221; filter_size=&#8221;xs&#8221; item=&#8221;188608&#8243; initial_loading_animation=&#8221;none&#8221; grid_id=&#8221;vc_gid:1691060610654-eee52ca1-8334-10&#8243; filter_source=&#8221;category&#8221; taxonomies=&#8221;530&#8243;][\/vc_column][\/vc_row][vc_row stm_fullwidth=&#8221;yes&#8221; el_class=&#8221;rassegna-stampa&#8221;][vc_column][vc_separator align=&#8221;align_left&#8221;][vc_custom_heading text=&#8221;2022&#8243; font_container=&#8221;tag:p|text_align:left&#8221; use_theme_fonts=&#8221;yes&#8221; el_class=&#8221;h2&#8243;][vc_basic_grid post_type=&#8221;dlm_download&#8221; max_items=&#8221;-1&#8243; show_filter=&#8221;yes&#8221; filter_style=&#8221;bordered&#8221; filter_default_title=&#8221;Vedi tutti&#8221; filter_size=&#8221;xs&#8221; item=&#8221;188608&#8243; initial_loading_animation=&#8221;none&#8221; grid_id=&#8221;vc_gid:1691060610655-e05fa731-0fcc-8&#8243; filter_source=&#8221;category&#8221; taxonomies=&#8221;531&#8243;][\/vc_column][\/vc_row][vc_row stm_fullwidth=&#8221;yes&#8221; el_class=&#8221;rassegna-stampa&#8221;][vc_column][vc_separator align=&#8221;align_left&#8221;][vc_custom_heading text=&#8221;2021&#8243; font_container=&#8221;tag:p|text_align:left&#8221; use_theme_fonts=&#8221;yes&#8221; el_class=&#8221;h2&#8243;][vc_basic_grid post_type=&#8221;dlm_download&#8221; max_items=&#8221;-1&#8243; show_filter=&#8221;yes&#8221; filter_style=&#8221;bordered&#8221; filter_default_title=&#8221;Vedi tutti&#8221; filter_size=&#8221;xs&#8221; item=&#8221;188608&#8243; initial_loading_animation=&#8221;none&#8221; grid_id=&#8221;vc_gid:1691060610656-5cfc79e8-1bbb-8&#8243; filter_source=&#8221;category&#8221; taxonomies=&#8221;532&#8243;][\/vc_column][\/vc_row][vc_row stm_fullwidth=&#8221;yes&#8221; el_class=&#8221;rassegna-stampa&#8221;][vc_column][vc_separator align=&#8221;align_left&#8221;][vc_custom_heading text=&#8221;2020&#8243; font_container=&#8221;tag:p|text_align:left&#8221; use_theme_fonts=&#8221;yes&#8221; el_class=&#8221;h2&#8243;][vc_basic_grid post_type=&#8221;dlm_download&#8221; max_items=&#8221;-1&#8243; show_filter=&#8221;yes&#8221; filter_style=&#8221;bordered&#8221; filter_default_title=&#8221;Vedi tutti&#8221; filter_size=&#8221;xs&#8221; item=&#8221;188608&#8243; initial_loading_animation=&#8221;none&#8221; grid_id=&#8221;vc_gid:1691060610656-8b34fcec-a586-7&#8243; filter_source=&#8221;category&#8221; taxonomies=&#8221;533&#8243;][\/vc_column][\/vc_row][vc_row stm_fullwidth=&#8221;yes&#8221; el_class=&#8221;rassegna-stampa&#8221;][vc_column][vc_separator align=&#8221;align_left&#8221;][vc_custom_heading text=&#8221;2019&#8243; font_container=&#8221;tag:p|text_align:left&#8221; use_theme_fonts=&#8221;yes&#8221; el_class=&#8221;h2&#8243;][vc_basic_grid post_type=&#8221;dlm_download&#8221; max_items=&#8221;-1&#8243; show_filter=&#8221;yes&#8221; filter_style=&#8221;bordered&#8221; filter_default_title=&#8221;Vedi tutti&#8221; filter_size=&#8221;xs&#8221; item=&#8221;188608&#8243; initial_loading_animation=&#8221;none&#8221; grid_id=&#8221;vc_gid:1691060610657-44c428ac-6435-3&#8243; filter_source=&#8221;category&#8221; taxonomies=&#8221;534&#8243;][\/vc_column][\/vc_row][vc_row stm_fullwidth=&#8221;yes&#8221; el_class=&#8221;rassegna-stampa&#8221;][vc_column][vc_separator align=&#8221;align_left&#8221;][vc_custom_heading text=&#8221;2018&#8243; font_container=&#8221;tag:p|text_align:left&#8221; use_theme_fonts=&#8221;yes&#8221; el_class=&#8221;h2&#8243;][vc_basic_grid post_type=&#8221;dlm_download&#8221; max_items=&#8221;-1&#8243; show_filter=&#8221;yes&#8221; filter_style=&#8221;bordered&#8221; filter_default_title=&#8221;Vedi tutti&#8221; filter_size=&#8221;xs&#8221; item=&#8221;188608&#8243; initial_loading_animation=&#8221;none&#8221; grid_id=&#8221;vc_gid:1691060610658-928ec82f-0e3c-10&#8243; filter_source=&#8221;category&#8221; taxonomies=&#8221;535&#8243;][\/vc_column][\/vc_row][vc_row stm_fullwidth=&#8221;yes&#8221; el_class=&#8221;rassegna-stampa&#8221;][vc_column][vc_separator align=&#8221;align_left&#8221;][vc_custom_heading text=&#8221;2017&#8243; font_container=&#8221;tag:p|text_align:left&#8221; use_theme_fonts=&#8221;yes&#8221; el_class=&#8221;h2&#8243;][vc_basic_grid post_type=&#8221;dlm_download&#8221; max_items=&#8221;-1&#8243; show_filter=&#8221;yes&#8221; filter_style=&#8221;bordered&#8221; filter_default_title=&#8221;Vedi tutti&#8221; filter_size=&#8221;xs&#8221; item=&#8221;188608&#8243; initial_loading_animation=&#8221;none&#8221; grid_id=&#8221;vc_gid:1691060610658-334cb5ed-0a28-0&#8243; filter_source=&#8221;category&#8221; taxonomies=&#8221;536&#8243;][\/vc_column][\/vc_row][vc_row stm_fullwidth=&#8221;yes&#8221; el_class=&#8221;rassegna-stampa&#8221;][vc_column][vc_separator align=&#8221;align_left&#8221;][vc_custom_heading text=&#8221;2016&#8243; font_container=&#8221;tag:p|text_align:left&#8221; use_theme_fonts=&#8221;yes&#8221; el_class=&#8221;h2&#8243;][vc_basic_grid post_type=&#8221;dlm_download&#8221; max_items=&#8221;-1&#8243; show_filter=&#8221;yes&#8221; filter_style=&#8221;bordered&#8221; filter_default_title=&#8221;Vedi tutti&#8221; filter_size=&#8221;xs&#8221; item=&#8221;188608&#8243; initial_loading_animation=&#8221;none&#8221; grid_id=&#8221;vc_gid:1691060610659-e4d0a788-d15e-1&#8243; filter_source=&#8221;category&#8221; taxonomies=&#8221;537&#8243;][\/vc_column][\/vc_row][vc_row stm_fullwidth=&#8221;yes&#8221; el_class=&#8221;rassegna-stampa&#8221;][vc_column][vc_separator align=&#8221;align_left&#8221;][vc_custom_heading text=&#8221;2015&#8243; font_container=&#8221;tag:p|text_align:left&#8221; use_theme_fonts=&#8221;yes&#8221; el_class=&#8221;h2&#8243;][vc_basic_grid post_type=&#8221;dlm_download&#8221; max_items=&#8221;-1&#8243; show_filter=&#8221;yes&#8221; filter_style=&#8221;bordered&#8221; filter_default_title=&#8221;Vedi tutti&#8221; filter_size=&#8221;xs&#8221; item=&#8221;188608&#8243; initial_loading_animation=&#8221;none&#8221; grid_id=&#8221;vc_gid:1691060610660-91ab71dd-1a3c-7&#8243; filter_source=&#8221;category&#8221; taxonomies=&#8221;538&#8243;][\/vc_column][\/vc_row][vc_row stm_fullwidth=&#8221;yes&#8221; el_class=&#8221;rassegna-stampa&#8221;][vc_column][vc_separator align=&#8221;align_left&#8221;][vc_custom_heading text=&#8221;2014&#8243; font_container=&#8221;tag:p|text_align:left&#8221; use_theme_fonts=&#8221;yes&#8221; el_class=&#8221;h2&#8243;][vc_basic_grid post_type=&#8221;dlm_download&#8221; max_items=&#8221;-1&#8243; show_filter=&#8221;yes&#8221; filter_style=&#8221;bordered&#8221; filter_default_title=&#8221;Vedi tutti&#8221; filter_size=&#8221;xs&#8221; item=&#8221;188608&#8243; initial_loading_animation=&#8221;none&#8221; grid_id=&#8221;vc_gid:1691060610661-2ae0aa03-1356-2&#8243; filter_source=&#8221;category&#8221; taxonomies=&#8221;539&#8243;][\/vc_column][\/vc_row][vc_row stm_fullwidth=&#8221;yes&#8221; el_class=&#8221;rassegna-stampa&#8221;][vc_column][vc_separator align=&#8221;align_left&#8221;][vc_custom_heading text=&#8221;2013&#8243; font_container=&#8221;tag:p|text_align:left&#8221; use_theme_fonts=&#8221;yes&#8221; el_class=&#8221;h2&#8243;][vc_basic_grid post_type=&#8221;dlm_download&#8221; max_items=&#8221;-1&#8243; show_filter=&#8221;yes&#8221; filter_style=&#8221;bordered&#8221; filter_default_title=&#8221;Vedi tutti&#8221; filter_size=&#8221;xs&#8221; item=&#8221;188608&#8243; initial_loading_animation=&#8221;none&#8221; grid_id=&#8221;vc_gid:1691060610662-c6f1c229-6919-5&#8243; filter_source=&#8221;category&#8221; taxonomies=&#8221;540&#8243;][\/vc_column][\/vc_row][vc_row stm_fullwidth=&#8221;yes&#8221; el_class=&#8221;rassegna-stampa&#8221;][vc_column][vc_separator align=&#8221;align_left&#8221;][vc_custom_heading text=&#8221;2012&#8243; font_container=&#8221;tag:p|text_align:left&#8221; use_theme_fonts=&#8221;yes&#8221; el_class=&#8221;h2&#8243;][vc_basic_grid post_type=&#8221;dlm_download&#8221; max_items=&#8221;-1&#8243; show_filter=&#8221;yes&#8221; filter_style=&#8221;bordered&#8221; filter_default_title=&#8221;Vedi tutti&#8221; filter_size=&#8221;xs&#8221; item=&#8221;188608&#8243; initial_loading_animation=&#8221;none&#8221; grid_id=&#8221;vc_gid:1691060610662-5e6d4e75-dd58-4&#8243; filter_source=&#8221;category&#8221; taxonomies=&#8221;541&#8243;][\/vc_column][\/vc_row][vc_row stm_fullwidth=&#8221;yes&#8221; el_class=&#8221;rassegna-stampa&#8221;][vc_column][vc_separator align=&#8221;align_left&#8221;][vc_custom_heading text=&#8221;2011&#8243; font_container=&#8221;tag:p|text_align:left&#8221; use_theme_fonts=&#8221;yes&#8221; el_class=&#8221;h2&#8243;][vc_basic_grid post_type=&#8221;dlm_download&#8221; max_items=&#8221;-1&#8243; show_filter=&#8221;yes&#8221; filter_style=&#8221;bordered&#8221; filter_default_title=&#8221;Vedi tutti&#8221; filter_size=&#8221;xs&#8221; item=&#8221;188608&#8243; initial_loading_animation=&#8221;none&#8221; grid_id=&#8221;vc_gid:1691060610663-98559822-4497-6&#8243; filter_source=&#8221;category&#8221; taxonomies=&#8221;542&#8243;][\/vc_column][\/vc_row][\/vc_section]<\/p>\n<\/div>","protected":false},"excerpt":{"rendered":"<p>[vc_row full_width=&#8221;stretch_row_content&#8221;][vc_column offset=&#8221;vc_col-lg-offset-1 vc_col-lg-10&#8243;][vc_single_image source=&#8221;featured_image&#8221; img_size=&#8221;1600&#215;500&#8243; alignment=&#8221;center&#8221;][vc_empty_space height=&#8221;30px&#8221;][\/vc_column][\/vc_row][vc_row][vc_column][vc_column_text el_class=&#8221;text-center&#8221;]Unser Pressespiegel ist eine Reise durch die Vergangenheit und Zukunft des Automobils. Werfen Sie einen Blick auf Artikel, die die zeitlose Sch\u00f6nheit historischer Fahrzeuge erforschen, und verfolgen Sie das Wachstum unseres Unternehmens in der Automobilbranche. Bl\u00e4ttern Sie durch die Seiten und lassen Sie sich von der Leidenschaft&#8230;<\/p>\n","protected":false},"author":1,"featured_media":379206,"parent":0,"menu_order":0,"comment_status":"closed","ping_status":"closed","template":"","meta":{"footnotes":""},"class_list":["post-259223","page","type-page","status-publish","has-post-thumbnail","hentry"],"yoast_head":"<!-- This site is optimized with the Yoast SEO plugin v27.3 - https:\/\/yoast.com\/product\/yoast-seo-wordpress\/ -->\n<title>Pressespiegel - Silvauto<\/title>\n<meta name=\"description\" content=\"Unsere Presse\u00fcbersicht ist eine Reise durch die Vergangenheit und Zukunft der Automobilindustrie. Werfen Sie einen Blick auf die Artikel!\" \/>\n<meta name=\"robots\" content=\"index, follow, max-snippet:-1, max-image-preview:large, max-video-preview:-1\" \/>\n<link rel=\"canonical\" href=\"https:\/\/www.silvauto.it\/de\/pressespiegel\/\" \/>\n<meta property=\"og:locale\" content=\"de_DE\" \/>\n<meta property=\"og:type\" content=\"article\" \/>\n<meta property=\"og:title\" content=\"Pressespiegel - Silvauto\" \/>\n<meta property=\"og:description\" content=\"Unsere Presse\u00fcbersicht ist eine Reise durch die Vergangenheit und Zukunft der Automobilindustrie. Werfen Sie einen Blick auf die Artikel!\" \/>\n<meta property=\"og:url\" content=\"https:\/\/www.silvauto.it\/de\/pressespiegel\/\" \/>\n<meta property=\"og:site_name\" content=\"Silvauto\" \/>\n<meta property=\"article:publisher\" content=\"https:\/\/www.facebook.com\/p\/silvautospa-100069924480834\/\" \/>\n<meta property=\"article:modified_time\" content=\"2023-08-04T13:12:50+00:00\" \/>\n<meta property=\"og:image\" content=\"https:\/\/www.silvauto.it\/wp-content\/uploads\/2023\/06\/rassegna-stampa.jpg\" \/>\n\t<meta property=\"og:image:width\" content=\"1600\" \/>\n\t<meta property=\"og:image:height\" content=\"900\" \/>\n\t<meta property=\"og:image:type\" content=\"image\/jpeg\" \/>\n<meta name=\"twitter:card\" content=\"summary_large_image\" \/>\n<meta name=\"twitter:label1\" content=\"Gesch\u00e4tzte Lesezeit\" \/>\n\t<meta name=\"twitter:data1\" content=\"2\u00a0Minuten\" \/>\n<script type=\"application\/ld+json\" class=\"yoast-schema-graph\">{\"@context\":\"https:\\\/\\\/schema.org\",\"@graph\":[{\"@type\":\"WebPage\",\"@id\":\"https:\\\/\\\/www.silvauto.it\\\/de\\\/pressespiegel\\\/\",\"url\":\"https:\\\/\\\/www.silvauto.it\\\/de\\\/pressespiegel\\\/\",\"name\":\"Pressespiegel - Silvauto\",\"isPartOf\":{\"@id\":\"https:\\\/\\\/www.silvauto.it\\\/de\\\/#website\"},\"primaryImageOfPage\":{\"@id\":\"https:\\\/\\\/www.silvauto.it\\\/de\\\/pressespiegel\\\/#primaryimage\"},\"image\":{\"@id\":\"https:\\\/\\\/www.silvauto.it\\\/de\\\/pressespiegel\\\/#primaryimage\"},\"thumbnailUrl\":\"https:\\\/\\\/www.silvauto.it\\\/wp-content\\\/uploads\\\/2024\\\/05\\\/Rassegna-stampa-SOST-SECONDA-OPZIONE-scaled.jpg\",\"datePublished\":\"2023-06-19T09:49:58+00:00\",\"dateModified\":\"2023-08-04T13:12:50+00:00\",\"description\":\"Unsere Presse\u00fcbersicht ist eine Reise durch die Vergangenheit und Zukunft der Automobilindustrie. Werfen Sie einen Blick auf die Artikel!\",\"breadcrumb\":{\"@id\":\"https:\\\/\\\/www.silvauto.it\\\/de\\\/pressespiegel\\\/#breadcrumb\"},\"inLanguage\":\"de\",\"potentialAction\":[{\"@type\":\"ReadAction\",\"target\":[\"https:\\\/\\\/www.silvauto.it\\\/de\\\/pressespiegel\\\/\"]}]},{\"@type\":\"ImageObject\",\"inLanguage\":\"de\",\"@id\":\"https:\\\/\\\/www.silvauto.it\\\/de\\\/pressespiegel\\\/#primaryimage\",\"url\":\"https:\\\/\\\/www.silvauto.it\\\/wp-content\\\/uploads\\\/2024\\\/05\\\/Rassegna-stampa-SOST-SECONDA-OPZIONE-scaled.jpg\",\"contentUrl\":\"https:\\\/\\\/www.silvauto.it\\\/wp-content\\\/uploads\\\/2024\\\/05\\\/Rassegna-stampa-SOST-SECONDA-OPZIONE-scaled.jpg\",\"width\":2560,\"height\":1707},{\"@type\":\"BreadcrumbList\",\"@id\":\"https:\\\/\\\/www.silvauto.it\\\/de\\\/pressespiegel\\\/#breadcrumb\",\"itemListElement\":[{\"@type\":\"ListItem\",\"position\":1,\"name\":\"Home\",\"item\":\"https:\\\/\\\/www.silvauto.it\\\/de\\\/\"},{\"@type\":\"ListItem\",\"position\":2,\"name\":\"Pressespiegel\"}]},{\"@type\":\"WebSite\",\"@id\":\"https:\\\/\\\/www.silvauto.it\\\/de\\\/#website\",\"url\":\"https:\\\/\\\/www.silvauto.it\\\/de\\\/\",\"name\":\"Silvauto\",\"description\":\"Trova la tua prossima auto\",\"publisher\":{\"@id\":\"https:\\\/\\\/www.silvauto.it\\\/de\\\/#organization\"},\"potentialAction\":[{\"@type\":\"SearchAction\",\"target\":{\"@type\":\"EntryPoint\",\"urlTemplate\":\"https:\\\/\\\/www.silvauto.it\\\/de\\\/?s={search_term_string}\"},\"query-input\":{\"@type\":\"PropertyValueSpecification\",\"valueRequired\":true,\"valueName\":\"search_term_string\"}}],\"inLanguage\":\"de\"},{\"@type\":\"Organization\",\"@id\":\"https:\\\/\\\/www.silvauto.it\\\/de\\\/#organization\",\"name\":\"Silvauto S.p.A.\",\"url\":\"https:\\\/\\\/www.silvauto.it\\\/de\\\/\",\"logo\":{\"@type\":\"ImageObject\",\"inLanguage\":\"de\",\"@id\":\"https:\\\/\\\/www.silvauto.it\\\/de\\\/#\\\/schema\\\/logo\\\/image\\\/\",\"url\":\"https:\\\/\\\/www.silvauto.it\\\/wp-content\\\/uploads\\\/2023\\\/06\\\/Silvauto-1.png\",\"contentUrl\":\"https:\\\/\\\/www.silvauto.it\\\/wp-content\\\/uploads\\\/2023\\\/06\\\/Silvauto-1.png\",\"width\":350,\"height\":104,\"caption\":\"Silvauto S.p.A.\"},\"image\":{\"@id\":\"https:\\\/\\\/www.silvauto.it\\\/de\\\/#\\\/schema\\\/logo\\\/image\\\/\"},\"sameAs\":[\"https:\\\/\\\/www.facebook.com\\\/p\\\/silvautospa-100069924480834\\\/\",\"https:\\\/\\\/www.instagram.com\\\/silvauto_spa\",\"https:\\\/\\\/www.linkedin.com\\\/company\\\/silvauto-spa\\\/\"]}]}<\/script>\n<!-- \/ Yoast SEO plugin. -->","yoast_head_json":{"title":"Pressespiegel - Silvauto","description":"Unsere Presse\u00fcbersicht ist eine Reise durch die Vergangenheit und Zukunft der Automobilindustrie. Werfen Sie einen Blick auf die Artikel!","robots":{"index":"index","follow":"follow","max-snippet":"max-snippet:-1","max-image-preview":"max-image-preview:large","max-video-preview":"max-video-preview:-1"},"canonical":"https:\/\/www.silvauto.it\/de\/pressespiegel\/","og_locale":"de_DE","og_type":"article","og_title":"Pressespiegel - Silvauto","og_description":"Unsere Presse\u00fcbersicht ist eine Reise durch die Vergangenheit und Zukunft der Automobilindustrie. Werfen Sie einen Blick auf die Artikel!","og_url":"https:\/\/www.silvauto.it\/de\/pressespiegel\/","og_site_name":"Silvauto","article_publisher":"https:\/\/www.facebook.com\/p\/silvautospa-100069924480834\/","article_modified_time":"2023-08-04T13:12:50+00:00","og_image":[{"width":1600,"height":900,"url":"https:\/\/www.silvauto.it\/wp-content\/uploads\/2023\/06\/rassegna-stampa.jpg","type":"image\/jpeg"}],"twitter_card":"summary_large_image","twitter_misc":{"Gesch\u00e4tzte Lesezeit":"2\u00a0Minuten"},"schema":{"@context":"https:\/\/schema.org","@graph":[{"@type":"WebPage","@id":"https:\/\/www.silvauto.it\/de\/pressespiegel\/","url":"https:\/\/www.silvauto.it\/de\/pressespiegel\/","name":"Pressespiegel - Silvauto","isPartOf":{"@id":"https:\/\/www.silvauto.it\/de\/#website"},"primaryImageOfPage":{"@id":"https:\/\/www.silvauto.it\/de\/pressespiegel\/#primaryimage"},"image":{"@id":"https:\/\/www.silvauto.it\/de\/pressespiegel\/#primaryimage"},"thumbnailUrl":"https:\/\/www.silvauto.it\/wp-content\/uploads\/2024\/05\/Rassegna-stampa-SOST-SECONDA-OPZIONE-scaled.jpg","datePublished":"2023-06-19T09:49:58+00:00","dateModified":"2023-08-04T13:12:50+00:00","description":"Unsere Presse\u00fcbersicht ist eine Reise durch die Vergangenheit und Zukunft der Automobilindustrie. Werfen Sie einen Blick auf die Artikel!","breadcrumb":{"@id":"https:\/\/www.silvauto.it\/de\/pressespiegel\/#breadcrumb"},"inLanguage":"de","potentialAction":[{"@type":"ReadAction","target":["https:\/\/www.silvauto.it\/de\/pressespiegel\/"]}]},{"@type":"ImageObject","inLanguage":"de","@id":"https:\/\/www.silvauto.it\/de\/pressespiegel\/#primaryimage","url":"https:\/\/www.silvauto.it\/wp-content\/uploads\/2024\/05\/Rassegna-stampa-SOST-SECONDA-OPZIONE-scaled.jpg","contentUrl":"https:\/\/www.silvauto.it\/wp-content\/uploads\/2024\/05\/Rassegna-stampa-SOST-SECONDA-OPZIONE-scaled.jpg","width":2560,"height":1707},{"@type":"BreadcrumbList","@id":"https:\/\/www.silvauto.it\/de\/pressespiegel\/#breadcrumb","itemListElement":[{"@type":"ListItem","position":1,"name":"Home","item":"https:\/\/www.silvauto.it\/de\/"},{"@type":"ListItem","position":2,"name":"Pressespiegel"}]},{"@type":"WebSite","@id":"https:\/\/www.silvauto.it\/de\/#website","url":"https:\/\/www.silvauto.it\/de\/","name":"Silvauto","description":"Trova la tua prossima auto","publisher":{"@id":"https:\/\/www.silvauto.it\/de\/#organization"},"potentialAction":[{"@type":"SearchAction","target":{"@type":"EntryPoint","urlTemplate":"https:\/\/www.silvauto.it\/de\/?s={search_term_string}"},"query-input":{"@type":"PropertyValueSpecification","valueRequired":true,"valueName":"search_term_string"}}],"inLanguage":"de"},{"@type":"Organization","@id":"https:\/\/www.silvauto.it\/de\/#organization","name":"Silvauto S.p.A.","url":"https:\/\/www.silvauto.it\/de\/","logo":{"@type":"ImageObject","inLanguage":"de","@id":"https:\/\/www.silvauto.it\/de\/#\/schema\/logo\/image\/","url":"https:\/\/www.silvauto.it\/wp-content\/uploads\/2023\/06\/Silvauto-1.png","contentUrl":"https:\/\/www.silvauto.it\/wp-content\/uploads\/2023\/06\/Silvauto-1.png","width":350,"height":104,"caption":"Silvauto S.p.A."},"image":{"@id":"https:\/\/www.silvauto.it\/de\/#\/schema\/logo\/image\/"},"sameAs":["https:\/\/www.facebook.com\/p\/silvautospa-100069924480834\/","https:\/\/www.instagram.com\/silvauto_spa","https:\/\/www.linkedin.com\/company\/silvauto-spa\/"]}]}},"_links":{"self":[{"href":"https:\/\/www.silvauto.it\/de\/wp-json\/wp\/v2\/pages\/259223","targetHints":{"allow":["GET"]}}],"collection":[{"href":"https:\/\/www.silvauto.it\/de\/wp-json\/wp\/v2\/pages"}],"about":[{"href":"https:\/\/www.silvauto.it\/de\/wp-json\/wp\/v2\/types\/page"}],"author":[{"embeddable":true,"href":"https:\/\/www.silvauto.it\/de\/wp-json\/wp\/v2\/users\/1"}],"replies":[{"embeddable":true,"href":"https:\/\/www.silvauto.it\/de\/wp-json\/wp\/v2\/comments?post=259223"}],"version-history":[{"count":0,"href":"https:\/\/www.silvauto.it\/de\/wp-json\/wp\/v2\/pages\/259223\/revisions"}],"wp:featuredmedia":[{"embeddable":true,"href":"https:\/\/www.silvauto.it\/de\/wp-json\/wp\/v2\/media\/379206"}],"wp:attachment":[{"href":"https:\/\/www.silvauto.it\/de\/wp-json\/wp\/v2\/media?parent=259223"}],"curies":[{"name":"wp","href":"https:\/\/api.w.org\/{rel}","templated":true}]}}