{"id":259047,"date":"2023-06-20T15:19:25","date_gmt":"2023-06-20T13:19:25","guid":{"rendered":"https:\/\/www.silvauto.it\/?page_id=259047"},"modified":"2023-08-04T11:01:10","modified_gmt":"2023-08-04T09:01:10","slug":"oldtimer-katalog","status":"publish","type":"page","link":"https:\/\/www.silvauto.it\/de\/oldtimer\/oldtimer-katalog\/","title":{"rendered":"Oldtimer-Katalog"},"content":{"rendered":"<div class=\"wpb-content-wrapper\"><p>[vc_row full_width=&#8221;stretch_row_content&#8221;][vc_column offset=&#8221;vc_col-lg-offset-1 vc_col-lg-10&#8243;][vc_single_image source=&#8221;featured_image&#8221; img_size=&#8221;1600&#215;500&#8243; alignment=&#8221;center&#8221;][vc_empty_space height=&#8221;30px&#8221;][\/vc_column][\/vc_row][vc_row el_class=&#8221;ricarca-catalogo-epoca&#8221;][vc_column][vc_column_text el_class=&#8221;lead&#8221;]Entdecken Sie unseren faszinierenden Oldtimer-Katalog.[\/vc_column_text][vc_column_text]Jeder Wagen ist ein St\u00fcck Geschichte, ein Kunstwerk auf R\u00e4dern, das die Eleganz, den Stil und die Exklusivit\u00e4t eines goldenen Zeitalters des Automobils verk\u00f6rpert.[\/vc_column_text][vc_empty_space height=&#8221;30px&#8221;][\/vc_column][\/vc_row][vc_row][vc_column][vc_custom_heading text=&#8221;W\u00c4HLEN SIE IHREN OLDTIMER UND ERLEBEN SIE DEN NERVENKITZEL, EIN ECHTES JUWEL AUF DER STRASSE ZU FAHREN.&#8221; font_container=&#8221;tag:h3|text_align:left&#8221; use_theme_fonts=&#8221;yes&#8221;][stm_classic_filter][\/vc_column][\/vc_row]<\/p>\n<\/div>","protected":false},"excerpt":{"rendered":"<p>[vc_row full_width=&#8221;stretch_row_content&#8221;][vc_column offset=&#8221;vc_col-lg-offset-1 vc_col-lg-10&#8243;][vc_single_image source=&#8221;featured_image&#8221; img_size=&#8221;1600&#215;500&#8243; alignment=&#8221;center&#8221;][vc_empty_space height=&#8221;30px&#8221;][\/vc_column][\/vc_row][vc_row el_class=&#8221;ricarca-catalogo-epoca&#8221;][vc_column][vc_column_text el_class=&#8221;lead&#8221;]Entdecken Sie unseren faszinierenden Oldtimer-Katalog.[\/vc_column_text][vc_column_text]Jeder Wagen ist ein St\u00fcck Geschichte, ein Kunstwerk auf R\u00e4dern, das die Eleganz, den Stil und die Exklusivit\u00e4t eines goldenen Zeitalters des Automobils verk\u00f6rpert.[\/vc_column_text][vc_empty_space height=&#8221;30px&#8221;][\/vc_column][\/vc_row][vc_row][vc_column][vc_custom_heading text=&#8221;W\u00c4HLEN SIE IHREN OLDTIMER UND ERLEBEN SIE DEN NERVENKITZEL, EIN ECHTES JUWEL AUF DER STRASSE ZU FAHREN.&#8221;&#8230;<\/p>\n","protected":false},"author":1,"featured_media":230635,"parent":259044,"menu_order":0,"comment_status":"closed","ping_status":"closed","template":"","meta":{"footnotes":""},"class_list":["post-259047","page","type-page","status-publish","has-post-thumbnail","hentry"],"yoast_head":"<!-- This site is optimized with the Yoast SEO plugin v27.3 - https:\/\/yoast.com\/product\/yoast-seo-wordpress\/ -->\n<title>Katalog f\u00fcr Oldtimer - Silvauto<\/title>\n<meta name=\"description\" content=\"Jedes Auto repr\u00e4sentiert ein St\u00fcck Geschichte. Erkunden Sie unseren reichhaltigen Katalog an Oldtimern und finden Sie Ihr n\u00e4chstes Auto...\" \/>\n<meta name=\"robots\" content=\"index, follow, max-snippet:-1, max-image-preview:large, max-video-preview:-1\" \/>\n<link rel=\"canonical\" href=\"https:\/\/www.silvauto.it\/de\/oldtimer\/oldtimer-katalog\/\" \/>\n<meta property=\"og:locale\" content=\"de_DE\" \/>\n<meta property=\"og:type\" content=\"article\" \/>\n<meta property=\"og:title\" content=\"Katalog f\u00fcr Oldtimer - Silvauto\" \/>\n<meta property=\"og:description\" content=\"Jedes Auto repr\u00e4sentiert ein St\u00fcck Geschichte. Erkunden Sie unseren reichhaltigen Katalog an Oldtimern und finden Sie Ihr n\u00e4chstes Auto...\" \/>\n<meta property=\"og:url\" content=\"https:\/\/www.silvauto.it\/de\/oldtimer\/oldtimer-katalog\/\" \/>\n<meta property=\"og:site_name\" content=\"Silvauto\" \/>\n<meta property=\"article:publisher\" content=\"https:\/\/www.facebook.com\/p\/silvautospa-100069924480834\/\" \/>\n<meta property=\"article:modified_time\" content=\"2023-08-04T09:01:10+00:00\" \/>\n<meta property=\"og:image\" content=\"https:\/\/www.silvauto.it\/wp-content\/uploads\/2023\/06\/catalogo-auto-epoca.jpg\" \/>\n\t<meta property=\"og:image:width\" content=\"1600\" \/>\n\t<meta property=\"og:image:height\" content=\"900\" \/>\n\t<meta property=\"og:image:type\" content=\"image\/jpeg\" \/>\n<meta name=\"twitter:card\" content=\"summary_large_image\" \/>\n<meta name=\"twitter:label1\" content=\"Gesch\u00e4tzte Lesezeit\" \/>\n\t<meta name=\"twitter:data1\" content=\"1\u00a0Minute\" \/>\n<script type=\"application\/ld+json\" class=\"yoast-schema-graph\">{\"@context\":\"https:\\\/\\\/schema.org\",\"@graph\":[{\"@type\":\"WebPage\",\"@id\":\"https:\\\/\\\/www.silvauto.it\\\/de\\\/oldtimer\\\/oldtimer-katalog\\\/\",\"url\":\"https:\\\/\\\/www.silvauto.it\\\/de\\\/oldtimer\\\/oldtimer-katalog\\\/\",\"name\":\"Katalog f\u00fcr Oldtimer - Silvauto\",\"isPartOf\":{\"@id\":\"https:\\\/\\\/www.silvauto.it\\\/de\\\/#website\"},\"primaryImageOfPage\":{\"@id\":\"https:\\\/\\\/www.silvauto.it\\\/de\\\/oldtimer\\\/oldtimer-katalog\\\/#primaryimage\"},\"image\":{\"@id\":\"https:\\\/\\\/www.silvauto.it\\\/de\\\/oldtimer\\\/oldtimer-katalog\\\/#primaryimage\"},\"thumbnailUrl\":\"https:\\\/\\\/www.silvauto.it\\\/wp-content\\\/uploads\\\/2023\\\/06\\\/catalogo-auto-epoca.jpg\",\"datePublished\":\"2023-06-20T13:19:25+00:00\",\"dateModified\":\"2023-08-04T09:01:10+00:00\",\"description\":\"Jedes Auto repr\u00e4sentiert ein St\u00fcck Geschichte. Erkunden Sie unseren reichhaltigen Katalog an Oldtimern und finden Sie Ihr n\u00e4chstes Auto...\",\"breadcrumb\":{\"@id\":\"https:\\\/\\\/www.silvauto.it\\\/de\\\/oldtimer\\\/oldtimer-katalog\\\/#breadcrumb\"},\"inLanguage\":\"de\",\"potentialAction\":[{\"@type\":\"ReadAction\",\"target\":[\"https:\\\/\\\/www.silvauto.it\\\/de\\\/oldtimer\\\/oldtimer-katalog\\\/\"]}]},{\"@type\":\"ImageObject\",\"inLanguage\":\"de\",\"@id\":\"https:\\\/\\\/www.silvauto.it\\\/de\\\/oldtimer\\\/oldtimer-katalog\\\/#primaryimage\",\"url\":\"https:\\\/\\\/www.silvauto.it\\\/wp-content\\\/uploads\\\/2023\\\/06\\\/catalogo-auto-epoca.jpg\",\"contentUrl\":\"https:\\\/\\\/www.silvauto.it\\\/wp-content\\\/uploads\\\/2023\\\/06\\\/catalogo-auto-epoca.jpg\",\"width\":1600,\"height\":900,\"caption\":\"catalogo di auto d\u2019epoca\"},{\"@type\":\"BreadcrumbList\",\"@id\":\"https:\\\/\\\/www.silvauto.it\\\/de\\\/oldtimer\\\/oldtimer-katalog\\\/#breadcrumb\",\"itemListElement\":[{\"@type\":\"ListItem\",\"position\":1,\"name\":\"Home\",\"item\":\"https:\\\/\\\/www.silvauto.it\\\/de\\\/\"},{\"@type\":\"ListItem\",\"position\":2,\"name\":\"Oldtimer\",\"item\":\"https:\\\/\\\/www.silvauto.it\\\/de\\\/oldtimer\\\/\"},{\"@type\":\"ListItem\",\"position\":3,\"name\":\"Oldtimer-Katalog\"}]},{\"@type\":\"WebSite\",\"@id\":\"https:\\\/\\\/www.silvauto.it\\\/de\\\/#website\",\"url\":\"https:\\\/\\\/www.silvauto.it\\\/de\\\/\",\"name\":\"Silvauto\",\"description\":\"Trova la tua prossima auto\",\"publisher\":{\"@id\":\"https:\\\/\\\/www.silvauto.it\\\/de\\\/#organization\"},\"potentialAction\":[{\"@type\":\"SearchAction\",\"target\":{\"@type\":\"EntryPoint\",\"urlTemplate\":\"https:\\\/\\\/www.silvauto.it\\\/de\\\/?s={search_term_string}\"},\"query-input\":{\"@type\":\"PropertyValueSpecification\",\"valueRequired\":true,\"valueName\":\"search_term_string\"}}],\"inLanguage\":\"de\"},{\"@type\":\"Organization\",\"@id\":\"https:\\\/\\\/www.silvauto.it\\\/de\\\/#organization\",\"name\":\"Silvauto S.p.A.\",\"url\":\"https:\\\/\\\/www.silvauto.it\\\/de\\\/\",\"logo\":{\"@type\":\"ImageObject\",\"inLanguage\":\"de\",\"@id\":\"https:\\\/\\\/www.silvauto.it\\\/de\\\/#\\\/schema\\\/logo\\\/image\\\/\",\"url\":\"https:\\\/\\\/www.silvauto.it\\\/wp-content\\\/uploads\\\/2023\\\/06\\\/Silvauto-1.png\",\"contentUrl\":\"https:\\\/\\\/www.silvauto.it\\\/wp-content\\\/uploads\\\/2023\\\/06\\\/Silvauto-1.png\",\"width\":350,\"height\":104,\"caption\":\"Silvauto S.p.A.\"},\"image\":{\"@id\":\"https:\\\/\\\/www.silvauto.it\\\/de\\\/#\\\/schema\\\/logo\\\/image\\\/\"},\"sameAs\":[\"https:\\\/\\\/www.facebook.com\\\/p\\\/silvautospa-100069924480834\\\/\",\"https:\\\/\\\/www.instagram.com\\\/silvauto_spa\",\"https:\\\/\\\/www.linkedin.com\\\/company\\\/silvauto-spa\\\/\"]}]}<\/script>\n<!-- \/ Yoast SEO plugin. -->","yoast_head_json":{"title":"Katalog f\u00fcr Oldtimer - Silvauto","description":"Jedes Auto repr\u00e4sentiert ein St\u00fcck Geschichte. Erkunden Sie unseren reichhaltigen Katalog an Oldtimern und finden Sie Ihr n\u00e4chstes Auto...","robots":{"index":"index","follow":"follow","max-snippet":"max-snippet:-1","max-image-preview":"max-image-preview:large","max-video-preview":"max-video-preview:-1"},"canonical":"https:\/\/www.silvauto.it\/de\/oldtimer\/oldtimer-katalog\/","og_locale":"de_DE","og_type":"article","og_title":"Katalog f\u00fcr Oldtimer - Silvauto","og_description":"Jedes Auto repr\u00e4sentiert ein St\u00fcck Geschichte. Erkunden Sie unseren reichhaltigen Katalog an Oldtimern und finden Sie Ihr n\u00e4chstes Auto...","og_url":"https:\/\/www.silvauto.it\/de\/oldtimer\/oldtimer-katalog\/","og_site_name":"Silvauto","article_publisher":"https:\/\/www.facebook.com\/p\/silvautospa-100069924480834\/","article_modified_time":"2023-08-04T09:01:10+00:00","og_image":[{"width":1600,"height":900,"url":"https:\/\/www.silvauto.it\/wp-content\/uploads\/2023\/06\/catalogo-auto-epoca.jpg","type":"image\/jpeg"}],"twitter_card":"summary_large_image","twitter_misc":{"Gesch\u00e4tzte Lesezeit":"1\u00a0Minute"},"schema":{"@context":"https:\/\/schema.org","@graph":[{"@type":"WebPage","@id":"https:\/\/www.silvauto.it\/de\/oldtimer\/oldtimer-katalog\/","url":"https:\/\/www.silvauto.it\/de\/oldtimer\/oldtimer-katalog\/","name":"Katalog f\u00fcr Oldtimer - Silvauto","isPartOf":{"@id":"https:\/\/www.silvauto.it\/de\/#website"},"primaryImageOfPage":{"@id":"https:\/\/www.silvauto.it\/de\/oldtimer\/oldtimer-katalog\/#primaryimage"},"image":{"@id":"https:\/\/www.silvauto.it\/de\/oldtimer\/oldtimer-katalog\/#primaryimage"},"thumbnailUrl":"https:\/\/www.silvauto.it\/wp-content\/uploads\/2023\/06\/catalogo-auto-epoca.jpg","datePublished":"2023-06-20T13:19:25+00:00","dateModified":"2023-08-04T09:01:10+00:00","description":"Jedes Auto repr\u00e4sentiert ein St\u00fcck Geschichte. Erkunden Sie unseren reichhaltigen Katalog an Oldtimern und finden Sie Ihr n\u00e4chstes Auto...","breadcrumb":{"@id":"https:\/\/www.silvauto.it\/de\/oldtimer\/oldtimer-katalog\/#breadcrumb"},"inLanguage":"de","potentialAction":[{"@type":"ReadAction","target":["https:\/\/www.silvauto.it\/de\/oldtimer\/oldtimer-katalog\/"]}]},{"@type":"ImageObject","inLanguage":"de","@id":"https:\/\/www.silvauto.it\/de\/oldtimer\/oldtimer-katalog\/#primaryimage","url":"https:\/\/www.silvauto.it\/wp-content\/uploads\/2023\/06\/catalogo-auto-epoca.jpg","contentUrl":"https:\/\/www.silvauto.it\/wp-content\/uploads\/2023\/06\/catalogo-auto-epoca.jpg","width":1600,"height":900,"caption":"catalogo di auto d\u2019epoca"},{"@type":"BreadcrumbList","@id":"https:\/\/www.silvauto.it\/de\/oldtimer\/oldtimer-katalog\/#breadcrumb","itemListElement":[{"@type":"ListItem","position":1,"name":"Home","item":"https:\/\/www.silvauto.it\/de\/"},{"@type":"ListItem","position":2,"name":"Oldtimer","item":"https:\/\/www.silvauto.it\/de\/oldtimer\/"},{"@type":"ListItem","position":3,"name":"Oldtimer-Katalog"}]},{"@type":"WebSite","@id":"https:\/\/www.silvauto.it\/de\/#website","url":"https:\/\/www.silvauto.it\/de\/","name":"Silvauto","description":"Trova la tua prossima auto","publisher":{"@id":"https:\/\/www.silvauto.it\/de\/#organization"},"potentialAction":[{"@type":"SearchAction","target":{"@type":"EntryPoint","urlTemplate":"https:\/\/www.silvauto.it\/de\/?s={search_term_string}"},"query-input":{"@type":"PropertyValueSpecification","valueRequired":true,"valueName":"search_term_string"}}],"inLanguage":"de"},{"@type":"Organization","@id":"https:\/\/www.silvauto.it\/de\/#organization","name":"Silvauto S.p.A.","url":"https:\/\/www.silvauto.it\/de\/","logo":{"@type":"ImageObject","inLanguage":"de","@id":"https:\/\/www.silvauto.it\/de\/#\/schema\/logo\/image\/","url":"https:\/\/www.silvauto.it\/wp-content\/uploads\/2023\/06\/Silvauto-1.png","contentUrl":"https:\/\/www.silvauto.it\/wp-content\/uploads\/2023\/06\/Silvauto-1.png","width":350,"height":104,"caption":"Silvauto S.p.A."},"image":{"@id":"https:\/\/www.silvauto.it\/de\/#\/schema\/logo\/image\/"},"sameAs":["https:\/\/www.facebook.com\/p\/silvautospa-100069924480834\/","https:\/\/www.instagram.com\/silvauto_spa","https:\/\/www.linkedin.com\/company\/silvauto-spa\/"]}]}},"_links":{"self":[{"href":"https:\/\/www.silvauto.it\/de\/wp-json\/wp\/v2\/pages\/259047","targetHints":{"allow":["GET"]}}],"collection":[{"href":"https:\/\/www.silvauto.it\/de\/wp-json\/wp\/v2\/pages"}],"about":[{"href":"https:\/\/www.silvauto.it\/de\/wp-json\/wp\/v2\/types\/page"}],"author":[{"embeddable":true,"href":"https:\/\/www.silvauto.it\/de\/wp-json\/wp\/v2\/users\/1"}],"replies":[{"embeddable":true,"href":"https:\/\/www.silvauto.it\/de\/wp-json\/wp\/v2\/comments?post=259047"}],"version-history":[{"count":0,"href":"https:\/\/www.silvauto.it\/de\/wp-json\/wp\/v2\/pages\/259047\/revisions"}],"up":[{"embeddable":true,"href":"https:\/\/www.silvauto.it\/de\/wp-json\/wp\/v2\/pages\/259044"}],"wp:featuredmedia":[{"embeddable":true,"href":"https:\/\/www.silvauto.it\/de\/wp-json\/wp\/v2\/media\/230635"}],"wp:attachment":[{"href":"https:\/\/www.silvauto.it\/de\/wp-json\/wp\/v2\/media?parent=259047"}],"curies":[{"name":"wp","href":"https:\/\/api.w.org\/{rel}","templated":true}]}}